{"id":9109,"date":"2025-04-01T11:08:33","date_gmt":"2025-04-01T03:08:33","guid":{"rendered":"https:\/\/zojopackaging.com\/?post_type=product&#038;p=9109"},"modified":"2025-04-01T11:26:19","modified_gmt":"2025-04-01T03:26:19","slug":"customized-luxury-liquor-wine-magnetic-closure-packaging-box","status":"publish","type":"product","link":"https:\/\/zojopackaging.com\/pl\/product\/customized-luxury-liquor-wine-magnetic-closure-packaging-box\/","title":{"rendered":"Indywidualne opakowanie z magnetycznym zamkni\u0119ciem na luksusowe wino alkoholowe"},"content":{"rendered":"<h2 id=\"-2-macaron-cyan-box-body-low-key-and-elegant-visual-aesthetics-\"><strong>1. Cyjanowy korpus Macaron: stonowana i elegancka estetyka wizualna<\/strong><\/h2>\n<p>Korpus pude\u0142ka wykorzystuje mi\u0119kki i \u015bwie\u017cy cyjanowy kolor macaron, kt\u00f3ry r\u00f3wnowa\u017cy wyj\u0105tkowo\u015b\u0107 i komfort wizualny dzi\u0119ki odcieniom o niskim nasyceniu, kt\u00f3re nie tylko wyr\u00f3\u017cniaj\u0105 si\u0119 na wy\u015bwietlaczu, ale tak\u017ce zapobiegaj\u0105 zm\u0119czeniu wzroku spowodowanemu przez kolory o wysokiej jasno\u015bci. Ten schemat kolor\u00f3w spe\u0142nia preferencje wsp\u00f3\u0142czesnych m\u0142odych grup konsument\u00f3w w zakresie \"poczucia wysokiej klasy\", a tak\u017ce nadaje si\u0119 do bankiet\u00f3w biznesowych, prezent\u00f3w \u015bwi\u0105tecznych i innych scenariuszy.<\/p>\n<h2 id=\"-4-precise-size-customization-optimize-space-utilization-\"><strong>2. Precyzyjne dostosowanie rozmiaru: optymalizacja wykorzystania przestrzeni<\/strong><\/h2>\n<p>Umo\u017cliwia dostosowanie rozmiaru wewn\u0119trznej \u015brednicy opakowania do parametr\u00f3w takich jak wysoko\u015b\u0107 i \u015brednica butelki, zapewniaj\u0105c \u015bcis\u0142e przyleganie butelki do wyk\u0142adziny, zmniejszaj\u0105c ryzyko kolizji spowodowanej szczelinami podczas transportu i kompresuj\u0105c obj\u0119to\u015b\u0107 opakowania w celu zmniejszenia koszt\u00f3w logistycznych. Na przyk\u0142ad, ekskluzywne rozwi\u0105zania adaptacyjne mog\u0105 by\u0107 dostarczane dla butelek cylindrycznych, kwadratowych lub o specjalnych kszta\u0142tach.<\/p>\n<h2 id=\"-5-highly-customized-in-all-dimensions-meet-personalized-needs-\"><strong>3. Wysoce spersonalizowane we wszystkich wymiarach: spe\u0142niaj\u0105 spersonalizowane potrzeby<\/strong><\/h2>\n<ul>\n<li><strong>Typ pude\u0142ka<\/strong>Zapewniaj\u0105 klapk\u0119 w stylu ksi\u0105\u017cki, g\u00f3rn\u0105 i doln\u0105 pokryw\u0119, typ szuflady i inne typy pude\u0142ek oraz wspieraj\u0105 rozw\u00f3j innowacyjnych struktur;<\/li>\n<li><strong>Materia\u0142<\/strong>Opcjonalny karton z certyfikatem FSC, importowany papier specjalny, sk\u00f3ra przyjazna dla \u015brodowiska itp., z uwzgl\u0119dnieniem zar\u00f3wno wymaga\u0144 dotycz\u0105cych tekstury, jak i ochrony \u015brodowiska;<\/li>\n<li><strong>Technologia powierzchniowa<\/strong>Obs\u0142uguje t\u0142oczenie na gor\u0105co, wyt\u0142aczanie UV, wyt\u0142aczanie, cz\u0119\u015bciowy laser i inne efekty drukowania, a tak\u017ce mo\u017ce dostosowa\u0107 LOGO marki lub wzory kulturowe;<\/li>\n<li><strong>Kolor<\/strong>: Opr\u00f3cz standardowego koloru macaron cyan, obs\u0142uga dostosowywania kolor\u00f3w kart Pantone w celu spe\u0142nienia wymaga\u0144 sp\u00f3jno\u015bci marki VI.<\/li>\n<\/ul>\n<h2 id=\"-6-environmentally-friendly-and-sustainable-design-green-brand-empowerment-\"><strong>4. Przyjazny dla \u015brodowiska i zr\u00f3wnowa\u017cony design: wzmocnienie pozycji zielonej marki<\/strong><\/h2>\n<p>G\u0142\u00f3wna cz\u0119\u015b\u0107 opakowania wykonana jest z tektury z certyfikatem FSC, po\u0142\u0105czonej z od\u0142\u0105czanym magnetycznym elementem ss\u0105cym i bezklejow\u0105 struktur\u0105 klamry, aby osi\u0105gn\u0105\u0107 mo\u017cliwo\u015b\u0107 recyklingu 100%. Wst\u0105\u017cka podszewki wykonana jest z naturalnej bawe\u0142ny i lnu, aby zmniejszy\u0107 zu\u017cycie plastiku, co jest zgodne z propozycj\u0105 warto\u015bci marek high-end w zakresie ochrony \u015brodowiska i odpowiedzialno\u015bci spo\u0142ecznej.<\/p>\n<h2 id=\"-7-efficient-production-and-global-delivery-quick-response-to-market-demand-\"><strong>5. Wydajna produkcja i globalna dostawa: Szybka reakcja na zapotrzebowanie rynku<\/strong><\/h2>\n<ul>\n<li><strong>Cykl sprawdzania<\/strong>: Zapewnienie 3-dniowej us\u0142ugi szybkiego proofingu, wsparcie fizycznej pr\u00f3bki i potwierdzenie renderowania 3D;<\/li>\n<li><strong>Cykl produkcji masowej<\/strong>: Pe\u0142na masowa produkcja ponad 5000 sztuk w ci\u0105gu 15 dni, obs\u0142uga przyspieszonych zam\u00f3wie\u0144;<\/li>\n<li><strong>Sie\u0107 logistyczna<\/strong>: Opieraj\u0105c si\u0119 na inteligentnym po\u0142\u0105czonym systemie przechowywania zam\u00f3wie\u0144 i transgranicznych partnerach logistycznych, obejmuj\u0105cych g\u0142\u00f3wne rynki na ca\u0142ym \u015bwiecie, zapewniaj\u0105c rozwi\u0105zania w zakresie dostaw morskich, lotniczych i lokalnych.<\/li>\n<\/ul>","protected":false},"excerpt":{"rendered":"<p>Ma zastosowanie do personalizacji marek wysokiej klasy alkoholi, opakowa\u0144 win z limitowanej edycji, personalizacji prezent\u00f3w firmowych i pude\u0142ek na prezenty \u015bwi\u0105teczne itp., aby pom\u00f3c markom w przekazywaniu konotacji kulturowych i koncepcji ochrony \u015brodowiska poprzez opakowanie oraz zwi\u0119kszy\u0107 wra\u017cenia konsument\u00f3w i konkurencyjno\u015b\u0107 na rynku.<\/p>","protected":false},"featured_media":9110,"template":"","meta":[],"product_brand":[],"product_cat":[30,419,424,31],"product_tag":[1072,1073,1071],"class_list":{"0":"post-9109","1":"product","2":"type-product","3":"status-publish","4":"has-post-thumbnail","6":"product_cat-by-industry","7":"product_cat-custom-wines-spirits-boxes","8":"product_cat-magnetic-closure-boxes","9":"product_cat-paper-box-style","10":"product_tag-customized-wine-packaging","11":"product_tag-liquor-wine-magnetic-closure-box","12":"product_tag-luxury-liquor-wine-packaging","14":"first","15":"instock","16":"shipping-taxable","17":"product-type-simple"},"_links":{"self":[{"href":"https:\/\/zojopackaging.com\/pl\/wp-json\/wp\/v2\/product\/9109","targetHints":{"allow":["GET"]}}],"collection":[{"href":"https:\/\/zojopackaging.com\/pl\/wp-json\/wp\/v2\/product"}],"about":[{"href":"https:\/\/zojopackaging.com\/pl\/wp-json\/wp\/v2\/types\/product"}],"version-history":[{"count":1,"href":"https:\/\/zojopackaging.com\/pl\/wp-json\/wp\/v2\/product\/9109\/revisions"}],"predecessor-version":[{"id":9116,"href":"https:\/\/zojopackaging.com\/pl\/wp-json\/wp\/v2\/product\/9109\/revisions\/9116"}],"wp:featuredmedia":[{"embeddable":true,"href":"https:\/\/zojopackaging.com\/pl\/wp-json\/wp\/v2\/media\/9110"}],"wp:attachment":[{"href":"https:\/\/zojopackaging.com\/pl\/wp-json\/wp\/v2\/media?parent=9109"}],"wp:term":[{"taxonomy":"product_brand","embeddable":true,"href":"https:\/\/zojopackaging.com\/pl\/wp-json\/wp\/v2\/product_brand?post=9109"},{"taxonomy":"product_cat","embeddable":true,"href":"https:\/\/zojopackaging.com\/pl\/wp-json\/wp\/v2\/product_cat?post=9109"},{"taxonomy":"product_tag","embeddable":true,"href":"https:\/\/zojopackaging.com\/pl\/wp-json\/wp\/v2\/product_tag?post=9109"}],"curies":[{"name":"wp","href":"https:\/\/api.w.org\/{rel}","templated":true}]}}