{"id":9117,"date":"2025-04-01T11:26:47","date_gmt":"2025-04-01T03:26:47","guid":{"rendered":"https:\/\/zojopackaging.com\/?post_type=product&#038;p=9117"},"modified":"2025-04-01T11:51:50","modified_gmt":"2025-04-01T03:51:50","slug":"custom-made-business-playing-cards-games-boxes-wholesale","status":"publish","type":"product","link":"https:\/\/zojopackaging.com\/pl\/product\/custom-made-business-playing-cards-games-boxes-wholesale\/","title":{"rendered":"Wykonane na zam\u00f3wienie pude\u0142ka do gier z kartami do gry hurtowo"},"content":{"rendered":"<h2 id=\"-high-end-customized-business-poker-game-box-product-description-\"><strong>Wysokiej klasy niestandardowe pude\u0142ko do gry w pokera Opis produktu<\/strong><\/h2>\n<h2 id=\"-i-core-product-features-\"><strong>1. Podstawowe cechy produktu<\/strong><\/h2>\n<ol>\n<li><strong>Profesjonalny projekt ochrony<\/strong><\/li>\n<li>Podstawa z materia\u0142u kompozytowego klasy wojskowej, odporna na zarysowania matowa czarna pow\u0142oka na powierzchni, brak zarysowa\u0144 po 5000 test\u00f3w tarcia. Obudowa jest wyposa\u017cona w precyzyjn\u0105 struktur\u0119 gniazda karty, a tolerancja \u00b10,1 mm jest osi\u0105gana dzi\u0119ki technologii mapowania laserowego 3D, kt\u00f3ra idealnie pasuje do 52 standardowych kart (kompatybilnych z 63<em>Rozmiar mi\u0119dzynarodowy 88 mm i 57<\/em>87 mm, rozmiar chi\u0144ski).<\/li>\n<li>Wzmocnione w czterech rogach kraw\u0119dzie i magnetyczne zamkni\u0119cie zatrzaskowe zapewniaj\u0105 odporno\u015b\u0107 na kurz i wod\u0119 na poziomie IP54, a test upadku podczas transportu spe\u0142nia norm\u0119 wysoko\u015bci 1,5 metra.<\/li>\n<li><strong>Us\u0142uga dostosowywania marki<\/strong><\/li>\n<li>Obs\u0142uguje trzy kombinacje proces\u00f3w: grawerowanie laserowe, wyt\u0142aczanie UV i t\u0142oczenie na gor\u0105co (opcjonalnie folia z\u0142ota 18K\/24K) i mo\u017ce prezentowa\u0107 LOGO firmy z minimaln\u0105 dok\u0142adno\u015bci\u0105 0,3 mm. Panel boczny obs\u0142uguje wydr\u0105\u017con\u0105 perspektyw\u0119 i mo\u017ce by\u0107 osadzony z kart\u0105 kolor\u00f3w VI firmy (numer koloru Pantone jest dok\u0142adnie odtworzony).<\/li>\n<li>Zapewnienie 12 podstawowych typ\u00f3w pude\u0142ek (z klapk\u0105\/szuflad\u0105\/stron\u0105 ksi\u0105\u017cki itp.) oraz specjalnych materia\u0142\u00f3w do obs\u0142ugi mieszanych projekt\u00f3w \u0142\u0105czenia.<\/li>\n<\/ol>\n<h2 id=\"-second-value-added-customized-module-\"><strong>2. Dostosowany modu\u0142 o warto\u015bci dodanej<\/strong><\/h2>\n<ol>\n<li><strong>System optymalizacji przestrzeni<\/strong><\/li>\n<li>Opracowanie zmiennej struktury wy\u015bci\u00f3\u0142ki i wykorzystanie modu\u0142owych przegr\u00f3dek w celu uzyskania elastycznej konwersji pojedynczego pude\u0142ka, aby pomie\u015bci\u0107 1-4 talie kart do gry (zakres regulacji grubo\u015bci 3-12 cm). Wspieranie rozwoju sk\u0142adanych pude\u0142ek zewn\u0119trznych i zwi\u0119kszenie wykorzystania przestrzeni przez 40%.<\/li>\n<li><strong>Elementy marketingu emocjonalnego<\/strong><\/li>\n<li>Wbudowane gniazdo na od\u0142\u0105czan\u0105 kartk\u0119 okoliczno\u015bciow\u0105, obs\u0142uga b\u0142ogos\u0142awie\u0144stw t\u0142oczonych na gor\u0105co, kod QR historii firmy (zeskanuj kod, aby przej\u015b\u0107 do strony marki H5). Oryginalna technologia implantacji chip\u00f3w zapachowych, zapewniaj\u0105ca 6 niestandardowych zapach\u00f3w, takich jak drzewo sanda\u0142owe\/cedr.<\/li>\n<li>Opracowanie \u015bwi\u0105tecznych opakowa\u0144 z limitowanej edycji, takich jak pude\u0142ko wycinane na gor\u0105co z okazji \u015awi\u0119ta Wiosny, emaliowane pude\u0142ko filigranowe w \u015brodku jesieni i inne 8 serii tematycznych.<\/li>\n<\/ol>\n<h2 id=\"-iii-production-guarantee-system-\"><strong>3. System gwarancji produkcji<\/strong><\/h2>\n<ol>\n<li><strong>Zalety fabryki \u017ar\u00f3d\u0142owej<\/strong><\/li>\n<li>Trzy g\u0142\u00f3wne bazy produkcyjne Shenzhen\/Ningbo\/Yangzhou przesz\u0142y certyfikacj\u0119 ISO9001 i FSC, wyposa\u017cone w niemieckie maszyny drukarskie Heidelberg i w pe\u0142ni zautomatyzowane linie produkcyjne do sztancowania, o dziennej zdolno\u015bci produkcyjnej 100 000 sztuk.<\/li>\n<li>Bezp\u0142atne sprawdzanie projektu (dostawa w ci\u0105gu 3 dni roboczych), wsparcie pierwszego zam\u00f3wienia 500 sztuk i skr\u00f3cenie czasu dostawy du\u017cych towar\u00f3w do 15 dni. Zam\u00f3wienia masowe maj\u0105 ceny warstwowe (cena jednostkowa ponad 5000 sztuk jest obni\u017cona o 22%).<\/li>\n<\/ol>","protected":false},"excerpt":{"rendered":"<p>Wzmocnienie marki - Przekszta\u0142\u0107 pok\u0142ady w zasoby marketingowe dzi\u0119ki nadrukowi na ca\u0142ej powierzchni.<br \/>\nPro Durability - Wytrzymuje u\u017cytkowanie na poziomie kasyna dzi\u0119ki wzmocnionym naro\u017cnikom.<br \/>\n\u2705 Natychmiastowa elegancja - branding zapewnia doskona\u0142e wra\u017cenia z gry.<br \/>\nWszechstronne zastosowanie - idealny do turniej\u00f3w, prezent\u00f3w lub ekspozycji detalicznych.<\/p>","protected":false},"featured_media":9121,"template":"","meta":[],"product_brand":[],"product_cat":[30,413,424,31],"product_tag":[1076,1074,1075],"class_list":{"0":"post-9117","1":"product","2":"type-product","3":"status-publish","4":"has-post-thumbnail","6":"product_cat-by-industry","7":"product_cat-consumer-electronics-boxes","8":"product_cat-magnetic-closure-boxes","9":"product_cat-paper-box-style","10":"product_tag-cards-games-boxes-wholesale","11":"product_tag-custom-made-business-boxes","12":"product_tag-playing-cards-boxes","14":"first","15":"instock","16":"shipping-taxable","17":"product-type-simple"},"_links":{"self":[{"href":"https:\/\/zojopackaging.com\/pl\/wp-json\/wp\/v2\/product\/9117","targetHints":{"allow":["GET"]}}],"collection":[{"href":"https:\/\/zojopackaging.com\/pl\/wp-json\/wp\/v2\/product"}],"about":[{"href":"https:\/\/zojopackaging.com\/pl\/wp-json\/wp\/v2\/types\/product"}],"version-history":[{"count":1,"href":"https:\/\/zojopackaging.com\/pl\/wp-json\/wp\/v2\/product\/9117\/revisions"}],"predecessor-version":[{"id":9125,"href":"https:\/\/zojopackaging.com\/pl\/wp-json\/wp\/v2\/product\/9117\/revisions\/9125"}],"wp:featuredmedia":[{"embeddable":true,"href":"https:\/\/zojopackaging.com\/pl\/wp-json\/wp\/v2\/media\/9121"}],"wp:attachment":[{"href":"https:\/\/zojopackaging.com\/pl\/wp-json\/wp\/v2\/media?parent=9117"}],"wp:term":[{"taxonomy":"product_brand","embeddable":true,"href":"https:\/\/zojopackaging.com\/pl\/wp-json\/wp\/v2\/product_brand?post=9117"},{"taxonomy":"product_cat","embeddable":true,"href":"https:\/\/zojopackaging.com\/pl\/wp-json\/wp\/v2\/product_cat?post=9117"},{"taxonomy":"product_tag","embeddable":true,"href":"https:\/\/zojopackaging.com\/pl\/wp-json\/wp\/v2\/product_tag?post=9117"}],"curies":[{"name":"wp","href":"https:\/\/api.w.org\/{rel}","templated":true}]}}