{"id":9124,"date":"2025-04-01T11:50:04","date_gmt":"2025-04-01T03:50:04","guid":{"rendered":"https:\/\/zojopackaging.com\/?post_type=product&#038;p=9124"},"modified":"2025-04-01T15:05:13","modified_gmt":"2025-04-01T07:05:13","slug":"wholesale-cardboard-paper-packaging-boxes-for-perfume-box-maker","status":"publish","type":"product","link":"https:\/\/zojopackaging.com\/pl\/product\/wholesale-cardboard-paper-packaging-boxes-for-perfume-box-maker\/","title":{"rendered":"Hurtowe kartonowe opakowania papierowe dla producenta pude\u0142ek na perfumy"},"content":{"rendered":"<h3 id=\"1-environmentally-friendly-material-selection-the-perfect-combination-of-single-powder-card-and-special-paper-\">1.\u00a0<strong>Wyb\u00f3r materia\u0142\u00f3w przyjaznych dla \u015brodowiska: idealne po\u0142\u0105czenie pojedynczej karty proszkowej i specjalnego papieru<\/strong><\/h3>\n<p>Producenci pude\u0142ek na perfumy dostarczaj\u0105 pojedynczy materia\u0142 kartonowy (powy\u017cej 250 g\/m\u00b2) jako materia\u0142 podstawowy. Jego gruba i chrupi\u0105ca charakterystyka mo\u017ce poprawi\u0107 tekstur\u0119 opakowania, spe\u0142niaj\u0105c jednocze\u015bnie normy \u015brodowiskowe. Ponadto, specjalny papier mo\u017ce by\u0107 dostosowany do potrzeb klienta<\/p>\n<h3 id=\"2-warm-color-design-the-first-choice-for-gentle-ladies-\">2.\u00a0<strong>Ciep\u0142y kolor: pierwszy wyb\u00f3r dla delikatnych pa\u0144<\/strong><\/h3>\n<p>Opakowania s\u0105 g\u0142\u00f3wnie w ciep\u0142ych kolorach (takich jak brzoskwiniowy r\u00f3\u017c, r\u00f3\u017cowe z\u0142oto), z prostymi liniami lub kwiatowymi wzorami, co pasuje do estetycznych preferencji konsumentek. Na przyk\u0142ad pude\u0142ko perfum Cherish firmy Lancome wykorzystuje ciep\u0142y r\u00f3\u017c jako g\u0142\u00f3wny kolor, aby przekaza\u0107 delikatny temperament; Zielone pude\u0142ko perfum Chanel \u0142\u0105czy jasnozielony z szampa\u0144skim z\u0142otem, aby stworzy\u0107 \u015bwie\u017c\u0105 le\u015bn\u0105 atmosfer\u0119. Ciep\u0142e kolory s\u0105 bardziej mi\u0119kkie w \u015bwietle, zwi\u0119kszaj\u0105c powinowactwo produktu.<\/p>\n<h3 id=\"3-hot-silver-technology-metallic-texture-and-visual-focus-\">3.\u00a0<strong>Technologia Hot Silver: metaliczna tekstura i ostro\u015b\u0107 wizualna<\/strong><\/h3>\n<p>Dodaj\u0105c logo marki, wzory i inne elementy do korpusu pude\u0142ka lub podszewki za pomoc\u0105 technologii gor\u0105cego srebra, mo\u017cna uzyska\u0107 efekt odbijania i \u015bwiecenia w s\u0142o\u0144cu. Na przyk\u0142ad zakr\u0119tka butelki i pokrywa pude\u0142ka perfum Lianxiang wykorzystuj\u0105 technologi\u0119 gor\u0105cego srebra w po\u0142\u0105czeniu z wydr\u0105\u017con\u0105 konstrukcj\u0105, kt\u00f3ra jest zar\u00f3wno nowoczesna, jak i prosta. Koszt tej technologii jest kontrolowany i mo\u017ce znacznie poprawi\u0107 jako\u015b\u0107 produktu.<\/p>\n<h3 id=\"4-full-page-uv-superposition-design-level-and-three-dimensional-sense-\">4.\u00a0<strong>Pe\u0142nostronicowa superpozycja UV: poziom projektu i tr\u00f3jwymiarowy sens<\/strong><\/h3>\n<p>Technologia UV na ca\u0142ej stronie mo\u017ce zwi\u0119kszy\u0107 tr\u00f3jwymiarowo\u015b\u0107 i po\u0142ysk wzoru, co jest odpowiednie dla z\u0142o\u017conych ilustracji lub LOGO marki. Na przyk\u0142ad pude\u0142ko perfum Gucci podkre\u015bla kwiatow\u0105 tekstur\u0119 dzi\u0119ki pow\u0142oce UV i tworzy poczucie luksusu dzi\u0119ki technologii t\u0142oczenia na gor\u0105co. Technologia ta mo\u017ce r\u00f3wnie\u017c poprawi\u0107 odporno\u015b\u0107 na zu\u017cycie i wodoodporno\u015b\u0107 opakowania.<\/p>\n<h3 id=\"5-card-box-type-economical-and-functional-balance-\">5.\u00a0<strong>Typ pude\u0142ka na karty: ekonomiczny i funkcjonalny balans<\/strong><\/h3>\n<p>Pude\u0142ko kartonowe wykorzystuje pojedynczy papier miedziany o gramaturze 350 g, kt\u00f3ry uwzgl\u0119dnia zar\u00f3wno wytrzyma\u0142o\u015b\u0107, jak i koszty. W por\u00f3wnaniu z pude\u0142kami drewnianymi lub metalowymi, pude\u0142ka kartonowe s\u0105 lekkie i nadaj\u0105 si\u0119 do recyklingu, odpowiednie do sprzeda\u017cy online i logistyki transgranicznej.<\/p>\n<h3 id=\"6-zojo-print-quality-assurance-of-leading-manufacturers-\">6.\u00a0<strong>ZOJO Print: Zapewnienie jako\u015bci wiod\u0105cych producent\u00f3w<\/strong><\/h3>\n<p>Jako lider chi\u0144skiego przemys\u0142u opakowaniowego, ZOJO Print posiada fabryk\u0119 o powierzchni 6000 metr\u00f3w kwadratowych i system zarz\u0105dzania ERP, z dzienn\u0105 produkcj\u0105 60 000 pude\u0142ek na karty i obs\u0142uguje produkcj\u0119 niestandardow\u0105. Surowy proces kontroli jako\u015bci obejmuje surowce, drukowanie, sztancowanie i inne ogniwa, aby zapewni\u0107, \u017ce ka\u017cda partia produkt\u00f3w spe\u0142nia mi\u0119dzynarodowe standardy (takie jak ISO 9001) i zapewnia bezproblemowe us\u0142ugi zwrotu i wymiany po sprzeda\u017cy.<\/p>\n<h3 id=\"7-high-production-capacity-matches-brand-needs-\">7.\u00a0<strong>Wysoka zdolno\u015b\u0107 produkcyjna dopasowana do potrzeb marki<\/strong><\/h3>\n<p>W przypadku \u015brednich i du\u017cych zam\u00f3wie\u0144, ZOJO Print osi\u0105ga elastyczne planowanie produkcji dzi\u0119ki zautomatyzowanym liniom produkcyjnym i dostarcza je w ci\u0105gu zaledwie 7 dni. Na przyk\u0142ad marka kosmetyczna dostosowa\u0142a 50 000 zestaw\u00f3w pude\u0142ek na perfumy w chi\u0144skim stylu za po\u015brednictwem fabryki, wykorzystuj\u0105c technologi\u0119 gor\u0105cego srebra i ca\u0142ostronicowy projekt UV, a sprzeda\u017c wzros\u0142a o 40% po umieszczeniu na li\u015bcie. Zdolno\u015b\u0107 produkcyjna firmy mo\u017ce zaspokoi\u0107 potrzeby zwi\u0105zane z pe\u0142nym cyklem \u017cycia, od marek rozpoczynaj\u0105cych dzia\u0142alno\u015b\u0107 po marki mi\u0119dzynarodowe.<\/p>","protected":false},"excerpt":{"rendered":"<p>Tekturowe opakowania papierowe sta\u0142y si\u0119 pierwszym wyborem dla marek perfum ze wzgl\u0119du na ich ochron\u0119 \u015brodowiska, korzy\u015bci finansowe i r\u00f3\u017cnorodno\u015b\u0107 wzornictwa. Dzi\u0119ki unowocze\u015bnieniu proces\u00f3w t\u0142oczenia na gor\u0105co, UV i innych oraz wsparciu zdolno\u015bci produkcyjnych wiod\u0105cych producent\u00f3w, opakowania perfum mog\u0105 nie tylko przekazywa\u0107 ton marki, ale tak\u017ce tworzy\u0107 zr\u00f3\u017cnicowan\u0105 konkurencyjno\u015b\u0107 na rynku terminali.<\/p>","protected":false},"featured_media":9150,"template":"","meta":[],"product_brand":[],"product_cat":[30,417,430,31],"product_tag":[1088,1089,1087],"class_list":{"0":"post-9124","1":"product","2":"type-product","3":"status-publish","4":"has-post-thumbnail","6":"product_cat-by-industry","7":"product_cat-custom-perfume-boxes-by-industry","8":"product_cat-folding-cartons","9":"product_cat-paper-box-style","10":"product_tag-paper-packaging-boxes-for-perfume","11":"product_tag-perfume-box-maker","12":"product_tag-wholesale-cardboard-paper-boxes","14":"first","15":"instock","16":"shipping-taxable","17":"product-type-grouped"},"_links":{"self":[{"href":"https:\/\/zojopackaging.com\/pl\/wp-json\/wp\/v2\/product\/9124","targetHints":{"allow":["GET"]}}],"collection":[{"href":"https:\/\/zojopackaging.com\/pl\/wp-json\/wp\/v2\/product"}],"about":[{"href":"https:\/\/zojopackaging.com\/pl\/wp-json\/wp\/v2\/types\/product"}],"version-history":[{"count":1,"href":"https:\/\/zojopackaging.com\/pl\/wp-json\/wp\/v2\/product\/9124\/revisions"}],"predecessor-version":[{"id":9172,"href":"https:\/\/zojopackaging.com\/pl\/wp-json\/wp\/v2\/product\/9124\/revisions\/9172"}],"wp:featuredmedia":[{"embeddable":true,"href":"https:\/\/zojopackaging.com\/pl\/wp-json\/wp\/v2\/media\/9150"}],"wp:attachment":[{"href":"https:\/\/zojopackaging.com\/pl\/wp-json\/wp\/v2\/media?parent=9124"}],"wp:term":[{"taxonomy":"product_brand","embeddable":true,"href":"https:\/\/zojopackaging.com\/pl\/wp-json\/wp\/v2\/product_brand?post=9124"},{"taxonomy":"product_cat","embeddable":true,"href":"https:\/\/zojopackaging.com\/pl\/wp-json\/wp\/v2\/product_cat?post=9124"},{"taxonomy":"product_tag","embeddable":true,"href":"https:\/\/zojopackaging.com\/pl\/wp-json\/wp\/v2\/product_tag?post=9124"}],"curies":[{"name":"wp","href":"https:\/\/api.w.org\/{rel}","templated":true}]}}