{"id":9126,"date":"2025-04-01T11:53:18","date_gmt":"2025-04-01T03:53:18","guid":{"rendered":"https:\/\/zojopackaging.com\/?post_type=product&#038;p=9126"},"modified":"2025-04-01T12:09:53","modified_gmt":"2025-04-01T04:09:53","slug":"empty-custom-printed-liquid-soap-packaging-boxes-wholesale","status":"publish","type":"product","link":"https:\/\/zojopackaging.com\/pl\/product\/empty-custom-printed-liquid-soap-packaging-boxes-wholesale\/","title":{"rendered":"Puste opakowania na myd\u0142o w p\u0142ynie z nadrukiem hurtowym"},"content":{"rendered":"<h2 id=\"1-intelligent-packaging-system-with-magnetic-structure\">1. Inteligentny system pakowania o strukturze magnetycznej<\/h2>\n<p>Zastosowano magnes trwa\u0142y NdFeB klasy N48, a powierzchnia jest niklowana, aby uzyska\u0107 niewidoczne osadzenie 0,3 mm. Dzi\u0119ki technologii rozmieszczania pier\u015bcieni biegunowych NS powstaje zamkni\u0119ty uk\u0142ad obwodu magnetycznego, a si\u0142a adsorpcji jednopunktowej jest stabilna na poziomie 4,5 N \u00b1 0,2 N. Wyposa\u017cony w sto\u017ckow\u0105 struktur\u0119 pozycjonowania 60\u00b0, zapewnia utrzymanie dok\u0142adno\u015bci powtarzalnego pozycjonowania \u00b10,1 mm po 5000-krotnym otwarciu i zamkni\u0119ciu. Magnes znajduje si\u0119 w odleg\u0142o\u015bci zaledwie 0,8 mm od powierzchni adsorpcyjnej, a na powierzchni zastosowano technologi\u0119 laminowania PET o jako\u015bci spo\u017cywczej, aby zapobiec zarysowaniom.<\/p>\n<h2 id=\"2-brand-visual-enhancement-plan\">2. Plan wzmocnienia wizualnego marki<\/h2>\n<p>Wdro\u017cenie dwukolorowego systemu kart kolor\u00f3w Pantone:<\/p>\n<ul>\n<li>Pude\u0142ko zewn\u0119trzne: czysta biel<\/li>\n<li>Podszewka: pomara\u0144czowa, proces flokowania zwi\u0119ksza punkty pami\u0119ci dotykowej Dzi\u0119ki technologii drukowania z separacj\u0105 kolor\u00f3w uzyskuje si\u0119 precyzyjny nadruk 3 mm kontrastuj\u0105cego obszaru kolor\u00f3w, a lokalne oszklenie UV jest dopasowane w celu zwi\u0119kszenia efektu za\u0142amania \u015bwiat\u0142a i cienia. Zgodnie z testami laboratoryjnymi, przy standardowym o\u015bwietleniu p\u00f3\u0142ki na poziomie 2000 luks\u00f3w, odleg\u0142o\u015b\u0107 rozpoznawania zwi\u0119ksza si\u0119 o 42% w por\u00f3wnaniu ze zwyk\u0142ym opakowaniem.<\/li>\n<\/ul>\n<h2 id=\"3-full-dimensional-customization-system\">3. Pe\u0142nowymiarowy system personalizacji<\/h2>\n<ol>\n<li><strong>Biblioteka typu Box<\/strong>: Zawiera 12 podstawowych typ\u00f3w pude\u0142ek, takich jak szuflada \/ dolna pokrywa \/ pude\u0142ko typu ksi\u0105\u017cka, obs\u0142uguje dostosowywanie ci\u0119cia w specjalnym kszta\u0142cie<\/li>\n<li><strong>Dostosowanie rozmiaru<\/strong>: Opracowanie formu\u0142y z\u0142otego podzia\u0142u dla opakowa\u0144 p\u0142yn\u00f3w i \u015bwiadczenie us\u0142ug modelowania 3D.<\/li>\n<li><strong>Matryca materia\u0142owa<\/strong>:<\/li>\n<li>Seria przyjazna dla \u015brodowiska: Certyfikat FSC<\/li>\n<li>Seria high-end: 1,2 mm szara p\u0142yta + holenderska flanela<\/li>\n<li>Proces specjalny: 3D nano-embossing\/cold stamping laser<\/li>\n<li>Obr\u00f3bka powierzchni: sze\u015bciokolorowy nadruk o wysokiej wierno\u015bci + lokalne t\u0142oczenie UV \/ na gor\u0105co, wyra\u017ane odwzorowanie linii o grubo\u015bci co najmniej 0,2 mm<\/li>\n<\/ol>\n<h2 id=\"4-space-optimization-project\">4. Projekt optymalizacji przestrzeni<\/h2>\n<p>Inteligentny system sk\u0142adu w programie AutoCAD:<\/p>\n<ul>\n<li>\u0141adowno\u015b\u0107 transportowa zwi\u0119kszona o 30%<\/li>\n<li>Pojemno\u015b\u0107 pami\u0119ci zmniejszona o 25%<\/li>\n<li>Grubo\u015b\u0107 p\u00f3\u0142ki kontrolowana w zakresie 35 mm<\/li>\n<\/ul>\n<h2 id=\"5-printing-quality-control-system\">5. System kontroli jako\u015bci druku<\/h2>\n<p>Wdro\u017cenie standard\u00f3w zarz\u0105dzania kolorami GMG, konfiguracja:<\/p>\n<ol>\n<li>Niemiecka jednostka drukuj\u0105ca Heidelberg XL106-8+1<\/li>\n<li>Detektor r\u00f3\u017cnicy kolor\u00f3w online (\u0394E\u22641,5)<\/li>\n<li>Potr\u00f3jny proces proofingu: proofing cyfrowy \u2192 proofing kontraktowy \u2192 \u015bledzenie produkcji masowej<\/li>\n<li>72-godzinny test odporno\u015bci na \u015bwiat\u0142o<\/li>\n<\/ol>\n<h2 id=\"vi-source-factory-service-commitment\">6. Zaanga\u017cowanie w serwis fabryczny<\/h2>\n<p>Jako g\u0142\u00f3wne przedsi\u0119biorstwo w pasie przemys\u0142u opakowaniowego Wenzhou, zapewniamy:<\/p>\n<ul>\n<li><strong>Zerowy koszt uruchomienia<\/strong>: bezp\u0142atny wydruk pr\u00f3bny (3 dni robocze na wydruk pr\u00f3bny) + us\u0142uga projektowania (10-osobowy zesp\u00f3\u0142 projektant\u00f3w)<\/li>\n<li><strong>Zapewnienie jako\u015bci<\/strong>: Warsztat z certyfikatem ISO, 14 proces\u00f3w pe\u0142nej kontroli, wska\u017anik wadliwo\u015bci \u22640,3%<\/li>\n<li><strong>Ekstremalna dostawa<\/strong>7-dniowy cykl pr\u00f3bny, 15-dniowa dostawa do produkcji masowej, wsparcie dla nadzoru nad zapasami VMI<\/li>\n<\/ul>","protected":false},"excerpt":{"rendered":"<p><strong>Przyjazny dla \u015brodowiska<\/strong><br \/>\nMateria\u0142y nadaj\u0105ce si\u0119 do recyklingu s\u0105 zgodne z normami bezpiecze\u0144stwa SGS dotycz\u0105cymi kontaktu z \u017cywno\u015bci\u0105.<\/p>\n<p><strong>Potencja\u0142 budowania marki<\/strong><br \/>\nPrecyzyjny nadruk logo zwi\u0119ksza warto\u015b\u0107 produktu dla sprzedawc\u00f3w.<\/p>","protected":false},"featured_media":9127,"template":"","meta":[],"product_brand":[],"product_cat":[30,423,424,31],"product_tag":[1077,1079,1078],"class_list":{"0":"post-9126","1":"product","2":"type-product","3":"status-publish","4":"has-post-thumbnail","6":"product_cat-by-industry","7":"product_cat-custom-presentation-boxes-by-industry","8":"product_cat-magnetic-closure-boxes","9":"product_cat-paper-box-style","10":"product_tag-custom-soap-packaging","11":"product_tag-liquid-soap-packaging-boxes","12":"product_tag-soap-packaging-wholesale","14":"first","15":"instock","16":"shipping-taxable","17":"product-type-simple"},"_links":{"self":[{"href":"https:\/\/zojopackaging.com\/pl\/wp-json\/wp\/v2\/product\/9126","targetHints":{"allow":["GET"]}}],"collection":[{"href":"https:\/\/zojopackaging.com\/pl\/wp-json\/wp\/v2\/product"}],"about":[{"href":"https:\/\/zojopackaging.com\/pl\/wp-json\/wp\/v2\/types\/product"}],"version-history":[{"count":1,"href":"https:\/\/zojopackaging.com\/pl\/wp-json\/wp\/v2\/product\/9126\/revisions"}],"predecessor-version":[{"id":9133,"href":"https:\/\/zojopackaging.com\/pl\/wp-json\/wp\/v2\/product\/9126\/revisions\/9133"}],"wp:featuredmedia":[{"embeddable":true,"href":"https:\/\/zojopackaging.com\/pl\/wp-json\/wp\/v2\/media\/9127"}],"wp:attachment":[{"href":"https:\/\/zojopackaging.com\/pl\/wp-json\/wp\/v2\/media?parent=9126"}],"wp:term":[{"taxonomy":"product_brand","embeddable":true,"href":"https:\/\/zojopackaging.com\/pl\/wp-json\/wp\/v2\/product_brand?post=9126"},{"taxonomy":"product_cat","embeddable":true,"href":"https:\/\/zojopackaging.com\/pl\/wp-json\/wp\/v2\/product_cat?post=9126"},{"taxonomy":"product_tag","embeddable":true,"href":"https:\/\/zojopackaging.com\/pl\/wp-json\/wp\/v2\/product_tag?post=9126"}],"curies":[{"name":"wp","href":"https:\/\/api.w.org\/{rel}","templated":true}]}}