{"id":9134,"date":"2025-04-01T12:11:38","date_gmt":"2025-04-01T04:11:38","guid":{"rendered":"https:\/\/zojopackaging.com\/?post_type=product&#038;p=9134"},"modified":"2025-04-01T14:04:39","modified_gmt":"2025-04-01T06:04:39","slug":"custom-exquisite-sculpture-figure-statue-ceramic-gift-box","status":"publish","type":"product","link":"https:\/\/zojopackaging.com\/pl\/product\/custom-exquisite-sculpture-figure-statue-ceramic-gift-box\/","title":{"rendered":"Niestandardowa wykwintna rze\u017aba Figurka Statuetka Ceramiczne pude\u0142ko upominkowe"},"content":{"rendered":"<h2 id=\"-core-advantages-\"><strong>Podstawowe zalety<\/strong><\/h2>\n<h2 id=\"1-magnetic-closure-design-no-damage-to-surface-aesthetics-\">1.\u00a0<strong>Magnetyczna konstrukcja zamkni\u0119cia, bez szkody dla estetyki powierzchni<\/strong><\/h2>\n<ul>\n<li>Opatentowana struktura magnetyczna (blok magnetyczny + ukryte cz\u0119\u015bci magnetyczne) zosta\u0142a przyj\u0119ta, nie jest wymagane tradycyjne klejenie ani wyboczenie, otwieranie i zamykanie s\u0105 p\u0142ynne, a zamykanie jest mocne, unikaj\u0105c zarysowania powierzchni pude\u0142ka. Wbudowany proces t\u0142umienia odrzutu dostosowuje si\u0119 do krucho\u015bci rze\u017ab ceramicznych, aby zapewni\u0107 zerowy luz podczas transportu.<\/li>\n<li>Obszar magnetyczny jest precyzyjnie osadzony w korpusie pude\u0142ka i nie wystaje na zewn\u0105trz, zachowuj\u0105c og\u00f3lny prosty i g\u0142adki wygl\u0105d opakowania.<\/li>\n<\/ul>\n<h2 id=\"2-foldable-transportation-packaging-efficient-space-saving-\">2.\u00a0<strong>Sk\u0142adane opakowanie transportowe, efektywna oszcz\u0119dno\u015b\u0107 miejsca<\/strong><\/h2>\n<ul>\n<li>Po z\u0142o\u017ceniu obj\u0119to\u015b\u0107 zmniejsza si\u0119 o ponad 60%, co jest odpowiednie dla standardowych rozmiar\u00f3w palet logistycznych i zmniejsza koszty przechowywania i transportu.<\/li>\n<li>Korpus pude\u0142ka wykonany jest z wytrzyma\u0142ej tektury falistej + materia\u0142u kompozytowego z w\u0142\u00f3kna bambusowego, o odporno\u015bci na \u015bciskanie 10 kg\/cm\u00b2 i przeszed\u0142 test upadku oraz weryfikacj\u0119 tolerancji na wilgo\u0107.<\/li>\n<\/ul>\n<h2 id=\"3-precise-lining-customization-zero-displacement-protection-\">3.\u00a0<strong>Precyzyjne dostosowanie ok\u0142adziny, zerowa ochrona przed przesuni\u0119ciem<\/strong><\/h2>\n<ul>\n<li>Wy\u015bci\u00f3\u0142ka wykorzystuje bawe\u0142n\u0119 amortyzuj\u0105c\u0105 EVA lub degradowalny papier o strukturze plastra miodu, kt\u00f3ry jest ci\u0119ty zgodnie ze skanowaniem 3D konturu statuetki, aby uzyska\u0107 mocowanie \"pe\u0142nego opakowania\".<\/li>\n<li>Obs\u0142uguje konstrukcj\u0119 warstwow\u0105, nadaje si\u0119 do z\u0142o\u017conych rze\u017ab i poprawia w\u0142a\u015bciwo\u015bci sejsmiczne dzi\u0119ki 50%.<\/li>\n<\/ul>\n<h2 id=\"4-highly-customized-service-\">4.\u00a0<strong>Wysoce spersonalizowana us\u0142uga<\/strong><\/h2>\n<ul>\n<li><strong>Rozmiar<\/strong>: Obs\u0142uguje opakowania rze\u017abiarskie od 10 cm do 150 cm, a pude\u0142ka o specjalnym kszta\u0142cie (takie jak w kszta\u0142cie ksi\u0105\u017cki, g\u00f3rne i dolne ok\u0142adki) mo\u017cna dostosowa\u0107.<\/li>\n<li><strong>Projekt wizualny<\/strong>: G\u0142\u00f3wnym kolorem jest matowe z\u0142oto, z technologi\u0105 t\u0142oczenia na gor\u0105co, a do wyboru s\u0105 tradycyjne wzory, takie jak pomy\u015blne chmury i Huiwen, lub minimalistyczne geometryczne linie.<\/li>\n<li><strong>Materia\u0142<\/strong>: Zapewnienie przyjaznych dla \u015brodowiska opcji, takich jak papier z pulpy bambusowej (degradowalny), p\u0142yta pil\u015bniowa z trzciny cukrowej (lekka) i papier z szarej tektury z recyklingu (o wysokiej wytrzyma\u0142o\u015bci).<\/li>\n<li><strong>Proces drukowania<\/strong>: Lokalne UV, grawerowanie laserowe, zmieniaj\u0105cy temperatur\u0119 atrament zapobiegaj\u0105cy podrabianiu itp., obs\u0142uga logo marki i slogan\u00f3w kulturowych Spersonalizowana prezentacja.<\/li>\n<\/ul>\n<h2 id=\"5-fusion-of-oriental-aesthetics-and-minimalism-\">5.\u00a0<strong>Po\u0142\u0105czenie orientalnej estetyki i minimalizmu<\/strong><\/h2>\n<ul>\n<li>Z\u0142oty g\u0142\u00f3wny odcie\u0144 symbolizuje dobrobyt i szlachetno\u015b\u0107, a matowa tekstura pozwala unikn\u0105\u0107 przesady. Pasuje do pustych krat okiennych lub pustych wzor\u00f3w, aby podkre\u015bli\u0107 artystyczne napi\u0119cie ceramicznych rze\u017ab.<\/li>\n<li>Linia pude\u0142ek jest prosta i schludna, odpowiednia do nowoczesnej ekspozycji domowej i scen biznesowych, bior\u0105c pod uwag\u0119 dziedzictwo kulturowe i wyczucie mody.<\/li>\n<\/ul>\n<h2 id=\"6-sustainable-environmental-protection-concept-\">6.\u00a0<strong>Koncepcja zr\u00f3wnowa\u017conej ochrony \u015brodowiska<\/strong><\/h2>\n<ul>\n<li>Materia\u0142 przeszed\u0142 certyfikacj\u0119 le\u015bn\u0105 FSC, podszewka jest zdejmowana i nadaje si\u0119 do recyklingu, a nadruk jest wykonany atramentem na bazie wody.<\/li>\n<li>Po zako\u0144czeniu cyklu \u017cycia opakowania mo\u017cna je zdegradowa\u0107 lub przekszta\u0142ci\u0107 w pude\u0142ko do ponownego u\u017cycia, zmniejszaj\u0105c \u015blad w\u0119glowy o 30%.<\/li>\n<\/ul>\n<h3 id=\"-craftsmanship-and-guarantee-\"><strong>Jako\u015b\u0107 wykonania i gwarancja<\/strong><\/h3>\n<ul>\n<li><strong>16 lat profesjonalnych opad\u00f3w<\/strong>: Fabryka posiada w pe\u0142ni zautomatyzowane maszyny sztancuj\u0105ce, sprz\u0119t do grawerowania laserowego i system kontroli jako\u015bci ISO, o dziennej zdolno\u015bci produkcyjnej ponad 2 milion\u00f3w sztuk.<\/li>\n<li><strong>Kompleksowa obs\u0142uga<\/strong>: Od modelowania 3D, sprawdzania i testowania po masow\u0105 produkcj\u0119, dostawa w ci\u0105gu 7-15 dni, wsparcie globalnego \u015bledzenia logistycznego i roszcze\u0144 z tytu\u0142u uszkodze\u0144.<\/li>\n<\/ul>\n<h2 id=\"-application-scenarios-\"><strong>Scenariusze zastosowa\u0144<\/strong><\/h2>\n<ul>\n<li><strong>Kolekcja sztuki<\/strong>: Ochrona na poziomie muzealnym, odpowiednia dla delikatnych przedmiot\u00f3w, takich jak pos\u0105gi Buddy i rze\u017aby ludzkie.<\/li>\n<li><strong>Prezent biznesowy<\/strong>: Dostosuj logo firmy i pozdrowienia, aby zwi\u0119kszy\u0107 warto\u015b\u0107 kulturow\u0105 marki.<\/li>\n<li><strong>Transgraniczny handel elektroniczny<\/strong>: Spe\u0142nienie norm \u015brodowiskowych UE i dostosowanie do potrzeb transportu mi\u0119dzynarodowego.<\/li>\n<\/ul>","protected":false},"excerpt":{"rendered":"<p>To pude\u0142ko upominkowe zosta\u0142o zaprojektowane z my\u015bl\u0105 o wysokiej klasy ceramicznych rze\u017abach, \u0142\u0105cz\u0105c w sobie orientaln\u0105 estetyk\u0119 i nowoczesne rzemios\u0142o. Jego podstaw\u0105 jest magnetyczna sk\u0142adana konstrukcja, przyjazne dla \u015brodowiska materia\u0142y i wysoce spersonalizowane us\u0142ugi, zapewniaj\u0105ce pe\u0142n\u0105 gam\u0119 rozwi\u0105za\u0144 ochronnych dla delikatnych rze\u017ab ceramicznych, od transportu po ekspozycj\u0119. Stworzony przez 16-letni\u0105 fabryk\u0119 opakowa\u0144 \u017ar\u00f3d\u0142owych, spe\u0142nia potrzeby kolekcji sztuki, prezent\u00f3w biznesowych, komunikacji kulturalnej i innych scenariuszy w jednym miejscu<\/p>","protected":false},"featured_media":9136,"template":"","meta":[],"product_brand":[],"product_cat":[30,427,423,31],"product_tag":[1082,1080,1081],"class_list":{"0":"post-9134","1":"product","2":"type-product","3":"status-publish","4":"has-post-thumbnail","6":"product_cat-by-industry","7":"product_cat-collapsible-gift-boxes","8":"product_cat-custom-presentation-boxes-by-industry","9":"product_cat-paper-box-style","10":"product_tag-ceramic-gift-box","11":"product_tag-custom-sculpture-gift-box","12":"product_tag-figure-statue-gift-box","14":"first","15":"instock","16":"shipping-taxable","17":"product-type-simple"},"_links":{"self":[{"href":"https:\/\/zojopackaging.com\/pl\/wp-json\/wp\/v2\/product\/9134","targetHints":{"allow":["GET"]}}],"collection":[{"href":"https:\/\/zojopackaging.com\/pl\/wp-json\/wp\/v2\/product"}],"about":[{"href":"https:\/\/zojopackaging.com\/pl\/wp-json\/wp\/v2\/types\/product"}],"version-history":[{"count":1,"href":"https:\/\/zojopackaging.com\/pl\/wp-json\/wp\/v2\/product\/9134\/revisions"}],"predecessor-version":[{"id":9140,"href":"https:\/\/zojopackaging.com\/pl\/wp-json\/wp\/v2\/product\/9134\/revisions\/9140"}],"wp:featuredmedia":[{"embeddable":true,"href":"https:\/\/zojopackaging.com\/pl\/wp-json\/wp\/v2\/media\/9136"}],"wp:attachment":[{"href":"https:\/\/zojopackaging.com\/pl\/wp-json\/wp\/v2\/media?parent=9134"}],"wp:term":[{"taxonomy":"product_brand","embeddable":true,"href":"https:\/\/zojopackaging.com\/pl\/wp-json\/wp\/v2\/product_brand?post=9134"},{"taxonomy":"product_cat","embeddable":true,"href":"https:\/\/zojopackaging.com\/pl\/wp-json\/wp\/v2\/product_cat?post=9134"},{"taxonomy":"product_tag","embeddable":true,"href":"https:\/\/zojopackaging.com\/pl\/wp-json\/wp\/v2\/product_tag?post=9134"}],"curies":[{"name":"wp","href":"https:\/\/api.w.org\/{rel}","templated":true}]}}