{"id":9141,"date":"2025-04-01T14:05:03","date_gmt":"2025-04-01T06:05:03","guid":{"rendered":"https:\/\/zojopackaging.com\/?post_type=product&#038;p=9141"},"modified":"2025-04-01T14:27:26","modified_gmt":"2025-04-01T06:27:26","slug":"custom-magnetic-essential-oil-cosmetic-packaging-gift-box","status":"publish","type":"product","link":"https:\/\/zojopackaging.com\/pl\/product\/custom-magnetic-essential-oil-cosmetic-packaging-gift-box\/","title":{"rendered":"Niestandardowe magnetyczne opakowanie kosmetyczne na olejki eteryczne"},"content":{"rendered":"<h2 id=\"-1-magnetic-embedded-design-upgraded-safety-protection-\"><strong>1. Wbudowana konstrukcja magnetyczna, ulepszona ochrona bezpiecze\u0144stwa<\/strong><\/h2>\n<p>Dzi\u0119ki opatentowanej konstrukcji magnetycznej klapki, magnes jest osadzony w \u017celaznej pow\u0142oce i ocynkowanej blasze \u017celaznej, aby unikn\u0105\u0107 ods\u0142oni\u0119cia i zu\u017cycia magnesu, jednocze\u015bnie zwi\u0119kszaj\u0105c jednostronn\u0105 si\u0142\u0119 adsorpcji. Zaprojektowany z my\u015bl\u0105 o delikatnych butelkach olejk\u00f3w eterycznych, otwiera si\u0119 i zamyka p\u0142ynnie i mocno, zmniejszaj\u0105c utrat\u0119 magnes\u00f3w spowodowan\u0105 cz\u0119stym otwieraniem i wyd\u0142u\u017caj\u0105c \u017cywotno\u015b\u0107 opakowania. Podszewka wykonana jest z flokowanego materia\u0142u EVA o wysokiej g\u0119sto\u015bci, w po\u0142\u0105czeniu z technologi\u0105 buforowania magnetycznego, aby rozproszy\u0107 wp\u0142yw transportu i chroni\u0107 szklan\u0105 butelk\u0119 olejku eterycznego przed uszkodzeniem przez wibracje we wszystkich kierunkach.<\/p>\n<h2 id=\"-2-double-sided-visual-enhancement-accurate-communication-of-brand-and-ingredients-\"><strong>2. Dwustronne wzmocnienie wizualne, dok\u0142adna komunikacja marki i sk\u0142adnik\u00f3w<\/strong><\/h2>\n<ul>\n<li><strong>Konstrukcja przednia<\/strong>: Wykorzystaj precyzyjn\u0105 technologi\u0119 druku offsetowego, aby zaprezentowa\u0107 LOGO marki i podstawowe elementy wizualne, a tak\u017ce dopasuj proces t\u0142oczenia na gor\u0105co \/ UV, aby podkre\u015bli\u0107 luksusow\u0105 tekstur\u0119.<\/li>\n<li><strong>Konstrukcja tylna<\/strong>: Wy\u015bwietlaj list\u0119 sk\u0142adnik\u00f3w produktu, instrukcje u\u017cytkowania i logo certyfikatu \u015brodowiskowego w minimalistycznym stylu i u\u017cywaj druku w kolorze punktowym, aby zapewni\u0107, \u017ce tekst jest wyra\u017any i bez smug. Dwustronny, zr\u00f3\u017cnicowany projekt uwzgl\u0119dnia zar\u00f3wno pozyskiwanie informacji przez konsument\u00f3w, jak i zapami\u0119tywanie wizerunku marki, a tak\u017ce zwi\u0119ksza atrakcyjno\u015b\u0107 ekspozycji na p\u00f3\u0142ce.<\/li>\n<\/ul>\n<h2 id=\"-3-red-and-black-contrast-aesthetics-classic-and-tense-\"><strong>3. Czerwony i czarny kontrast estetyczny, klasyczny i napi\u0119ty<\/strong><\/h2>\n<ul>\n<li><strong>Dopasowanie kolor\u00f3w<\/strong>: G\u0142\u00f3wnym kolorem jest chi\u0144ska czerwie\u0144 z matow\u0105 czerni\u0105 jako kolorem zdobienia, co tworzy silny kontrast wizualny.<\/li>\n<li><strong>Wydajno\u015b\u0107 materia\u0142u<\/strong>: W czarnej cz\u0119\u015bci zastosowano papier powlekany C2S o gramaturze 157 g z matow\u0105 foli\u0105, a w czerwonym obszarze zastosowano sitodruk i lokalny lakier, aby wzmocni\u0107 poczucie warstw i r\u00f3\u017cnic dotykowych, co jest zgodne z d\u0105\u017ceniem bran\u017cy kosmetycznej do wykwintno\u015bci.<\/li>\n<\/ul>\n<h2 id=\"-4-precise-printing-process-rigorous-quality-endorsement-\"><strong>4. Precyzyjny proces drukowania, rygorystyczna kontrola jako\u015bci<\/strong><\/h2>\n<p>Przyj\u0119cie niemieckiej 6-kolorowej maszyny drukarskiej Heidelberg, kontrola r\u00f3\u017cnicy kolor\u00f3w \u0394E\u22641,5 (znacznie ni\u017csza ni\u017c standard bran\u017cowy \u0394E\u22643), obs\u0142uga kolor\u00f3w dodatkowych Pantone i tryb\u00f3w mieszania czterech kolor\u00f3w. Wszystkie \u0142\u0105cza drukuj\u0105ce s\u0105 kalibrowane i w pe\u0142ni sprawdzane 3 razy, aby zapewni\u0107, \u017ce kraw\u0119dzie wzoru s\u0105 ostre, a nasycenie kolor\u00f3w jest sp\u00f3jne, przekazuj\u0105c \u015bcis\u0142\u0105 kontrol\u0119 marki nad szczeg\u00f3\u0142ami i wzmacniaj\u0105c zaufanie konsument\u00f3w.<\/p>\n<h2 id=\"-5-highly-flexible-customization-to-meet-diverse-needs-\"><strong>5. Wysoce elastyczne dostosowanie do r\u00f3\u017cnych potrzeb<\/strong><\/h2>\n<ul>\n<li><strong>Wyb\u00f3r typu skrzynki<\/strong>: Dost\u0119pnych jest 12 podstawowych typ\u00f3w pude\u0142ek, w tym pude\u0142ko z klapk\u0105, pude\u0142ko na ksi\u0105\u017cki, pude\u0142ko z szufladami itp., a tak\u017ce obs\u0142ugiwane jest dostosowywanie struktury o specjalnym kszta\u0142cie (np. magnetyczne gniazdo ss\u0105ce w kszta\u0142cie \u0142uku lub puste okno).<\/li>\n<li><strong>Kombinacja materia\u0142\u00f3w<\/strong>: Pude\u0142ko zewn\u0119trzne to sztywna szara tektura o gramaturze 1200 g (wytrzyma\u0142o\u015b\u0107 na \u015bciskanie \u2265800 N), wy\u015bci\u00f3\u0142ka wykonana jest z degradowalnej bawe\u0142ny per\u0142owej EPE, a powierzchnia pokryta jest przyjazn\u0105 dla \u015brodowiska pow\u0142ok\u0105 na bazie wody, kt\u00f3ra jest zgodna z normami UE REACH.<\/li>\n<li><strong>Rozszerzenie procesu<\/strong>: Opcjonalnie dost\u0119pnych jest ponad 20 proces\u00f3w obr\u00f3bki powierzchni, takich jak t\u0142oczenie na gor\u0105co, wyt\u0142aczanie i grawerowanie laserowe, a materia\u0142y takie jak papier matowy\/b\u0142yszcz\u0105cy\/teksturowany s\u0105 obs\u0142ugiwane w celu dostosowania do r\u00f3\u017cnych odcieni produktu.<\/li>\n<\/ul>\n<h2 id=\"-6-precision-lining-cutting-zero-displacement-protection-\"><strong>6. Precyzyjne ci\u0119cie ok\u0142adzin, zerowe zabezpieczenie przed przesuni\u0119ciem<\/strong><\/h2>\n<p>W oparciu o modelowanie 3D i technologi\u0119 ci\u0119cia laserowego, podszewka jest formowana 1:1 zgodnie z kszta\u0142tem butelki olejku eterycznego, z tolerancj\u0105 kontrolowan\u0105 na poziomie \u00b10,1 mm, aby osi\u0105gn\u0105\u0107 \"osadzone mocowanie\". W przypadku zestaw\u00f3w sk\u0142adaj\u0105cych si\u0119 z wielu butelek, niezale\u017cne gniazda na karty mo\u017cna projektowa\u0107 warstwowo, a uk\u0142ad mo\u017cna dowolnie regulowa\u0107 za pomoc\u0105 przegr\u00f3d magnetycznych, aby zapewni\u0107 brak wstrz\u0105s\u00f3w podczas transportu.<\/p>\n<h2 id=\"-7-environmentally-friendly-and-sustainable-packaging-practicing-green-responsibility-\"><strong>7. Przyjazne dla \u015brodowiska i zr\u00f3wnowa\u017cone opakowania, praktykowanie zielonej odpowiedzialno\u015bci<\/strong><\/h2>\n<ul>\n<li><strong>G\u0142\u00f3wny materia\u0142<\/strong>: 157g papieru powlekanego C2S (certyfikat FSC) + 1200g szarej tektury z recyklingu (wska\u017anik recyklingu \u226585%), ca\u0142e opakowanie jest ca\u0142kowicie degradowalne.<\/li>\n<li><strong>Atrament<\/strong>: U\u017cywany jest przyjazny dla \u015brodowiska atrament na bazie soi, nie zawiera metali ci\u0119\u017ckich i emisji LZO oraz przeszed\u0142 testy i certyfikacj\u0119 SGS.<\/li>\n<li><strong>Konstrukcja redukuj\u0105ca ilo\u015b\u0107 plastiku<\/strong>: Papierowe przyssawki magnetyczne zast\u0119puj\u0105 tradycyjne plastikowe klamry, zmniejszaj\u0105c \u015blad w\u0119glowy o 40%.<\/li>\n<\/ul>\n<h2 id=\"-8-direct-supply-from-the-source-factory-efficient-service-guarantee-\"><strong>8. Bezpo\u015brednia dostawa z fabryki \u017ar\u00f3d\u0142owej, gwarancja wydajnej obs\u0142ugi<\/strong><\/h2>\n<ul>\n<li><strong>Zalety us\u0142ugi<\/strong>: Bezpo\u015brednie po\u0142\u0105czenie z fabryk\u0105 \u017ar\u00f3d\u0142ow\u0105 w Chinach, wsparcie bezp\u0142atnego projektowania, 3-dniowa produkcja pr\u00f3bek,<\/li>\n<li><strong>Pe\u0142na obs\u0142uga proces\u00f3w<\/strong>: Od komunikacji popytu, wyboru materia\u0142\u00f3w po masow\u0105 produkcj\u0119, wyposa\u017con\u0105 w ekskluzywnych kierownik\u00f3w projekt\u00f3w i zespo\u0142y kontroli jako\u015bci, zapewniaj\u0105c\u0105 15-dniowy zwrot i wymian\u0119 oraz oryginaln\u0105 gwarancj\u0119.<\/li>\n<\/ul>","protected":false},"excerpt":{"rendered":"<p>Wzmacniacz marki - Przekszta\u0142\u0107 opakowanie w dotykow\u0105 opowie\u015b\u0107 z dopasowanym luksusem.<br \/>\nFunkcjonalna elegancja - bezpieczne uszczelnienie magnetyczne zapobiega wyciekom podczas transportu i przechowywania.<br \/>\nAksamitna wy\u015bci\u00f3\u0142ka chroni delikatne olejki, jednocze\u015bnie uzupe\u0142niaj\u0105c aromaterapeutyczne podr\u00f3\u017ce.<br \/>\nB2B Ready - wst\u0119pnie skonfigurowany do zam\u00f3wie\u0144 masowych (MOQ 500 jednostek) z szybk\u0105 14-dniow\u0105 realizacj\u0105.<br \/>\n\u267b\ufe0f Green Prestige - materia\u0142y z certyfikatem FSC spe\u0142niaj\u0105 standardy zgodno\u015bci hurtowej na ca\u0142ym \u015bwiecie.<\/p>","protected":false},"featured_media":9142,"template":"","meta":[],"product_brand":[],"product_cat":[30,390,424,31],"product_tag":[1083,775,616],"class_list":{"0":"post-9141","1":"product","2":"type-product","3":"status-publish","4":"has-post-thumbnail","6":"product_cat-by-industry","7":"product_cat-custom-cosmetics-boxes","8":"product_cat-magnetic-closure-boxes","9":"product_cat-paper-box-style","10":"product_tag-cosmetic-packaging-gift-box","11":"product_tag-custom-cosmetic-packaging","12":"product_tag-essential-oil-packaging","14":"first","15":"instock","16":"shipping-taxable","17":"product-type-simple"},"_links":{"self":[{"href":"https:\/\/zojopackaging.com\/pl\/wp-json\/wp\/v2\/product\/9141","targetHints":{"allow":["GET"]}}],"collection":[{"href":"https:\/\/zojopackaging.com\/pl\/wp-json\/wp\/v2\/product"}],"about":[{"href":"https:\/\/zojopackaging.com\/pl\/wp-json\/wp\/v2\/types\/product"}],"version-history":[{"count":1,"href":"https:\/\/zojopackaging.com\/pl\/wp-json\/wp\/v2\/product\/9141\/revisions"}],"predecessor-version":[{"id":9155,"href":"https:\/\/zojopackaging.com\/pl\/wp-json\/wp\/v2\/product\/9141\/revisions\/9155"}],"wp:featuredmedia":[{"embeddable":true,"href":"https:\/\/zojopackaging.com\/pl\/wp-json\/wp\/v2\/media\/9142"}],"wp:attachment":[{"href":"https:\/\/zojopackaging.com\/pl\/wp-json\/wp\/v2\/media?parent=9141"}],"wp:term":[{"taxonomy":"product_brand","embeddable":true,"href":"https:\/\/zojopackaging.com\/pl\/wp-json\/wp\/v2\/product_brand?post=9141"},{"taxonomy":"product_cat","embeddable":true,"href":"https:\/\/zojopackaging.com\/pl\/wp-json\/wp\/v2\/product_cat?post=9141"},{"taxonomy":"product_tag","embeddable":true,"href":"https:\/\/zojopackaging.com\/pl\/wp-json\/wp\/v2\/product_tag?post=9141"}],"curies":[{"name":"wp","href":"https:\/\/api.w.org\/{rel}","templated":true}]}}