{"id":9156,"date":"2025-04-01T14:28:09","date_gmt":"2025-04-01T06:28:09","guid":{"rendered":"https:\/\/zojopackaging.com\/?post_type=product&#038;p=9156"},"modified":"2025-04-01T14:51:48","modified_gmt":"2025-04-01T06:51:48","slug":"custom-logo-empty-cuticle-oil-pen-packaging-boxes-wholesale","status":"publish","type":"product","link":"https:\/\/zojopackaging.com\/pl\/product\/custom-logo-empty-cuticle-oil-pen-packaging-boxes-wholesale\/","title":{"rendered":"Niestandardowe logo Puste pude\u0142ka do pakowania olejk\u00f3w do sk\u00f3rek Hurtownia"},"content":{"rendered":"<h2 id=\"-designed-for-high-end-skincare-brands-a-packaging-solution-that-combines-environmental-protection-and-luxury-\"><strong>Zaprojektowane z my\u015bl\u0105 o markach wysokiej klasy produkt\u00f3w do piel\u0119gnacji sk\u00f3ry, rozwi\u0105zanie opakowaniowe, kt\u00f3re \u0142\u0105czy w sobie ochron\u0119 \u015brodowiska i luksus.<\/strong><\/h2>\n<p>Jako fabryka z 16-letnim do\u015bwiadczeniem w produkcji opakowa\u0144 na d\u0142ugopisy do sk\u00f3rek, jeste\u015bmy zaanga\u017cowani w dostarczanie globalnym markom produkt\u00f3w do piel\u0119gnacji sk\u00f3ry kompleksowych us\u0142ug dostosowanych do indywidualnych potrzeb, od projektu po gotowe produkty, oraz wykorzystuj\u0105c wysokiej jako\u015bci opakowania, aby zwi\u0119kszy\u0107 warto\u015b\u0107 marki. Poni\u017cej przedstawiono podstawowe zalety produktu:<\/p>\n<h2 id=\"-1-high-density-environmentally-friendly-materials-to-protect-product-safety-\"><strong>1. Przyjazne dla \u015brodowiska materia\u0142y o wysokiej g\u0119sto\u015bci chroni\u0105ce bezpiecze\u0144stwo produktu<\/strong><\/h2>\n<p>Opakowanie wykonane jest z przyjaznego dla \u015brodowiska kartonu o wysokiej g\u0119sto\u015bci i materia\u0142\u00f3w degradowalnych, kt\u00f3re s\u0105 mocne, odporne na nacisk i uderzenia, zapewniaj\u0105c, \u017ce p\u0142ynne lub delikatne produkty, takie jak esencje, tonery, olejki eteryczne itp. s\u0105 chronione przed \u015bci\u015bni\u0119ciem, wyciekiem lub zepsuciem podczas transportu i przechowywania, jednocze\u015bnie przekazuj\u0105c koncepcj\u0119 ochrony \u015brodowiska marki.<\/p>\n<h2 id=\"-2-double-sided-creative-design-to-enhance-brand-communication-\"><strong>2. Dwustronny kreatywny projekt poprawiaj\u0105cy komunikacj\u0119 marki<\/strong><\/h2>\n<p>-\u00a0<strong>Strona wy\u015bwietlania sk\u0142adnik\u00f3w<\/strong>: Naukowy uk\u0142ad przedstawia formu\u0142y produkt\u00f3w, ich skuteczno\u015b\u0107 i instrukcje u\u017cytkowania, aby zwi\u0119kszy\u0107 profesjonalizm i zaufanie konsument\u00f3w. -\u00a0<strong>Strona wizerunku marki<\/strong>: Poprzez artystyczne LOGO, slogany lub projekt historii marki, tworzone s\u0105 wysokiej klasy wizualne punkty pami\u0119ci, aby pog\u0142\u0119bi\u0107 wra\u017cenia klient\u00f3w. Dwustronna konstrukcja maksymalizuje wykorzystanie przestrzeni opakowania, bior\u0105c pod uwag\u0119 zar\u00f3wno praktyczno\u015b\u0107, jak i warto\u015b\u0107 marketingow\u0105.<\/p>\n<h2 id=\"-3-magnetic-opening-and-closing-structure-to-create-a-light-luxury-experience-\"><strong>3. Magnetyczna struktura otwierania i zamykania zapewniaj\u0105ca lekkie, luksusowe wra\u017cenia<\/strong><\/h2>\n<p>- Pude\u0142ko jest wyposa\u017cone w mocn\u0105 klamr\u0119 magnetyczn\u0105, kt\u00f3ra otwiera si\u0119 i zamyka p\u0142ynnie i cicho, i nadaje si\u0119 do wielokrotnego u\u017cytku bez zu\u017cycia, co spe\u0142nia potrzeby wysokiej klasy produkt\u00f3w do piel\u0119gnacji sk\u00f3ry i opakowa\u0144 upominkowych dla poczucia rytua\u0142u. - Powierzchnia jest pokryta delikatn\u0105 w dotyku foli\u0105, z precyzyjnie wyci\u0119tymi naro\u017cnikami, podkre\u015blaj\u0105c wykwintny styl marki.<\/p>\n<h2 id=\"-4-natural-warm-brown-tone-conveying-organic-concept-\"><strong>4. Naturalny ciep\u0142y br\u0105zowy odcie\u0144, oddaj\u0105cy koncepcj\u0119 organiczn\u0105<\/strong><\/h2>\n<p>G\u0142\u00f3wny kolor opakowania wykorzystuje odcienie ziemi, takie jak ciep\u0142y br\u0105z i khaki, w po\u0142\u0105czeniu z matow\u0105 tekstur\u0105 lub technologi\u0105 cz\u0119\u015bciowej tekstury, aby intuicyjnie przekaza\u0107 naturalny, czysty i zr\u00f3wnowa\u017cony wizerunek marki oraz przyci\u0105gn\u0105\u0107 przyjazne dla \u015brodowiska grupy konsument\u00f3w.<\/p>\n<h2 id=\"-5-spot-uv-technology-efficient-production-and-visual-upgrade-\"><strong>5. Technologia Spot UV, wydajna produkcja i poprawa wizualna<\/strong><\/h2>\n<p>Lokalna technologia druku UV jest wykorzystywana do osi\u0105gni\u0119cia wysokiego po\u0142ysku\/matowego tr\u00f3jwymiarowego efektu LOGO, wzoru lub tekstu, z du\u017c\u0105 szybko\u015bci\u0105 utwardzania i siln\u0105 przyczepno\u015bci\u0105, co znacznie skraca cykl dostawy. Proces ten jest kompatybilny z ci\u0105g\u0142ym drukowaniem z\u0142o\u017conych wzor\u00f3w, pomagaj\u0105c efektywnie realizowa\u0107 zam\u00f3wienia wielkoseryjne.<\/p>\n<h2 id=\"-6-all-round-customization-precise-adaptation-to-product-needs-\"><strong>6. Wszechstronna personalizacja, precyzyjne dostosowanie do potrzeb produktu<\/strong><\/h2>\n<p>-\u00a0<strong>Typ i rozmiar pude\u0142ka<\/strong>: Obs\u0142uguje wiele struktur, takich jak pude\u0142ka z klapk\u0105, pude\u0142ka z szufladami, pude\u0142ka w kszta\u0142cie ksi\u0105\u017cki itp. i mo\u017cna je elastycznie dostosowywa\u0107 do rozmiaru produktu, aby zminimalizowa\u0107 straty miejsca. -\u00a0<strong>Proces wyk\u0142adziny wewn\u0119trznej<\/strong>: Dok\u0142adne formowanie zgodnie z kszta\u0142tem pi\u00f3ra do sk\u00f3rek lub butelki olejku eterycznego, u\u017cycie g\u0105bki EVA lub flokowanej podszewki do zamocowania produktu, osi\u0105gni\u0119cie ochrony przed \"zerowym ruchem\" i wyeliminowanie uszkodze\u0144 spowodowanych wstrz\u0105sami transportowymi. -\u00a0<strong>Drukowanie i materia\u0142y<\/strong>: Konfigurowalne efekty powierzchniowe, takie jak t\u0142oczenie na gor\u0105co, wyt\u0142aczanie, laser itp., zapewniaj\u0105 papier matowy, papier artystyczny, papier falisty i inne opcje materia\u0142owe.<\/p>\n<h2 id=\"-7-16-years-of-one-stop-service-quality-and-efficiency-double-guarantee-\"><strong>7. 16 lat kompleksowej obs\u0142ugi, podw\u00f3jna gwarancja jako\u015bci i wydajno\u015bci<\/strong><\/h2>\n<p>Od propozycji projektu, testowania materia\u0142\u00f3w, potwierdzenia proofingu po masow\u0105 produkcj\u0119, ca\u0142y proces jest profesjonalnie monitorowany przez starszy zesp\u00f3\u0142, aby zapewni\u0107, \u017ce opakowanie osi\u0105ga najlepsz\u0105 r\u00f3wnowag\u0119 mi\u0119dzy funkcjonalno\u015bci\u0105, pi\u0119knem i kosztami, pomagaj\u0105c marce szybko zdoby\u0107 rynek.<\/p>\n<p><strong>Proces wsp\u00f3\u0142pracy<\/strong>Komunikacja z zapotrzebowaniem \u2192 Propozycja projektu \u2192 Potwierdzenie proofingu 3D \u2192 Dostawa produkcji masowej\u00a0<strong>Elastyczna minimalna ilo\u015b\u0107 zam\u00f3wienia<\/strong>Obs\u0142ugujemy ma\u0142e i \u015brednie zam\u00f3wienia pr\u00f3bne oraz sprzeda\u017c hurtow\u0105 na du\u017c\u0105 skal\u0119, aby zaspokoi\u0107 potrzeby marek na r\u00f3\u017cnych etapach rozwoju.<\/p>\n<p>Dzi\u0119ki profesjonalnym opakowaniom, kt\u00f3re wzmacniaj\u0105 warto\u015b\u0107 marki, z niecierpliwo\u015bci\u0105 czekamy na wsp\u00f3\u0142prac\u0119 z Tob\u0105, aby stworzy\u0107 niezapomniane wra\u017cenia z piel\u0119gnacji sk\u00f3ry!<\/p>","protected":false},"excerpt":{"rendered":"<ul>\n<li>\ud83d\udee1\ufe0f Konstrukcja ochronna: Os\u0142ania oleje przed promieniowaniem UV, wyciekami i uszkodzeniami fizycznymi podczas transportu.<\/li>\n<li>Wzmocnienie marki: Wyra\u017ane umieszczenie logo i niestandardowe wyko\u0144czenia podnosz\u0105 autorytet marki.<\/li>\n<li>Skalowalne rozwi\u0105zania: ceny hurtowe i szybka realizacja dla hurtownik\u00f3w; elastyczny branding dla startup\u00f3w.<\/li>\n<li>\u267b\ufe0f Eco-Conscious\uff1aMateria\u0142y nadaj\u0105ce si\u0119 do recyklingu spe\u0142niaj\u0105 wymagania zr\u00f3wnowa\u017conego pakowania.<\/li>\n<\/ul>","protected":false},"featured_media":9157,"template":"","meta":[],"product_brand":[],"product_cat":[30,390,424,31],"product_tag":[1084,1086,1085],"class_list":{"0":"post-9156","1":"product","2":"type-product","3":"status-publish","4":"has-post-thumbnail","6":"product_cat-by-industry","7":"product_cat-custom-cosmetics-boxes","8":"product_cat-magnetic-closure-boxes","9":"product_cat-paper-box-style","10":"product_tag-custom-cuticle-oil-packaging","11":"product_tag-cuticle-oil-packaging-wholesale","12":"product_tag-cuticle-oil-pen-packaging-boxes","14":"first","15":"instock","16":"shipping-taxable","17":"product-type-simple"},"_links":{"self":[{"href":"https:\/\/zojopackaging.com\/pl\/wp-json\/wp\/v2\/product\/9156","targetHints":{"allow":["GET"]}}],"collection":[{"href":"https:\/\/zojopackaging.com\/pl\/wp-json\/wp\/v2\/product"}],"about":[{"href":"https:\/\/zojopackaging.com\/pl\/wp-json\/wp\/v2\/types\/product"}],"version-history":[{"count":1,"href":"https:\/\/zojopackaging.com\/pl\/wp-json\/wp\/v2\/product\/9156\/revisions"}],"predecessor-version":[{"id":9163,"href":"https:\/\/zojopackaging.com\/pl\/wp-json\/wp\/v2\/product\/9156\/revisions\/9163"}],"wp:featuredmedia":[{"embeddable":true,"href":"https:\/\/zojopackaging.com\/pl\/wp-json\/wp\/v2\/media\/9157"}],"wp:attachment":[{"href":"https:\/\/zojopackaging.com\/pl\/wp-json\/wp\/v2\/media?parent=9156"}],"wp:term":[{"taxonomy":"product_brand","embeddable":true,"href":"https:\/\/zojopackaging.com\/pl\/wp-json\/wp\/v2\/product_brand?post=9156"},{"taxonomy":"product_cat","embeddable":true,"href":"https:\/\/zojopackaging.com\/pl\/wp-json\/wp\/v2\/product_cat?post=9156"},{"taxonomy":"product_tag","embeddable":true,"href":"https:\/\/zojopackaging.com\/pl\/wp-json\/wp\/v2\/product_tag?post=9156"}],"curies":[{"name":"wp","href":"https:\/\/api.w.org\/{rel}","templated":true}]}}