{"id":9164,"date":"2025-04-01T14:52:06","date_gmt":"2025-04-01T06:52:06","guid":{"rendered":"https:\/\/zojopackaging.com\/?post_type=product&#038;p=9164"},"modified":"2025-04-01T16:12:18","modified_gmt":"2025-04-01T08:12:18","slug":"custom-printed-jewelry-rigid-gift-box-wholesale-with-window","status":"publish","type":"product","link":"https:\/\/zojopackaging.com\/pl\/product\/custom-printed-jewelry-rigid-gift-box-wholesale-with-window\/","title":{"rendered":"Niestandardowe drukowane sztywne pude\u0142ko na bi\u017cuteri\u0119 hurtowo z okienkiem"},"content":{"rendered":"<h2 id=\"-exclusive-custom-jewelry-hard-pull-out-gift-box-create-a-high-end-display-and-protection-experience-for-your-jewelry-\"><strong>Ekskluzywne, niestandardowe pude\u0142ko na bi\u017cuteri\u0119 ze sztywn\u0105 szuflad\u0105\u00a0<\/strong><\/h2>\n<h2 id=\"1-convenient-pull-out-design-clear-at-a-glance-\">1.\u00a0<strong>Wygodna konstrukcja szuflady, przejrzysta na pierwszy rzut oka<\/strong><\/h2>\n<p>Dzi\u0119ki g\u0142adkiej, wysuwanej konstrukcji, ca\u0142\u0105 bi\u017cuteri\u0119 w pude\u0142ku mo\u017cna \u0142atwo wy\u015bwietli\u0107 za pomoc\u0105 lekkiego poci\u0105gni\u0119cia, co jest wygodne do przechowywania i pozwala unikn\u0105\u0107 cz\u0119stego otwierania i zamykania. Korpus pude\u0142ka jest stabilny i trwa\u0142y, w po\u0142\u0105czeniu z potrzebami przechowywania bi\u017cuterii, aby chroni\u0107 cenn\u0105 bi\u017cuteri\u0119 przed uderzeniami i utlenianiem.<\/p>\n<h2 id=\"2-transparent-window-quick-product-positioning-\">2.\u00a0<strong>Przezroczyste okno, szybkie pozycjonowanie produktu<\/strong><\/h2>\n<p>Powierzchnia pude\u0142ka jest inkrustowana wysoce przezroczystym akrylowym \/ przyjaznym dla \u015brodowiska okienkiem z PVC, kt\u00f3re umo\u017cliwia wyra\u017any podgl\u0105d wewn\u0119trznej bi\u017cuterii bez otwierania pude\u0142ka, oszcz\u0119dzaj\u0105c czas klient\u00f3w na wyb\u00f3r, jednocze\u015bnie zwi\u0119kszaj\u0105c atrakcyjno\u015b\u0107 ekspozycji.<\/p>\n<h2 id=\"3-exquisite-ribbon-details-showing-luxurious-texture-\">3.\u00a0<strong>Wykwintne detale wst\u0105\u017cki, ukazuj\u0105ce luksusow\u0105 tekstur\u0119<\/strong><\/h2>\n<p>Korpus pude\u0142ka jest dopasowany do matowej \/ b\u0142yszcz\u0105cej satynowej wst\u0105\u017cki (kolor mo\u017cna dostosowa\u0107), kt\u00f3ra mo\u017ce by\u0107 u\u017cywana jako wysuwany element pomocniczy lub dekoracyjny, nadaj\u0105c pude\u0142ku prezentowemu elegancki charakter i poziom wizualny oraz wzmacniaj\u0105c poczucie ceremonii otwierania pude\u0142ka.<\/p>\n<h2 id=\"4-classic-black-box-body-highlighting-the-brand-style-\">4.\u00a0<strong>Klasyczna czarna obudowa, podkre\u015blaj\u0105ca styl marki<\/strong><\/h2>\n<p>Korpus pude\u0142ka wykonany jest z wysokiej jako\u015bci czarnego twardego kartonu \/ specjalnych materia\u0142\u00f3w, z opcjonaln\u0105 matow\u0105, b\u0142yszcz\u0105c\u0105 lub teksturowan\u0105 obr\u00f3bk\u0105 powierzchni (tak\u0105 jak t\u0142oczenie na gor\u0105co, wyt\u0142aczanie, proces UV), kt\u00f3ra podkre\u015bla wysokiej klasy pozycjonowanie bi\u017cuterii w stonowany spos\u00f3b.<\/p>\n<h2 id=\"5-three-dimensional-pillow-lining-professional-jewelry-display-\">5.\u00a0<strong>Tr\u00f3jwymiarowa poduszka, profesjonalna ekspozycja bi\u017cuterii<\/strong><\/h2>\n<p>Wbudowana g\u0105bka o wysokiej g\u0119sto\u015bci + podszewka z flaneli PVC \/ PU, niestandardowy rowek lub wypuk\u0142a konstrukcja zgodnie z konturem bi\u017cuterii, stabilne wsparcie i tr\u00f3jwymiarowa prezentacja produkt\u00f3w, unikanie wstrz\u0105s\u00f3w i zu\u017cycia oraz zwi\u0119kszenie pi\u0119kna ekspozycji.<\/p>\n<h2 id=\"-exclusive-customization-service-deep-matching-brand-needs-\"><strong>Ekskluzywna us\u0142uga personalizacji - g\u0142\u0119bokie dopasowanie do potrzeb marki<\/strong><\/h2>\n<ul>\n<li><strong>Elastyczne opcje dostosowywania<\/strong>Typ pude\u0142ka (wysuwane\/typ ksi\u0105\u017ckowy\/dolna i dolna pokrywa), rozmiar, materia\u0142 (przyjazny dla \u015brodowiska karton\/drewno\/metalowe obrze\u017ce), kolor (dok\u0142adne odtworzenie numeru koloru Pantone), proces drukowania (t\u0142oczenie na gor\u0105co LOGO\/sitko jedwabne\/t\u0142oczenie) mog\u0105 by\u0107 zaprojektowane na \u017c\u0105danie.<\/li>\n<li><strong>Spersonalizowany wz\u00f3r podszewki<\/strong>: W zale\u017cno\u015bci od kategorii bi\u017cuterii (naszyjniki, pier\u015bcionki, kolczyki itp.) i tonu marki, zapewniamy rozwi\u0105zania, takie jak siatki, rowki o specjalnym kszta\u0142cie, kolorowe podszewki marki, haftowane LOGO itp. w celu zwi\u0119kszenia rozpoznawalno\u015bci produktu.<\/li>\n<li><strong>Dostosowanie pozycjonowania rynkowego<\/strong>: Od lekkiego luksusowego minimalizmu po luksus retro, \u0142\u0105czymy baz\u0119 klient\u00f3w i histori\u0119 marki, aby stworzy\u0107 kompleksowe rozwi\u0105zanie opakowaniowe, od pude\u0142ka zewn\u0119trznego po podszewk\u0119, aby zwi\u0119kszy\u0107 wra\u017cenia z rozpakowywania i premi\u0119 marki.<\/li>\n<\/ul>\n<h3 id=\"-16-years-of-production-experience-quality-assurance-worry-free-service-\"><strong>16 lat do\u015bwiadczenia w produkcji - gwarancja jako\u015bci, bezproblemowa obs\u0142uga<\/strong><\/h3>\n<p>Jako pot\u0119\u017cna fabryka z 16-letni\u0105 g\u0142\u0119bok\u0105 kultywacj\u0105 w bran\u017cy opakowa\u0144 jubilerskich, zapewniamy: \u2705\u00a0<strong>Kompleksowa obs\u0142uga<\/strong>: Projektowanie, proofing, produkcja, kontrola jako\u015bci, pe\u0142na kontrola logistyczna, szybka dostawa w ci\u0105gu 15 dni. \u2705\u00a0<strong>\u015aci\u015ble wyselekcjonowane materia\u0142y<\/strong>: Przyjazne dla \u015brodowiska materia\u0142y certyfikowane przez SGS, zgodne z mi\u0119dzynarodowymi standardami transportu, trwa\u0142e i odporne na wilgo\u0107. \u2705\u00a0<strong>Zalety masowej personalizacji<\/strong>: Obs\u0142uga ma\u0142ych partii zam\u00f3wie\u0144 pr\u00f3bnych do produkcji wielkoseryjnej, zar\u00f3wno pod wzgl\u0119dem op\u0142acalno\u015bci, jak i jako\u015bci.<\/p>","protected":false},"excerpt":{"rendered":"<p>Kompleksowa obs\u0142uga: Projektowanie, proofing, produkcja, kontrola jako\u015bci, logistyka pe\u0142na kontrola, 15 dni szybka dostawa. \u015aci\u015ble wyselekcjonowane materia\u0142y: Przyjazne dla \u015brodowiska materia\u0142y certyfikowane przez SGS, zgodne z mi\u0119dzynarodowymi standardami transportu, trwa\u0142e i odporne na wilgo\u0107.<br \/>\nZalety masowej personalizacji: Obs\u0142uga ma\u0142ych zam\u00f3wie\u0144 pr\u00f3bnych do produkcji wielkoseryjnej, zar\u00f3wno pod wzgl\u0119dem op\u0142acalno\u015bci, jak i jako\u015bci.<\/p>","protected":false},"featured_media":9166,"template":"","meta":[],"product_brand":[],"product_cat":[30,415,31,426],"product_tag":[1093,1094,1092],"class_list":{"0":"post-9164","1":"product","2":"type-product","3":"status-publish","4":"has-post-thumbnail","6":"product_cat-by-industry","7":"product_cat-custom-jewelry-boxes-by-industry","8":"product_cat-paper-box-style","9":"product_cat-paper-drawer-boxes","10":"product_tag-custom-jewelry-gift-box","11":"product_tag-jewelry-gift-box-wholesale","12":"product_tag-jewelry-rigid-box","14":"first","15":"instock","16":"shipping-taxable","17":"product-type-simple"},"_links":{"self":[{"href":"https:\/\/zojopackaging.com\/pl\/wp-json\/wp\/v2\/product\/9164","targetHints":{"allow":["GET"]}}],"collection":[{"href":"https:\/\/zojopackaging.com\/pl\/wp-json\/wp\/v2\/product"}],"about":[{"href":"https:\/\/zojopackaging.com\/pl\/wp-json\/wp\/v2\/types\/product"}],"version-history":[{"count":1,"href":"https:\/\/zojopackaging.com\/pl\/wp-json\/wp\/v2\/product\/9164\/revisions"}],"predecessor-version":[{"id":9173,"href":"https:\/\/zojopackaging.com\/pl\/wp-json\/wp\/v2\/product\/9164\/revisions\/9173"}],"wp:featuredmedia":[{"embeddable":true,"href":"https:\/\/zojopackaging.com\/pl\/wp-json\/wp\/v2\/media\/9166"}],"wp:attachment":[{"href":"https:\/\/zojopackaging.com\/pl\/wp-json\/wp\/v2\/media?parent=9164"}],"wp:term":[{"taxonomy":"product_brand","embeddable":true,"href":"https:\/\/zojopackaging.com\/pl\/wp-json\/wp\/v2\/product_brand?post=9164"},{"taxonomy":"product_cat","embeddable":true,"href":"https:\/\/zojopackaging.com\/pl\/wp-json\/wp\/v2\/product_cat?post=9164"},{"taxonomy":"product_tag","embeddable":true,"href":"https:\/\/zojopackaging.com\/pl\/wp-json\/wp\/v2\/product_tag?post=9164"}],"curies":[{"name":"wp","href":"https:\/\/api.w.org\/{rel}","templated":true}]}}