{"id":9174,"date":"2025-04-01T15:31:41","date_gmt":"2025-04-01T07:31:41","guid":{"rendered":"https:\/\/zojopackaging.com\/?post_type=product&#038;p=9174"},"modified":"2025-04-01T16:13:25","modified_gmt":"2025-04-01T08:13:25","slug":"custom-sun-sunscreen-protection-cream-packaging-box-wholesale","status":"publish","type":"product","link":"https:\/\/zojopackaging.com\/pl\/product\/custom-sun-sunscreen-protection-cream-packaging-box-wholesale\/","title":{"rendered":"Niestandardowe opakowanie kremu z filtrem przeciws\u0142onecznym Hurtownia"},"content":{"rendered":"<h2 id=\"-professional-customized-sunscreen-magnetic-packaging-box-protecting-quality-and-highlighting-brand-value-\"><strong>Profesjonalne magnetyczne pude\u0142ko z filtrem przeciws\u0142onecznym - ochrona jako\u015bci i podkre\u015blenie warto\u015bci marki<\/strong><\/h2>\n<p>Jako fabryka opakowa\u0144 kosmetycznych z filtrem przeciws\u0142onecznym w Chinach, koncentrujemy si\u0119 na dostarczaniu klientom na ca\u0142ym \u015bwiecie\u00a0<strong>Wysoce op\u0142acalne i wysoce spersonalizowane<\/strong>\u00a0rozwi\u0105zania w zakresie opakowa\u0144 z filtrem przeciws\u0142onecznym. Poni\u017cej znajduj\u0105 si\u0119 podstawowe zalety i opisy produkt\u00f3w naszej hurtowni opakowa\u0144 z filtrem przeciws\u0142onecznym, kt\u00f3re pomog\u0105 Ci poprawi\u0107 wizerunek marki, zapewni\u0107 bezpiecze\u0144stwo transportu produkt\u00f3w i wykorzysta\u0107 mo\u017cliwo\u015bci rynkowe!<\/p>\n<h2 id=\"-product-highlights-humanized-design-all-round-protection-\"><strong>Najwa\u017cniejsze cechy produktu: humanizowany design + wszechstronna ochrona<\/strong><\/h2>\n<h3 id=\"1-magnetic-opening-and-closing-design-easy-operation-with-one-hand-\">1.\u00a0<strong>Magnetyczna konstrukcja otwierania i zamykania, \u0142atwa obs\u0142uga jedn\u0105 r\u0119k\u0105<\/strong><\/h3>\n<ul>\n<li>Innowacyjna magnetyczna konstrukcja pokrywy pude\u0142ka, kt\u00f3r\u0105 mo\u017cna szybko otworzy\u0107 i zamkn\u0105\u0107 jedn\u0105 r\u0119k\u0105, zwi\u0119kszaj\u0105c wygod\u0119 konsument\u00f3w;<\/li>\n<li>Automatycznie wyr\u00f3wnuje si\u0119 i adsorbuje po zamkni\u0119ciu, z mocnym uszczelnieniem, aby zapobiec rozlaniu lub zanieczyszczeniu filtra przeciws\u0142onecznego w wyniku przypadkowego otwarcia pokrywy;<\/li>\n<li>Precyzyjne sterowanie magnetyczne, trwa\u0142e, wielokrotne otwieranie i zamykanie nie wp\u0142ynie na efekt zamykania<\/li>\n<li><strong>Druk dwustronny wzmacnia mark\u0119 i dostarczanie informacji<\/strong><\/li>\n<li><strong>Strona A: Wizualny wp\u0142yw marki<\/strong>\u00a0U\u017cyj technologii druku w wysokiej rozdzielczo\u015bci, aby zaprezentowa\u0107 LOGO marki, g\u0142\u00f3wn\u0105 wizj\u0119 i podstawowe punkty sprzeda\u017cy oraz wzmocni\u0107 pami\u0119\u0107 klient\u00f3w o marce;<\/li>\n<li><strong>Strona B: Profesjonalny wy\u015bwietlacz parametryczny<\/strong>\u00a0Wyra\u017anie oznacz kluczowe informacje, takie jak warto\u015b\u0107 SPF filtra przeciws\u0142onecznego, klasa PA, sk\u0142adniki i metody u\u017cytkowania, aby zwi\u0119kszy\u0107 profesjonalizm produktu i zaufanie konsument\u00f3w.<\/li>\n<li><strong>Przyjazne dla \u015brodowiska drukowanie na niebieskiej powierzchni, przekazuj\u0105ce zr\u00f3wnowa\u017cone koncepcje<\/strong>\u00a0-Wykorzystanie przyjaznych dla \u015brodowiska atrament\u00f3w i materia\u0142\u00f3w nadaj\u0105cych si\u0119 do recyklingu, powierzchnia prezentuje wysokiej jako\u015bci matowy\/b\u0142yszcz\u0105cy niebieski efekt, kt\u00f3ry pasuje do tematu ochrony \u015brodowiska morskiego; - Obs\u0142uga niestandardowych numer\u00f3w kolor\u00f3w Pantone w celu zapewnienia wizualnej jedno\u015bci marki i podkre\u015blenia wizerunku spo\u0142ecznej odpowiedzialno\u015bci biznesu.<\/li>\n<li><strong>Podszewka antysejsmiczna EVA, ochrona transportowa 360<\/strong>\u00a0-Podszewka z materia\u0142u EVA o wysokiej g\u0119sto\u015bci, precyzyjny otw\u00f3r dopasowany do kszta\u0142tu produktu, skutecznie rozpraszaj\u0105cy zewn\u0119trzn\u0105 si\u0142\u0119 uderzenia; - Doskona\u0142a amortyzacja wstrz\u0105s\u00f3w i wydajno\u015b\u0107 buforowania, odporna na wstrz\u0105sy transportowe i ryzyko upadku, zapewniaj\u0105ca, \u017ce butelka z filtrem przeciws\u0142onecznym dotrze do terminala w stanie nienaruszonym.<\/li>\n<\/ul>\n<h2 id=\"-core-advantages-precise-customization-cost-reduction-and-efficiency-improvement-\"><strong>G\u0142\u00f3wne zalety: precyzyjne dostosowanie, redukcja koszt\u00f3w i poprawa wydajno\u015bci<\/strong><\/h2>\n<ol>\n<li><strong>Wysoce elastyczna, kompleksowa us\u0142uga dostosowywania<\/strong><\/li>\n<li><strong>Dostosowanie typu skrzynki<\/strong>: Dost\u0119pne s\u0105 r\u00f3\u017cne typy pude\u0142ek, takie jak z g\u00f3rn\u0105 i doln\u0105 pokryw\u0105, pude\u0142ka z szufladami i pude\u0142ka w kszta\u0142cie ksi\u0105\u017cki;<\/li>\n<li><strong>Precyzyjne dopasowanie rozmiaru<\/strong>: Dostosuj podszewk\u0119 i korpus pude\u0142ka do rozmiaru butelki z filtrem przeciws\u0142onecznym (tubki\/puszki\/sprayu), aby uzyska\u0107 mocowanie bez przemieszczania;<\/li>\n<li><strong>Ulepszenie materia\u0142\u00f3w<\/strong>: Bia\u0142y karton, papier falisty, specjalny papier artystyczny itp. s\u0105 dost\u0119pne, aby spe\u0142ni\u0107 r\u00f3\u017cne wymagania dotycz\u0105ce koszt\u00f3w i tekstury;<\/li>\n<li><strong>Wsparcie rzemie\u015blnicze<\/strong>: T\u0142oczenie na gor\u0105co, lokalny lakier UV, wyt\u0142aczanie, relief i inne procesy powierzchniowe w celu stworzenia zr\u00f3\u017cnicowanego opakowania.<\/li>\n<li><strong>Bezpo\u015brednia dostawa z fabryki \u017ar\u00f3d\u0142owej, 3-dniowa szybka reakcja<\/strong><\/li>\n<li><strong>Bezp\u0142atna us\u0142uga projektowania<\/strong>: Profesjonalny zesp\u00f3\u0142 zapewnia wsparcie w zakresie struktury opakowania i projektu graficznego oraz optymalizuje plan do momentu uzyskania satysfakcji;<\/li>\n<li><strong>Bezp\u0142atne potwierdzenie pr\u00f3bki<\/strong>: Pe\u0142ny proofing w ci\u0105gu 3 dni roboczych i masowa produkcja po fizycznej weryfikacji jako\u015bci;<\/li>\n<li><strong>Najlepsza oferta cenowa<\/strong>: Fabryczna sprzeda\u017c bezpo\u015brednia eliminuje r\u00f3\u017cnic\u0119 w cenie po\u015brednik\u00f3w i pozwala korzysta\u0107 ze stopniowych rabat\u00f3w przy zam\u00f3wieniach hurtowych, co pomaga obni\u017cy\u0107 koszty pakowania.<\/li>\n<\/ol>\n<h2 id=\"-service-commitment-quality-based-worry-free-cooperation-\"><strong>Zaanga\u017cowanie w us\u0142ugi: Oparta na jako\u015bci, bezproblemowa wsp\u00f3\u0142praca<\/strong><\/h2>\n<ul>\n<li><strong>Pe\u0142na kontrola jako\u015bci procesu<\/strong>: Od wyboru materia\u0142u do produkcji, przeszed\u0142 certyfikacj\u0119 systemu zarz\u0105dzania jako\u015bci\u0105 ISO9001;<\/li>\n<li><strong>Gwarancja bezproblemowego transportu<\/strong>: \u015acis\u0142a kontrola jako\u015bci przed opuszczeniem fabryki, wsparcie logistyczne, globalna dostawa bezpo\u015brednia;<\/li>\n<li><strong>Szybka reakcja posprzeda\u017cowa<\/strong>: Profesjonalny zesp\u00f3\u0142 obs\u0142ugi klienta jest dost\u0119pny online 7 \u00d7 24 godziny na dob\u0119, aby rozwi\u0105za\u0107 Twoje zmartwienia.<\/li>\n<\/ul>\n<p><strong>Podejmij dzia\u0142ania ju\u017c teraz i wykorzystaj okazj\u0119 rynkow\u0105!\u00a0<\/strong>Skontaktuj si\u0119 z nami, aby uzyska\u0107 bezp\u0142atne plany projektowe i pr\u00f3bki, 3-dniowy szybki proof, pozw\u00f3l swoim filtrom przeciws\u0142onecznym podbi\u0107 konsument\u00f3w bezpieczniejszym i bardziej przyci\u0105gaj\u0105cym wzrok opakowaniem!\u00a0<strong>Wyprodukowano w Chinach, globalna jako\u015b\u0107 - chronimy opakowania filtr\u00f3w przeciws\u0142onecznych przez ca\u0142y czas!<\/strong><\/p>","protected":false},"excerpt":{"rendered":"<p>100% Materia\u0142y nadaj\u0105ce si\u0119 do recyklingu: Spe\u0142nia globalne standardy zr\u00f3wnowa\u017conego rozwoju dla marek dbaj\u0105cych o \u015brodowisko.<br \/>\nBranding niestandardowy: Obs\u0142uguje kolory Pantone, wyt\u0142aczanie i integracj\u0119 kod\u00f3w QR.<\/p>","protected":false},"featured_media":9175,"template":"","meta":[],"product_brand":[],"product_cat":[30,390,424,31],"product_tag":[1096,1095,1097],"class_list":{"0":"post-9174","1":"product","2":"type-product","3":"status-publish","4":"has-post-thumbnail","6":"product_cat-by-industry","7":"product_cat-custom-cosmetics-boxes","8":"product_cat-magnetic-closure-boxes","9":"product_cat-paper-box-style","10":"product_tag-custom-sun-cream-packaging","11":"product_tag-custom-sunscreen-packaging","12":"product_tag-sun-protection-box","14":"first","15":"instock","16":"shipping-taxable","17":"product-type-simple"},"_links":{"self":[{"href":"https:\/\/zojopackaging.com\/pl\/wp-json\/wp\/v2\/product\/9174","targetHints":{"allow":["GET"]}}],"collection":[{"href":"https:\/\/zojopackaging.com\/pl\/wp-json\/wp\/v2\/product"}],"about":[{"href":"https:\/\/zojopackaging.com\/pl\/wp-json\/wp\/v2\/types\/product"}],"version-history":[{"count":1,"href":"https:\/\/zojopackaging.com\/pl\/wp-json\/wp\/v2\/product\/9174\/revisions"}],"predecessor-version":[{"id":9181,"href":"https:\/\/zojopackaging.com\/pl\/wp-json\/wp\/v2\/product\/9174\/revisions\/9181"}],"wp:featuredmedia":[{"embeddable":true,"href":"https:\/\/zojopackaging.com\/pl\/wp-json\/wp\/v2\/media\/9175"}],"wp:attachment":[{"href":"https:\/\/zojopackaging.com\/pl\/wp-json\/wp\/v2\/media?parent=9174"}],"wp:term":[{"taxonomy":"product_brand","embeddable":true,"href":"https:\/\/zojopackaging.com\/pl\/wp-json\/wp\/v2\/product_brand?post=9174"},{"taxonomy":"product_cat","embeddable":true,"href":"https:\/\/zojopackaging.com\/pl\/wp-json\/wp\/v2\/product_cat?post=9174"},{"taxonomy":"product_tag","embeddable":true,"href":"https:\/\/zojopackaging.com\/pl\/wp-json\/wp\/v2\/product_tag?post=9174"}],"curies":[{"name":"wp","href":"https:\/\/api.w.org\/{rel}","templated":true}]}}