{"id":9182,"date":"2025-04-01T15:52:07","date_gmt":"2025-04-01T07:52:07","guid":{"rendered":"https:\/\/zojopackaging.com\/?post_type=product&#038;p=9182"},"modified":"2025-04-01T16:10:43","modified_gmt":"2025-04-01T08:10:43","slug":"quality-custom-children-newborn-baby-clothing-packaging-box","status":"publish","type":"product","link":"https:\/\/zojopackaging.com\/pl\/product\/quality-custom-children-newborn-baby-clothing-packaging-box\/","title":{"rendered":"Jako\u015b\u0107 Niestandardowe pude\u0142ko do pakowania odzie\u017cy dzieci\u0119cej dla noworodk\u00f3w"},"content":{"rendered":"<h2 id=\"-1-magnetic-opening-and-closing-system-convenience-and-quality-\"><strong>1. Magnetyczny system otwierania i zamykania - wygoda i jako\u015b\u0107<\/strong><\/h2>\n<p>- Zastosowano precyzyjne urz\u0105dzenie magnetyczne, a pokrywa jest automatycznie wyr\u00f3wnywana i adsorbowana. Mo\u017cna j\u0105 \u0142atwo otworzy\u0107 i zamkn\u0105\u0107 jedn\u0105 r\u0119k\u0105, unikaj\u0105c k\u0142opotliwej obs\u0142ugi tradycyjnego opakowania. Jest to szczeg\u00f3lnie przydatne dla rodzic\u00f3w noworodk\u00f3w, aby szybko zabra\u0107 ubrania. - Si\u0142a ssania magnetycznego mo\u017ce by\u0107 regulowana, aby zapewni\u0107 p\u0142ynne dzia\u0142anie po wielokrotnym u\u017cyciu, podkre\u015blaj\u0105c najwy\u017csz\u0105 dba\u0142o\u015b\u0107 marki o szczeg\u00f3\u0142y.<\/p>\n<h2 id=\"-2-healing-macaron-color-system-conveying-a-gentle-first-impression-\"><strong>2. Leczniczy system kolor\u00f3w macaron - delikatne pierwsze wra\u017cenie<\/strong><\/h2>\n<p>- Wybrane kolory macaron o niskim nasyceniu (r\u00f3\u017cowy niebieski, g\u0119si \u017c\u00f3\u0142ty, mi\u0119towy zielony itp.), Dzi\u0119ki psychologii kolor\u00f3w zmniejszaj\u0105 ucisk wizualny, tworz\u0105 czyst\u0105 i ciep\u0142\u0105 atmosfer\u0119 marki. - Obs\u0142uga dostosowywania numer\u00f3w kolor\u00f3w Pantone, dok\u0142adne dopasowanie do systemu VI marki i zwi\u0119kszenie jedno\u015bci wizualnej.<\/p>\n<h2 id=\"-3-aesthetic-upgrade-exquisite-balance-of-ribbon-and-window-\"><strong>3. Estetyczne ulepszenie - doskona\u0142a r\u00f3wnowaga mi\u0119dzy wst\u0105\u017ck\u0105 a oknem<\/strong><\/h2>\n<p>- Korpus pude\u0142ka jest dopasowany do matowej teksturowanej wst\u0105\u017cki, kt\u00f3r\u0105 mo\u017cna dostosowa\u0107 za pomoc\u0105 ekskluzywnych kolor\u00f3w i tekstur. Pozycja t\u0142oczenia logo na gor\u0105co jest zarezerwowana na klamrze, aby zwi\u0119kszy\u0107 poczucie ceremonii rozpakowywania i rozpoznawalno\u015bci marki. - Przezroczyste okienko PET klasy spo\u017cywczej, wy\u015bwietlaj\u0105ce szczeg\u00f3\u0142y odzie\u017cy w 360\u00b0, jednocze\u015bnie izoluj\u0105c kurz i kontakt z d\u0142o\u0144mi, zapewniaj\u0105c bezpiecze\u0144stwo i higien\u0119 odzie\u017cy dla noworodk\u00f3w.<\/p>\n<h2 id=\"-4-deep-customized-service-comprehensive-empowerment-from-function-to-emotion-\"><strong>4. G\u0142\u0119boko zindywidualizowana obs\u0142uga - kompleksowe wzmocnienie od funkcji do emocji<\/strong><\/h2>\n<ul>\n<li><strong>Typ i struktura skrzynki<\/strong>: Zapewnia ponad 10 typ\u00f3w pude\u0142ek, takich jak g\u00f3rna i dolna pokrywa, pude\u0142ko w kszta\u0142cie ksi\u0105\u017cki, pude\u0142ko z szufladami itp., obs\u0142uguje ci\u0119cie w specjalnym kszta\u0142cie i wielowarstwow\u0105 konstrukcj\u0119 pude\u0142ka wewn\u0119trznego, aby zaspokoi\u0107 potrzeby zestaw\u00f3w pude\u0142ek upominkowych.<\/li>\n<li><strong>Wykonanie wewn\u0119trznej podszewki<\/strong>: U\u017cyj wewn\u0119trznej g\u0105bki EVA lub flaneli, dok\u0142adnie otw\u00f3rz form\u0119 zgodnie z rozmiarem odzie\u017cy, przymocuj odzie\u017c i zapobiegaj jej przesuwaniu, a na powierzchni podszewki mo\u017cna wyhaftowa\u0107 logo marki.<\/li>\n<li><strong>Druk i rzemios\u0142o<\/strong>: Obs\u0142uga t\u0142oczenia UV, t\u0142oczenia na gor\u0105co, wyt\u0142aczania i innych metod obr\u00f3bki powierzchni, powierzchnia pude\u0142ka mo\u017ce by\u0107 zadrukowana ilustracjami marki lub b\u0142ogos\u0142awie\u0144stwami dostosowanymi do potrzeb klienta, aby stworzy\u0107 unikalne pami\u0105tkowe pude\u0142ko upominkowe.<\/li>\n<\/ul>\n<h2 id=\"-5-emotional-value-added-design-let-the-packaging-become-a-carrier-of-thoughts-\"><strong>5. Emocjonalna warto\u015b\u0107 dodana - niech opakowanie stanie si\u0119 no\u015bnikiem my\u015bli<\/strong><\/h2>\n<p>- W zestawie znajduje si\u0119 od\u0142\u0105czane gniazdo na kartk\u0119 z \u017cyczeniami, pasuj\u0105ce wyt\u0142aczane kartki z \u017cyczeniami z papieru artystycznego, obs\u0142uguje aplety marki z kodem QR lub spersonalizowane b\u0142ogos\u0142awie\u0144stwa g\u0142osowe, a tak\u017ce zwi\u0119ksza interakcj\u0119 u\u017cytkownika i komunikacj\u0119 spo\u0142eczn\u0105. - Wewn\u0119trzna warstwa pude\u0142ka prezentowego mo\u017ce by\u0107 zaprojektowana z ukrytymi cytatami b\u0142ogos\u0142awie\u0144stw lub wskaz\u00f3wkami dotycz\u0105cymi opieki nad noworodkiem, aby przekaza\u0107 ciep\u0142o i profesjonalizm marki.<\/p>\n<h2 id=\"-supply-chain-advantages-\"><strong>Zalety \u0142a\u0144cucha dostaw<\/strong><\/h2>\n<p>\u2705\u00a0<strong>Shenzhen Smart Manufacturing - globalny standard<\/strong>: Samodzielnie zbudowana inteligentna fabryka 20 000\u33a1, przesz\u0142a certyfikacj\u0119 \u015brodowiskow\u0105 ISO9001 i FSC, materia\u0142ami mog\u0105 by\u0107 bia\u0142y karton, papier falisty, degradowalny PLA, bior\u0105c pod uwag\u0119 zar\u00f3wno tekstur\u0119, jak i ochron\u0119 \u015brodowiska. \u2705\u00a0<strong>Wysoka wydajno\u015b\u0107 kosztowa - szybka reakcja<\/strong>: Opieraj\u0105c si\u0119 na klastrze \u0142a\u0144cucha dostaw Greater Bay Area, cena jest 15% ni\u017csza ni\u017c w bran\u017cy, obs\u0142uguj\u0105c 48-godzinny proofing, 7-dniow\u0105 dostaw\u0119 ekspresow\u0105 i 24-godzinn\u0105 ekskluzywn\u0105 obs\u0142ug\u0119 klienta w celu rozwi\u0105zania problem\u00f3w zwi\u0105zanych z dostosowywaniem. \u2705\u00a0<strong>Bezproblemowa obs\u0142uga<\/strong>: Zapewnienie kompleksowego rozwi\u0105zania w zakresie projektowania, produkcji masowej, logistyki, bezp\u0142atnego magazynowania i dystrybucji, aby pom\u00f3c w prowadzeniu dzia\u0142alno\u015bci przy zerowych zapasach.<\/p>\n<h2 id=\"-application-scenarios-\"><strong>Scenariusze zastosowa\u0144<\/strong><\/h2>\n<p>Wysokiej klasy pude\u0142ko upominkowe dla noworodk\u00f3w \u2728 Prezent na pe\u0142ni\u0119 ksi\u0119\u017cyca, studniowy bankiet i inne upominki okoliczno\u015bciowe \u2728 Wsp\u00f3lne modele dostosowane do potrzeb matki i dziecka<\/p>","protected":false},"excerpt":{"rendered":"<p>Tworzymy wysokiej klasy niestandardowe opakowania prezentowe dla marek odzie\u017cy dla noworodk\u00f3w, \u0142\u0105cz\u0105c praktyczne funkcje i walory estetyczne z pomys\u0142owym wzornictwem, aby poprawi\u0107 wizerunek marki i wra\u017cenia u\u017cytkownika we wszystkich aspektach. Od przyjaznych dla \u015brodowiska materia\u0142\u00f3w po emocjonalne detale, ka\u017cdy projekt przekazuje delikatn\u0105 trosk\u0119 o \u017cycie noworodk\u00f3w, tworz\u0105c niezapomnian\u0105 \"ceremoni\u0119 rozpakowywania\" dla klient\u00f3w.<\/p>","protected":false},"featured_media":9184,"template":"","meta":[],"product_brand":[],"product_cat":[30,414,424,31],"product_tag":[1091,477,1090],"class_list":{"0":"post-9182","1":"product","2":"type-product","3":"status-publish","4":"has-post-thumbnail","6":"product_cat-by-industry","7":"product_cat-custom-apparel-boxes","8":"product_cat-magnetic-closure-boxes","9":"product_cat-paper-box-style","10":"product_tag-baby-clothing-packaging-box","11":"product_tag-custom-clothing-packaging","12":"product_tag-newborn-clothing-packaging-box","14":"first","15":"instock","16":"shipping-taxable","17":"product-type-simple"},"_links":{"self":[{"href":"https:\/\/zojopackaging.com\/pl\/wp-json\/wp\/v2\/product\/9182","targetHints":{"allow":["GET"]}}],"collection":[{"href":"https:\/\/zojopackaging.com\/pl\/wp-json\/wp\/v2\/product"}],"about":[{"href":"https:\/\/zojopackaging.com\/pl\/wp-json\/wp\/v2\/types\/product"}],"version-history":[{"count":1,"href":"https:\/\/zojopackaging.com\/pl\/wp-json\/wp\/v2\/product\/9182\/revisions"}],"predecessor-version":[{"id":9189,"href":"https:\/\/zojopackaging.com\/pl\/wp-json\/wp\/v2\/product\/9182\/revisions\/9189"}],"wp:featuredmedia":[{"embeddable":true,"href":"https:\/\/zojopackaging.com\/pl\/wp-json\/wp\/v2\/media\/9184"}],"wp:attachment":[{"href":"https:\/\/zojopackaging.com\/pl\/wp-json\/wp\/v2\/media?parent=9182"}],"wp:term":[{"taxonomy":"product_brand","embeddable":true,"href":"https:\/\/zojopackaging.com\/pl\/wp-json\/wp\/v2\/product_brand?post=9182"},{"taxonomy":"product_cat","embeddable":true,"href":"https:\/\/zojopackaging.com\/pl\/wp-json\/wp\/v2\/product_cat?post=9182"},{"taxonomy":"product_tag","embeddable":true,"href":"https:\/\/zojopackaging.com\/pl\/wp-json\/wp\/v2\/product_tag?post=9182"}],"curies":[{"name":"wp","href":"https:\/\/api.w.org\/{rel}","templated":true}]}}