{"id":9190,"date":"2025-04-01T16:13:49","date_gmt":"2025-04-01T08:13:49","guid":{"rendered":"https:\/\/zojopackaging.com\/?post_type=product&#038;p=9190"},"modified":"2025-04-01T16:44:15","modified_gmt":"2025-04-01T08:44:15","slug":"wholesale-order-makeup-brush-cosmetic-set-packaging-boxes","status":"publish","type":"product","link":"https:\/\/zojopackaging.com\/pl\/product\/wholesale-order-makeup-brush-cosmetic-set-packaging-boxes\/","title":{"rendered":"Hurtowe zam\u00f3wienie p\u0119dzla do makija\u017cu Zestaw kosmetyczny Pude\u0142ka do pakowania"},"content":{"rendered":"<h2 id=\"-product-highlights-ingenious-design-quality-first-\"><strong>Najwa\u017cniejsze cechy produktu: pomys\u0142owa konstrukcja, jako\u015b\u0107 na pierwszym miejscu<\/strong><\/h2>\n<h3 id=\"1-magnetic-box-design-high-end-opening-and-closing-experience-\">1.\u00a0<strong>Magnetyczne zamkni\u0119cie pude\u0142ka, wysokiej jako\u015bci otwieranie i zamykanie<\/strong><\/h3>\n<p>Konstrukcja z wbudowanym magnesem i ukryte zamkni\u0119cie magnetyczne zapobiegaj\u0105 zu\u017cyciu magnesu, a zamkni\u0119cie jest stabilne i g\u0142adkie, pokazuj\u0105c eleganckie poczucie rytua\u0142u mi\u0119dzy otwieraniem i zamykaniem. Matowa tekstura w po\u0142\u0105czeniu z g\u0142adkimi liniami nadaje opakowaniu stonowany i luksusowy temperament z najwy\u017cszej p\u00f3\u0142ki.<\/p>\n<h3 id=\"2-deep-black-box-body-interpreting-the-brand-style-\">2.\u00a0<strong>G\u0142\u0119boko czarna obudowa, interpretuj\u0105ca styl marki<\/strong><\/h3>\n<p>Korpus pude\u0142ka wykorzystuje klasyczne odcienie czystej czerni, z delikatn\u0105 pow\u0142ok\u0105 dotykow\u0105, wizualnie spokojn\u0105 i tajemnicz\u0105 oraz wysokiej klasy i delikatn\u0105 w dotyku. Czer\u0144, jako symboliczny kolor luksusowego opakowania, mo\u017ce wzmocni\u0107 wysokiej klasy pozycjonowanie marki, przekaza\u0107 kunszt i jako\u015b\u0107 oraz stworzy\u0107 dla konsument\u00f3w wra\u017cenie \"zaskoczenia po otwarciu pude\u0142ka\".<\/p>\n<h3 id=\"3-environmentally-friendly-materials-both-sturdy-and-sustainable-\">3.\u00a0<strong>Materia\u0142y przyjazne dla \u015brodowiska, wytrzyma\u0142e i trwa\u0142e<\/strong><\/h3>\n<p>G\u0142\u00f3wnym materia\u0142em jest\u00a0<strong>Powlekany papier artystyczny C2S 157 g + twardy karton 1200 g<\/strong>kt\u00f3ry charakteryzuje si\u0119 zar\u00f3wno wysok\u0105 sztywno\u015bci\u0105, jak i w\u0142a\u015bciwo\u015bciami chroni\u0105cymi \u015brodowisko. Papier posiada certyfikat FSC, nadaje si\u0119 do recyklingu i degradacji, zgodnie z mi\u0119dzynarodowymi standardami ochrony \u015brodowiska, pomagaj\u0105c markom w wype\u0142nianiu ich obowi\u0105zk\u00f3w spo\u0142ecznych, zapewniaj\u0105c jednocze\u015bnie, \u017ce opakowanie ma du\u017c\u0105 no\u015bno\u015b\u0107, jest odporne na nacisk i nie odkszta\u0142ca si\u0119.<\/p>\n<h3 id=\"4-eva-lining-protection-comprehensive-product-protection-\">4.\u00a0<strong>Ochrona podszewki EVA, kompleksowa ochrona produktu<\/strong><\/h3>\n<p>Indywidualna wy\u015bci\u00f3\u0142ka EVA, mi\u0119kka i bardzo elastyczna, \u015bci\u015ble dopasowuje si\u0119 do kszta\u0142tu p\u0119dzli do makija\u017cu i kosmetyk\u00f3w, skutecznie buforuje wibracje i wyciskanie podczas transportu oraz zapobiega przemieszczaniu si\u0119, deformacji lub zu\u017cyciu produktu. Podszewka mo\u017ce by\u0107 elastycznie zaprojektowana jako struktura warstwowa, odpowiednia do kombinacji p\u0119dzli o r\u00f3\u017cnych specyfikacjach i zwi\u0119kszaj\u0105ca poczucie porz\u0105dku w ekspozycji produktu.<\/p>\n<h2 id=\"-core-advantage-deep-customization-empowering-brand-value-\"><strong>Podstawowa zaleta: g\u0142\u0119boka personalizacja, wzmacnianie warto\u015bci marki<\/strong><\/h2>\n<h3 id=\"5-all-round-customization-service-to-meet-personalized-needs-\">5.\u00a0<strong>Wszechstronna us\u0142uga dostosowywania do indywidualnych potrzeb<\/strong><\/h3>\n<ul>\n<li><strong>Typ pude\u0142ka<\/strong>Obs\u0142uga dostosowywania r\u00f3\u017cnych typ\u00f3w pude\u0142ek, takich jak flipbox, pude\u0142ko na ksi\u0105\u017cki, pude\u0142ko z szufladami itp;<\/li>\n<li><strong>Rozmiar<\/strong>Dok\u0142adnie zaprojektowane zgodnie z ilo\u015bci\u0105 i specyfikacj\u0105 produktu, aby zoptymalizowa\u0107 wykorzystanie przestrzeni;<\/li>\n<li><strong>Rzemios\u0142o<\/strong>Zapewniamy obr\u00f3bk\u0119 powierzchni, tak\u0105 jak t\u0142oczenie na gor\u0105co, wyt\u0142aczanie, UV, sitodruk itp. z opcjonalnymi efektami matowymi\/b\u0142yszcz\u0105cymi;<\/li>\n<li><strong>Kolor i materia\u0142<\/strong>Opr\u00f3cz standardowej czerni, obs\u0142uguje personalizacj\u0119 kolor\u00f3w Pantone, kt\u00f3r\u0105 mo\u017cna rozszerzy\u0107 o specjalny papier, taki jak tekstura sk\u00f3ry i tekstura metalu.<\/li>\n<\/ul>\n<h3 id=\"6-precise-adaptation-of-lining-to-strengthen-brand-memory-\">6.\u00a0<strong>Precyzyjne dostosowanie ok\u0142adziny w celu wzmocnienia pami\u0119ci marki<\/strong><\/h3>\n<p>W zale\u017cno\u015bci od d\u0142ugo\u015bci, \u015brednicy i uk\u0142adu zestawu p\u0119dzli do makija\u017cu, uk\u0142ad rowk\u00f3w podszewki jest dostosowany, a logo marki lub slogan mog\u0105 by\u0107 osadzone. Dzi\u0119ki ujednoliconemu j\u0119zykowi wizualnemu i szczeg\u00f3\u0142owemu projektowi, konsumenci lepiej rozpoznaj\u0105 profesjonalizm marki i zwi\u0119kszaj\u0105 lojalno\u015b\u0107 wobec zakupu.<\/p>","protected":false},"excerpt":{"rendered":"<ul>\n<li><strong>Bezp\u0142atny proofing<\/strong>: Dostarczenie pr\u00f3bki w ci\u0105gu 3-5 dni roboczych, intuicyjne do\u015bwiadczenie jako\u015bci;<\/li>\n<li><strong>Darmowy projekt<\/strong>: Profesjonalny zesp\u00f3\u0142 obs\u0142uguje diagram struktury 3D i dostosowywanie grafiki;<\/li>\n<li><strong>Wysoka wydajno\u015b\u0107 kosztowa<\/strong>: Produkcja na du\u017c\u0105 skal\u0119 + \u0142a\u0144cuch dostaw, cena jest 15% ni\u017csza ni\u017c w bran\u017cy;<\/li>\n<li><strong>24-godzinna reakcja<\/strong>: Indywidualna obs\u0142uga klienta w trakcie ca\u0142ego procesu, monitorowanie od projektu do dostawy, obs\u0142uga przyspieszonych zam\u00f3wie\u0144.<\/li>\n<\/ul>","protected":false},"featured_media":9191,"template":"","meta":[],"product_brand":[],"product_cat":[30,390,424,31],"product_tag":[1099,1098,1100],"class_list":{"0":"post-9190","1":"product","2":"type-product","3":"status-publish","4":"has-post-thumbnail","6":"product_cat-by-industry","7":"product_cat-custom-cosmetics-boxes","8":"product_cat-magnetic-closure-boxes","9":"product_cat-paper-box-style","10":"product_tag-cosmetic-brush-set-packaging","11":"product_tag-makeup-brush-packaging","12":"product_tag-wholesale-makeup-brush-boxes","14":"first","15":"instock","16":"shipping-taxable","17":"product-type-simple"},"_links":{"self":[{"href":"https:\/\/zojopackaging.com\/pl\/wp-json\/wp\/v2\/product\/9190","targetHints":{"allow":["GET"]}}],"collection":[{"href":"https:\/\/zojopackaging.com\/pl\/wp-json\/wp\/v2\/product"}],"about":[{"href":"https:\/\/zojopackaging.com\/pl\/wp-json\/wp\/v2\/types\/product"}],"version-history":[{"count":2,"href":"https:\/\/zojopackaging.com\/pl\/wp-json\/wp\/v2\/product\/9190\/revisions"}],"predecessor-version":[{"id":9197,"href":"https:\/\/zojopackaging.com\/pl\/wp-json\/wp\/v2\/product\/9190\/revisions\/9197"}],"wp:featuredmedia":[{"embeddable":true,"href":"https:\/\/zojopackaging.com\/pl\/wp-json\/wp\/v2\/media\/9191"}],"wp:attachment":[{"href":"https:\/\/zojopackaging.com\/pl\/wp-json\/wp\/v2\/media?parent=9190"}],"wp:term":[{"taxonomy":"product_brand","embeddable":true,"href":"https:\/\/zojopackaging.com\/pl\/wp-json\/wp\/v2\/product_brand?post=9190"},{"taxonomy":"product_cat","embeddable":true,"href":"https:\/\/zojopackaging.com\/pl\/wp-json\/wp\/v2\/product_cat?post=9190"},{"taxonomy":"product_tag","embeddable":true,"href":"https:\/\/zojopackaging.com\/pl\/wp-json\/wp\/v2\/product_tag?post=9190"}],"curies":[{"name":"wp","href":"https:\/\/api.w.org\/{rel}","templated":true}]}}