{"id":9198,"date":"2025-04-01T16:44:23","date_gmt":"2025-04-01T08:44:23","guid":{"rendered":"https:\/\/zojopackaging.com\/?post_type=product&#038;p=9198"},"modified":"2025-04-01T17:04:27","modified_gmt":"2025-04-01T09:04:27","slug":"custom-stereo-earphone-bluetooth-earbuds-gift-box-packaging","status":"publish","type":"product","link":"https:\/\/zojopackaging.com\/pl\/product\/custom-stereo-earphone-bluetooth-earbuds-gift-box-packaging\/","title":{"rendered":"Niestandardowe stereofoniczne s\u0142uchawki douszne Bluetooth Opakowanie prezentowe"},"content":{"rendered":"<h2 id=\"-i-design-concept-luxury-experience-all-in-the-moment-of-unboxing-\"><strong>1. Koncepcja projektowa: Luksusowe do\u015bwiadczenie, wszystko w momencie rozpakowywania<\/strong><\/h2>\n<p>Ten produkt jest przeznaczony do wysokiej klasy stereofonicznych zestaw\u00f3w s\u0142uchawkowych Bluetooth, a jego rdzeniem jest \"rozpakowywanie jest poczuciem rytua\u0142u\". G\u00f3rna i dolna pokrywa s\u0105 oddzielone przez\u00a0<strong>konstrukcja g\u00f3rnej i dolnej pokrywy w kszta\u0142cie pude\u0142ka<\/strong>i mo\u017cna je elegancko otworzy\u0107 jednym ruchem r\u0119ki. Linie pude\u0142ka s\u0105 proste i schludne, a zmys\u0142 t\u0142umienia otwierania i zamykania zosta\u0142 precyzyjnie dostosowany, aby zapewni\u0107, \u017ce ka\u017cde rozpakowanie jest pe\u0142ne oczekiwa\u0144, tworz\u0105c wci\u0105gaj\u0105ce do\u015bwiadczenie od wizji do dotyku dla klient\u00f3w.<\/p>\n<h2 id=\"-ii-materials-and-craftsmanship-the-ultimate-balance-between-environmental-protection-and-quality-\"><strong>2. Materia\u0142y i rzemios\u0142o: Najwy\u017csza r\u00f3wnowaga mi\u0119dzy ochron\u0105 \u015brodowiska a jako\u015bci\u0105<\/strong><\/h2>\n<ol>\n<li><strong>Pod\u0142o\u017ce przyjazne dla \u015brodowiska<\/strong><\/li>\n<li><strong>Pude\u0142ko zewn\u0119trzne<\/strong>: Zastosowano tektur\u0119 o wysokiej wytrzyma\u0142o\u015bci 1200 g, kt\u00f3ra jest odporna na nacisk i kolizje, aby zapewni\u0107 bezpiecze\u0144stwo transportu.<\/li>\n<li><strong>Jednostki powierzchniowe<\/strong>: 157g powlekany papier C2S o wysokim po\u0142ysku, delikatny w dotyku, z\u00a0<strong>t\u0142oczenie na gor\u0105co czerwone z\u0142oto rzemios\u0142o<\/strong>\u00a0(opcjonalnie wersja cz\u0119\u015bciowa\/pe\u0142na), poprzez silny kontrast mi\u0119dzy metalicznym po\u0142yskiem a ca\u0142kowicie czarn\u0105 obudow\u0105, aby stworzy\u0107 wizualne skupienie i przekaza\u0107 wysokiej klasy pozycjonowanie marki.<\/li>\n<li><strong>Ca\u0142kowicie czarna obudowa<\/strong>: Matowa czarna podstawa z mikro-per\u0142ow\u0105 pow\u0142ok\u0105, stonowana i nowoczesna technologia, w po\u0142\u0105czeniu z technologi\u0105 t\u0142oczenia na gor\u0105co, doskonale interpretuje filozofi\u0119 projektowania \"luksusu bez rozg\u0142osu\".<\/li>\n<li><strong>Przyjazna dla \u015brodowiska podszewka<\/strong><\/li>\n<li>Wyklejka z tektury degradowalnej, precyzyjnie dopasowana do rozmiaru s\u0142uchawek, zapewniaj\u0105ca stabilne podparcie;<\/li>\n<li>Wsparcie\u00a0<strong>niestandardowe dr\u0105\u017cenie marki<\/strong>\u00a0(takie jak t\u0142oczenie logo, sloganu), zwi\u0119kszaj\u0105 ekskluzywno\u015b\u0107 produktu;<\/li>\n<li>Powierzchnia ok\u0142adziny jest pokryta przyjazn\u0105 dla \u015brodowiska pow\u0142ok\u0105 na bazie wody, kt\u00f3ra jest odporna na zu\u017cycie i \u0142atwa do czyszczenia.<\/li>\n<\/ol>\n<h2 id=\"-three-highly-customized-services-empowering-brands-\"><strong>3. Wysoce spersonalizowane us\u0142ugi: wzmocnienie pozycji marek<\/strong><\/h2>\n<ol>\n<li><strong>Typ i rozmiar pude\u0142ka<\/strong><\/li>\n<li>Obs\u0142uguje r\u00f3\u017cne struktury, takie jak g\u00f3rne i dolne pokrywy, pude\u0142ka w kszta\u0142cie ksi\u0105\u017cki, pude\u0142ka z szufladami itp., kt\u00f3re mog\u0105 pasowa\u0107 do s\u0142uchawek TWS, s\u0142uchawek i innych produkt\u00f3w;<\/li>\n<li>Elastyczna regulacja rozmiaru, dok\u0142adno\u015b\u0107 b\u0142\u0119du \u22640,5 mm, idealne dopasowanie do produktu.<\/li>\n<li><strong>Personalizacja wizualna i dotykowa<\/strong><\/li>\n<li><strong>Kolor<\/strong>: Opr\u00f3cz klasycznej czerni oferujemy niestandardowe rozwi\u0105zania, takie jak kolory specjalne Pantone, gradient UV i pow\u0142oka per\u0142owa;<\/li>\n<li><strong>Efekt powierzchniowy<\/strong>: Dowolna kombinacja t\u0142oczenia na gor\u0105co\/srebra\/lasera, wyt\u0142aczania, sitodruku, lokalnego lakierowania i innych proces\u00f3w;<\/li>\n<li><strong>Funkcja podszewki wewn\u0119trznej<\/strong>: Mo\u017cliwo\u015b\u0107 rozbudowy o g\u0105bk\u0119 EVA, flokowan\u0105 tac\u0119 wewn\u0119trzn\u0105 i kompatybilno\u015b\u0107 z akcesoriami, takimi jak komora \u0142adowania bezprzewodowego.<\/li>\n<li><strong>Dog\u0142\u0119bna implantacja marki<\/strong><\/li>\n<li>Wewn\u0119trzna strona pokrywy pude\u0142ka mo\u017ce by\u0107 zadrukowana historiami marki lub instrukcjami obs\u0142ugi, a na spodzie zewn\u0119trznego pude\u0142ka dodawany jest kod identyfikowalno\u015bci zapobiegaj\u0105cy podrabianiu;<\/li>\n<li>Obs\u0142uguje projekt \"jedno pude\u0142ko do wielu zastosowa\u0144\", taki jak gniazda na wymienne zatyczki do uszu i warstwy do przechowywania akcesori\u00f3w, aby zwi\u0119kszy\u0107 przyczepno\u015b\u0107 u\u017cytkownika.<\/li>\n<\/ol>\n<h2 id=\"-fourth-supply-chain-advantages-one-stop-service-in-shenzhen-factory-\"><strong>4. Zalety \u0142a\u0144cucha dostaw: kompleksowa obs\u0142uga w fabryce w Shenzhen<\/strong><\/h2>\n<ul>\n<li><strong>Bezp\u0142atny proofing<\/strong>: Dostarczenie pr\u00f3bki w ci\u0105gu 3-5 dni roboczych, to, co widzisz, jest tym, co otrzymujesz;<\/li>\n<li><strong>Przewaga cenowa<\/strong>: Produkcja na du\u017c\u0105 skal\u0119 zmniejsza koszty, a minimalna ilo\u015b\u0107 zam\u00f3wienia na pude\u0142ko wynosi zaledwie 500 sztuk;<\/li>\n<li><strong>Zapewnienie jako\u015bci<\/strong>: Przeszed\u0142 certyfikacj\u0119 ISO 9001, obs\u0142uguje raport z test\u00f3w ochrony \u015brodowiska SGS;<\/li>\n<li><strong>Szybka reakcja<\/strong>24-godzinna ekskluzywna obs\u0142uga klienta, projektowanie, produkcja i logistyka pe\u0142nego \u015bledzenia procesu.<\/li>\n<\/ul>","protected":false},"excerpt":{"rendered":"<p>\u2705\u00a0<strong>Rytua\u0142 otwierania pude\u0142ka jedn\u0105 r\u0119k\u0105<\/strong> \u2192 Poprawa do\u015bwiadczenia u\u017cytkownika<br \/>\n\u2705\u00a0<strong>Przyjazne dla \u015brodowiska materia\u0142y + precyzyjna podszewka<\/strong>\u00a0\u2192 Poparcie spo\u0142ecznej odpowiedzialno\u015bci marki<br \/>\n\u2705\u00a0<strong>G\u0142\u0119bokie dostosowanie + szybka reakcja<\/strong>\u00a0\u2192 Obni\u017cenie koszt\u00f3w rozwoju marki<\/p>","protected":false},"featured_media":9199,"template":"","meta":[],"product_brand":[],"product_cat":[30,413,425,31],"product_tag":[1102,1103,1101],"class_list":{"0":"post-9198","1":"product","2":"type-product","3":"status-publish","4":"has-post-thumbnail","6":"product_cat-by-industry","7":"product_cat-consumer-electronics-boxes","8":"product_cat-lid-and-base-gift-box","9":"product_cat-paper-box-style","10":"product_tag-cable-earphone-box-paper-packaging","11":"product_tag-custom-earbuds-lid-and-base-box","12":"product_tag-stereo-earphones-packaging-boxes","14":"first","15":"instock","16":"shipping-taxable","17":"product-type-simple"},"_links":{"self":[{"href":"https:\/\/zojopackaging.com\/pl\/wp-json\/wp\/v2\/product\/9198","targetHints":{"allow":["GET"]}}],"collection":[{"href":"https:\/\/zojopackaging.com\/pl\/wp-json\/wp\/v2\/product"}],"about":[{"href":"https:\/\/zojopackaging.com\/pl\/wp-json\/wp\/v2\/types\/product"}],"version-history":[{"count":1,"href":"https:\/\/zojopackaging.com\/pl\/wp-json\/wp\/v2\/product\/9198\/revisions"}],"predecessor-version":[{"id":9213,"href":"https:\/\/zojopackaging.com\/pl\/wp-json\/wp\/v2\/product\/9198\/revisions\/9213"}],"wp:featuredmedia":[{"embeddable":true,"href":"https:\/\/zojopackaging.com\/pl\/wp-json\/wp\/v2\/media\/9199"}],"wp:attachment":[{"href":"https:\/\/zojopackaging.com\/pl\/wp-json\/wp\/v2\/media?parent=9198"}],"wp:term":[{"taxonomy":"product_brand","embeddable":true,"href":"https:\/\/zojopackaging.com\/pl\/wp-json\/wp\/v2\/product_brand?post=9198"},{"taxonomy":"product_cat","embeddable":true,"href":"https:\/\/zojopackaging.com\/pl\/wp-json\/wp\/v2\/product_cat?post=9198"},{"taxonomy":"product_tag","embeddable":true,"href":"https:\/\/zojopackaging.com\/pl\/wp-json\/wp\/v2\/product_tag?post=9198"}],"curies":[{"name":"wp","href":"https:\/\/api.w.org\/{rel}","templated":true}]}}