{"id":9205,"date":"2025-04-01T16:52:52","date_gmt":"2025-04-01T08:52:52","guid":{"rendered":"https:\/\/zojopackaging.com\/?post_type=product&#038;p=9205"},"modified":"2025-04-01T17:28:33","modified_gmt":"2025-04-01T09:28:33","slug":"customization-logo-perfume-foil-folding-carton-boxes-manufacturer","status":"publish","type":"product","link":"https:\/\/zojopackaging.com\/pl\/product\/customization-logo-perfume-foil-folding-carton-boxes-manufacturer\/","title":{"rendered":"Personalizacja Logo Perfumy Folia Sk\u0142adane Pude\u0142ka Kartonowe Producent"},"content":{"rendered":"<p>Jako wzorcowe przedsi\u0119biorstwo w chi\u0144skim przemy\u015ble opakowaniowym, ZOJO Print koncentruje si\u0119 na dostarczaniu niestandardowych rozwi\u0105za\u0144 kartonowych dla marek z najwy\u017cszej p\u00f3\u0142ki. Poni\u017cej przedstawiono 7 podstawowych zalet sk\u0142adanego kartonu z folii aluminiowej na perfumy, w po\u0142\u0105czeniu z bran\u017cowymi standardami technicznymi i koncepcjami projektowymi:<\/p>\n<h3 id=\"1-four-color-printing-hot-stamping-process-visual-expression-of-high-end-image-\">1.\u00a0<strong>Czterokolorowy nadruk + proces t\u0142oczenia na gor\u0105co: wizualny wyraz wysokiej jako\u015bci obrazu<\/strong><\/h3>\n<p>Technologia druku czterokolorowego jest wykorzystywana do uzyskania dok\u0142adnego odwzorowania kolor\u00f3w CMYK, a proces t\u0142oczenia na gor\u0105co s\u0142u\u017cy do dodawania logo marki, wzor\u00f3w i innych element\u00f3w do korpusu pude\u0142ka lub podszewki, a metalowa tekstura \u015bwieci w \u015bwietle. Powierzchnia bia\u0142ego kartonu jest g\u0142adka, a tusz ma siln\u0105 przyczepno\u015b\u0107, dzi\u0119ki czemu wz\u00f3r jest delikatny i nie ma zadzior\u00f3w. Na przyk\u0142ad, mi\u0119dzynarodowa marka perfum zwi\u0119kszy\u0142a cen\u0119 swoich produkt\u00f3w o 25% po wprowadzeniu ich na list\u0119 w tym procesie.<\/p>\n<h3 id=\"2-application-of-color-psychology-emotional-visual-experience-\">2.\u00a0<strong>Zastosowanie psychologii kolor\u00f3w: emocjonalne wra\u017cenia wizualne<\/strong><\/h3>\n<p>Stw\u00f3rz ciep\u0142\u0105 atmosfer\u0119 dzi\u0119ki ciep\u0142ym tonom o niskim nasyceniu (takim jak bursztynowe z\u0142oto i r\u00f3\u017cowy kwiat wi\u015bni) i gradientowemu przej\u015bciu. Hierarchia kolor\u00f3w jest zgodna z zasadami psychologii kolor\u00f3w FPA, co nie tylko przekazuje ton marki, ale tak\u017ce spe\u0142nia preferencje estetyczne konsumentek. Dane eksperymentalne pokazuj\u0105, \u017ce opakowania o \u0142agodnej kolorystyce wyd\u0142u\u017caj\u0105 czas przebywania konsument\u00f3w w sklepie o 37%.<\/p>\n<h3 id=\"3-innovation-of-card-insertion-structure-interactive-opening-and-closing-experience-\">3.\u00a0<strong>Innowacyjna struktura wk\u0142adania karty: interaktywne otwieranie i zamykanie<\/strong><\/h3>\n<p>Prze\u0142amuj\u0105c tradycyjny typ pude\u0142ka typu flip-top, przyjmuje struktur\u0119 podw\u00f3jnego wk\u0142adania kart: zewn\u0119trzne pude\u0142ko jest mocowane za pomoc\u0105 magnetycznego ssania lub ukrytej klamry, a metoda otwierania wewn\u0119trznego pude\u0142ka za pomoc\u0105 karty zachowuje poczucie ceremonii i jest \u0142atwa do wy\u015bwietlenia. Pokrywa pude\u0142ka jest po\u0142\u0105czona z tyln\u0105 p\u0142yt\u0105 w ergonomiczny spos\u00f3b, a k\u0105t otwarcia z prawej strony jest zoptymalizowany do 110\u00b0, co jest odpowiednie dla u\u017cytkownik\u00f3w 90%.<\/p>\n<h3 id=\"4-350g-white-card-material-the-golden-balance-of-strength-and-cost-\">4.\u00a0<strong>Bia\u0142a karta o gramaturze 350 g: z\u0142ota r\u00f3wnowaga mi\u0119dzy wytrzyma\u0142o\u015bci\u0105 a cen\u0105<\/strong><\/h3>\n<p>Wybrano importowany bia\u0142y papier kartonowy o gramaturze 350 g\/m\u00b2, o wytrzyma\u0142o\u015bci na nacisk pier\u015bcienia 800 N\/m, kt\u00f3ry mo\u017ce wytrzyma\u0107 test pionowego upuszczenia butelek perfum (o wadze oko\u0142o 100 g). W por\u00f3wnaniu z metalowymi pude\u0142kami, zmniejsza wag\u0119 o 60%, zmniejsza koszty logistyczne o 35% i przechodzi certyfikacj\u0119 FSC, aby spe\u0142ni\u0107 normy \u015brodowiskowe UE.<\/p>\n<h3 id=\"5-modular-size-customization-precise-adaptation-to-product-characteristics-\">5.\u00a0<strong>Modu\u0142owe dostosowanie rozmiaru: precyzyjne dostosowanie do charakterystyki produktu<\/strong><\/h3>\n<p>Obs\u0142uguje dostosowywanie tolerancji rozmiaru \u00b10,5 mm i szybko generuje rysunki strukturalne za pomoc\u0105 cyfrowych system\u00f3w modelowania. Przyk\u0142adowo, pude\u0142ko na minibutelk\u0119 o pojemno\u015bci 15 ml dostosowane do potrzeb niszowej marki perfum ma kompaktowy rozmiar 175\u00d780\u00d745 mm, a stopie\u0144 wykorzystania przestrzeni zosta\u0142 zwi\u0119kszony o 40%.<\/p>\n<h3 id=\"6-box-design-language-visual-carrier-of-brand-assets-\">6.\u00a0<strong>J\u0119zyk projektowania pude\u0142ek: wizualny no\u015bnik zasob\u00f3w marki<\/strong><\/h3>\n<p>Innowacyjnie przyj\u0119to typ pude\u0142ka \"p\u0142ywaj\u0105cej butelki\": wewn\u0119trzna taca jest zawieszona, aby zmniejszy\u0107 kolizj\u0119, a zewn\u0119trzne pude\u0142ko prezentuje gradientowy efekt \u015bwiat\u0142a i cienia dzi\u0119ki pow\u0142oce UV. Luksusowa marka zdoby\u0142a nagrod\u0119 Red Dot Award za ten projekt, a wska\u017anik odkupu przez u\u017cytkownik\u00f3w wzr\u00f3s\u0142 o 22%.<\/p>\n<h3 id=\"7-multi-functional-inner-tray-system-double-guarantee-of-safety-and-aesthetics-\">7.\u00a0<strong>Wielofunkcyjny system tacek wewn\u0119trznych: podw\u00f3jna gwarancja bezpiecze\u0144stwa i estetyki<\/strong><\/h3>\n<p>Wewn\u0119trzna taca z papieru falistego, kt\u00f3ra owija produkt z sze\u015bciu stron, ma dzia\u0142anie amortyzuj\u0105ce i zapewnia wska\u017anik pozytywnego wyniku testu upadku na poziomie 99,7%.<\/p>","protected":false},"excerpt":{"rendered":"<p>ZOJO Print zapewnia markom perfumeryjnym kompleksowe rozwi\u0105zania od koncepcji po masow\u0105 produkcj\u0119 dzi\u0119ki g\u0142\u0119bokiemu po\u0142\u0105czeniu materia\u0142oznawstwa, ergonomii i estetyki marki. Jego dzienna zdolno\u015b\u0107 produkcyjna wynosz\u0105ca ponad 60 000 i system certyfikacji ISO 9001 mog\u0105 zaspokoi\u0107 potrzeby dostosowywania marek rozpoczynaj\u0105cych dzia\u0142alno\u015b\u0107 do mi\u0119dzynarodowych marek, pomagaj\u0105c klientom w osi\u0105gni\u0119ciu zr\u00f3\u017cnicowanej konkurencyjno\u015bci na rynku terminali.<\/p>","protected":false},"featured_media":9212,"template":"","meta":[],"product_brand":[],"product_cat":[30,417,430,31],"product_tag":[1104,1105,1106],"class_list":{"0":"post-9205","1":"product","2":"type-product","3":"status-publish","4":"has-post-thumbnail","6":"product_cat-by-industry","7":"product_cat-custom-perfume-boxes-by-industry","8":"product_cat-folding-cartons","9":"product_cat-paper-box-style","10":"product_tag-customization-logo-boxes","11":"product_tag-folding-carton-boxes-manufacturer","12":"product_tag-perfume-foil-folding-carton-boxes","14":"first","15":"instock","16":"shipping-taxable","17":"product-type-grouped"},"_links":{"self":[{"href":"https:\/\/zojopackaging.com\/pl\/wp-json\/wp\/v2\/product\/9205","targetHints":{"allow":["GET"]}}],"collection":[{"href":"https:\/\/zojopackaging.com\/pl\/wp-json\/wp\/v2\/product"}],"about":[{"href":"https:\/\/zojopackaging.com\/pl\/wp-json\/wp\/v2\/types\/product"}],"version-history":[{"count":1,"href":"https:\/\/zojopackaging.com\/pl\/wp-json\/wp\/v2\/product\/9205\/revisions"}],"predecessor-version":[{"id":9220,"href":"https:\/\/zojopackaging.com\/pl\/wp-json\/wp\/v2\/product\/9205\/revisions\/9220"}],"wp:featuredmedia":[{"embeddable":true,"href":"https:\/\/zojopackaging.com\/pl\/wp-json\/wp\/v2\/media\/9212"}],"wp:attachment":[{"href":"https:\/\/zojopackaging.com\/pl\/wp-json\/wp\/v2\/media?parent=9205"}],"wp:term":[{"taxonomy":"product_brand","embeddable":true,"href":"https:\/\/zojopackaging.com\/pl\/wp-json\/wp\/v2\/product_brand?post=9205"},{"taxonomy":"product_cat","embeddable":true,"href":"https:\/\/zojopackaging.com\/pl\/wp-json\/wp\/v2\/product_cat?post=9205"},{"taxonomy":"product_tag","embeddable":true,"href":"https:\/\/zojopackaging.com\/pl\/wp-json\/wp\/v2\/product_tag?post=9205"}],"curies":[{"name":"wp","href":"https:\/\/api.w.org\/{rel}","templated":true}]}}