{"id":9214,"date":"2025-04-01T17:04:56","date_gmt":"2025-04-01T09:04:56","guid":{"rendered":"https:\/\/zojopackaging.com\/?post_type=product&#038;p=9214"},"modified":"2025-04-01T17:31:32","modified_gmt":"2025-04-01T09:31:32","slug":"custom-whisky-champagne-packaging-boxes-wholesale","status":"publish","type":"product","link":"https:\/\/zojopackaging.com\/pl\/product\/custom-whisky-champagne-packaging-boxes-wholesale\/","title":{"rendered":"Niestandardowe pude\u0142ka do pakowania szampana hurtowo"},"content":{"rendered":"<h2 id=\"-i-core-advantages-of-the-product-\"><strong>1. Podstawowe zalety produktu<\/strong><\/h2>\n<h3 id=\"1-magnetic-opening-and-closing-design-\">1.\u00a0<strong>Magnetyczna konstrukcja otwierania i zamykania<\/strong><\/h3>\n<p>Wbudowana technologia adsorpcji magnesu s\u0142u\u017cy do p\u0142ynnego, cichego i trwa\u0142ego otwierania i zamykania opakowania. Nie jest \u0142atwo go zu\u017cy\u0107 po wielokrotnym u\u017cyciu, nadaj\u0105c wysokiej klasy produktom winiarskim poczucie szlachetnego rytua\u0142u i praktycznej wygody, i jest odpowiedni do pakowania szlachetnych win, takich jak whisky i szampan.<\/p>\n<h3 id=\"2-double-sided-printing-process-\">2.\u00a0<strong>Proces drukowania dwustronnego<\/strong><\/h3>\n<p>Obs\u0142uguje drukowanie w wysokiej rozdzielczo\u015bci po obu stronach korpusu pude\u0142ka, wzmacniaj\u0105c LOGO marki i g\u0142\u00f3wne elementy wizualne z przodu oraz wy\u015bwietlaj\u0105c rozszerzone informacje, takie jak historie produkt\u00f3w, szczeg\u00f3\u0142y procesu lub kody QR z ty\u0142u, poprawiaj\u0105c wydajno\u015b\u0107 przenoszenia informacji o opakowaniu i tworz\u0105c wci\u0105gaj\u0105ce do\u015bwiadczenie komunikacji marki.<\/p>\n<h3 id=\"3-brand-exclusive-blue-tone-\">3.\u00a0<strong>Ekskluzywny niebieski odcie\u0144<\/strong><\/h3>\n<p>G\u0142\u00f3wny kolor korpusu pude\u0142ka przyjmuje system g\u0142\u0119bokiego b\u0142\u0119kitu, kt\u00f3ry symbolizuje poczucie zaufania i technologii marki oraz przekazuje stabilny, profesjonalny i wysokiej klasy wizerunek. Obs\u0142uguje kalibracj\u0119 kolor\u00f3w Pantone, aby zapewni\u0107 dok\u0142adne i sp\u00f3jne kolory oraz zwi\u0119kszy\u0107 rozpoznawalno\u015b\u0107 wizualn\u0105 marki.<\/p>\n<h3 id=\"4-precise-eva-lining-customization-\">4.\u00a0<strong>Precyzyjne dostosowanie podszewki EVA<\/strong><\/h3>\n<p>Zgodnie z danymi dotycz\u0105cymi rozmiaru butelki wina dostarczonymi przez klienta, podszewka jest precyzyjnie wyci\u0119ta z materia\u0142u EVA o wysokiej g\u0119sto\u015bci, kt\u00f3ry \u015bci\u015ble przylega do butelki, jest odporny na wstrz\u0105sy i ci\u015bnienie oraz zapewnia bezpiecze\u0144stwo transportu; jednocze\u015bnie uk\u0142ad przestrzeni jest zoptymalizowany, zb\u0119dne luki s\u0105 zredukowane, a zwarto\u015b\u0107 i ochrona \u015brodowiska opakowania s\u0105 ulepszone.<\/p>\n<h2 id=\"-second-highly-customized-service-\"><strong>2. Wysoce spersonalizowana us\u0142uga<\/strong><\/h2>\n<ul>\n<li><strong>Elastyczna adaptacja pude\u0142ka<\/strong>: Opr\u00f3cz standardowego magnetycznego pude\u0142ka z przyssawk\u0105, obs\u0142uguje wiele r\u00f3\u017cnych dostosowa\u0144 pude\u0142ek, takich jak pude\u0142ka z klapk\u0105 i pude\u0142ka z szufladami, aby zaspokoi\u0107 potrzeby r\u00f3\u017cnych pozycji produktu.<\/li>\n<li><strong>Precyzyjne dopasowanie rozmiaru<\/strong>: Us\u0142ugi modelowania 1:1 mog\u0105 by\u0107 \u015bwiadczone dla butelek o specjalnych kszta\u0142tach i limitowanych edycji win, aby osi\u0105gn\u0105\u0107 idealne dopasowanie opakowania do produktu.<\/li>\n<li><strong>R\u00f3\u017cnorodny wyb\u00f3r materia\u0142\u00f3w<\/strong>: Zapewnienie wysokiej klasy materia\u0142\u00f3w, takich jak papier specjalny, papier artystyczny, papier o fakturze sk\u00f3ry, metalowa p\u0142yta kompozytowa itp. z uwzgl\u0119dnieniem tekstury i funkcjonalno\u015bci.<\/li>\n<li><strong>Modernizacja procesu powierzchniowego<\/strong>: Opcjonalne t\u0142oczenie na gor\u0105co \/ srebro, wyt\u0142aczanie UV, wyt\u0142aczanie, sitodruk i inne procesy w celu zwi\u0119kszenia poziomu dotykowego i wizualnego oraz podkre\u015blenia wysokiej klasy tonu marki.<\/li>\n<\/ul>\n<h2 id=\"-iii-professional-support-\"><strong>3. Profesjonalne wsparcie<\/strong><\/h2>\n<ul>\n<li><strong>16 lat do\u015bwiadczenia w pakowaniu<\/strong>: 16 lat do\u015bwiadczenia w bran\u017cy opakowa\u0144 i druku, obs\u0142uga ponad 500 globalnych marek wina, znajomo\u015b\u0107 standard\u00f3w bran\u017cowych i trend\u00f3w innowacyjnych, dostarczanie kompleksowych rozwi\u0105za\u0144 od projektu, proofingu po masow\u0105 produkcj\u0119.<\/li>\n<li><strong>Ma\u0142e zam\u00f3wienie partii + szybka dostawa<\/strong>: Obs\u0142uga 50 sztuk minimalnego zam\u00f3wienia, 15-20 dni cyklu dostawy, elastyczna reakcja na pilne potrzeby klienta.<\/li>\n<li><strong>Gwarancja pe\u0142nej kontroli jako\u015bci procesu<\/strong>: Przeszed\u0142 certyfikacj\u0119 systemu zarz\u0105dzania jako\u015bci\u0105 ISO 9001, \u015bci\u015ble kontroluj\u0105c kluczowe ogniwa, takie jak surowce, r\u00f3\u017cnica kolor\u00f3w druku, wytrzyma\u0142o\u015b\u0107 gotowego produktu itp. w celu zapewnienia sp\u00f3jno\u015bci masowej produkcji.<\/li>\n<\/ul>\n<h2 id=\"-iv-application-scenarios-\"><strong>4. Scenariusze zastosowa\u0144<\/strong><\/h2>\n<p>Ma zastosowanie do wysokiej klasy scenariuszy, takich jak pude\u0142ka upominkowe z whisky \/ szampanem, \u015bwi\u0105teczne edycje limitowane, edycje pod wsp\u00f3ln\u0105 mark\u0105, wina kolekcjonerskie itp.<\/p>","protected":false},"excerpt":{"rendered":"<ol>\n<li>Prze\u015blij wymagania (rozmiar produktu, kierunek dostosowania, ilo\u015b\u0107);<\/li>\n<li>Bezp\u0142atny projekt i proof (3-5 dni roboczych);<\/li>\n<li>Masowa produkcja po potwierdzeniu planu;<\/li>\n<li>Dostawa logistyczna po kontroli jako\u015bci.<\/li>\n<\/ol>","protected":false},"featured_media":9218,"template":"","meta":[],"product_brand":[],"product_cat":[30,419,424,31],"product_tag":[1108,1107,1109],"class_list":{"0":"post-9214","1":"product","2":"type-product","3":"status-publish","4":"has-post-thumbnail","6":"product_cat-by-industry","7":"product_cat-custom-wines-spirits-boxes","8":"product_cat-magnetic-closure-boxes","9":"product_cat-paper-box-style","10":"product_tag-champagne-packaging-boxes","11":"product_tag-custom-whisky-packaging","12":"product_tag-whisky-champagne-boxes-wholesale","14":"first","15":"instock","16":"shipping-taxable","17":"product-type-simple"},"_links":{"self":[{"href":"https:\/\/zojopackaging.com\/pl\/wp-json\/wp\/v2\/product\/9214","targetHints":{"allow":["GET"]}}],"collection":[{"href":"https:\/\/zojopackaging.com\/pl\/wp-json\/wp\/v2\/product"}],"about":[{"href":"https:\/\/zojopackaging.com\/pl\/wp-json\/wp\/v2\/types\/product"}],"version-history":[{"count":2,"href":"https:\/\/zojopackaging.com\/pl\/wp-json\/wp\/v2\/product\/9214\/revisions"}],"predecessor-version":[{"id":9229,"href":"https:\/\/zojopackaging.com\/pl\/wp-json\/wp\/v2\/product\/9214\/revisions\/9229"}],"wp:featuredmedia":[{"embeddable":true,"href":"https:\/\/zojopackaging.com\/pl\/wp-json\/wp\/v2\/media\/9218"}],"wp:attachment":[{"href":"https:\/\/zojopackaging.com\/pl\/wp-json\/wp\/v2\/media?parent=9214"}],"wp:term":[{"taxonomy":"product_brand","embeddable":true,"href":"https:\/\/zojopackaging.com\/pl\/wp-json\/wp\/v2\/product_brand?post=9214"},{"taxonomy":"product_cat","embeddable":true,"href":"https:\/\/zojopackaging.com\/pl\/wp-json\/wp\/v2\/product_cat?post=9214"},{"taxonomy":"product_tag","embeddable":true,"href":"https:\/\/zojopackaging.com\/pl\/wp-json\/wp\/v2\/product_tag?post=9214"}],"curies":[{"name":"wp","href":"https:\/\/api.w.org\/{rel}","templated":true}]}}