{"id":9221,"date":"2025-04-01T17:28:52","date_gmt":"2025-04-01T09:28:52","guid":{"rendered":"https:\/\/zojopackaging.com\/?post_type=product&#038;p=9221"},"modified":"2025-04-01T17:47:19","modified_gmt":"2025-04-01T09:47:19","slug":"soft-touch-custom-printing-folding-cartons-perfume-box-supplier","status":"publish","type":"product","link":"https:\/\/zojopackaging.com\/pl\/product\/soft-touch-custom-printing-folding-cartons-perfume-box-supplier\/","title":{"rendered":"Mi\u0119kki dotyk Niestandardowe drukowanie Sk\u0142adane kartony Dostawca pude\u0142ka na perfumy"},"content":{"rendered":"<h3 id=\"1-clear-green-tone-and-luxurious-craftsmanship-\">1.\u00a0<strong>Wyra\u017any zielony odcie\u0144 i luksusowe wykonanie<\/strong><\/h3>\n<p>Korpus pude\u0142ka przyjmuje przezroczysty zielony jako g\u0142\u00f3wny kolor, a czterokolorowy nadruk zapewnia dok\u0142adne odwzorowanie kolor\u00f3w CMYK. Po\u0142ysk powierzchni jest wzmocniony dzi\u0119ki technologii laminowania foli\u0105 PET, a logo marki jest ozdobione lokaln\u0105 technologi\u0105 gor\u0105cego srebra. Metalowa tekstura prezentuje delikatny tr\u00f3jwymiarowy efekt pod \u015bwiat\u0142o. Dane eksperymentalne pokazuj\u0105, \u017ce ten rodzaj technologii zwi\u0119ksza wska\u017anik premii za produkt o 28%.<\/p>\n<h3 id=\"2-dual-card-structure-is-sturdy-\">2.\u00a0<strong>Podw\u00f3jna struktura karty jest wytrzyma\u0142a<\/strong><\/h3>\n<p>Przyjmuj\u0105c unikaln\u0105 konstrukcj\u0119 podw\u00f3jnej karty, pokrywa pude\u0142ka jest \u015bci\u015ble po\u0142\u0105czona z kart\u0105 po obu stronach, struktura jest stabilna, a produkt mo\u017cna zamocowa\u0107 we wszystkich kierunkach<\/p>\n<h3 id=\"3-400g-white-card-material-graded-customization-\">3.\u00a0<strong>400g bia\u0142y materia\u0142 kartonowy stopniowana personalizacja<\/strong><\/h3>\n<p>Wybierany jest importowany bia\u0142y papier o gramaturze 400g\/m\u00b2, wytrzyma\u0142o\u015b\u0107 na nacisk pier\u015bcienia osi\u0105ga 1000N\/m, posiada certyfikat FSC i spe\u0142nia normy \u015brodowiskowe UE. Zapewnienie rozwi\u0105za\u0144 regulacji wagi w zale\u017cno\u015bci od wagi produktu: - 100-200g zapach: 400g wersja podstawowa - 200-300g silny zapach: 450g wersja wzmocniona - 300g+ niestandardowy zapach: 500g wersja specjalna<\/p>\n<h3 id=\"4-different-structural-lining-adaptation-system-\">4.\u00a0<strong>R\u00f3\u017cne systemy adaptacji ok\u0142adzin strukturalnych<\/strong><\/h3>\n<p>Podszewka mo\u017ce wybra\u0107 odpowiedni materia\u0142 zgodnie z konkretnym kszta\u0142tem produktu, dzi\u0119ki czemu pude\u0142ko mo\u017ce \u015bci\u015ble przylega\u0107. Zapobiega uszkodzeniom podczas transportu.<\/p>\n<h3 id=\"5-high-end-brand-empowerment-design-\">5.\u00a0<strong>Wysokiej klasy projekt wzmacniaj\u0105cy mark\u0119<\/strong><\/h3>\n<p>Pude\u0142ko z podw\u00f3jn\u0105 wk\u0142adk\u0105 dostosowuje si\u0119 do potrzeb luksusowych opakowa\u0144: -\u00a0<strong>Wzmocnienie wizualne<\/strong>: Konstrukcja podwieszanego pude\u0142ka zwi\u0119ksza obszar wy\u015bwietlania produktu o 40% -.\u00a0<strong>Aktualizacja dotykowa<\/strong>: Pokrywa skrzynki jest pokryta foli\u0105 o wysokim po\u0142ysku o grubo\u015bci 0,3 mm, a wsp\u00f3\u0142czynnik t\u0142umienia otwierania i zamykania jest kontrolowany na poziomie 0,5-0,8 Nm.\u00a0<strong>Narracja kulturowa<\/strong>: Obs\u0142uguje grawerowanie laserowe historii marki i odtwarza orientalne elementy estetyczne, takie jak \"Opowie\u015b\u0107 o Genji\".<\/p>\n<h3 id=\"6-full-link-service-guarantee-\">6.\u00a0<strong>Gwarancja pe\u0142nego po\u0142\u0105czenia<\/strong><\/h3>\n<p>Fabryka \u017ar\u00f3d\u0142owa z 16-letnim do\u015bwiadczeniem w pakowaniu mo\u017ce zapewni\u0107 kompleksowe profesjonalne us\u0142ugi. Od renderowania po formowanie i wysy\u0142k\u0119 produktu ko\u0144cowego, odpowiedzialni s\u0105 dedykowani ludzie. .<\/p>\n<h3 id=\"7-global-transportation-solution-\">7.\u00a0<strong>Globalne rozwi\u0105zanie transportowe<\/strong><\/h3>\n<p>Opieraj\u0105c si\u0119 na 15-letnim do\u015bwiadczeniu w eksporcie, zbudowali\u015bmy trzy g\u0142\u00f3wne systemy logistyczne: -\u00a0<strong>Dedykowana linia transportu lotniczego<\/strong>: Wykorzystanie poduszki powietrznej z buforem EPE + technologia korpusu pr\u00f3\u017cniowego (wytrzyma\u0142o\u015b\u0107 na \u015bciskanie zwi\u0119kszona o 60%).\u00a0<strong>Pe\u0142na szafka do transportu morskiego<\/strong>: Dostosowane wodoodporne pude\u0142ko zewn\u0119trzne z tektury falistej + chip monitoruj\u0105cy temperatur\u0119 i wilgotno\u015b\u0107 -\u00a0<strong>Transgraniczna poczta bezpo\u015brednia<\/strong>: Niezale\u017cny projekt opakowania zgodny z certyfikatem CE\/FDA Wska\u017anik uszkodze\u0144 transportowych jest kontrolowany poni\u017cej 0,03%.<\/p>","protected":false},"excerpt":{"rendered":"<p>ZOJO Print zapewnia markom perfumeryjnym kompleksowe rozwi\u0105zanie od koncepcji do terminala poprzez tr\u00f3jwymiarow\u0105 modernizacj\u0119 innowacji materia\u0142owych (bia\u0142a karta 400g + inteligentna podszewka), in\u017cynierii strukturalnej (system kompresji podw\u00f3jnej karty) i obs\u0142ugi marki (pe\u0142na personalizacja \u0142\u0105cza). Dzienna zdolno\u015b\u0107 produkcyjna wynosz\u0105ca ponad 60 000 jednostek i system certyfikacji ISO 9001 mog\u0105 zaspokoi\u0107 potrzeby dostosowywania marek rozpoczynaj\u0105cych dzia\u0142alno\u015b\u0107 do mi\u0119dzynarodowych marek, pomagaj\u0105c klientom w osi\u0105gni\u0119ciu zr\u00f3\u017cnicowanej konkurencyjno\u015bci na rynku terminali.<\/p>","protected":false},"featured_media":9222,"template":"","meta":[],"product_brand":[],"product_cat":[30,417,430,31],"product_tag":[1111,913,1110],"class_list":{"0":"post-9221","1":"product","2":"type-product","3":"status-publish","4":"has-post-thumbnail","6":"product_cat-by-industry","7":"product_cat-custom-perfume-boxes-by-industry","8":"product_cat-folding-cartons","9":"product_cat-paper-box-style","10":"product_tag-custom-printing-folding-cartons","11":"product_tag-perfume-box-supplier","12":"product_tag-soft-touch-box","14":"first","15":"instock","16":"shipping-taxable","17":"product-type-grouped"},"_links":{"self":[{"href":"https:\/\/zojopackaging.com\/pl\/wp-json\/wp\/v2\/product\/9221","targetHints":{"allow":["GET"]}}],"collection":[{"href":"https:\/\/zojopackaging.com\/pl\/wp-json\/wp\/v2\/product"}],"about":[{"href":"https:\/\/zojopackaging.com\/pl\/wp-json\/wp\/v2\/types\/product"}],"version-history":[{"count":1,"href":"https:\/\/zojopackaging.com\/pl\/wp-json\/wp\/v2\/product\/9221\/revisions"}],"predecessor-version":[{"id":9237,"href":"https:\/\/zojopackaging.com\/pl\/wp-json\/wp\/v2\/product\/9221\/revisions\/9237"}],"wp:featuredmedia":[{"embeddable":true,"href":"https:\/\/zojopackaging.com\/pl\/wp-json\/wp\/v2\/media\/9222"}],"wp:attachment":[{"href":"https:\/\/zojopackaging.com\/pl\/wp-json\/wp\/v2\/media?parent=9221"}],"wp:term":[{"taxonomy":"product_brand","embeddable":true,"href":"https:\/\/zojopackaging.com\/pl\/wp-json\/wp\/v2\/product_brand?post=9221"},{"taxonomy":"product_cat","embeddable":true,"href":"https:\/\/zojopackaging.com\/pl\/wp-json\/wp\/v2\/product_cat?post=9221"},{"taxonomy":"product_tag","embeddable":true,"href":"https:\/\/zojopackaging.com\/pl\/wp-json\/wp\/v2\/product_tag?post=9221"}],"curies":[{"name":"wp","href":"https:\/\/api.w.org\/{rel}","templated":true}]}}