{"id":9231,"date":"2025-04-01T17:31:48","date_gmt":"2025-04-01T09:31:48","guid":{"rendered":"https:\/\/zojopackaging.com\/?post_type=product&#038;p=9231"},"modified":"2025-04-01T17:48:14","modified_gmt":"2025-04-01T09:48:14","slug":"custom-printed-scented-hair-growth-oil-packaging-box-factory","status":"publish","type":"product","link":"https:\/\/zojopackaging.com\/pl\/product\/custom-printed-scented-hair-growth-oil-packaging-box-factory\/","title":{"rendered":"Fabryka opakowa\u0144 olejk\u00f3w na porost w\u0142os\u00f3w z nadrukiem na zam\u00f3wienie"},"content":{"rendered":"<h2 id=\"-1-humanized-magnetic-box-design-taking-into-account-convenience-and-display-\"><strong>1. Humanizowana konstrukcja magnetycznego pude\u0142ka zamykaj\u0105cego, uwzgl\u0119dniaj\u0105ca wygod\u0119 i ekspozycj\u0119<\/strong><\/h2>\n<p>Dzi\u0119ki zastosowaniu innowacyjnej magnetycznej struktury otwierania i zamykania, mo\u017cna go otworzy\u0107 lekkim dotkni\u0119ciem, a operacja jest p\u0142ynna. Wbudowana wyk\u0142adzina EVA o wysokiej g\u0119sto\u015bci, precyzyjne pozycjonowanie i mocowanie korpusu butelki, odporna na wstrz\u0105sy i ci\u015bnienie, zapewniaj\u0105ca bezpiecze\u0144stwo transportu i ekspozycji.<\/p>\n<h2 id=\"-2-high-strength-composite-material-double-protection-guarantee-\"><strong>2. Materia\u0142 kompozytowy o wysokiej wytrzyma\u0142o\u015bci, gwarancja podw\u00f3jnej ochrony<\/strong><\/h2>\n<p>Materia\u0142 bazowy zosta\u0142 wybrany jako\u00a0<strong>157g papier powlekany C2S + 1200g twardy karton<\/strong>\u00a0Kombinacja, powierzchnia jest delikatna i g\u0142adka, dolna warstwa ma du\u017c\u0105 odporno\u015b\u0107 na uderzenia i nie odkszta\u0142ca si\u0119 po przej\u015bciu testu ci\u015bnienia statycznego 10 kg. Proces kompozytowy nadaje korpusowi pude\u0142ka doskona\u0142\u0105 sztywno\u015b\u0107, skutecznie przeciwdzia\u0142a wyciskaniu si\u0142y zewn\u0119trznej i zapewnia wszechstronn\u0105 ochron\u0119 p\u0142ynnych produkt\u00f3w o wysokiej warto\u015bci.<\/p>\n<h2 id=\"-3-double-sided-high-precision-printing-technology-to-enhance-brand-penetration-\"><strong>3. Dwustronna technologia druku o wysokiej precyzji w celu zwi\u0119kszenia penetracji marki<\/strong><\/h2>\n<p>Dwustronny pe\u0142nokolorowy druk UV, obs\u0142uguje 4 kolory + kolory dodatkowe + gam\u0119 kolor\u00f3w Pantone, z rozdzielczo\u015bci\u0105 300 dpi i ostrymi wzorami bez smug. Mo\u017ce elastycznie rozmieszcza\u0107 wielowymiarowe informacje, takie jak skuteczno\u015b\u0107 produktu, opis sk\u0142adnik\u00f3w, historia marki itp., zwi\u0119ksza\u0107 warto\u015b\u0107 punkt\u00f3w styku z konsumentem i zmniejsza\u0107 dodatkowe koszty marketingowe.<\/p>\n<h2 id=\"-4-customization-of-brand-visual-system-optimization-of-blue-tone-aesthetics-\"><strong>4. Dostosowanie systemu wizualnego marki, optymalizacja estetyki niebieskich ton\u00f3w<\/strong><\/h2>\n<p>G\u0142\u00f3wnym kolorem jest standardowy niebieski Pantone 2945C, a r\u00f3\u017cnica kolor\u00f3w mi\u0119dzy partiami wynosi \u22640,5\u0394E po 6 procesach kalibracji kolor\u00f3w. Dzi\u0119ki cz\u0119\u015bciowemu procesowi t\u0142oczenia na gor\u0105co, metaliczny po\u0142ysk jest podkre\u015blony w matowej fakturze, przekazuj\u0105c poczucie technologii i wysokiej klasy tonalno\u015bci, a rozpoznawalno\u015b\u0107 na p\u00f3\u0142ce jest zwi\u0119kszona o 40%.<\/p>\n<h2 id=\"-5-modular-compatible-structure-cross-category-adaptation-solution-\"><strong>5. Kompatybilna struktura modu\u0142owa, rozwi\u0105zanie adaptacyjne dla r\u00f3\u017cnych kategorii<\/strong><\/h2>\n<p>Wewn\u0119trzna przestrze\u0144 obs\u0142uguje dostosowywanie butelek o pojemno\u015bci 30 ml-150 ml, co jest odpowiednie dla kosmetyk\u00f3w, takich jak olejek na porost w\u0142os\u00f3w, esencja i krem. Akcesoria, takie jak klamry do perfum i wst\u0105\u017cki, mo\u017cna rozszerzy\u0107, aby spe\u0142ni\u0107 potrzeby wielu scenariuszy, takich jak produkty do piel\u0119gnacji sk\u00f3ry i lekkie luksusowe pude\u0142ka na prezenty, i zmniejszy\u0107 koszty rozwoju SKU klienta.<\/p>\n<h2 id=\"-6-precision-die-cutting-process-details-create-high-end-experience-\"><strong>6. Precyzyjny proces wykrawania, detale tworz\u0105 wysokiej klasy do\u015bwiadczenie<\/strong><\/h2>\n<p>Niemiecki system wycinania laserowego Heidelberg, tolerancja ci\u0119cia \u00b10,15 mm, kraw\u0119dzie R s\u0105 zaokr\u0105glone i pozbawione zadzior\u00f3w. Dzi\u0119ki bezklejowej technologii wci\u0119\u0107, \u017cywotno\u015b\u0107 pude\u0142ka przekracza 500 razy, g\u0142adko\u015b\u0107 dotyku spe\u0142nia europejsk\u0105 norm\u0119 EN13432, a przestrze\u0144 premium zosta\u0142a zwi\u0119kszona o 25%.<\/p>\n<h2 id=\"-7-16-years-of-smart-manufacturing-experience-full-link-service-guarantee-\"><strong>7. 16 lat do\u015bwiadczenia w inteligentnej produkcji, pe\u0142na gwarancja serwisu<\/strong><\/h2>\n<p>Jako przedsi\u0119biorstwo z podw\u00f3jnym certyfikatem ISO9001\/14001 w chi\u0144skim przemy\u015ble opakowaniowym, integrujemy ca\u0142y proces projektowania, sprawdzania, produkcji, kontroli jako\u015bci i logistyki, 7 dni szybkiego sprawdzania, 15 dni dostawy partii i minimaln\u0105 ilo\u015b\u0107 zam\u00f3wienia 500 sztuk. Zapewniamy us\u0142ugi optymalizacji \u0142a\u0144cucha dostaw 1 do 1, a ca\u0142kowity koszt jest 18% ni\u017cszy ni\u017c na rynku.<\/p>\n<h2 id=\"-technical-parameters-\"><strong>Parametry techniczne<\/strong><\/h2>\n<table>\n<thead>\n<tr>\n<th>Projekt<\/th>\n<th>Specyfikacja<\/th>\n<\/tr>\n<\/thead>\n<tbody>\n<tr>\n<td>Materia\u0142<\/td>\n<td>Papier powlekany 157 g + karton 1200 g<\/td>\n<\/tr>\n<tr>\n<td>Proces drukowania<\/td>\n<td>Drukowanie dwustronne<\/td>\n<\/tr>\n<tr>\n<td>Cykl dostawy<\/td>\n<td>7-14 dni roboczych (w zale\u017cno\u015bci od wielko\u015bci zam\u00f3wienia)<\/td>\n<\/tr>\n<tr>\n<td>Normy \u015brodowiskowe<\/td>\n<td>Biodegradowalny tusz z certyfikatem FSC<\/td>\n<\/tr>\n<\/tbody>\n<\/table>","protected":false},"excerpt":{"rendered":"<ul>\n<li><strong>Kontrolowany koszt<\/strong>W\u0142asna baza papierowa + w pe\u0142ni automatyczna linia produkcyjna, przejrzysto\u015b\u0107 cenowa w bran\u017cy TOP3<\/li>\n<li><strong>Zaanga\u017cowanie w jako\u015b\u0107<\/strong>: pe\u0142na kontrola pierwszej sztuki + pr\u00f3bkowanie partii, wydajno\u015b\u0107 99,2%<\/li>\n<li><strong>Elastyczna personalizacja<\/strong>Obs\u0142uga kodu QR AR, mikrokapsu\u0142ek zapachowych i innych inteligentnych technologii osadzania opakowa\u0144.<\/li>\n<\/ul>","protected":false},"featured_media":9232,"template":"","meta":[],"product_brand":[],"product_cat":[30,390,424,31],"product_tag":[1112,1114,1113],"class_list":{"0":"post-9231","1":"product","2":"type-product","3":"status-publish","4":"has-post-thumbnail","6":"product_cat-by-industry","7":"product_cat-custom-cosmetics-boxes","8":"product_cat-magnetic-closure-boxes","9":"product_cat-paper-box-style","10":"product_tag-custom-scented-packaging","11":"product_tag-growth-oil-packaging-box","12":"product_tag-hair-oil-packaging","14":"first","15":"instock","16":"shipping-taxable","17":"product-type-simple"},"_links":{"self":[{"href":"https:\/\/zojopackaging.com\/pl\/wp-json\/wp\/v2\/product\/9231","targetHints":{"allow":["GET"]}}],"collection":[{"href":"https:\/\/zojopackaging.com\/pl\/wp-json\/wp\/v2\/product"}],"about":[{"href":"https:\/\/zojopackaging.com\/pl\/wp-json\/wp\/v2\/types\/product"}],"version-history":[{"count":1,"href":"https:\/\/zojopackaging.com\/pl\/wp-json\/wp\/v2\/product\/9231\/revisions"}],"predecessor-version":[{"id":9238,"href":"https:\/\/zojopackaging.com\/pl\/wp-json\/wp\/v2\/product\/9231\/revisions\/9238"}],"wp:featuredmedia":[{"embeddable":true,"href":"https:\/\/zojopackaging.com\/pl\/wp-json\/wp\/v2\/media\/9232"}],"wp:attachment":[{"href":"https:\/\/zojopackaging.com\/pl\/wp-json\/wp\/v2\/media?parent=9231"}],"wp:term":[{"taxonomy":"product_brand","embeddable":true,"href":"https:\/\/zojopackaging.com\/pl\/wp-json\/wp\/v2\/product_brand?post=9231"},{"taxonomy":"product_cat","embeddable":true,"href":"https:\/\/zojopackaging.com\/pl\/wp-json\/wp\/v2\/product_cat?post=9231"},{"taxonomy":"product_tag","embeddable":true,"href":"https:\/\/zojopackaging.com\/pl\/wp-json\/wp\/v2\/product_tag?post=9231"}],"curies":[{"name":"wp","href":"https:\/\/api.w.org\/{rel}","templated":true}]}}