{"id":9239,"date":"2025-04-01T17:48:34","date_gmt":"2025-04-01T09:48:34","guid":{"rendered":"https:\/\/zojopackaging.com\/?post_type=product&#038;p=9239"},"modified":"2025-04-01T18:03:38","modified_gmt":"2025-04-01T10:03:38","slug":"custom-garment-apparel-shirts-ties-gift-boxes-wholesale","status":"publish","type":"product","link":"https:\/\/zojopackaging.com\/pl\/product\/custom-garment-apparel-shirts-ties-gift-boxes-wholesale\/","title":{"rendered":"Niestandardowa odzie\u017c Koszule Krawaty Pude\u0142ka na prezenty Sprzeda\u017c hurtowa"},"content":{"rendered":"<h2 id=\"-1-elegant-appearance-design-\"><strong>1. Elegancki wygl\u0105d<\/strong><\/h2>\n<ul>\n<li>Korpus pude\u0142ka ma jasnoniebieski odcie\u0144, kt\u00f3ry jest drukowany przez najlepsz\u0105 na \u015bwiecie pras\u0119 drukarsk\u0105 Heidelberg. Kolor jest stabilny i jasny, efekt wizualny jest mi\u0119kki i zaawansowany oraz doskonale oddaje tekstur\u0119 marki.<\/li>\n<\/ul>\n<h2 id=\"-2-super-protective-material-\"><strong>2. Super ochronny materia\u0142<\/strong><\/h2>\n<ul>\n<li><strong>Materia\u0142 opakowania zewn\u0119trznego<\/strong>: Szara p\u0142yta o wysokiej wytrzyma\u0142o\u015bci 1200 GSM, kt\u00f3ra jest odporna na nacisk i uderzenia oraz mo\u017ce wytrzyma\u0107 d\u0142ugotrwa\u0142e obci\u0105\u017cenie bez deformacji.<\/li>\n<li><strong>Technologia powierzchniowa<\/strong>: 157 GSM powlekany papier laminowany, delikatny w dotyku, dobry po\u0142ysk, odporno\u015b\u0107 na zu\u017cycie i przeciwporostowe.<\/li>\n<li><strong>Wewn\u0119trzna podszewka<\/strong>: G\u0105bka EVA lub flanelowa podszewka mog\u0105 by\u0107 dostosowane do mocowania odzie\u017cy, koszul, krawat\u00f3w i innych produkt\u00f3w, aby zapobiec wstrz\u0105som podczas transportu.<\/li>\n<\/ul>\n<h2 id=\"-3-innovative-structure-of-book-shaped-box-\"><strong>3. Innowacyjna struktura magnetycznego pude\u0142ka zamykaj\u0105cego<\/strong><\/h2>\n<ul>\n<li>Magnetyczne zamkni\u0119cie, \u0142atwe otwieranie pude\u0142ka w celu pokazania produktu, odpowiednie do ekspozycji w sklepie i prezent\u00f3w.<\/li>\n<li>Wewn\u0119trzne pude\u0142ko mo\u017cna dopasowa\u0107 do warstwowych przegr\u00f3dek na karty, kt\u00f3re mo\u017cna elastycznie dostosowa\u0107 do r\u00f3\u017cnych kategorii, takich jak koszule, krawaty, bielizna, kurtki itp.<\/li>\n<\/ul>\n<h2 id=\"-4-flattened-shipment-cost-reduction-and-efficiency-improvement-\"><strong>4. Sp\u0142aszczona wysy\u0142ka, redukcja koszt\u00f3w i poprawa wydajno\u015bci<\/strong><\/h2>\n<ul>\n<li>Pude\u0142ko obs\u0142uguje sk\u0142adany transport, znacznie zmniejszaj\u0105c przestrze\u0144 magazynow\u0105 i logistyczn\u0105, oszcz\u0119dzaj\u0105c do 40% koszt\u00f3w transportu.<\/li>\n<\/ul>\n<h2 id=\"-5-fine-details-highlight-quality-\"><strong>5. Drobne szczeg\u00f3\u0142y podkre\u015blaj\u0105 jako\u015b\u0107<\/strong><\/h2>\n<ul>\n<li>Laserowo wycinane kraw\u0119dzie, g\u0142adkie i pozbawione zadzior\u00f3w; naro\u017cniki pude\u0142ka s\u0105 zaokr\u0105glone i wzmocnione, aby poprawi\u0107 p\u0142ynno\u015b\u0107 i trwa\u0142o\u015b\u0107 otwierania i zamykania.<\/li>\n<\/ul>\n<h2 id=\"-6-widely-applicable-scenarios-\"><strong>6. Szeroko stosowane scenariusze<\/strong><\/h2>\n<ul>\n<li>Prezenty biznesowe, markowa odzie\u017c, \u015bwi\u0105teczne pakiety promocyjne, wysokiej klasy personalizacja prywatna itp.<\/li>\n<\/ul>\n<h2 id=\"-product-parameters-\"><strong>Parametry produktu<\/strong><\/h2>\n<table>\n<thead>\n<tr>\n<th>Projekt<\/th>\n<th>Specyfikacje<\/th>\n<\/tr>\n<\/thead>\n<tbody>\n<tr>\n<td><strong>Kolor g\u0142\u00f3wny<\/strong><\/td>\n<td>Jasnoniebieski (numer koloru Pantone mo\u017cna dostosowa\u0107)<\/td>\n<\/tr>\n<tr>\n<td><strong>Materia\u0142<\/strong><\/td>\n<td>Szara tektura 1200 GSM + powlekany papier artystyczny 157 GSM<\/td>\n<\/tr>\n<tr>\n<td><strong>Proces drukowania<\/strong><\/td>\n<td>Druk kolorowy Heidelberg + laminowanie matowe<\/td>\n<\/tr>\n<tr>\n<td><strong>Typ pude\u0142ka<\/strong><\/td>\n<td>Pude\u0142ko z klamr\u0105 magnetyczn\u0105 w kszta\u0142cie ksi\u0105\u017cki (rozmiar mo\u017cna dostosowa\u0107)<\/td>\n<\/tr>\n<tr>\n<td><strong>Metoda wysy\u0142ki<\/strong><\/td>\n<td>Sk\u0142adanie i sp\u0142aszczanie do transportu<\/td>\n<\/tr>\n<tr>\n<td><strong>Odpowiednie produkty<\/strong><\/td>\n<td>Odzie\u017c, koszule, krawaty, bielizna, kurtki<\/td>\n<\/tr>\n<tr>\n<td><strong>Standardy procesowe<\/strong><\/td>\n<td>Certyfikacja systemu zarz\u0105dzania jako\u015bci\u0105 ISO 9001<\/td>\n<\/tr>\n<\/tbody>\n<\/table>","protected":false},"excerpt":{"rendered":"<ul>\n<li><strong>Dok\u0142adno\u015b\u0107 kolor\u00f3w<\/strong>: Technologia druku punktowego Heidelberg zapewnia sp\u00f3jno\u015b\u0107 kolor\u00f3w partii i zwi\u0119ksza rozpoznawalno\u015b\u0107 marki.<\/li>\n<li><strong>Najwy\u017csza ochrona<\/strong>: Po\u0142\u0105czenie szarej tektury o wysokiej gramaturze i powlekanego papieru, odporne na nacisk i wilgo\u0107, odpowiednie do transportu na du\u017ce odleg\u0142o\u015bci.<\/li>\n<li><strong>Wzmocnienie pozycji marki<\/strong>: Wykwintne detale i jasnoniebieski, estetyczny design nadaj\u0105 produktowi wysok\u0105 warto\u015b\u0107 dodan\u0105 i poprawiaj\u0105 wra\u017cenia klient\u00f3w.<\/li>\n<li><strong>Koszt \u017ar\u00f3d\u0142owy<\/strong>: Bezpo\u015brednia dostawa z 16-letniej profesjonalnej fabryki opakowa\u0144, bez r\u00f3\u017cnicy w cenie po\u015brednika i obs\u0142uga dostosowywania ma\u0142ych partii.<\/li>\n<\/ul>","protected":false},"featured_media":9241,"template":"","meta":[],"product_brand":[],"product_cat":[30,427,414,31],"product_tag":[1116,897,1115],"class_list":{"0":"post-9239","1":"product","2":"type-product","3":"status-publish","4":"has-post-thumbnail","6":"product_cat-by-industry","7":"product_cat-collapsible-gift-boxes","8":"product_cat-custom-apparel-boxes","9":"product_cat-paper-box-style","10":"product_tag-apparel-gift-boxes","11":"product_tag-custom-boxes-wholesale","12":"product_tag-garment-gift-boxes","14":"first","15":"instock","16":"shipping-taxable","17":"product-type-simple"},"_links":{"self":[{"href":"https:\/\/zojopackaging.com\/pl\/wp-json\/wp\/v2\/product\/9239","targetHints":{"allow":["GET"]}}],"collection":[{"href":"https:\/\/zojopackaging.com\/pl\/wp-json\/wp\/v2\/product"}],"about":[{"href":"https:\/\/zojopackaging.com\/pl\/wp-json\/wp\/v2\/types\/product"}],"version-history":[{"count":1,"href":"https:\/\/zojopackaging.com\/pl\/wp-json\/wp\/v2\/product\/9239\/revisions"}],"predecessor-version":[{"id":9247,"href":"https:\/\/zojopackaging.com\/pl\/wp-json\/wp\/v2\/product\/9239\/revisions\/9247"}],"wp:featuredmedia":[{"embeddable":true,"href":"https:\/\/zojopackaging.com\/pl\/wp-json\/wp\/v2\/media\/9241"}],"wp:attachment":[{"href":"https:\/\/zojopackaging.com\/pl\/wp-json\/wp\/v2\/media?parent=9239"}],"wp:term":[{"taxonomy":"product_brand","embeddable":true,"href":"https:\/\/zojopackaging.com\/pl\/wp-json\/wp\/v2\/product_brand?post=9239"},{"taxonomy":"product_cat","embeddable":true,"href":"https:\/\/zojopackaging.com\/pl\/wp-json\/wp\/v2\/product_cat?post=9239"},{"taxonomy":"product_tag","embeddable":true,"href":"https:\/\/zojopackaging.com\/pl\/wp-json\/wp\/v2\/product_tag?post=9239"}],"curies":[{"name":"wp","href":"https:\/\/api.w.org\/{rel}","templated":true}]}}