{"id":9246,"date":"2025-04-01T18:03:26","date_gmt":"2025-04-01T10:03:26","guid":{"rendered":"https:\/\/zojopackaging.com\/?post_type=product&#038;p=9246"},"modified":"2025-04-01T18:17:59","modified_gmt":"2025-04-01T10:17:59","slug":"manufacture-black-perfume-folding-cardboard-box-fast-delievery","status":"publish","type":"product","link":"https:\/\/zojopackaging.com\/pl\/product\/manufacture-black-perfume-folding-cardboard-box-fast-delievery\/","title":{"rendered":"Produkcja czarnych perfum Sk\u0142adane pude\u0142ko kartonowe Szybka dostawa"},"content":{"rendered":"<h3 id=\"1-350g-400g-white-card-material-smooth-touch-and-long-term-preservation-\">1.\u00a0<strong>350g-400g bia\u0142y materia\u0142 kartonowy: g\u0142adki w dotyku i d\u0142ugotrwa\u0142a konserwacja<\/strong><\/h3>\n<p>Wybierany jest importowany bia\u0142y papier kartonowy (wersja podstawowa 350 g \/ wersja ulepszona 400 g) o g\u0142adko\u015bci powierzchni 85\u00b0 i jedwabistym dotyku. Papier posiada certyfikat ISO 9001, a jego wilgotno\u015b\u0107 jest \u015bci\u015ble kontrolowana na poziomie 5%\u00b11%, aby zapewni\u0107 d\u0142ugotrwa\u0142\u0105 ochron\u0119 bez deformacji. W por\u00f3wnaniu ze zwyk\u0142ym szarym papierem kartonowym, przyczepno\u015b\u0107 tuszu bia\u0142ego papieru kartonowego jest zwi\u0119kszona o 40%, a wydrukowany kolor jest trwalszy.<\/p>\n<h3 id=\"2-minimalist-double-insert-card-box-shape-classic-design-and-multi-functional-adaptation-\">2.\u00a0<strong>Minimalistyczne pude\u0142ko na karty z podw\u00f3jn\u0105 wk\u0142adk\u0105: klasyczny design i wielofunkcyjna adaptacja<\/strong><\/h3>\n<p>Przyjmuj\u0105c konstrukcj\u0119 skrzynki tarczowej (samoblokuj\u0105ce dno na dole), pokrywa skrzynki jest po\u0142\u0105czona z tyln\u0105 p\u0142yt\u0105 zgodnie z ergonomi\u0105, a k\u0105t otwarcia z prawej strony jest zoptymalizowany do 115 \u00b0. Dzi\u0119ki modu\u0142owej konstrukcji sk\u0142adanej linii nadaje si\u0119 do pe\u0142nego zakresu butelek perfum od 30 ml do 100 ml, a korpus butelki jest zawieszony na \u015brodku, aby zmniejszy\u0107 ryzyko kolizji podczas transportu. Zmierzona wytrzyma\u0142o\u015b\u0107 na \u015bciskanie wynosi 1500N\/m\u00b2 i mo\u017ce wytrzyma\u0107 test upadku z wysoko\u015bci 1,2 metra.<\/p>\n<h3 id=\"3-black-and-gold-contrasting-technology-visual-impact-and-light-luxury-aesthetics-\">3.\u00a0<strong>Technologia kontrastu czerni i z\u0142ota: efekt wizualny i lekka, luksusowa estetyka<\/strong><\/h3>\n<p>Cz\u0119\u015bciowy druk UV w po\u0142\u0105czeniu z tr\u00f3jwymiarow\u0105 technologi\u0105 reliefow\u0105 tworzy tekstur\u0119 o r\u00f3\u017cnicy wysoko\u015bci 0,1 mm na czarnym pod\u0142o\u017cu, a metalowa tekstura przedstawia dynamiczne \u015bwiat\u0142o i cie\u0144 jak rozgwie\u017cd\u017cone niebo. Dopasowanie kolor\u00f3w czarnego i z\u0142otego przesz\u0142o test psychologii kolor\u00f3w FPA, przekazuj\u0105c poczucie tajemniczego luksusu i zwi\u0119kszaj\u0105c wska\u017anik premii produktu o 32%.<\/p>\n<h3 id=\"4-heidelberg-four-color-printing-accurate-color-reproduction-\">4.\u00a0<strong>Czterokolorowy druk Heidelberg: dok\u0142adne odwzorowanie kolor\u00f3w<\/strong><\/h3>\n<p>Dzi\u0119ki zastosowaniu technologii druku czterokolorowego CMYK, zarz\u0105dzanie kolorami ICC zapewnia, \u017ce r\u00f3\u017cnica kolor\u00f3w \u0394E&lt;0,5, a stopie\u0144 pokrycia tuszem jest zoptymalizowany specjalnie dla czarnych pod\u0142o\u017cy, aby unikn\u0105\u0107 problem\u00f3w z penetracj\u0105 tuszu. Obs\u0142uguje dopasowywanie kart kolor\u00f3w Pantone w celu dok\u0142adnego odtworzenia koloru marki VI.<\/p>\n<h3 id=\"5-customized-brand-logo-strengthen-user-memory-points-\">5.\u00a0<strong>Dostosowane logo marki: Wzmocnienie punkt\u00f3w pami\u0119ci u\u017cytkownika<\/strong><\/h3>\n<p>Zapewnia opcje podw\u00f3jnego procesu t\u0142oczenia na gor\u0105co \/ srebrzenia na gor\u0105co, a pozycja LOGO obs\u0142uguje projekt podw\u00f3jnej pozycji wy\u015bwietlacza na panelu przednim \/ tylnym. Luksusowa marka zwi\u0119kszy\u0142a rozpoznawalno\u015b\u0107 marki o 45% i wska\u017anik odkupu o 28% dzi\u0119ki temu rozwi\u0105zaniu.<\/p>\n<h3 id=\"6-replaceable-lining-system-smart-packaging-upgrade-\">6.\u00a0<strong>System wymiennych ok\u0142adzin: inteligentna modernizacja opakowania<\/strong><\/h3>\n<p>Ok\u0142adzina wykorzystuje przyjazny dla \u015brodowiska papier falisty jako papierow\u0105 kart\u0119 wewn\u0119trzn\u0105, kt\u00f3ra umo\u017cliwia szybki demonta\u017c i wymian\u0119. Dost\u0119pnych jest 5 rozwi\u0105za\u0144 adaptacyjnych: -\u00a0<strong>Podstawowy model odporny na wstrz\u0105sy<\/strong>zdany test ISTA 2A -\u00a0<strong>Model wy\u015bwietlacza<\/strong>: przezroczyste okno akrylowe -\u00a0<strong>Model przyjazny dla \u015brodowiska i nadaj\u0105cy si\u0119 do recyklingu<\/strong>podszewka z w\u0142\u00f3kna ro\u015blinnego -\u00a0<strong>Dostosowany model LOGO<\/strong>historia marki grawerowania laserowego<\/p>\n<h3 id=\"7-fast-delivery-system-full-link-production-guarantee-\">7.\u00a0<strong>System szybkiej dostawy: gwarancja pe\u0142nej produkcji<\/strong><\/h3>\n<p>Poleganie na znormalizowanych procesach produkcyjnych:<\/p>\n<ol>\n<li>Modelowanie 3D i symulacja strukturalna (b\u0142\u0105d &lt;0,1 mm)<\/li>\n<li>8 proofing\u00f3w tygodniowo (wsparcie optymalizacji \u015blepych test\u00f3w)<\/li>\n<li>Dedykowana linia produkcyjna maszyny drukarskiej Heidelberg<\/li>\n<li>System kontroli jako\u015bci ISO 9001 Ca\u0142y proces od renderowania do masowej produkcji mo\u017cna zako\u0144czy\u0107 w ci\u0105gu zaledwie 7 dni, przy \u015bredniej dziennej zdolno\u015bci produkcyjnej 120 000+, wspieraj\u0105c standardy logistyczne Amazon FBA \/ EURAMID.<\/li>\n<\/ol>","protected":false},"excerpt":{"rendered":"<p>ZOJO Print zapewnia markom perfumeryjnym kompleksowe rozwi\u0105zanie od koncepcji do terminala dzi\u0119ki tr\u00f3jwymiarowym ulepszeniom w zakresie innowacji materia\u0142owych (technologia white card touch + black gold), in\u017cynierii strukturalnej (podw\u00f3jna odporno\u015b\u0107 na \u015bciskanie kart) i inteligentnej produkcji (szybki proofing). Dzienna zdolno\u015b\u0107 produkcyjna wynosz\u0105ca ponad 120 000 sztuk i system certyfikacji \u015brodowiskowej ISO 14001 mog\u0105 zaspokoi\u0107 potrzeby dostosowywania marek rozpoczynaj\u0105cych dzia\u0142alno\u015b\u0107 do mi\u0119dzynarodowych marek, pomagaj\u0105c klientom w osi\u0105gni\u0119ciu zr\u00f3\u017cnicowanej konkurencyjno\u015bci na rynku terminali.<\/p>","protected":false},"featured_media":9260,"template":"","meta":[],"product_brand":[],"product_cat":[30,417,430,31],"product_tag":[1117,1118,1119],"class_list":{"0":"post-9246","1":"product","2":"type-product","3":"status-publish","4":"has-post-thumbnail","6":"product_cat-by-industry","7":"product_cat-custom-perfume-boxes-by-industry","8":"product_cat-folding-cartons","9":"product_cat-paper-box-style","10":"product_tag-black-perfume-folding-cardboard-box","11":"product_tag-folding-cardboard-box-fast-delievery","12":"product_tag-manufacture-box","14":"first","15":"instock","16":"shipping-taxable","17":"product-type-grouped"},"_links":{"self":[{"href":"https:\/\/zojopackaging.com\/pl\/wp-json\/wp\/v2\/product\/9246","targetHints":{"allow":["GET"]}}],"collection":[{"href":"https:\/\/zojopackaging.com\/pl\/wp-json\/wp\/v2\/product"}],"about":[{"href":"https:\/\/zojopackaging.com\/pl\/wp-json\/wp\/v2\/types\/product"}],"version-history":[{"count":1,"href":"https:\/\/zojopackaging.com\/pl\/wp-json\/wp\/v2\/product\/9246\/revisions"}],"predecessor-version":[{"id":9261,"href":"https:\/\/zojopackaging.com\/pl\/wp-json\/wp\/v2\/product\/9246\/revisions\/9261"}],"wp:featuredmedia":[{"embeddable":true,"href":"https:\/\/zojopackaging.com\/pl\/wp-json\/wp\/v2\/media\/9260"}],"wp:attachment":[{"href":"https:\/\/zojopackaging.com\/pl\/wp-json\/wp\/v2\/media?parent=9246"}],"wp:term":[{"taxonomy":"product_brand","embeddable":true,"href":"https:\/\/zojopackaging.com\/pl\/wp-json\/wp\/v2\/product_brand?post=9246"},{"taxonomy":"product_cat","embeddable":true,"href":"https:\/\/zojopackaging.com\/pl\/wp-json\/wp\/v2\/product_cat?post=9246"},{"taxonomy":"product_tag","embeddable":true,"href":"https:\/\/zojopackaging.com\/pl\/wp-json\/wp\/v2\/product_tag?post=9246"}],"curies":[{"name":"wp","href":"https:\/\/api.w.org\/{rel}","templated":true}]}}