{"id":9248,"date":"2025-04-01T18:03:53","date_gmt":"2025-04-01T10:03:53","guid":{"rendered":"https:\/\/zojopackaging.com\/?post_type=product&#038;p=9248"},"modified":"2025-04-01T18:19:04","modified_gmt":"2025-04-01T10:19:04","slug":"custom-printed-keyboard-packaging-rigid-boxes-wholesale","status":"publish","type":"product","link":"https:\/\/zojopackaging.com\/pl\/product\/custom-printed-keyboard-packaging-rigid-boxes-wholesale\/","title":{"rendered":"Niestandardowe drukowane opakowania na klawiatury Sztywne pude\u0142ka hurtowe"},"content":{"rendered":"<h2 id=\"-i-design-concept-and-core-advantages-\"><strong>1. Koncepcja projektu i podstawowe zalety<\/strong><\/h2>\n<ol>\n<li><strong>Prosty, estetyczny design<\/strong>\u00a0To twarde pude\u0142ko na klawiatur\u0119 przyjmuje minimalistyczny design, z czyst\u0105 baz\u0105 kolor\u00f3w (tak\u0105 jak czarny, bia\u0142y i szary) i prostymi liniami, co pasuje do g\u0142\u00f3wnego nurtu opakowa\u0144 produkt\u00f3w elektronicznych. Elementy wizualne powierzchni pude\u0142ka s\u0105 zgodne z zasad\u0105 \"mniej znaczy wi\u0119cej\" i przekazuj\u0105 poczucie technologii za pomoc\u0105 czcionek bezszeryfowych i figur geometrycznych, co jest zgodne z wysokiej klasy j\u0119zykiem projektowania opakowa\u0144 marek takich jak Apple i Dyson.<\/li>\n<li><strong>Precyzyjnie dostosowana struktura ok\u0142adziny<\/strong>\u00a0Wy\u015bci\u00f3\u0142ka jest dostosowana do konturu klawiatury, wykorzystuj\u0105c technologi\u0119 EVA o wysokiej g\u0119sto\u015bci lub tac\u0119 blistrow\u0105, \u015bci\u015ble dopasowuj\u0105c si\u0119 do r\u00f3\u017cnych form, takich jak klawiatury mechaniczne i klawiatury membranowe, i skutecznie buforuj\u0105c wibracje transportowe. Wewn\u0119trzna przegroda mo\u017ce przymocowa\u0107 klawisze i przewody, aby unikn\u0105\u0107 zadrapa\u0144, a mo\u017cliwo\u015b\u0107 dostosowania jest lepsza ni\u017c w przypadku og\u00f3lnego opakowania.<\/li>\n<li><strong>Precyzyjne drukowanie i wy\u015bwietlanie marki<\/strong>\u00a0Powierzchnia pude\u0142ka wykorzystuje papier powlekany 157 GSM w po\u0142\u0105czeniu z technologi\u0105 druku offsetowego, aby zaprezentowa\u0107 wysokiej rozdzielczo\u015bci obrazy klawiatury i LOGO marki. Informacje tekstowe (takie jak parametry produktu, slogany marki) s\u0105 wyr\u00f3\u017cniane za pomoc\u0105 technologii t\u0142oczenia na gor\u0105co \/ lokalnego lakierowania UV w celu wzmocnienia efektu reklamowego. Obs\u0142uguje druk w pe\u0142nym kolorze, kontrol\u0119 r\u00f3\u017cnicy kolor\u00f3w \u22645%, zapewniaj\u0105c sp\u00f3jno\u015b\u0107 wizualn\u0105.<\/li>\n<\/ol>\n<h2 id=\"-second-structure-and-material-details-\"><strong>2. Struktura i szczeg\u00f3\u0142y materia\u0142owe<\/strong><\/h2>\n<ol>\n<li><strong>Humanizowana konstrukcja g\u00f3rnej i dolnej pokrywy<\/strong>\u00a0Opakowanie ma g\u00f3rn\u0105 i doln\u0105 pokryw\u0119, a kraw\u0119d\u017a pokrywy jest wyposa\u017cona w rowek w kszta\u0142cie \u0142uku. T\u0142umienie otwierania i zamykania jest umiarkowane, a produkt mo\u017cna \u0142atwo wyj\u0105\u0107 i umie\u015bci\u0107 jedn\u0105 r\u0119k\u0105, spe\u0142niaj\u0105c jednocze\u015bnie potrzeby ekspozycyjne. B\u0142\u0105d g\u0142\u0119boko\u015bci wewn\u0119trznej pude\u0142ka wynosi \u22640,2 mm, aby zapewni\u0107 szczelno\u015b\u0107 zamkni\u0119cia.<\/li>\n<li><strong>Po\u0142\u0105czenie materia\u0142\u00f3w o wysokiej wytrzyma\u0142o\u015bci<\/strong><\/li>\n<li><strong>Pude\u0142ko zewn\u0119trzne<\/strong>: Szara tektura 1200 GSM, wytrzyma\u0142o\u015b\u0107 na \u015bciskanie \u226550 kg, no\u015bno\u015b\u0107 jest 3 razy lepsza ni\u017c w przypadku zwyk\u0142ych pude\u0142 z tektury falistej.<\/li>\n<li><strong>Powierzchnia<\/strong>: Papier powlekany 157 GSM pokryty matow\u0105 foli\u0105, delikatny w dotyku i odporny na odciski palc\u00f3w, wsp\u00f3\u0142czynnik pokrycia gamy kolor\u00f3w druku osi\u0105ga 98%.<\/li>\n<li><strong>Ochrona \u015brodowiska<\/strong>: Materia\u0142 posiada certyfikat FSC, obs\u0142uguje opcje degradowalne i jest zgodny z europejskimi i ameryka\u0144skimi przepisami dotycz\u0105cymi ochrony \u015brodowiska.<\/li>\n<\/ol>\n<h2 id=\"-iii-production-and-service-guarantee-\"><strong>3. Gwarancja produkcji i serwisu<\/strong><\/h2>\n<ol>\n<li><strong>16-letnia wytrzyma\u0142o\u015b\u0107 fabryczna \u017ar\u00f3d\u0142a<\/strong>\u00a0Opieraj\u0105c si\u0119 na 15 latach profesjonalnego do\u015bwiadczenia w produkcji opakowa\u0144 w Guangdong w Chinach, fabryka jest wyposa\u017cona w pe\u0142ni automatyczne maszyny do sztancowania, precyzyjny sprz\u0119t do grawerowania CNC i system zarz\u0105dzania jako\u015bci\u0105 ISO, o rocznej zdolno\u015bci produkcyjnej ponad 5 milion\u00f3w sztuk, a cena jednostkowa jest 20%-30% ni\u017csza ni\u017c podobne produkty na rynku. Obs\u0142uguje minimalne zam\u00f3wienie 1000 sztuk, 7-10 dni na dostaw\u0119 i wska\u017anik wydajno\u015bci \u226599%.<\/li>\n<li><strong>Kompleksowe rozwi\u0105zanie dla handlu zagranicznego<\/strong><\/li>\n<li><strong>Wsparcie projektowe<\/strong>: Zapewnienie bezp\u0142atnego proofingu renderingu 3D, uko\u0144czenie modyfikacji projektu w ci\u0105gu 72 godzin i zgodno\u015b\u0107 ze specyfikacjami wizualnymi platform takich jak Amazon i eBay.<\/li>\n<li><strong>Od produkcji do logistyki<\/strong>: Integracja \u0142a\u0144cucha dostaw w Shenzhen i Dongguan, obs\u0142uga mi\u0119dzynarodowego transportu DDP\/DAP oraz dostarczanie dokument\u00f3w certyfikacyjnych CE i RoHS.<\/li>\n<li><strong>Us\u0142uga dostosowana do potrzeb klienta<\/strong>: T\u0142oczenie na gor\u0105co LOGO, r\u0119czne osadzanie w wielu j\u0119zykach, etykiety zapobiegaj\u0105ce podrabianiu i inne us\u0142ugi o warto\u015bci dodanej s\u0105 opcjonalne, aby zaspokoi\u0107 zr\u00f3\u017cnicowane potrzeby transgranicznego handlu elektronicznego.<\/li>\n<\/ol>\n<h2 id=\"-cooperation-process-\"><strong>Proces wsp\u00f3\u0142pracy<\/strong>:<\/h2>\n<ol>\n<li><strong>Komunikacja na \u017c\u0105danie<\/strong>: Dostarczy\u0107 schemat rozmiaru klawiatury lub wys\u0142a\u0107 pr\u00f3bki w celu potwierdzenia struktury podszewki i typu pude\u0142ka.<\/li>\n<li><strong>Potwierdzenie projektu<\/strong>: Wydrukowany projekt w ci\u0105gu 3 dni roboczych, obs\u0142uga 5 bezp\u0142atnych modyfikacji.<\/li>\n<li><strong>Produkcja masowa<\/strong>: U\u017cywaj niemieckiej maszyny drukarskiej Heidelberg, pe\u0142nej kontroli jako\u015bci i kontroli.<\/li>\n<li><strong>Dostawa globalna<\/strong>: Nasz w\u0142asny zesp\u00f3\u0142 logistyczny wsp\u00f3\u0142pracuje z FedEx\/DHL i dociera bezpo\u015brednio do g\u0142\u00f3wnych port\u00f3w w Europie i Stanach Zjednoczonych w ci\u0105gu 15 dni.<\/li>\n<\/ol>\n<h2 id=\"-consult-now-\"><strong>Skonsultuj si\u0119 teraz<\/strong>:<\/h2>\n<ul>\n<li><strong>Zalety<\/strong>: 16 lat zatwierdzania jako\u015bci, specjalne dostawy dla handlu zagranicznego, zerowy pr\u00f3g minimalnej ilo\u015bci zam\u00f3wienia.<\/li>\n<li><strong>Zaanga\u017cowanie<\/strong>: Wady spowodowane problemami materia\u0142owymi lub procesowymi wymagaj\u0105 pe\u0142nej przer\u00f3bki lub zwrotu pieni\u0119dzy.<\/li>\n<\/ul>\n<h2 id=\"-applicable-scenarios-\"><strong>Obowi\u0105zuj\u0105ce scenariusze<\/strong>:<\/h2>\n<ul>\n<li>Klawiatura mechaniczna, dostosowanie marki urz\u0105dze\u0144 peryferyjnych do e-sportu<\/li>\n<li>Transgraniczny handel elektroniczny (opakowania zgodne z Amazon FBA)<\/li>\n<li>Zestawy upominkowe, limitowana edycja produkt\u00f3w, wysokiej klasy pude\u0142ka upominkowe<\/li>\n<\/ul>\n<h2 id=\"-technical-parameters-\"><strong>Parametry techniczne<\/strong>:<\/h2>\n<table>\n<thead>\n<tr>\n<th>Projekt<\/th>\n<th>Specyfikacje<\/th>\n<\/tr>\n<\/thead>\n<tbody>\n<tr>\n<td>Materia\u0142<\/td>\n<td>Szara tektura 1200 GSM + papier powlekany 157 GSM<\/td>\n<\/tr>\n<tr>\n<td>Proces drukowania<\/td>\n<td>Druk offsetowy \/ sitodruk, opcjonalnie t\u0142oczenie na gor\u0105co \/ UV \/ wyt\u0142aczanie<\/td>\n<\/tr>\n<tr>\n<td>Typ ok\u0142adziny<\/td>\n<td>Personalizacja EVA\/tacka blistrowa\/bawe\u0142na per\u0142owa<\/td>\n<\/tr>\n<tr>\n<td>Minimalna ilo\u015b\u0107 zam\u00f3wienia<\/td>\n<td>500 sztuk<\/td>\n<\/tr>\n<tr>\n<td>Cykl dostawy<\/td>\n<td>7-15 dni (w zale\u017cno\u015bci od z\u0142o\u017cono\u015bci)<\/td>\n<\/tr>\n<\/tbody>\n<\/table>","protected":false},"excerpt":{"rendered":"<p><strong>Ochrona Premium<\/strong>: Wytrzyma\u0142y karton chroni klawiatur\u0119 przed uderzeniami podczas transportu.<br \/>\n<strong>Projekt gotowy do brandingu<\/strong>: Niestandardowe logo, kolory i tekst zwi\u0119kszaj\u0105 widoczno\u015b\u0107 produktu.<br \/>\n<strong>Wydajno\u015b\u0107 zam\u00f3wie\u0144 zbiorczych<\/strong>: Idealny dla partner\u00f3w hurtowych i marek o du\u017cym wolumenie.<\/p>","protected":false},"featured_media":9249,"template":"","meta":[],"product_brand":[],"product_cat":[30,413,425,31],"product_tag":[1120,1121,1122],"class_list":{"0":"post-9248","1":"product","2":"type-product","3":"status-publish","4":"has-post-thumbnail","6":"product_cat-by-industry","7":"product_cat-consumer-electronics-boxes","8":"product_cat-lid-and-base-gift-box","9":"product_cat-paper-box-style","10":"product_tag-custom-keyboard-boxes","11":"product_tag-keyboard-packaging-rigid-boxes","12":"product_tag-keyboard-packaging-wholesale","14":"first","15":"instock","16":"shipping-taxable","17":"product-type-simple"},"_links":{"self":[{"href":"https:\/\/zojopackaging.com\/pl\/wp-json\/wp\/v2\/product\/9248","targetHints":{"allow":["GET"]}}],"collection":[{"href":"https:\/\/zojopackaging.com\/pl\/wp-json\/wp\/v2\/product"}],"about":[{"href":"https:\/\/zojopackaging.com\/pl\/wp-json\/wp\/v2\/types\/product"}],"version-history":[{"count":1,"href":"https:\/\/zojopackaging.com\/pl\/wp-json\/wp\/v2\/product\/9248\/revisions"}],"predecessor-version":[{"id":9263,"href":"https:\/\/zojopackaging.com\/pl\/wp-json\/wp\/v2\/product\/9248\/revisions\/9263"}],"wp:featuredmedia":[{"embeddable":true,"href":"https:\/\/zojopackaging.com\/pl\/wp-json\/wp\/v2\/media\/9249"}],"wp:attachment":[{"href":"https:\/\/zojopackaging.com\/pl\/wp-json\/wp\/v2\/media?parent=9248"}],"wp:term":[{"taxonomy":"product_brand","embeddable":true,"href":"https:\/\/zojopackaging.com\/pl\/wp-json\/wp\/v2\/product_brand?post=9248"},{"taxonomy":"product_cat","embeddable":true,"href":"https:\/\/zojopackaging.com\/pl\/wp-json\/wp\/v2\/product_cat?post=9248"},{"taxonomy":"product_tag","embeddable":true,"href":"https:\/\/zojopackaging.com\/pl\/wp-json\/wp\/v2\/product_tag?post=9248"}],"curies":[{"name":"wp","href":"https:\/\/api.w.org\/{rel}","templated":true}]}}