{"id":9262,"date":"2025-04-01T18:18:10","date_gmt":"2025-04-01T10:18:10","guid":{"rendered":"https:\/\/zojopackaging.com\/?post_type=product&#038;p=9262"},"modified":"2025-04-01T18:35:59","modified_gmt":"2025-04-01T10:35:59","slug":"custom-logo-cardboard-box-50ml-perfume-packaging-boxes-manufacturer","status":"publish","type":"product","link":"https:\/\/zojopackaging.com\/pl\/product\/custom-logo-cardboard-box-50ml-perfume-packaging-boxes-manufacturer\/","title":{"rendered":"Niestandardowe logo Pude\u0142ko kartonowe 50ML Pude\u0142ka do pakowania perfum Producent"},"content":{"rendered":"<h3 id=\"1-350g-400g-high-quality-white-card-material-high-end-and-easy-to-store-\">1.\u00a0<strong>350g-400g wysokiej jako\u015bci bia\u0142y materia\u0142 kartonowy: wysokiej jako\u015bci i \u0142atwy do przechowywania<\/strong><\/h3>\n<p>Pude\u0142ko na perfumy wykorzystuje wysokiej jako\u015bci papier kartonowy. Dzi\u0119ki maszynie drukarskiej Heidelberg og\u00f3lny kolor pude\u0142ka na karty jest ol\u015bniewaj\u0105cy i ol\u015bniewaj\u0105cy, co mo\u017ce lepiej podkre\u015bli\u0107 luksusowy urok i styl produkt\u00f3w klienta.<\/p>\n<h3 id=\"2-minimalist-double-insert-card-box-shape-convenient-operation-and-protection-function-coexist-\">2.\u00a0<strong>Minimalistyczny kszta\u0142t podw\u00f3jnego pude\u0142ka na karty: wygodna obs\u0142uga i funkcja ochronna wsp\u00f3\u0142istniej\u0105 ze sob\u0105<\/strong><\/h3>\n<p>Dzi\u0119ki zastosowaniu wygodnego pude\u0142ka z podw\u00f3jn\u0105 wk\u0142adk\u0105, obs\u0142uga jest \u0142atwa i swobodna, a wyj\u0105tkowy uk\u0142ad wewn\u0119trznych perfum jest natychmiast wy\u015bwietlany.<\/p>\n<h3 id=\"3-customizable-size-design-exclusivity-and-light-luxury-aesthetics-\">3.\u00a0<strong>Mo\u017cliwo\u015b\u0107 dostosowania rozmiaru: ekskluzywne wzornictwo i lekka, luksusowa estetyka<\/strong><\/h3>\n<p>Obs\u0142uguje r\u00f3\u017cne rozmiary i dostosowanie procesu, doskonale integruj\u0105c cechy marki produktu i koncepcje projektowe.<\/p>\n<h3 id=\"4-perfect-structure-protect-perfume-\">4.\u00a0<strong>Doskona\u0142a struktura: ochrona perfum<\/strong><\/h3>\n<p>Pude\u0142ko na perfumy ma struktur\u0119 klamry, aby zapewni\u0107 stabilno\u015b\u0107 i bezpiecze\u0144stwo butelki perfum i unikn\u0105\u0107 przypadkowego po\u015blizgni\u0119cia si\u0119 podczas jej przenoszenia.<\/p>\n<h3 id=\"5-customized-brand-logo-strengthen-user-memory-points-\">5.\u00a0<strong>Dostosowane logo marki: Wzmocnienie punkt\u00f3w pami\u0119ci u\u017cytkownika<\/strong><\/h3>\n<p>Zapewnia opcje podw\u00f3jnego procesu t\u0142oczenia na gor\u0105co \/ srebrzenia na gor\u0105co, a pozycja LOGO obs\u0142uguje projekt podw\u00f3jnej pozycji wy\u015bwietlania z przodu \/ z ty\u0142u. Dzi\u0119ki temu rozwi\u0105zaniu luksusowa marka zwi\u0119kszy\u0142a swoj\u0105 rozpoznawalno\u015b\u0107 o 45% i wska\u017anik odkupu o 28%.<\/p>\n<h3 id=\"6-replaceable-lining-system-smart-packaging-upgrade-\">6.\u00a0<strong>System wymiennych ok\u0142adzin: inteligentna modernizacja opakowania<\/strong><\/h3>\n<p>Podszewk\u0119 mo\u017cna dostosowa\u0107 do indywidualnych potrzeb i wybra\u0107 materia\u0142, kt\u00f3ry pasuje do stylu perfum.<\/p>\n<h3 id=\"7-professional-self-owned-factory-double-guarantee-of-quality-and-service-\">7.\u00a0<strong>Profesjonalna w\u0142asna fabryka: podw\u00f3jna gwarancja jako\u015bci i obs\u0142ugi<\/strong><\/h3>\n<p>16-letnia fabryka druku i opakowa\u0144 zajmuje powierzchni\u0119 5 320 metr\u00f3w kwadratowych. Dzi\u0119ki doskona\u0142ej jako\u015bci i przyst\u0119pnym cenom zdoby\u0142a szerokie zaufanie i uznanie na zagranicznym rynku opakowa\u0144.<\/p>","protected":false},"excerpt":{"rendered":"<p>ZOJO Print zapewnia markom perfumeryjnym kompleksowe rozwi\u0105zanie od koncepcji do terminala poprzez tr\u00f3jwymiarowe ulepszenia innowacji materia\u0142owych (bia\u0142a karta dotykowa + proces czarnego z\u0142ota), in\u017cynierii strukturalnej (podw\u00f3jna odporno\u015b\u0107 na \u015bciskanie kart) i inteligentnej produkcji (szybki proofing).<\/p>","protected":false},"featured_media":9273,"template":"","meta":[],"product_brand":[],"product_cat":[30,417,430,31],"product_tag":[1124,1123],"class_list":{"0":"post-9262","1":"product","2":"type-product","3":"status-publish","4":"has-post-thumbnail","6":"product_cat-by-industry","7":"product_cat-custom-perfume-boxes-by-industry","8":"product_cat-folding-cartons","9":"product_cat-paper-box-style","10":"product_tag-box-50ml-perfume","11":"product_tag-custom-logo-cardboard-box","13":"first","14":"instock","15":"shipping-taxable","16":"product-type-grouped"},"_links":{"self":[{"href":"https:\/\/zojopackaging.com\/pl\/wp-json\/wp\/v2\/product\/9262","targetHints":{"allow":["GET"]}}],"collection":[{"href":"https:\/\/zojopackaging.com\/pl\/wp-json\/wp\/v2\/product"}],"about":[{"href":"https:\/\/zojopackaging.com\/pl\/wp-json\/wp\/v2\/types\/product"}],"version-history":[{"count":1,"href":"https:\/\/zojopackaging.com\/pl\/wp-json\/wp\/v2\/product\/9262\/revisions"}],"predecessor-version":[{"id":9277,"href":"https:\/\/zojopackaging.com\/pl\/wp-json\/wp\/v2\/product\/9262\/revisions\/9277"}],"wp:featuredmedia":[{"embeddable":true,"href":"https:\/\/zojopackaging.com\/pl\/wp-json\/wp\/v2\/media\/9273"}],"wp:attachment":[{"href":"https:\/\/zojopackaging.com\/pl\/wp-json\/wp\/v2\/media?parent=9262"}],"wp:term":[{"taxonomy":"product_brand","embeddable":true,"href":"https:\/\/zojopackaging.com\/pl\/wp-json\/wp\/v2\/product_brand?post=9262"},{"taxonomy":"product_cat","embeddable":true,"href":"https:\/\/zojopackaging.com\/pl\/wp-json\/wp\/v2\/product_cat?post=9262"},{"taxonomy":"product_tag","embeddable":true,"href":"https:\/\/zojopackaging.com\/pl\/wp-json\/wp\/v2\/product_tag?post=9262"}],"curies":[{"name":"wp","href":"https:\/\/api.w.org\/{rel}","templated":true}]}}