{"id":9264,"date":"2025-04-01T18:19:44","date_gmt":"2025-04-01T10:19:44","guid":{"rendered":"https:\/\/zojopackaging.com\/?post_type=product&#038;p=9264"},"modified":"2025-04-01T19:45:19","modified_gmt":"2025-04-01T11:45:19","slug":"get-quality-custom-cosmetic-skincare-beauty-boxes-wholesale","status":"publish","type":"product","link":"https:\/\/zojopackaging.com\/pl\/product\/get-quality-custom-cosmetic-skincare-beauty-boxes-wholesale\/","title":{"rendered":"Uzyskaj wysokiej jako\u015bci niestandardowe kosmetyczne pude\u0142ka do piel\u0119gnacji sk\u00f3ry hurtowo"},"content":{"rendered":"<h2 id=\"-i-ingenious-design-dual-interpretation-of-aesthetics-and-function-\"><strong>1. Pomys\u0142owy projekt: podw\u00f3jna interpretacja estetyki i funkcji<\/strong><\/h2>\n<ol>\n<li><strong>Ulepszenie stylu wizualnego<\/strong><\/li>\n<li>Logo marki zosta\u0142o stworzone przez\u00a0<strong>Bia\u0142e paski dekoracyjne i z\u0142ota technologia t\u0142oczenia na gor\u0105co<\/strong>Minimalistyczne linie i metalowa tekstura zderzaj\u0105 si\u0119 ze sob\u0105, przekazuj\u0105c koncepcj\u0119 lekkiej, luksusowej estetyki. Powierzchnia pude\u0142ka wykonana jest z przyjaznych dla \u015brodowiska materia\u0142\u00f3w na bazie papieru, z matow\u0105 technologi\u0105 laminowania, kt\u00f3ra jest delikatna i odporna na zu\u017cycie oraz pasuje do \"czystego i naturalnego\" tonu wysokiej klasy produkt\u00f3w do piel\u0119gnacji sk\u00f3ry.<\/li>\n<li><strong>Wzory i teksty t\u0142oczone z\u0142otem<\/strong>\u00a0mo\u017cna dostosowa\u0107 do potrzeb marki, wspieraj\u0105c wyt\u0142aczanie, lokalne promieniowanie UV i inne procesy w celu wzmocnienia warstw wizualnych. Na przyk\u0142ad, kwiatowe t\u0142oczenie na gor\u0105co jest odpowiednie dla marek naturalnych produkt\u00f3w do piel\u0119gnacji sk\u00f3ry, podczas gdy geometryczne linie s\u0105 odpowiednie dla linii produkt\u00f3w technologicznych.<\/li>\n<li><strong>Innowacyjne pude\u0142ko z pokryw\u0105 g\u00f3rn\u0105 i doln\u0105<\/strong><\/li>\n<li>The\u00a0<strong>pokrywaj\u0105ca pod\u0142o\u017ce konstrukcja g\u00f3rnej i dolnej pokrywy<\/strong>\u00a0Pokrywa i korpus pude\u0142ka s\u0105 precyzyjnie oddzielone, a otwieranie i zamykanie s\u0105 p\u0142ynne, a wy\u015bwietlacz jest mocny. Kraw\u0119d\u017a korpusu pude\u0142ka rezerwuje 3 mm ods\u0142oni\u0119t\u0105 tali\u0119, kt\u00f3ra jest wygodna do otwierania i dodaje tr\u00f3jwymiarowego pi\u0119kna, odpowiedniego do ekspozycji wystawienniczej i terminalowych scen detalicznych.<\/li>\n<li>Wsparcie\u00a0<strong>Okr\u0105g\u0142e, wielok\u0105tne i o specjalnym kszta\u0142cie dostosowanie<\/strong>Na przyk\u0142ad sze\u015bciok\u0105tne pude\u0142ka upominkowe nadaj\u0105 si\u0119 do zestaw\u00f3w perfum, a okr\u0105g\u0142a konstrukcja pasuje do chi\u0144skich estetycznych produkt\u00f3w do piel\u0119gnacji sk\u00f3ry.<\/li>\n<\/ol>\n<h2 id=\"-second-lining-process-safety-protection-and-display-aesthetics-\"><strong>2. Proces wyk\u0142adania: ochrona bezpiecze\u0144stwa i estetyka wy\u015bwietlacza<\/strong><\/h2>\n<ol>\n<li><strong>Czarna podszewka EVA z mo\u017cliwo\u015bci\u0105 personalizacji<\/strong><\/li>\n<li>Podszewka wykonana jest z\u00a0<strong>1,5 mm czarny materia\u0142 EVA o wysokiej g\u0119sto\u015bci<\/strong>kt\u00f3ry jest formowany przez precyzyjne wykrawanie, aby idealnie przymocowa\u0107 butelkowane esencje, kremy, perfumy i inne produkty o specjalnym kszta\u0142cie, aby unikn\u0105\u0107 uszkodze\u0144 spowodowanych wibracjami transportowymi.<\/li>\n<li>Powierzchnia podszewki mo\u017ce by\u0107 pokryta aksamitnym lub jedwabnym materia\u0142em, aby zwi\u0119kszy\u0107 poczucie luksusu w dotyku; wspiera\u0107 warstwow\u0105 konstrukcj\u0119, tak\u0105 jak umieszczanie produkt\u00f3w do piel\u0119gnacji sk\u00f3ry na g\u00f3rnej warstwie i osadzanie pr\u00f3bek lub kart instrukcji na dolnej warstwie.<\/li>\n<li><strong>Modu\u0142owa rozbudowa funkcji<\/strong><\/li>\n<li>Opcjonalnie\u00a0<strong>Zdejmowana przezroczysta warstwa akrylowa<\/strong>\u00a0aby pokaza\u0107 tekstur\u0119 produktu;<\/li>\n<li>Wbudowana klamra magnetyczna lub urz\u0105dzenie do mocowania wst\u0105\u017cki, aby wzmocni\u0107 rytualny sens pude\u0142ka upominkowego, odpowiednie do \u015bwi\u0105tecznych pude\u0142ek z limitowanej edycji.<\/li>\n<\/ol>\n<h2 id=\"-three-supply-chain-advantages-one-stop-foreign-trade-service-guarantee-\"><strong>3. Zalety \u0142a\u0144cucha dostaw: gwarancja kompleksowej obs\u0142ugi handlu zagranicznego<\/strong><\/h2>\n<ol>\n<li><strong>16 lat bezpo\u015brednich dostaw z fabryki \u017ar\u00f3d\u0142owej<\/strong><\/li>\n<li>Opieraj\u0105c si\u0119 na du\u017cych zdolno\u015bciach produkcyjnych, pojedyncze zam\u00f3wienie partii mo\u017ce by\u0107 tak niskie jak\u00a0<strong>500 zestaw\u00f3w<\/strong>a cena jest 30%-50% ni\u017csza ni\u017c podobnych produkt\u00f3w na rynku. Przyj\u0119cie w pe\u0142ni automatycznej maszyny do t\u0142oczenia na gor\u0105co i sprz\u0119tu do sztancowania w celu zapewnienia dok\u0142adno\u015bci procesu i terminowo\u015bci dostaw (konwencjonalne zam\u00f3wienia s\u0105 dostarczane w ci\u0105gu 15 dni).<\/li>\n<li><strong>Pe\u0142ne wsparcie us\u0142ug procesowych<\/strong><\/li>\n<li><strong>Koniec projektu<\/strong>: Dostarczanie rozwi\u0105za\u0144 w zakresie adaptacji marki VI, od projektowania strukturalnego po implantacj\u0119 interaktywnych kod\u00f3w QR AR;<\/li>\n<li><strong>Koniec produkcji<\/strong>: Przej\u015bcie systemu certyfikacji jako\u015bci ISO, \u015bcis\u0142a kontrola szczeg\u00f3\u0142\u00f3w, takich jak gramatura papieru i r\u00f3\u017cnica w z\u0142ocie t\u0142oczonym na gor\u0105co;<\/li>\n<li><strong>Koniec logistyki<\/strong>: Dedykowany zesp\u00f3\u0142 ds. pakowania w handlu zagranicznym zosta\u0142 utworzony w celu zapewnienia odpornego na wilgo\u0107 pakowania pr\u00f3\u017cniowego i dostosowania mi\u0119dzynarodowych standardowych skrzy\u0144 transportowych w celu zmniejszenia wska\u017anika strat transgranicznych.<\/li>\n<\/ol>","protected":false},"excerpt":{"rendered":"<ul>\n<li><strong>Zestaw do salonu pi\u0119kno\u015bci<\/strong>: Nadaje si\u0119 do zestawu liofilizowanych esencji \"light medical beauty\", podszewka EVA mo\u017ce mocowa\u0107 ampu\u0142ki i narz\u0119dzia do aplikacji;<\/li>\n<li><strong>Transgraniczny handel elektroniczny<\/strong>: Zaprojektowane pude\u0142ka nadaj\u0105ce si\u0119 do recyklingu dla klient\u00f3w europejskich i ameryka\u0144skich, korpus pude\u0142ka jest przekszta\u0142cany w stojak do przechowywania, zgodnie z trendem konsumpcji przyjaznej dla \u015brodowiska.<\/li>\n<\/ul>","protected":false},"featured_media":9288,"template":"","meta":[],"product_brand":[],"product_cat":[30,390,425,31],"product_tag":[1130,1129,1128],"class_list":{"0":"post-9264","1":"product","2":"type-product","3":"status-publish","4":"has-post-thumbnail","6":"product_cat-by-industry","7":"product_cat-custom-cosmetics-boxes","8":"product_cat-lid-and-base-gift-box","9":"product_cat-paper-box-style","10":"product_tag-cosmetics-packaging","11":"product_tag-paper-cosmetic-packaging-boxes","12":"product_tag-paper-gift-box-for-cosmetics","14":"first","15":"instock","16":"shipping-taxable","17":"product-type-simple"},"_links":{"self":[{"href":"https:\/\/zojopackaging.com\/pl\/wp-json\/wp\/v2\/product\/9264","targetHints":{"allow":["GET"]}}],"collection":[{"href":"https:\/\/zojopackaging.com\/pl\/wp-json\/wp\/v2\/product"}],"about":[{"href":"https:\/\/zojopackaging.com\/pl\/wp-json\/wp\/v2\/types\/product"}],"version-history":[{"count":1,"href":"https:\/\/zojopackaging.com\/pl\/wp-json\/wp\/v2\/product\/9264\/revisions"}],"predecessor-version":[{"id":9291,"href":"https:\/\/zojopackaging.com\/pl\/wp-json\/wp\/v2\/product\/9264\/revisions\/9291"}],"wp:featuredmedia":[{"embeddable":true,"href":"https:\/\/zojopackaging.com\/pl\/wp-json\/wp\/v2\/media\/9288"}],"wp:attachment":[{"href":"https:\/\/zojopackaging.com\/pl\/wp-json\/wp\/v2\/media?parent=9264"}],"wp:term":[{"taxonomy":"product_brand","embeddable":true,"href":"https:\/\/zojopackaging.com\/pl\/wp-json\/wp\/v2\/product_brand?post=9264"},{"taxonomy":"product_cat","embeddable":true,"href":"https:\/\/zojopackaging.com\/pl\/wp-json\/wp\/v2\/product_cat?post=9264"},{"taxonomy":"product_tag","embeddable":true,"href":"https:\/\/zojopackaging.com\/pl\/wp-json\/wp\/v2\/product_tag?post=9264"}],"curies":[{"name":"wp","href":"https:\/\/api.w.org\/{rel}","templated":true}]}}