{"id":9278,"date":"2025-04-01T18:37:17","date_gmt":"2025-04-01T10:37:17","guid":{"rendered":"https:\/\/zojopackaging.com\/?post_type=product&#038;p=9278"},"modified":"2025-04-01T18:54:47","modified_gmt":"2025-04-01T10:54:47","slug":"branded-custom-gift-perfume-packaging-cardboard-box-wholesale","status":"publish","type":"product","link":"https:\/\/zojopackaging.com\/pl\/product\/branded-custom-gift-perfume-packaging-cardboard-box-wholesale\/","title":{"rendered":"Markowy niestandardowy prezent Opakowanie kartonowe na perfumy Hurtownia"},"content":{"rendered":"<h3 id=\"1-matte-paper-easy-to-print-excellent-performance-\">1.\u00a0<strong>Papier matowy, \u0142atwy do drukowania, doskona\u0142a wydajno\u015b\u0107<\/strong><\/h3>\n<p>U\u017cyj matowego papieru 400g jako materia\u0142u pude\u0142ka na perfumy, spokojnego i eleganckiego, stabilnego do przenoszenia perfum i odpornego na uderzenia.<\/p>\n<h3 id=\"2-multiple-processes-superimposed-to-highlight-brand-design-\">2.\u00a0<strong>Wiele proces\u00f3w na\u0142o\u017conych na siebie w celu podkre\u015blenia projektu marki<\/strong><\/h3>\n<p>Pude\u0142ko na perfumy wykorzystuje czterokolorowy nadruk i technologi\u0119 t\u0142oczenia na gor\u0105co, wz\u00f3r jest unikalny i teksturowany, podkre\u015blaj\u0105c urok luksusowych marek.<\/p>\n<h3 id=\"3-double-insert-card-structure-innovation-convenience-and-stability-coexist-\">3.\u00a0<strong>Innowacyjna struktura karty z podw\u00f3jn\u0105 wk\u0142adk\u0105: wygoda i stabilno\u015b\u0107 wsp\u00f3\u0142istniej\u0105 ze sob\u0105<\/strong><\/h3>\n<p>Pude\u0142ko na perfumy ma r\u00f3\u017cne rozmiary i mo\u017cna je dostosowa\u0107 do wymaga\u0144 klienta, aby spe\u0142ni\u0107 spersonalizowane potrzeby.<\/p>\n<h3 id=\"4-flat-packaging-design-efficient-logistics-and-cost-optimization-\">4.\u00a0<strong>Projektowanie p\u0142askich opakowa\u0144: wydajna logistyka i optymalizacja koszt\u00f3w<\/strong><\/h3>\n<p>Typ pude\u0142ka przyjmuje metod\u0119 podw\u00f3jnego wk\u0142adania, kt\u00f3ra jest wygodna dla konsument\u00f3w.<\/p>\n<h3 id=\"5-modular-size-and-process-customization-\">5.\u00a0<strong>Modu\u0142owy rozmiar i dostosowanie procesu<\/strong><\/h3>\n<p>Zapewniaj\u0105 zr\u00f3\u017cnicowane dostosowanie projektu opakowania zewn\u0119trznego, dostosowuj\u0105 si\u0119 do r\u00f3\u017cnych specyfikacji produktu, zapewniaj\u0105 stabilno\u015b\u0107 i atrakcyjny wygl\u0105d.<\/p>\n<h3 id=\"6-professional-design-team-professional-packaging-solution-\">6.\u00a0<strong>Profesjonalny zesp\u00f3\u0142 projektant\u00f3w, profesjonalne rozwi\u0105zania opakowaniowe<\/strong><\/h3>\n<p>Dzi\u0119ki innowacyjnemu zespo\u0142owi projektant\u00f3w opakowa\u0144 mo\u017cemy stworzy\u0107 unikalne rozwi\u0105zanie w zakresie druku i pakowania.<\/p>\n<h3 id=\"7-strength-of-the-source-factory-\">7.\u00a0<strong>Si\u0142a fabryki \u017ar\u00f3d\u0142owej<\/strong><\/h3>\n<p>Fabryka zajmuje powierzchni\u0119 5.320 metr\u00f3w kwadratowych, wyposa\u017cona w dedykowan\u0105 lini\u0119 maszyn drukarskich Heidelberg i system certyfikacji ISO 9001, o \u015bredniej dziennej zdolno\u015bci produkcyjnej ponad 120.000. 16 lat do\u015bwiadczenia w eksporcie w celu zbudowania trzech g\u0142\u00f3wnych system\u00f3w logistycznych: linia transportu lotniczego (amortyzuj\u0105ca poduszka powietrzna EPE), pe\u0142ny kontener morski (wodoodporne pude\u0142ko z tektury falistej), transgraniczna poczta bezpo\u015brednia (opakowanie z certyfikatem CE \/ FDA), wska\u017anik uszkodze\u0144 transportowych &lt;0,03%.<\/p>","protected":false},"excerpt":{"rendered":"<p>Dostosowane do marki opakowanie kartonowe na perfumy hurtowe, ZOJO Print pomaga 1200 markom uzyska\u0107 odpowiednie rozwi\u0105zania pude\u0142kowe!<\/p>\n<p>Personalizacja: Mo\u017cliwo\u015b\u0107 dostosowania rozmiaru\/druku\/materia\u0142u\/wyko\u0144czenia\/kszta\u0142tu itp.<br \/>\nRodzaj materia\u0142u: Ekologiczne, posiadaj\u0105 certyfikaty FSC\/ISO\/BSCI<br \/>\nCzas produkcji: Pr\u00f3bka 1-3 dni; Luzem 7-9 dni<br \/>\nCzas wysy\u0142ki: Express 3-7 dni; Air 12-16 dni; Boat 25-30 dni\uff08R\u00f3\u017cne kraje maj\u0105 r\u00f3\u017cne czasy)<\/p>\n<p>Cena:Skontaktuj si\u0119 z nami, aby wys\u0142a\u0107 zapytanie!<\/p>","protected":false},"featured_media":9285,"template":"","meta":[],"product_brand":[],"product_cat":[30,417,430,31],"product_tag":[1127,1126,1125],"class_list":{"0":"post-9278","1":"product","2":"type-product","3":"status-publish","4":"has-post-thumbnail","6":"product_cat-by-industry","7":"product_cat-custom-perfume-boxes-by-industry","8":"product_cat-folding-cartons","9":"product_cat-paper-box-style","10":"product_tag-branded-box","11":"product_tag-cardboard-box-wholesale","12":"product_tag-gift-perfume-packaging","14":"first","15":"instock","16":"shipping-taxable","17":"product-type-grouped"},"_links":{"self":[{"href":"https:\/\/zojopackaging.com\/pl\/wp-json\/wp\/v2\/product\/9278","targetHints":{"allow":["GET"]}}],"collection":[{"href":"https:\/\/zojopackaging.com\/pl\/wp-json\/wp\/v2\/product"}],"about":[{"href":"https:\/\/zojopackaging.com\/pl\/wp-json\/wp\/v2\/types\/product"}],"version-history":[{"count":1,"href":"https:\/\/zojopackaging.com\/pl\/wp-json\/wp\/v2\/product\/9278\/revisions"}],"predecessor-version":[{"id":9279,"href":"https:\/\/zojopackaging.com\/pl\/wp-json\/wp\/v2\/product\/9278\/revisions\/9279"}],"wp:featuredmedia":[{"embeddable":true,"href":"https:\/\/zojopackaging.com\/pl\/wp-json\/wp\/v2\/media\/9285"}],"wp:attachment":[{"href":"https:\/\/zojopackaging.com\/pl\/wp-json\/wp\/v2\/media?parent=9278"}],"wp:term":[{"taxonomy":"product_brand","embeddable":true,"href":"https:\/\/zojopackaging.com\/pl\/wp-json\/wp\/v2\/product_brand?post=9278"},{"taxonomy":"product_cat","embeddable":true,"href":"https:\/\/zojopackaging.com\/pl\/wp-json\/wp\/v2\/product_cat?post=9278"},{"taxonomy":"product_tag","embeddable":true,"href":"https:\/\/zojopackaging.com\/pl\/wp-json\/wp\/v2\/product_tag?post=9278"}],"curies":[{"name":"wp","href":"https:\/\/api.w.org\/{rel}","templated":true}]}}