{"id":9292,"date":"2025-04-01T19:45:43","date_gmt":"2025-04-01T11:45:43","guid":{"rendered":"https:\/\/zojopackaging.com\/?post_type=product&#038;p=9292"},"modified":"2025-04-01T20:03:38","modified_gmt":"2025-04-01T12:03:38","slug":"custom-hijab-scarf-scarves-shawl-packaging-gift-box-wholesale","status":"publish","type":"product","link":"https:\/\/zojopackaging.com\/pl\/product\/custom-hijab-scarf-scarves-shawl-packaging-gift-box-wholesale\/","title":{"rendered":"Niestandardowy hid\u017cab Szaliki Szale Opakowania Pude\u0142ko na prezenty Hurtownia"},"content":{"rendered":"<h2 id=\"-i-optimization-of-core-design-highlights-and-industry-verification-\"><strong>1. Optymalizacja najwa\u017cniejszych element\u00f3w projektu i weryfikacja przemys\u0142owa<\/strong><\/h2>\n<ol>\n<li><strong>Interaktywna konstrukcja z magnetyczn\u0105 klapk\u0105<\/strong><\/li>\n<li>Wbudowany system magnetycznej klamry umo\u017cliwia otwieranie i zamykanie jedn\u0105 r\u0119k\u0105 poprzez adsorpcj\u0119 magnetyczn\u0105, co zwi\u0119ksza poczucie rytua\u0142u podczas rozpakowywania pude\u0142ka, jednocze\u015bnie zmniejszaj\u0105c ryzyko zu\u017cycia mechanicznego.<\/li>\n<li>Zaleca si\u0119 dodanie flaneli buforowej po wewn\u0119trznej stronie pokrywy pude\u0142ka, aby chroni\u0107 warstw\u0119 druku o wysokim po\u0142ysku i przed\u0142u\u017cy\u0107 \u017cywotno\u015b\u0107.<\/li>\n<li><strong>Sk\u0142adana p\u0142aska konstrukcja<\/strong><\/li>\n<li>Proces wst\u0119pnego wgniatania zmniejsza z\u0142o\u017con\u0105 obj\u0119to\u015b\u0107 do 1\/8, co jest wysoce zgodne z koncepcj\u0105 \"systematycznego projektowania optymalizacji logistyki\". Mo\u017ce to obni\u017cy\u0107 koszty logistyki transgranicznej o ponad 80%.<\/li>\n<li>Odnosz\u0105c si\u0119 do cienkiej konstrukcji magnetycznego mobilnego banku energii Tesla, zaleca si\u0119, aby grubo\u015b\u0107 po z\u0142o\u017ceniu wynosi\u0142a \u2264 2 cm, co jest odpowiednie dla standardowych kopert ekspresowych, aby jeszcze bardziej zmniejszy\u0107 straty transportowe.<\/li>\n<\/ol>\n<h2 id=\"-ii-customized-process-and-material-innovation-\"><strong>2. Indywidualne innowacje w zakresie proces\u00f3w i materia\u0142\u00f3w<\/strong><\/h2>\n<ol>\n<li><strong>Drukowanie i obr\u00f3bka powierzchni<\/strong><\/li>\n<li><strong>Czterokolorowy druk offsetowy + lakier UV<\/strong>: Proces t\u0142oczenia na gor\u0105co pude\u0142ka upominkowego Baisnat jest stosowany w po\u0142\u0105czeniu z lokalnym promieniowaniem UV w celu podkre\u015blenia logo marki, aby zapewni\u0107 dok\u0142adne odtworzenie kolor\u00f3w dodatkowych Pantone.<\/li>\n<li><strong>Tr\u00f3jwymiarowa konstrukcja dotykowa<\/strong>Zaleca si\u0119 stosowanie sk\u00f3rzanych wyt\u0142ocze\u0144 lub relief\u00f3w 3D, aby wzmocni\u0107 \"luksusowy punkt pami\u0119ci\" pierwszego kontaktu u\u017cytkownika.<\/li>\n<li><strong>Po\u0142\u0105czenie materia\u0142\u00f3w przyjaznych dla \u015brodowiska<\/strong><\/li>\n<li><strong>Warstwa strukturalna<\/strong>: Szara tektura 1200 GSM + degradowalna folia odporna na wilgo\u0107, wytrzyma\u0142o\u015b\u0107 na \u015bciskanie 8,5 KN\/m\u00b2, 30% wy\u017csza ni\u017c tradycyjne pude\u0142ka z tektury falistej E.<\/li>\n<li><strong>Powierzchniowa warstwa papieru<\/strong>: Papier powlekany 157 GSM z matow\u0105 foli\u0105, odporno\u015b\u0107 na sk\u0142adanie ponad 5000 razy, odpowiedni do \u015brodowiska o temperaturze -20 \u2103 ~ 60 \u2103 i wilgotno\u015bci.<\/li>\n<\/ol>\n<h2 id=\"-three-supply-chain-and-cost-optimization-strategy-\"><strong>3. Strategia optymalizacji \u0142a\u0144cucha dostaw i koszt\u00f3w<\/strong><\/h2>\n<ol>\n<li><strong>Elastyczna produkcja i gwarancja zgodno\u015bci<\/strong><\/li>\n<li><strong>Szybki proofing<\/strong>: Rendery 3D s\u0105 dostarczane w ci\u0105gu 48 godzin, a produkcja pr\u00f3bna ma\u0142ych partii jest obs\u0142ugiwana (MOQ 500 lub wi\u0119cej).<\/li>\n<li><strong>Kontrola koszt\u00f3w<\/strong>: Materia\u0142y s\u0105 zalecane zgodnie z rynkiem docelowym, takie jak ciemne t\u0142oczenie na gor\u0105co + akrylowe okienka dla klient\u00f3w z Bliskiego Wschodu oraz minimalistyczne t\u0142oczenie + szara tektura nadaj\u0105ca si\u0119 do recyklingu dla klient\u00f3w europejskich.<\/li>\n<li><strong>Rozwi\u0105zanie logistyczne<\/strong><\/li>\n<li>Dzi\u0119ki zastosowaniu potr\u00f3jnej ochrony \"sk\u0142adane pude\u0142ko + folia odporna na wilgo\u0107 + ochrona naro\u017cnik\u00f3w\", wska\u017anik p\u0119kni\u0119\u0107 jest mniejszy ni\u017c 0,3%, czyli o 60% ni\u017cszy ni\u017c w przypadku tradycyjnego rozwi\u0105zania.<\/li>\n<li>Pole\u0107 zielon\u0105 lini\u0119 logistyczn\u0105 DHL, zmniejszaj\u0105c emisj\u0119 dwutlenku w\u0119gla o 15%<\/li>\n<\/ol>\n<h2 id=\"-iv-application-scenarios-and-market-adaptation-\"><strong>4. Scenariusze zastosowa\u0144 i adaptacja rynkowa<\/strong><\/h2>\n<ul>\n<li><strong>Projekt fuzji kulturowej<\/strong>:<\/li>\n<li>Pude\u0142ko upominkowe z chust\u0105 w stylu etnicznym mo\u017cna zintegrowa\u0107 z elementami w stylu narodowym, a efekt gradientu mo\u017cna uzyska\u0107 za pomoc\u0105 sitodruku.<\/li>\n<\/ul>\n<h2 id=\"-v-industry-trends-and-data-reference-\"><strong>5. Trendy bran\u017cowe i odniesienie do danych<\/strong><\/h2>\n<ul>\n<li><strong>Potrzeby w zakresie ochrony \u015brodowiska<\/strong>85% europejskich i ameryka\u0144skich klient\u00f3w preferuje materia\u0142y nadaj\u0105ce si\u0119 do recyklingu i zaleca si\u0119 dodanie opcji papieru z certyfikatem FSC.<\/li>\n<li><strong>Do\u015bwiadczenie ekonomiczne<\/strong>: Magnetyczna konstrukcja otwierania i zamykania skraca czas rozpakowywania do 3 sekund (70% wi\u0119cej ni\u017c tradycyjne opakowanie), co pasuje do psychologii konsumenckiej \"natychmiastowej gratyfikacji\" pokolenia Z.<\/li>\n<\/ul>","protected":false},"excerpt":{"rendered":"<p>\ud83c\udfc6 Podniesienie marki: Wyko\u0144czenie na wysoki po\u0142ysk i metaliczne detale zwi\u0119kszaj\u0105 postrzegan\u0105 warto\u015b\u0107.<br \/>\n\ud83d\udecd\ufe0f Custom-Ready: Bezproblemowa integracja logo lub grafiki w celu uzyskania sp\u00f3jnego brandingu.<br \/>\nWydajno\u015b\u0107 masowa: Wytrzyma\u0142a konstrukcja zmniejsza szkody transportowe dla klient\u00f3w hurtowych.<br \/>\nWszechstronne zastosowanie: Idealny do luksusowych prezent\u00f3w, ekspozycji detalicznych lub kolekcji butikowych.<\/p>","protected":false},"featured_media":9293,"template":"","meta":[],"product_brand":[],"product_cat":[30,414,424,31],"product_tag":[1131,1132,1133],"class_list":{"0":"post-9292","1":"product","2":"type-product","3":"status-publish","4":"has-post-thumbnail","6":"product_cat-by-industry","7":"product_cat-custom-apparel-boxes","8":"product_cat-magnetic-closure-boxes","9":"product_cat-paper-box-style","10":"product_tag-hijab-packaging-box","11":"product_tag-scarf-gift-box","12":"product_tag-shawl-packaging-box","14":"first","15":"instock","16":"shipping-taxable","17":"product-type-simple"},"_links":{"self":[{"href":"https:\/\/zojopackaging.com\/pl\/wp-json\/wp\/v2\/product\/9292","targetHints":{"allow":["GET"]}}],"collection":[{"href":"https:\/\/zojopackaging.com\/pl\/wp-json\/wp\/v2\/product"}],"about":[{"href":"https:\/\/zojopackaging.com\/pl\/wp-json\/wp\/v2\/types\/product"}],"version-history":[{"count":1,"href":"https:\/\/zojopackaging.com\/pl\/wp-json\/wp\/v2\/product\/9292\/revisions"}],"predecessor-version":[{"id":9299,"href":"https:\/\/zojopackaging.com\/pl\/wp-json\/wp\/v2\/product\/9292\/revisions\/9299"}],"wp:featuredmedia":[{"embeddable":true,"href":"https:\/\/zojopackaging.com\/pl\/wp-json\/wp\/v2\/media\/9293"}],"wp:attachment":[{"href":"https:\/\/zojopackaging.com\/pl\/wp-json\/wp\/v2\/media?parent=9292"}],"wp:term":[{"taxonomy":"product_brand","embeddable":true,"href":"https:\/\/zojopackaging.com\/pl\/wp-json\/wp\/v2\/product_brand?post=9292"},{"taxonomy":"product_cat","embeddable":true,"href":"https:\/\/zojopackaging.com\/pl\/wp-json\/wp\/v2\/product_cat?post=9292"},{"taxonomy":"product_tag","embeddable":true,"href":"https:\/\/zojopackaging.com\/pl\/wp-json\/wp\/v2\/product_tag?post=9292"}],"curies":[{"name":"wp","href":"https:\/\/api.w.org\/{rel}","templated":true}]}}