{"id":9298,"date":"2025-04-01T19:56:18","date_gmt":"2025-04-01T11:56:18","guid":{"rendered":"https:\/\/zojopackaging.com\/?post_type=product&#038;p=9298"},"modified":"2025-04-01T20:20:14","modified_gmt":"2025-04-01T12:20:14","slug":"customized-premium-perfume-foil-box-packaging-manufacturer","status":"publish","type":"product","link":"https:\/\/zojopackaging.com\/pl\/product\/customized-premium-perfume-foil-box-packaging-manufacturer\/","title":{"rendered":"Producent niestandardowych opakowa\u0144 foliowych Premium Perfume"},"content":{"rendered":"<h3 id=\"1-350g-white-cardboard-strong-touch-and-environmental-protection-balance-\">1.\u00a0<strong>350 g bia\u0142ej tektury: mocny dotyk i r\u00f3wnowaga ochrony \u015brodowiska<\/strong><\/h3>\n<p>Wyselekcjonowany importowany bia\u0142y karton o gramaturze 350g\/m\u00b2, o g\u0142adko\u015bci powierzchni 85\u00b0, delikatny w dotyku jak jedwab i doskona\u0142ej odporno\u015bci na \u015bciskanie (wytrzyma\u0142o\u015b\u0107 na \u015bciskanie pier\u015bcienia \u22651000N\/m). Przeszed\u0142 certyfikacj\u0119 le\u015bn\u0105 FSC i normy bezpiecze\u0144stwa \u017cywno\u015bci ISO 22000, zawarto\u015b\u0107 wilgoci w papierze jest \u015bci\u015ble kontrolowana na poziomie 5%\u00b11%, zapewniaj\u0105c d\u0142ugotrwa\u0142\u0105 konserwacj\u0119 bez deformacji. Dane eksperymentalne pokazuj\u0105, \u017ce przyczepno\u015b\u0107 tuszu jest o 40% wy\u017csza ni\u017c w przypadku zwyk\u0142ego kartonu, a dzi\u0119ki technologii laminowania matowego mo\u017ce wytrzyma\u0107 ponad 90% uszkodze\u0144 spowodowanych tarciem podczas transportu.<\/p>\n<h3 id=\"2-four-color-printing-hot-stamping-process-double-luxury-of-vision-and-touch-\">2.\u00a0<strong>Czterokolorowy nadruk + proces t\u0142oczenia na gor\u0105co: podw\u00f3jny luksus widzenia i dotyku<\/strong><\/h3>\n<p>Wykorzystanie czterokolorowej maszyny drukarskiej Heidelberg w celu uzyskania dok\u0142adnego odwzorowania kolor\u00f3w CMYK, na\u0142o\u017cenie lokalnego procesu t\u0142oczenia na gor\u0105co \/ srebrzenia i utworzenie tekstury o r\u00f3\u017cnicy wysoko\u015bci 0,1 mm na powierzchni folii aluminiowej. Przyk\u0142adowo, luksusowa marka wykorzystuje czarno-z\u0142oty kontrastowy wz\u00f3r, aby zwi\u0119kszy\u0107 wska\u017anik premii za produkt o 35%, a w po\u0142\u0105czeniu z technologi\u0105 pozycjonowania dotykowego (Tactile Touch), wska\u017anik rozpoznawania \u015blepych test\u00f3w przez konsument\u00f3w osi\u0105ga 92%.<\/p>\n<h3 id=\"3-intelligent-size-customization-system-flexible-production-to-meet-diverse-needs-\">3.\u00a0<strong>Inteligentny system dostosowywania rozmiaru: elastyczna produkcja spe\u0142niaj\u0105ca r\u00f3\u017cnorodne potrzeby<\/strong><\/h3>\n<p>Oparty na technologii modelowania cyfrowego, obs\u0142uguje precyzyjne dostosowywanie \u00b10,3 mm, obejmuj\u0105c butelki perfum o pe\u0142nej pojemno\u015bci od 3 ml do 500 ml. Zapewnia 5 standardowych bibliotek typ\u00f3w pude\u0142ek (klapka\/szuflada\/podw\u00f3jna zatyczka\/zawieszenie\/odsysanie magnetyczne) i generuje diagramy struktury 3D w ci\u0105gu 24 godzin. Pude\u0142ko z folii aluminiowej o pojemno\u015bci 15 ml dostosowane przez niszow\u0105 mark\u0119 perfum zmniejsza koszty logistyczne o 42% dzi\u0119ki projektowi kompresji przestrzeni.<\/p>\n<h3 id=\"4-dual-insert-card-box-type-convenient-opening-and-closing-and-stable-protection-\">4.\u00a0<strong>Pude\u0142ko na karty z podw\u00f3jn\u0105 wk\u0142adk\u0105: wygodne otwieranie i zamykanie oraz stabilna ochrona<\/strong><\/h3>\n<p>W innowacyjny spos\u00f3b zastosowano podw\u00f3jn\u0105 kart\u0119 + magnetyczn\u0105 klamr\u0119, a pokrywa pude\u0142ka i \u015bciana boczna tworz\u0105 tr\u00f3jk\u0105tny system wsparcia o wytrzyma\u0142o\u015bci na \u015bciskanie 1500N\/m\u00b2 (przeszed\u0142 test upadku ISTA 3A). Ergonomiczna konstrukcja optymalizuje k\u0105t otwarcia do 110 \u00b0, a rzeczywista wydajno\u015b\u0107 obs\u0142ugi u\u017cytkownika jest zwi\u0119kszona o 50%, zapewniaj\u0105c jednocze\u015bnie zerowe przemieszczenie butelki perfum podczas transportu.<\/p>\n<h3 id=\"5-multiple-packaging-solutions-full-scenario-adaptation-from-laboratory-to-shelf-\">5.\u00a0<strong>Wiele rozwi\u0105za\u0144 opakowaniowych: pe\u0142na adaptacja scenariusza od laboratorium do p\u00f3\u0142ki sklepowej<\/strong><\/h3>\n<p>5 rodzaj\u00f3w kombinacji opakowa\u0144: -\u00a0<strong>Ochrona klasy lotniczej<\/strong>: Poduszka EPE z kolumn\u0105 powietrzn\u0105 + pr\u00f3\u017cniowa folia korpusu (odporno\u015b\u0107 na \u015bciskanie 60%) -\u00a0<strong>Wysokiej klasy sprzeda\u017c detaliczna<\/strong>: przezroczyste akrylowe pude\u0142ko z okienkiem + blokada RFID zapobiegaj\u0105ca podrabianiu -\u00a0<strong>Przyjazne dla \u015brodowiska towary szybkozbywalne<\/strong>: degradowalne pude\u0142ko papierowe z wyt\u0142ok\u00f3w trzciny cukrowej + wy\u015bci\u00f3\u0142ka z w\u0142\u00f3kna ro\u015blinnego -\u00a0<strong>Dostawy transgraniczne<\/strong>: odporna na wilgo\u0107 torba z folii aluminiowej + etykieta z certyfikatem CE\/FDA -\u00a0<strong>Niestandardowe pude\u0142ko upominkowe<\/strong>: Wyt\u0142aczane na gor\u0105co pude\u0142ko zewn\u0119trzne 3D + chip monitoruj\u0105cy temperatur\u0119 i wilgotno\u015b\u0107<\/p>\n<h3 id=\"6-goldsmith-level-creative-team-technical-empowerment-from-concept-to-mass-production-\">6.\u00a0<strong>Kreatywny zesp\u00f3\u0142 na poziomie Goldsmith: techniczne wzmocnienie od koncepcji do masowej produkcji<\/strong><\/h3>\n<p>20-osobowy zesp\u00f3\u0142 projektant\u00f3w jest wyposa\u017cony w system modelowania C4D i system zarz\u0105dzania kolorami AI, wspieraj\u0105cy ca\u0142y proces od ekstrakcji marki VI po symulacj\u0119 mechaniki strukturalnej. Oryginalna technologia \"wizualizacji zapachu\" przekszta\u0142ca cechy zapachu we wzory tekstur (takie jak odcie\u0144 drewna odpowiadaj\u0105cy teksturze pier\u015bcienia rocznego). Kiedy\u015b stworzy\u0142a p\u0142ywaj\u0105ce pude\u0142ko perfum dla czo\u0142owej luksusowej marki, zdoby\u0142a nagrod\u0119 Red Dot Design Award 2023 i spowodowa\u0142a wzrost wska\u017anika odkupu produktu o 28%.<\/p>\n<h3 id=\"7-the-hard-power-of-the-source-factory-16-years-of-precision-quality-assurance-\">7.\u00a0<strong>Twarda moc fabryki \u017ar\u00f3d\u0142owej: 16 lat precyzyjnego zapewniania jako\u015bci<\/strong><\/h3>\n<p>Inteligentna baza produkcyjna 5320\u33a1 jest wyposa\u017cona w 12 w pe\u0142ni automatycznych linii produkcyjnych o \u015bredniej dziennej zdolno\u015bci produkcyjnej 150 000+. Przeszed\u0142 podw\u00f3jny system certyfikacji ISO 9001\/14001, osi\u0105gaj\u0105c: - Identyfikowalno\u015b\u0107 surowc\u00f3w: Przyjazny dla \u015brodowiska atrament importowany ze Skandynawii, emisja LZO &lt;5mg\/m\u00b3 - Dok\u0142adno\u015b\u0107 procesu: B\u0142\u0105d rejestracji druku \u22640,05 mm - Gwarancja logistyczna: Wska\u017anik uszkodze\u0144 eksportowych &lt;0,02%, obejmuj\u0105cy 20+ mi\u0119dzynarodowych kana\u0142\u00f3w logistycznych, takich jak DHL\/FedEx<\/p>","protected":false},"excerpt":{"rendered":"<p>ZOJO Print wykorzystuje technologi\u0119 materia\u0142ow\u0105 (bia\u0142a karta 350g + kompozyt folii aluminiowej), innowacje procesowe (podw\u00f3jna struktura ssania magnetycznego) i globaln\u0105 sie\u0107 us\u0142ug (15 lat do\u015bwiadczenia w eksporcie) jako swoj\u0105 podstawow\u0105 konkurencyjno\u015b\u0107 i tworzy kompleksowe rozwi\u0105zanie opakowaniowe dla marek perfum, od bada\u0144 laboratoryjnych i rozwoju po konsumpcj\u0119 ko\u0144cow\u0105. Zintegrowany system us\u0142ug \"projektowanie-produkcja-dostawa\" pomaga klientom tworzy\u0107 zr\u00f3\u017cnicowane bariery marki na rynku high-end.<\/p>","protected":false},"featured_media":9309,"template":"","meta":[],"product_brand":[],"product_cat":[30,417,430,31],"product_tag":[1138,821,1137],"class_list":{"0":"post-9298","1":"product","2":"type-product","3":"status-publish","4":"has-post-thumbnail","6":"product_cat-by-industry","7":"product_cat-custom-perfume-boxes-by-industry","8":"product_cat-folding-cartons","9":"product_cat-paper-box-style","10":"product_tag-box-packaging-manufacturer","11":"product_tag-customized-box","12":"product_tag-premium-perfume-foil-box","14":"first","15":"instock","16":"shipping-taxable","17":"product-type-grouped"},"_links":{"self":[{"href":"https:\/\/zojopackaging.com\/pl\/wp-json\/wp\/v2\/product\/9298","targetHints":{"allow":["GET"]}}],"collection":[{"href":"https:\/\/zojopackaging.com\/pl\/wp-json\/wp\/v2\/product"}],"about":[{"href":"https:\/\/zojopackaging.com\/pl\/wp-json\/wp\/v2\/types\/product"}],"version-history":[{"count":1,"href":"https:\/\/zojopackaging.com\/pl\/wp-json\/wp\/v2\/product\/9298\/revisions"}],"predecessor-version":[{"id":9314,"href":"https:\/\/zojopackaging.com\/pl\/wp-json\/wp\/v2\/product\/9298\/revisions\/9314"}],"wp:featuredmedia":[{"embeddable":true,"href":"https:\/\/zojopackaging.com\/pl\/wp-json\/wp\/v2\/media\/9309"}],"wp:attachment":[{"href":"https:\/\/zojopackaging.com\/pl\/wp-json\/wp\/v2\/media?parent=9298"}],"wp:term":[{"taxonomy":"product_brand","embeddable":true,"href":"https:\/\/zojopackaging.com\/pl\/wp-json\/wp\/v2\/product_brand?post=9298"},{"taxonomy":"product_cat","embeddable":true,"href":"https:\/\/zojopackaging.com\/pl\/wp-json\/wp\/v2\/product_cat?post=9298"},{"taxonomy":"product_tag","embeddable":true,"href":"https:\/\/zojopackaging.com\/pl\/wp-json\/wp\/v2\/product_tag?post=9298"}],"curies":[{"name":"wp","href":"https:\/\/api.w.org\/{rel}","templated":true}]}}