{"id":9300,"date":"2025-04-01T20:03:57","date_gmt":"2025-04-01T12:03:57","guid":{"rendered":"https:\/\/zojopackaging.com\/?post_type=product&#038;p=9300"},"modified":"2025-04-01T20:15:53","modified_gmt":"2025-04-01T12:15:53","slug":"wholesale-tea-coffee-paper-tube-packaging-manufacturer","status":"publish","type":"product","link":"https:\/\/zojopackaging.com\/pl\/product\/wholesale-tea-coffee-paper-tube-packaging-manufacturer\/","title":{"rendered":"Hurtownia kawy i herbaty Producent opakowa\u0144 papierowych"},"content":{"rendered":"<p>Jako producent opakowa\u0144 z 16-letnim do\u015bwiadczeniem zawodowym, koncentrujemy si\u0119 na dostarczaniu wysokiej jako\u015bci cylindrycznych opakowa\u0144 papierowych dla klient\u00f3w na ca\u0142ym \u015bwiecie, obejmuj\u0105cych r\u00f3\u017cne obszary produkt\u00f3w, takie jak herbata, kawa, przyprawy itp. Poni\u017cej przedstawiono podstawowe zalety i opisy us\u0142ug zwi\u0105zanych z produktem:<\/p>\n<h2 id=\"-core-design-features-of-the-product-\"><strong>Podstawowe cechy konstrukcyjne produktu<\/strong><\/h2>\n<ol>\n<li><strong>Struktura opakowania z tuby papierowej i wielokolorowy design<\/strong>\u00a0Przyj\u0119cie klasycznego cylindrycznego kszta\u0142tu pude\u0142ka, w po\u0142\u0105czeniu z wielokolorowym schematem dopasowania, poprzez\u00a0<strong>Druk czterokolorowy + proces folii matowej<\/strong>dzi\u0119ki precyzyjnej maszynie drukarskiej Heidelberg, aby zapewni\u0107, \u017ce kolor wzoru jest jasny i \u017cywy oraz odporny na zu\u017cycie i zarysowania. Powierzchni\u0119 mo\u017cna dostosowa\u0107 za pomoc\u0105 t\u0142oczenia na gor\u0105co, UV, wyt\u0142aczania i innych proces\u00f3w, aby poprawi\u0107 wizualne nak\u0142adanie warstw i wysokiej jako\u015bci tekstur\u0119 opakowania.<\/li>\n<li><strong>G\u00f3rna i dolna konstrukcja dzielona, wygodna i praktyczna<\/strong>\u00a0Opakowanie sk\u0142ada si\u0119 z\u00a0<strong>niezale\u017cna pokrywa skrzynki i korpus skrzynki<\/strong>. Dzielona konstrukcja jest \u0142atwa do otwierania i zamykania oraz ponownego u\u017cycia, zapewniaj\u0105c jednocze\u015bnie szczelno\u015b\u0107. Na przyk\u0142ad, pokrywa pude\u0142ka mo\u017ce przyj\u0105\u0107 konstrukcj\u0119 klamry magnetycznej lub klamry wtykowej, kt\u00f3ra jest stabilna i odporna na wilgo\u0107; wewn\u0119trzna przestrze\u0144 korpusu pude\u0142ka jest regularna, odpowiednia dla r\u00f3\u017cnych form produkt\u00f3w, takich jak puszki z herbat\u0105, torebki z kaw\u0105 w proszku i butelki z przyprawami.<\/li>\n<li><strong>Wielofunkcyjne scenariusze zastosowa\u0144<\/strong>\u00a0Produkt nadaje si\u0119 do przechowywania herbaty, ziaren kawy, przypraw, suszonych owoc\u00f3w, kosmetyk\u00f3w i innych kategorii, bior\u0105c pod uwag\u0119 zar\u00f3wno pi\u0119kno, jak i praktyczno\u015b\u0107. Wn\u0119trze mo\u017cna skonfigurowa\u0107 za pomoc\u0105\u00a0<strong>Wewn\u0119trzna taca EVA, okno PVC lub przegroda warstwowa<\/strong>, kt\u00f3ry mo\u017ce skutecznie zamocowa\u0107 zawarto\u015b\u0107 i zapobiec wstrz\u0105som i naciskowi.<\/li>\n<li><strong>Wysoce spersonalizowana us\u0142uga<\/strong>\u00a0Wsparcie\u00a0<strong>Pe\u0142na personalizacja procesu<\/strong>\u00a0od rozmiaru, koloru po proces drukowania:<\/li>\n<li><strong>Elastyczny rozmiar<\/strong>: Dowolne dostosowanie w zakresie 2-32 mm \u015brednicy i 2-50 mm wysoko\u015bci, aby spe\u0142ni\u0107 r\u00f3\u017cne wymagania dotycz\u0105ce wydajno\u015bci.<\/li>\n<li><strong>R\u00f3\u017cnorodne style projektowania<\/strong>: Dost\u0119pne s\u0105 szablony w stylu retro, minimalistycznym, chi\u0144skim i innych stylach, a ekskluzywny projekt mo\u017ce by\u0107 r\u00f3wnie\u017c wykonany zgodnie z mark\u0105 VI.<\/li>\n<li><strong>Materia\u0142y przyjazne dla \u015brodowiska<\/strong>: Papier pakowy o jako\u015bci spo\u017cywczej, tektura z w\u0142\u00f3kna bambusowego i folia aluminiowa s\u0105 stosowane w celu zwi\u0119kszenia odporno\u015bci na wilgo\u0107 i spe\u0142nienia norm ochrony \u015brodowiska.<\/li>\n<\/ol>\n<h2 id=\"-production-process-and-quality-assurance-\"><strong>Proces produkcji i zapewnienie jako\u015bci<\/strong><\/h2>\n<ul>\n<li><strong>Technologia druku<\/strong>: Prasa drukarska Heidelberg jest u\u017cywana do uzyskania precyzyjnego druku czterokolorowego, a proces matowej folii jest nak\u0142adany w celu poprawy nasycenia kolor\u00f3w i trwa\u0142o\u015bci.<\/li>\n<li><strong>Optymalizacja strukturalna<\/strong>: Przestrze\u0144 wewn\u0119trzna jest regularnie dzielona poprzez proces sztancowania, wspieraj\u0105c projektowanie warstwowe, szufladowe lub witrynowe, bior\u0105c pod uwag\u0119 funkcjonalno\u015b\u0107 i efekt wy\u015bwietlania.<\/li>\n<li><strong>Standardy kontroli jako\u015bci<\/strong>: W pe\u0142ni zautomatyzowany proces produkcji w po\u0142\u0105czeniu z systemem wykrywania podczerwieni zapewnia, \u017ce wydajno\u015b\u0107 produktu osi\u0105ga ponad 99%.<\/li>\n<\/ul>","protected":false},"excerpt":{"rendered":"<ul>\n<li><strong>Pe\u0142na obs\u0142uga procesu od projektu do dostawy<\/strong>obejmuj\u0105ce projektowanie opakowa\u0144, proofing, produkcj\u0119 seryjn\u0105, kontrol\u0119 jako\u015bci i logistyk\u0119 mi\u0119dzynarodow\u0105.<\/li>\n<li><strong>Mo\u017cliwo\u015b\u0107 szybkiego reagowania<\/strong>: Cykl dostosowywania pr\u00f3bek wynosi 3-5 dni, a cykl produkcji na du\u017c\u0105 skal\u0119 wynosi 7-14 dni. Obs\u0142uguje bezpo\u015bredni\u0105 dostaw\u0119 z g\u0142\u00f3wnych region\u00f3w na ca\u0142ym \u015bwiecie (Europa, Ameryka P\u00f3\u0142nocna, Azja Po\u0142udniowo-Wschodnia itp.).<\/li>\n<li><strong>Przewaga kosztowa<\/strong>: Opieraj\u0105c si\u0119 na produkcji na du\u017c\u0105 skal\u0119 i integracji \u0142a\u0144cucha dostaw, zapewnia konkurencyjn\u0105 cen\u0119 pocz\u0105tkow\u0105 (500 jednostek) i wspiera eksport transgraniczny.<\/li>\n<\/ul>","protected":false},"featured_media":9301,"template":"","meta":[],"product_brand":[],"product_cat":[30,422,31,429],"product_tag":[1135,1136,1134],"class_list":{"0":"post-9300","1":"product","2":"type-product","3":"status-publish","4":"has-post-thumbnail","6":"product_cat-by-industry","7":"product_cat-custom-gourmet-boxes-by-industry","8":"product_cat-paper-box-style","9":"product_cat-paper-tube-boxes","10":"product_tag-coffee-paper-tube-packaging","11":"product_tag-custom-tea-coffee-manufacturer","12":"product_tag-tea-packaging","14":"first","15":"instock","16":"shipping-taxable","17":"product-type-simple"},"_links":{"self":[{"href":"https:\/\/zojopackaging.com\/pl\/wp-json\/wp\/v2\/product\/9300","targetHints":{"allow":["GET"]}}],"collection":[{"href":"https:\/\/zojopackaging.com\/pl\/wp-json\/wp\/v2\/product"}],"about":[{"href":"https:\/\/zojopackaging.com\/pl\/wp-json\/wp\/v2\/types\/product"}],"version-history":[{"count":1,"href":"https:\/\/zojopackaging.com\/pl\/wp-json\/wp\/v2\/product\/9300\/revisions"}],"predecessor-version":[{"id":9307,"href":"https:\/\/zojopackaging.com\/pl\/wp-json\/wp\/v2\/product\/9300\/revisions\/9307"}],"wp:featuredmedia":[{"embeddable":true,"href":"https:\/\/zojopackaging.com\/pl\/wp-json\/wp\/v2\/media\/9301"}],"wp:attachment":[{"href":"https:\/\/zojopackaging.com\/pl\/wp-json\/wp\/v2\/media?parent=9300"}],"wp:term":[{"taxonomy":"product_brand","embeddable":true,"href":"https:\/\/zojopackaging.com\/pl\/wp-json\/wp\/v2\/product_brand?post=9300"},{"taxonomy":"product_cat","embeddable":true,"href":"https:\/\/zojopackaging.com\/pl\/wp-json\/wp\/v2\/product_cat?post=9300"},{"taxonomy":"product_tag","embeddable":true,"href":"https:\/\/zojopackaging.com\/pl\/wp-json\/wp\/v2\/product_tag?post=9300"}],"curies":[{"name":"wp","href":"https:\/\/api.w.org\/{rel}","templated":true}]}}