{"id":9315,"date":"2025-04-01T20:20:26","date_gmt":"2025-04-01T12:20:26","guid":{"rendered":"https:\/\/zojopackaging.com\/?post_type=product&#038;p=9315"},"modified":"2025-04-01T20:39:53","modified_gmt":"2025-04-01T12:39:53","slug":"custom-logo-luxury-perfume-packaging-paper-cardboard-boxes-wholesale","status":"publish","type":"product","link":"https:\/\/zojopackaging.com\/pl\/product\/custom-logo-luxury-perfume-packaging-paper-cardboard-boxes-wholesale\/","title":{"rendered":"Niestandardowe logo Luksusowe opakowania na perfumy Pude\u0142ka kartonowe Hurtownia"},"content":{"rendered":"<h3 id=\"1-exclusive-customized-design-dual-expression-of-personality-and-quality-\">1.\u00a0<strong>Ekskluzywny, spersonalizowany design: podw\u00f3jny wyraz osobowo\u015bci i jako\u015bci<\/strong><\/h3>\n<p>Obs\u0142uga pe\u0142nego dostosowania \u0142\u0105cza, od struktury pude\u0142ka karty po podszewk\u0119: -\u00a0<strong>Adaptacja pude\u0142ka na karty<\/strong>: Wykorzystanie importowanego bia\u0142ego kartonu 350g-400g, technologii modelowania 3D w celu uzyskania precyzyjnego dopasowania \u00b10,3 mm, aby zapewni\u0107 bezszwowe dopasowanie do butelki perfum (takiej jak standardowa butelka 50 ml).\u00a0<strong>Modernizacja wk\u0142adki<\/strong>: 5 opcji materia\u0142owych (pianka poliuretanowa\/folia aluminiowa\/kompozyt bawe\u0142niany\/degradowalny papier o strukturze plastra miodu\/silikon magnetyczny\/p\u0142ytka do grawerowania laserowego), spe\u0142niaj\u0105 norm\u0119 testow\u0105 ISTA 3A i poprawiaj\u0105 odporno\u015b\u0107 na wstrz\u0105sy i ci\u015bnienie dzi\u0119ki technologii 60%.\u00a0<strong>Studium przypadku<\/strong>: Pude\u0142ko z kryszta\u0142owym wzorem spersonalizowane przez czo\u0142ow\u0105 luksusow\u0105 mark\u0119 zwi\u0119kszy\u0142o wska\u017anik odkupu produktu o 28%.<\/p>\n<h3 id=\"2-touch-film-series-velvet-touch-and-matte-premium-experience-\">2.\u00a0<strong>Seria folii dotykowych: aksamitny dotyk i matowe wra\u017cenia premium<\/strong><\/h3>\n<p>Seria folii dotykowych na papierowe pude\u0142ka zapewnia bezprecedensowe, wyj\u0105tkowe wra\u017cenia. Aksamitna folia dotykowa jest jak opuszki palc\u00f3w delikatnie pieszcz\u0105ce delikatny aksamit, a wspania\u0142y dotyk jest odtwarzany na papierowym pude\u0142ku. Ka\u017cdy dotyk wydaje si\u0119 m\u00f3wi\u0107 o wyrafinowaniu i elegancji, nadaj\u0105c papierowemu pude\u0142ku niezr\u00f3wnane poczucie luksusu i znacznie poprawiaj\u0105c jako\u015b\u0107 produktu.<\/p>\n<h3 id=\"3-high-weight-white-card-material-balance-of-luxurious-texture-and-durability-\">3.\u00a0<strong>Materia\u0142 bia\u0142ej karty o wysokiej gramaturze: r\u00f3wnowaga luksusowej tekstury i trwa\u0142o\u015bci<\/strong><\/h3>\n<p>Wyselekcjonowany importowany bia\u0142y papier kartonowy o gramaturze 350g-400g\/m\u00b2 (np. Nordic White ze Szwecji), o g\u0142adko\u015bci powierzchni 85\u00b0 i jedwabistym dotyku: -\u00a0<strong>Dane dotycz\u0105ce si\u0142y<\/strong>: Wytrzyma\u0142o\u015b\u0107 na \u015bciskanie pier\u015bcienia \u22651200N\/m, 50% wy\u017csza odporno\u015b\u0107 na \u015bciskanie ni\u017c w przypadku zwyk\u0142ego papieru kartonowego.\u00a0<strong>Certyfikacja \u015brodowiskowa<\/strong>: Przeszed\u0142 certyfikacj\u0119 le\u015bn\u0105 FSC i normy bezpiecze\u0144stwa \u017cywno\u015bci ISO 22000, zawarto\u015b\u0107 wilgoci w papierze jest stabilna na poziomie 5%\u00b11%.\u00a0<strong>Aktualizacja dotykowa<\/strong>: Pokryty matow\u0105 foli\u0105 o grubo\u015bci 0,1 mm, redukuj\u0105c\u0105 wsp\u00f3\u0142czynnik odbicia przez 60%, tworz\u0105c wysokiej jako\u015bci matow\u0105 tekstur\u0119.<\/p>\n<h3 id=\"4-international-printing-technology-the-ultimate-presentation-of-color-and-details-\">4.\u00a0<strong>Mi\u0119dzynarodowa technologia druku: doskona\u0142a prezentacja kolor\u00f3w i szczeg\u00f3\u0142\u00f3w<\/strong><\/h3>\n<p>Przedstawiamy czterokolorow\u0105 maszyn\u0119 drukuj\u0105c\u0105 Heidelberg CD102 i pi\u0119\u0107 podstawowych technologii: -\u00a0<strong>Zarz\u0105dzanie kolorami<\/strong>: Korzystanie z bazy danych kolor\u00f3w Pantone, r\u00f3\u017cnica kolor\u00f3w \u0394E\uff1c0,5, obs\u0142uga corocznego popularnego dostosowywania kolor\u00f3w Pantone; -\u00a0<strong>Ulepszenie szczeg\u00f3\u0142\u00f3w<\/strong>: Na\u0142o\u017cenie miejscowego oszklenia UV (grubo\u015b\u0107 0,05 mm) i technologii wyt\u0142aczania (g\u0142\u0119boko\u015b\u0107 0,1 mm), tr\u00f3jwymiarowo\u015b\u0107 wzoru jest zwi\u0119kszona 3-krotnie.\u00a0<strong>Technologia zapobiegaj\u0105ca podrabianiu<\/strong>: Osadzanie zmiennego kodu QR + holograficznego logo laserowego w celu uzyskania identyfikowalno\u015bci jeden-do-jednego.<\/p>\n<h3 id=\"5-source-factory-strength-large-scale-production-and-quality-assurance-\">5.\u00a0<strong>Si\u0142a fabryki \u017ar\u00f3d\u0142owej: produkcja na du\u017c\u0105 skal\u0119 i zapewnienie jako\u015bci<\/strong><\/h3>\n<p>Inteligentna baza produkcyjna 5,320\u33a1 jest wyposa\u017cona w trzy podstawowe zalety: -\u00a0<strong>Gwarancja pojemno\u015bci<\/strong>: 16 w pe\u0142ni zautomatyzowanych linii produkcyjnych, o \u015bredniej dziennej wydajno\u015bci 150 000+, obs\u0142uguj\u0105cych 7-dniowy szybki proofing.\u00a0<strong>System kontroli jako\u015bci<\/strong>: Przeszed\u0142 certyfikacj\u0119 ISO 9001, cz\u0119stotliwo\u015b\u0107 pr\u00f3bkowania ka\u017cdej partii produkt\u00f3w wynosi \u226520%, a wska\u017anik wadliwo\u015bci &lt;0,1%; -\u00a0<strong>Zesp\u00f3\u0142 techniczny<\/strong>: 20-osobowy zesp\u00f3\u0142 badawczo-rozwojowy kieruje projektem strukturalnym i zdoby\u0142 nagrod\u0119 Red Dot Packaging Design Award 2023.<\/p>\n<h3 id=\"6-direct-supply-mode-from-the-source-ultra-high-cost-effective-competitive-advantage-\">6.\u00a0<strong>Tryb bezpo\u015bredniego zasilania ze \u017ar\u00f3d\u0142a: bardzo wysoka op\u0142acalna przewaga konkurencyjna<\/strong><\/h3>\n<p>Obni\u017cenie koszt\u00f3w dzi\u0119ki samodzielnej obs\u0142udze ca\u0142ego \u0142a\u0144cucha przemys\u0142owego: -\u00a0<strong>Optymalizacja \u0142a\u0144cucha dostaw<\/strong>: Wyeliminowanie po\u015brednika, a cena loco fabryka jest 15%-20% ni\u017csza ni\u017c podobnych produkt\u00f3w na rynku; - Wyeliminowanie po\u015brednika, a cena loco fabryka jest 15%-20% ni\u017csza ni\u017c podobnych produkt\u00f3w na rynku.\u00a0<strong>Mo\u017cliwo\u015b\u0107 kontroli koszt\u00f3w<\/strong>: Obs\u0142uga dostosowywania ma\u0142ych partii (minimalne zam\u00f3wienie 500 sztuk), a cena zmniejsza si\u0119 stopniowo; -.\u00a0<strong>Dowody klienta<\/strong>: Nowa marka perfum obni\u017cy\u0142a koszty pakowania o 35% dzi\u0119ki temu rozwi\u0105zaniu, a jej sprzeda\u017c w pierwszym roku przekroczy\u0142a 20 milion\u00f3w.<\/p>\n<h3 id=\"7-green-packaging-solution-environmental-responsibility-and-commercial-value-win-win-\">7.\u00a0<strong>Ekologiczne rozwi\u0105zanie opakowaniowe: odpowiedzialno\u015b\u0107 za \u015brodowisko i warto\u015b\u0107 handlowa korzystna dla obu stron<\/strong><\/h3>\n<p>Praktykowanie koncepcji zr\u00f3wnowa\u017conego rozwoju: -\u00a0<strong>Innowacje materia\u0142owe<\/strong>: Dzi\u0119ki zastosowaniu certyfikowanej masy celulozowej FSC i druku atramentem sojowym, emisja lotnych zwi\u0105zk\u00f3w organicznych zosta\u0142a zmniejszona o 70%.\u00a0<strong>Okr\u0105g\u0142a konstrukcja<\/strong>: Zapewnienie od\u0142\u0105czalnej magnetycznej struktury ss\u0105cej, a wsp\u00f3\u0142czynnik recyklingu ok\u0142adziny zosta\u0142 zwi\u0119kszony do 85%; -\u00a0<strong>\u015aledzenie \u015bladu w\u0119glowego<\/strong>: Ka\u017cda partia produkt\u00f3w posiada certyfikat \u015bladu w\u0119glowego, a emisja dwutlenku w\u0119gla jest o 40% ni\u017csza ni\u017c standard bran\u017cowy.<\/p>","protected":false},"excerpt":{"rendered":"<p>ZOJO Print traktuje \"projektowanie wzmacnia marki, technologia nap\u0119dza wzrost\" jako sw\u00f3j rdze\u0144 i buduje kompleksowe rozwi\u0105zanie opakowaniowe dla marek perfum, od bada\u0144 laboratoryjnych i rozwoju po konsumpcj\u0119 ko\u0144cow\u0105, poprzez niestandardow\u0105 struktur\u0119 pude\u0142ka na karty, mi\u0119dzynarodow\u0105 technologi\u0119 drukowania i model bezpo\u015bredniego zaopatrzenia fabryki \u017ar\u00f3d\u0142owej. Inteligentna baza produkcyjna o powierzchni 5 320 metr\u00f3w kwadratowych i system certyfikacji \u015brodowiskowej ISO 9001 mog\u0105 zaspokoi\u0107 potrzeby dostosowywania marek rozpoczynaj\u0105cych dzia\u0142alno\u015b\u0107 do mi\u0119dzynarodowych marek, pomagaj\u0105c klientom w tworzeniu zr\u00f3\u017cnicowanych barier marki na rynku wysokiej klasy.<\/p>","protected":false},"featured_media":9319,"template":"","meta":[],"product_brand":[],"product_cat":[30,417,430,31],"product_tag":[1140,1040,1139],"class_list":{"0":"post-9315","1":"product","2":"type-product","3":"status-publish","4":"has-post-thumbnail","6":"product_cat-by-industry","7":"product_cat-custom-perfume-boxes-by-industry","8":"product_cat-folding-cartons","9":"product_cat-paper-box-style","10":"product_tag-cardboard-boxes-wholesale","11":"product_tag-custom-logo-paper-box","12":"product_tag-paper-cardboard-boxes","14":"first","15":"instock","16":"shipping-taxable","17":"product-type-grouped"},"_links":{"self":[{"href":"https:\/\/zojopackaging.com\/pl\/wp-json\/wp\/v2\/product\/9315","targetHints":{"allow":["GET"]}}],"collection":[{"href":"https:\/\/zojopackaging.com\/pl\/wp-json\/wp\/v2\/product"}],"about":[{"href":"https:\/\/zojopackaging.com\/pl\/wp-json\/wp\/v2\/types\/product"}],"version-history":[{"count":1,"href":"https:\/\/zojopackaging.com\/pl\/wp-json\/wp\/v2\/product\/9315\/revisions"}],"predecessor-version":[{"id":9324,"href":"https:\/\/zojopackaging.com\/pl\/wp-json\/wp\/v2\/product\/9315\/revisions\/9324"}],"wp:featuredmedia":[{"embeddable":true,"href":"https:\/\/zojopackaging.com\/pl\/wp-json\/wp\/v2\/media\/9319"}],"wp:attachment":[{"href":"https:\/\/zojopackaging.com\/pl\/wp-json\/wp\/v2\/media?parent=9315"}],"wp:term":[{"taxonomy":"product_brand","embeddable":true,"href":"https:\/\/zojopackaging.com\/pl\/wp-json\/wp\/v2\/product_brand?post=9315"},{"taxonomy":"product_cat","embeddable":true,"href":"https:\/\/zojopackaging.com\/pl\/wp-json\/wp\/v2\/product_cat?post=9315"},{"taxonomy":"product_tag","embeddable":true,"href":"https:\/\/zojopackaging.com\/pl\/wp-json\/wp\/v2\/product_tag?post=9315"}],"curies":[{"name":"wp","href":"https:\/\/api.w.org\/{rel}","templated":true}]}}