{"id":9322,"date":"2025-04-01T20:29:07","date_gmt":"2025-04-01T12:29:07","guid":{"rendered":"https:\/\/zojopackaging.com\/?post_type=product&#038;p=9322"},"modified":"2025-04-01T20:52:21","modified_gmt":"2025-04-01T12:52:21","slug":"custom-cosmetic-skincare-makeup-remover-sliding-drawer-box","status":"publish","type":"product","link":"https:\/\/zojopackaging.com\/pl\/product\/custom-cosmetic-skincare-makeup-remover-sliding-drawer-box\/","title":{"rendered":"Niestandardowe pude\u0142ko na kosmetyki do demakija\u017cu z przesuwan\u0105 szuflad\u0105"},"content":{"rendered":"<h2 id=\"-customized-makeup-removal-sliding-drawer-box-\"><strong>Niestandardowa szuflada przesuwna do demakija\u017cu<\/strong><\/h2>\n<h2 id=\"-1-convenient-pull-out-opening-and-closing-design-\"><strong>1. Wygodna konstrukcja otwierania i zamykania szuflad na papier<\/strong><\/h2>\n<ul>\n<li>Dzi\u0119ki precyzyjnej konstrukcji prowadnicy, szuflada otwiera si\u0119 i zamyka p\u0142ynnie i mo\u017ce by\u0107 \u0142atwo popychana i ci\u0105gni\u0119ta jedn\u0105 r\u0119k\u0105.<\/li>\n<li>Beznarz\u0119dziowy monta\u017c sprawia, \u017ce u\u017cytkownicy mog\u0105 z niego korzysta\u0107 od razu po wyj\u0119ciu z pude\u0142ka, co poprawia komfort u\u017cytkowania i zwi\u0119ksza przychylno\u015b\u0107 marki.<\/li>\n<\/ul>\n<h2 id=\"-2-hot-stamping-technology-enhances-visual-texture-\"><strong>2. Technologia z\u0142otej folii t\u0142oczonej na gor\u0105co poprawia tekstur\u0119 wizualn\u0105<\/strong><\/h2>\n<ul>\n<li>Technologia t\u0142oczenia na gor\u0105co (opcjonalnie z\u0142oto, srebro, kolorowe z\u0142oto lub efekt lasera) jest stosowana na powierzchni w celu utworzenia metalicznego po\u0142ysku na LOGO lub wzorze na powierzchni pude\u0142ka, znacznie zwi\u0119kszaj\u0105c rozpoznawalno\u015b\u0107 marki i luksus.<\/li>\n<li>Warstwa t\u0142oczona na gor\u0105co charakteryzuje si\u0119 siln\u0105 przyczepno\u015bci\u0105, odporno\u015bci\u0105 na zu\u017cycie i zarysowania, a po d\u0142ugotrwa\u0142ym u\u017cytkowaniu pozostaje jasna i nowa.<\/li>\n<\/ul>\n<h2 id=\"-3-creative-ribbon-decoration-details-\"><strong>3. Kreatywne szczeg\u00f3\u0142y dekoracji wst\u0105\u017ck\u0105<\/strong><\/h2>\n<ul>\n<li>G\u00f3rna lub boczna cz\u0119\u015b\u0107 jest dopasowana satynow\u0105 \/ teksturowan\u0105 wst\u0105\u017ck\u0105, kt\u00f3ra zapewnia eleganck\u0105 ceremoni\u0119 otwarcia i mo\u017ce by\u0107 u\u017cywana jako pasek na r\u0119k\u0119 w celu zwi\u0119kszenia przeno\u015bno\u015bci.<\/li>\n<li>Kolor wst\u0105\u017cki umo\u017cliwia dostosowanie, kontrastuj\u0105c lub koordynuj\u0105c z g\u0142\u00f3wnym kolorem korpusu pude\u0142ka, wzmacniaj\u0105c og\u00f3lne warstwy projektu.<\/li>\n<\/ul>\n<h2 id=\"-4-eva-lining-for-all-round-protection-\"><strong>4. Podszewka EVA dla wszechstronnej ochrony<\/strong><\/h2>\n<ul>\n<li>Wy\u015bci\u00f3\u0142ka wykonana jest z pianki EVA o wysokiej g\u0119sto\u015bci (mo\u017ce by\u0107 flokowana), z precyzyjnym otworem formuj\u0105cym dopasowanym do kszta\u0142tu produktu, doskona\u0142\u0105 amortyzacj\u0105 i odporno\u015bci\u0105 na wstrz\u0105sy oraz skuteczn\u0105 odporno\u015bci\u0105 na wstrz\u0105sy transportowe i nacisk podczas przechowywania.<\/li>\n<li>Nietoksyczne i przyjazne dla \u015brodowiska materia\u0142y, zgodne ze standardami bezpiecze\u0144stwa opakowa\u0144 kosmetycznych, nadaj\u0105ce si\u0119 do recyklingu i degradacji.<\/li>\n<\/ul>\n<h2 id=\"-5-high-stability-material-combination-\"><strong>5. Po\u0142\u0105czenie materia\u0142\u00f3w o wysokiej stabilno\u015bci<\/strong><\/h2>\n<ul>\n<li><strong>Warstwa strukturalna<\/strong>: Podstawa z szarej p\u0142yty 1200 GSM, twardo\u015b\u0107 osi\u0105gaj\u0105ca najwy\u017cszy standard w bran\u017cy, du\u017ca no\u015bno\u015b\u0107, zapewniaj\u0105ca, \u017ce korpus pude\u0142ka nie odkszta\u0142ca si\u0119.<\/li>\n<li><strong>Warstwa powierzchniowa<\/strong>: Papier powlekany 157 GSM, wysoka reprodukcja kolor\u00f3w, obs\u0142uga drukowania w wysokiej rozdzielczo\u015bci wzor\u00f3w marki lub efekt\u00f3w gradientu.<\/li>\n<\/ul>\n<h2 id=\"-6-highly-flexible-customization-service-\"><strong>6. Wysoce elastyczna us\u0142uga dostosowywania<\/strong><\/h2>\n<ul>\n<li><strong>Rozmiar<\/strong>: Obs\u0142uguje nieograniczone dostosowywanie, odpowiednie dla wielu kategorii, takich jak butelki olejku do demakija\u017cu, maseczki do twarzy, p\u0119dzle itp.<\/li>\n<li><strong>Kolor<\/strong>: Zapewnia pe\u0142n\u0105 gam\u0119 kart kolor\u00f3w Pantone, obs\u0142uguj\u0105c efekty specjalne, takie jak kolory per\u0142owe i metaliczne.<\/li>\n<li><strong>Proces drukowania<\/strong>: Opcjonalna cz\u0119\u015bciowo b\u0142yszcz\u0105ca powierzchnia UV, wyt\u0142aczanie, relief i inne procesy kombinowane w celu stworzenia zr\u00f3\u017cnicowanego efektu wizualnego.<\/li>\n<\/ul>\n<h2 id=\"-application-scenarios-\"><strong>Scenariusze zastosowa\u0144<\/strong><\/h2>\n<ul>\n<li><strong>Wysokiej klasy produkty do piel\u0119gnacji sk\u00f3ry<\/strong>: Wykwintne produkty butelkowane, takie jak esencje i kremy.<\/li>\n<li><strong>Zestawy do makija\u017cu<\/strong>: Wielocz\u0119\u015bciowe zestawy, takie jak palety cieni do powiek i zestawy p\u0119dzli.<\/li>\n<li><strong>Bezpo\u015brednia dostawa w handlu elektronicznym<\/strong>: Konstrukcja antysejsmiczna jest odpowiednia dla logistyki d\u0142ugodystansowej, aby zmniejszy\u0107 wska\u017anik uszkodze\u0144.<\/li>\n<\/ul>\n<h3 id=\"-customization-process-\"><strong>Proces dostosowywania<\/strong><\/h3>\n<ol>\n<li><strong>Komunikacja na \u017c\u0105danie<\/strong>: Dostarczenie rozmiaru produktu, szkicu projektu i wymaga\u0144 procesowych.<\/li>\n<li><strong>Sprawdzanie 3D<\/strong>: Dostarczenie fizycznego potwierdzenia pude\u0142ka pr\u00f3bki w ci\u0105gu 48 godzin.<\/li>\n<li><strong>Produkcja masowa<\/strong>: Minimalna ilo\u015b\u0107 zam\u00f3wienia to 500 zestaw\u00f3w, wspieraj\u0105ca globaln\u0105 dystrybucj\u0119 logistyczn\u0105.<\/li>\n<\/ol>","protected":false},"excerpt":{"rendered":"<ul>\n<li><strong>16 lat do\u015bwiadczenia zawodowego<\/strong>: Fabryka posiada certyfikat zarz\u0105dzania jako\u015bci\u0105 ISO, wyposa\u017cona jest w pe\u0142ni automatyczne maszyny do sztancowania, maszyny do t\u0142oczenia na gor\u0105co i precyzyjny sprz\u0119t do ci\u0119cia EVA, aby zapewni\u0107 dok\u0142adno\u015b\u0107 i wydajno\u015b\u0107 produkcji.<\/li>\n<li><strong>Us\u0142uga pe\u0142nego \u0142\u0105cza<\/strong>: Od sprawdzenia projektu struktury 3D \u2192 wyb\u00f3r procesu materia\u0142owego \u2192 produkcja masowa \u2192 kontrola jako\u015bci i pakowanie, zapewniaj\u0105c kompleksowe rozwi\u0105zanie, pierwsza pr\u00f3bka mo\u017ce zosta\u0107 dostarczona w ci\u0105gu 7 dni.<\/li>\n<\/ul>","protected":false},"featured_media":9265,"template":"","meta":[],"product_brand":[],"product_cat":[30,390,31,426],"product_tag":[1141,1143,1142],"class_list":{"0":"post-9322","1":"product","2":"type-product","3":"status-publish","4":"has-post-thumbnail","6":"product_cat-by-industry","7":"product_cat-custom-cosmetics-boxes","8":"product_cat-paper-box-style","9":"product_cat-paper-drawer-boxes","10":"product_tag-custom-cosmetic-box","11":"product_tag-makeup-remover-boxes","12":"product_tag-skincare-sliding-drawer-box","14":"first","15":"instock","16":"shipping-taxable","17":"product-type-simple"},"_links":{"self":[{"href":"https:\/\/zojopackaging.com\/pl\/wp-json\/wp\/v2\/product\/9322","targetHints":{"allow":["GET"]}}],"collection":[{"href":"https:\/\/zojopackaging.com\/pl\/wp-json\/wp\/v2\/product"}],"about":[{"href":"https:\/\/zojopackaging.com\/pl\/wp-json\/wp\/v2\/types\/product"}],"version-history":[{"count":1,"href":"https:\/\/zojopackaging.com\/pl\/wp-json\/wp\/v2\/product\/9322\/revisions"}],"predecessor-version":[{"id":9326,"href":"https:\/\/zojopackaging.com\/pl\/wp-json\/wp\/v2\/product\/9322\/revisions\/9326"}],"wp:featuredmedia":[{"embeddable":true,"href":"https:\/\/zojopackaging.com\/pl\/wp-json\/wp\/v2\/media\/9265"}],"wp:attachment":[{"href":"https:\/\/zojopackaging.com\/pl\/wp-json\/wp\/v2\/media?parent=9322"}],"wp:term":[{"taxonomy":"product_brand","embeddable":true,"href":"https:\/\/zojopackaging.com\/pl\/wp-json\/wp\/v2\/product_brand?post=9322"},{"taxonomy":"product_cat","embeddable":true,"href":"https:\/\/zojopackaging.com\/pl\/wp-json\/wp\/v2\/product_cat?post=9322"},{"taxonomy":"product_tag","embeddable":true,"href":"https:\/\/zojopackaging.com\/pl\/wp-json\/wp\/v2\/product_tag?post=9322"}],"curies":[{"name":"wp","href":"https:\/\/api.w.org\/{rel}","templated":true}]}}