{"id":9325,"date":"2025-04-01T20:40:17","date_gmt":"2025-04-01T12:40:17","guid":{"rendered":"https:\/\/zojopackaging.com\/?post_type=product&#038;p=9325"},"modified":"2025-04-01T21:52:15","modified_gmt":"2025-04-01T13:52:15","slug":"high-quality-custom-cardboard-boxes-for-perfume-box-manufacturer","status":"publish","type":"product","link":"https:\/\/zojopackaging.com\/pl\/product\/high-quality-custom-cardboard-boxes-for-perfume-box-manufacturer\/","title":{"rendered":"Wysokiej jako\u015bci niestandardowe pude\u0142ka kartonowe dla producenta pude\u0142ek na perfumy"},"content":{"rendered":"<h3 id=\"1-four-color-printing-hot-stamping-process-visual-expression-of-high-end-image-\">1.\u00a0<strong>Czterokolorowy nadruk + proces t\u0142oczenia na gor\u0105co: wizualny wyraz wysokiej jako\u015bci obrazu<\/strong><\/h3>\n<p>Czterokolorowa maszyna drukarska Heidelberg CD102 s\u0142u\u017cy do dok\u0142adnego odwzorowania kolor\u00f3w CMYK, nak\u0142adania cz\u0119\u015bciowego t\u0142oczenia na gor\u0105co \/ procesu srebrzenia, dodawania logo marki, wzor\u00f3w i innych element\u00f3w do korpusu pude\u0142ka lub podszewki, a metalowa tekstura \u015bwieci w \u015bwietle. G\u0142adko\u015b\u0107 powierzchni bia\u0142ego kartonu osi\u0105ga 85\u00b0, a przyczepno\u015b\u0107 tuszu jest silna, dzi\u0119ki czemu wz\u00f3r jest delikatny i bez zadzior\u00f3w. Dzi\u0119ki temu procesowi mi\u0119dzynarodowa marka perfum zwi\u0119kszy\u0142a wska\u017anik premii za produkt o 28% i zdoby\u0142a nagrod\u0119 Red Dot Design Award 2023.<\/p>\n<h3 id=\"2-application-of-color-psychology-emotional-visual-experience-\">2.\u00a0<strong>Zastosowanie psychologii kolor\u00f3w: emocjonalne wra\u017cenia wizualne<\/strong><\/h3>\n<p>Stw\u00f3rz ciep\u0142\u0105 atmosfer\u0119 dzi\u0119ki ciep\u0142ym tonom o niskim nasyceniu (takim jak bursztynowe z\u0142oto, r\u00f3\u017cowy kwiat wi\u015bni) i gradientowemu przej\u015bciu. Hierarchia kolor\u00f3w jest zgodna z zasad\u0105 psychologii kolor\u00f3w FPA, kt\u00f3ra nie tylko przekazuje ton marki, ale tak\u017ce spe\u0142nia preferencje estetyczne konsumentek. Dane eksperymentalne pokazuj\u0105, \u017ce mi\u0119kkie opakowanie wyd\u0142u\u017ca czas pobytu konsument\u00f3w o 37%, a satysfakcja ze \u015blepego testu osi\u0105ga 92%.<\/p>\n<h3 id=\"3-card-box-structure-innovation-greatly-saves-freight-\">3.\u00a0<strong>Innowacyjna struktura pude\u0142ka na karty: znacznie oszcz\u0119dza fracht<\/strong><\/h3>\n<p>Konstrukcja kartonowego pude\u0142ka papierowego mo\u017ce by\u0107 sp\u0142aszczona do wysy\u0142ki, co przynosi znaczne korzy\u015bci w zakresie redukcji przestrzeni dla transgranicznej logistyki i transportu.<\/p>\n<h3 id=\"4-350g-white-card-material-the-golden-balance-of-strength-and-cost-\">4.\u00a0<strong>Bia\u0142a karta o gramaturze 350 g: z\u0142ota r\u00f3wnowaga mi\u0119dzy wytrzyma\u0142o\u015bci\u0105 a cen\u0105<\/strong><\/h3>\n<p>Wybrano importowany bia\u0142y papier kartonowy o gramaturze 350 g\/m\u00b2, o wytrzyma\u0142o\u015bci na \u015bciskanie pier\u015bcienia 1000 N\/m, kt\u00f3ry przeszed\u0142 certyfikacj\u0119 FSC i spe\u0142nia normy \u015brodowiskowe UE. W por\u00f3wnaniu z metalowymi pude\u0142kami, zmniejsza wag\u0119 o 60%, zmniejsza koszty logistyczne o 35% i poprawia przyczepno\u015b\u0107 atramentu o 40%, a wydrukowany kolor jest trwalszy. Zmierzona odporno\u015b\u0107 na \u015bciskanie jest o 50% wy\u017csza ni\u017c w przypadku zwyk\u0142ego szarego papieru tekturowego, a wska\u017anik uszkodze\u0144 transportowych wynosi &lt;0,03%.<\/p>\n<h3 id=\"5-modular-size-customization-precise-adaptation-to-product-features-\">5.\u00a0<strong>Modu\u0142owe dostosowanie rozmiaru: precyzyjne dostosowanie do cech produktu<\/strong><\/h3>\n<p>Obs\u0142uguje dostosowywanie tolerancji rozmiaru \u00b10,5 mm i szybko generuje schematy strukturalne za pomoc\u0105 cyfrowego systemu modelowania. Przyk\u0142adowo, pude\u0142ko na minibutelk\u0119 o pojemno\u015bci 15 ml dostosowane do potrzeb niszowej marki perfum ma kompaktowy rozmiar 175\u00d780\u00d745 mm, co zwi\u0119ksza wykorzystanie przestrzeni o 40%. Zapewnia 5 standardowych bibliotek typ\u00f3w pude\u0142ek (klapka \/ szuflada \/ podw\u00f3jna wtyczka \/ zawieszenie \/ ssanie magnetyczne) i generuje schematy strukturalne 3D w ci\u0105gu 24 godzin.<\/p>\n<h3 id=\"6-box-design-language-visual-carrier-of-brand-assets-\">6.\u00a0<strong>J\u0119zyk projektowania pude\u0142ek: wizualny no\u015bnik zasob\u00f3w marki<\/strong><\/h3>\n<p>W innowacyjny spos\u00f3b zastosowano \"zawieszony korpus butelki\": wewn\u0119trzny wspornik jest zawieszony, aby zmniejszy\u0107 kolizj\u0119, a zewn\u0119trzne pude\u0142ko prezentuje gradientowy efekt \u015bwiat\u0142a i cienia dzi\u0119ki pow\u0142oce UV. Luksusowa marka zdoby\u0142a nagrod\u0119 Red Dot Award za ten projekt, a wska\u017anik odkupu przez u\u017cytkownik\u00f3w wzr\u00f3s\u0142 o 22%. Struktura pude\u0142ka zosta\u0142a zoptymalizowana za pomoc\u0105 analizy element\u00f3w sko\u0144czonych, a wytrzyma\u0142o\u015b\u0107 na \u015bciskanie oraz p\u0142ynno\u015b\u0107 otwierania i zamykania zosta\u0142y jednocze\u015bnie poprawione.<\/p>\n<h3 id=\"7-multi-function-inner-support-system-double-guarantee-of-safety-and-aesthetics-\">7.\u00a0<strong>Wielofunkcyjny wewn\u0119trzny system no\u015bny: podw\u00f3jna gwarancja bezpiecze\u0144stwa i estetyki<\/strong><\/h3>\n<p>Zapewnia 4 wewn\u0119trzne rozwi\u0105zania wsparcia: -\u00a0<strong>Podstawowy model odporny na wstrz\u0105sy<\/strong>: 3 mm pianka poliuretanowa + 1 mm podk\u0142adka kompozytowa z folii aluminiowej (przesz\u0142a test ISTA 2A) -\u00a0<strong>Model wy\u015bwietlacza<\/strong>: przezroczyste akrylowe okienko (wy\u015bwietlane po otwarciu pude\u0142ka) -\u00a0<strong>Model ochrony \u015brodowiska<\/strong>: degradowalny papier o strukturze plastra miodu + bawe\u0142na z w\u0142\u00f3kien ro\u015blinnych (certyfikat FSC) -\u00a0<strong>Dostosowany model LOGO<\/strong>: historia marki grawerowania laserowego.<\/p>","protected":false},"excerpt":{"rendered":"<p>ZOJO Print zapewnia markom perfumeryjnym kompleksowe rozwi\u0105zanie od koncepcji do masowej produkcji dzi\u0119ki tr\u00f3jwymiarowym ulepszeniom innowacji materia\u0142owych (bia\u0142a karta 350g + proces czarnego z\u0142ota), in\u017cynierii strukturalnej (podw\u00f3jna odporno\u015b\u0107 na \u015bciskanie kart) i inteligentnej produkcji (szybki proofing). Dzienna zdolno\u015b\u0107 produkcyjna wynosz\u0105ca ponad 120 000 sztuk i system certyfikacji ISO 9001 mog\u0105 zaspokoi\u0107 potrzeby dostosowywania marek rozpoczynaj\u0105cych dzia\u0142alno\u015b\u0107 do mi\u0119dzynarodowych marek, pomagaj\u0105c klientom w osi\u0105gni\u0119ciu zr\u00f3\u017cnicowanej konkurencyjno\u015bci na rynku terminali.<\/p>","protected":false},"featured_media":9342,"template":"","meta":[],"product_brand":[],"product_cat":[30,417,430,31],"product_tag":[1148,1147,702],"class_list":{"0":"post-9325","1":"product","2":"type-product","3":"status-publish","4":"has-post-thumbnail","6":"product_cat-by-industry","7":"product_cat-custom-perfume-boxes-by-industry","8":"product_cat-folding-cartons","9":"product_cat-paper-box-style","10":"product_tag-cardboard-boxes-for-perfume","11":"product_tag-high-quality-custom-box","12":"product_tag-perfume-box-manufacturer","14":"first","15":"instock","16":"shipping-taxable","17":"product-type-grouped"},"_links":{"self":[{"href":"https:\/\/zojopackaging.com\/pl\/wp-json\/wp\/v2\/product\/9325","targetHints":{"allow":["GET"]}}],"collection":[{"href":"https:\/\/zojopackaging.com\/pl\/wp-json\/wp\/v2\/product"}],"about":[{"href":"https:\/\/zojopackaging.com\/pl\/wp-json\/wp\/v2\/types\/product"}],"version-history":[{"count":1,"href":"https:\/\/zojopackaging.com\/pl\/wp-json\/wp\/v2\/product\/9325\/revisions"}],"predecessor-version":[{"id":9347,"href":"https:\/\/zojopackaging.com\/pl\/wp-json\/wp\/v2\/product\/9325\/revisions\/9347"}],"wp:featuredmedia":[{"embeddable":true,"href":"https:\/\/zojopackaging.com\/pl\/wp-json\/wp\/v2\/media\/9342"}],"wp:attachment":[{"href":"https:\/\/zojopackaging.com\/pl\/wp-json\/wp\/v2\/media?parent=9325"}],"wp:term":[{"taxonomy":"product_brand","embeddable":true,"href":"https:\/\/zojopackaging.com\/pl\/wp-json\/wp\/v2\/product_brand?post=9325"},{"taxonomy":"product_cat","embeddable":true,"href":"https:\/\/zojopackaging.com\/pl\/wp-json\/wp\/v2\/product_cat?post=9325"},{"taxonomy":"product_tag","embeddable":true,"href":"https:\/\/zojopackaging.com\/pl\/wp-json\/wp\/v2\/product_tag?post=9325"}],"curies":[{"name":"wp","href":"https:\/\/api.w.org\/{rel}","templated":true}]}}