{"id":9327,"date":"2025-04-01T20:52:50","date_gmt":"2025-04-01T12:52:50","guid":{"rendered":"https:\/\/zojopackaging.com\/?post_type=product&#038;p=9327"},"modified":"2025-04-01T21:09:19","modified_gmt":"2025-04-01T13:09:19","slug":"custom-electronic-parts-accessories-packaging-box-wholesale","status":"publish","type":"product","link":"https:\/\/zojopackaging.com\/pl\/product\/custom-electronic-parts-accessories-packaging-box-wholesale\/","title":{"rendered":"Niestandardowe akcesoria do cz\u0119\u015bci elektronicznych Opakowanie hurtowe"},"content":{"rendered":"<h2 id=\"-core-advantages-and-product-features-\"><strong>G\u0142\u00f3wne zalety i cechy produktu<\/strong><\/h2>\n<ol>\n<li><strong>Oddzielna konstrukcja g\u00f3rnej i dolnej pokrywy<\/strong>\u00a0G\u00f3rna pokrywa i dolna pokrywa s\u0105 oddzielone, co jest \u0142atwe w obs\u0142udze i ma silne uszczelnienie, co u\u0142atwia szybkie wyjmowanie cz\u0119\u015bci elektronicznych i akcesori\u00f3w. Korpus skrzynki ma stabiln\u0105 konstrukcj\u0119, uwzgl\u0119dniaj\u0105c\u0105 zar\u00f3wno ochron\u0119, jak i p\u0142ynne otwieranie i zamykanie, kt\u00f3ra jest odpowiednia do przechowywania i wyszukiwania precyzyjnych akcesori\u00f3w elektronicznych o wysokiej cz\u0119stotliwo\u015bci, a tak\u017ce obs\u0142uguje przechowywanie w stosach w celu optymalizacji wykorzystania przestrzeni magazynowej.<\/li>\n<li><strong>Proces t\u0142oczenia na gor\u0105co i dopasowywanie kolor\u00f3w<\/strong>\u00a0G\u0142\u00f3wnym kolorem jest klasyczna czer\u0144, z czerwieni\u0105 jako kolorem pomocniczym. Proces t\u0142oczenia na gor\u0105co zwi\u0119ksza ekspresj\u0119 wizualn\u0105 i podkre\u015bla wysokiej klasy pozycjonowanie produktu. Wz\u00f3r t\u0142oczony na gor\u0105co jest wyra\u017any i tr\u00f3jwymiarowy, co zwi\u0119ksza rozpoznawalno\u015b\u0107 marki. Nadaje si\u0119 do opakowa\u0144 ekspozycyjnych lub prezent\u00f3w biznesowych, skutecznie zwi\u0119kszaj\u0105c warto\u015b\u0107 dodan\u0105 produkt\u00f3w klienta.<\/li>\n<li><strong>System ochrony podszewki EVA<\/strong>\u00a0Wbudowana wy\u015bci\u00f3\u0142ka EVA o wysokiej g\u0119sto\u015bci mo\u017ce dok\u0142adnie dopasowa\u0107 si\u0119 do kszta\u0142tu cz\u0119\u015bci w procesie sztancowania, skutecznie absorbowa\u0107 uderzenia i wibracje podczas transportu oraz zapobiega\u0107 uszkodzeniom fizycznym, takim jak zadrapania i wyt\u0142aczanie. Podszewk\u0119 mo\u017cna dostosowa\u0107 do rozmiaru i kszta\u0142tu akcesori\u00f3w, wspieraj\u0105c potrzeby mieszanego obci\u0105\u017cenia wielu kategorii, aby zapewni\u0107 niezale\u017cn\u0105 ochron\u0119 precyzyjnych komponent\u00f3w elektronicznych.<\/li>\n<li><strong>W pe\u0142ni spersonalizowana us\u0142uga<\/strong><\/li>\n<li><strong>Typ i rozmiar pude\u0142ka<\/strong>: Obs\u0142uguje r\u00f3\u017cne konstrukcje, takie jak pokrywy g\u00f3rne i dolne, skrzynki w kszta\u0142cie ksi\u0105\u017cki, skrzynki okienne itp., dostosowane do rozmiar\u00f3w akcesori\u00f3w i wymaga\u0144 transportowych, ze wsp\u00f3\u0142czynnikiem obj\u0119to\u015bci &gt;90%, redukuj\u0105c zb\u0119dn\u0105 przestrze\u0144.<\/li>\n<li><strong>Materia\u0142 i proces<\/strong>: Zapewniamy monta\u017c na szarej p\u0142ycie, twardym kartonie, specjalnym papierze i innych opcjach pod\u0142o\u017ca, matow\u0105 foli\u0119 na powierzchni w celu wzmocnienia tekstury oraz czterokolorowy druk (maszyna drukarska Heidelberg), aby zapewni\u0107, \u017ce wz\u00f3r jest pe\u0142en kolor\u00f3w, a przej\u015bcie jest naturalne.<\/li>\n<li><strong>Rozszerzenie funkcji<\/strong>: Mo\u017ce zintegrowa\u0107 pow\u0142ok\u0119 antystatyczn\u0105, odporne na wilgo\u0107 paski uszczelniaj\u0105ce i inne procesy, aby dostosowa\u0107 si\u0119 do specjalnych potrzeb przechowywania wra\u017cliwych komponent\u00f3w elektronicznych.<\/li>\n<li><strong>Profesjonalne wsparcie produkcji i handlu zagranicznego<\/strong>\u00a016 lat bezpo\u015bredniej wysy\u0142ki z fabryki \u017ar\u00f3d\u0142owej, przesz\u0142o certyfikacj\u0119 systemu zarz\u0105dzania jako\u015bci\u0105 ISO i \u015bci\u015ble kontrolowa\u0142o ca\u0142y proces od kontroli materia\u0142u do kontroli gotowego produktu. Koncentruj\u0105c si\u0119 na rynku handlu zagranicznego, znaj\u0105c mi\u0119dzynarodowe standardy logistyczne (takie jak testowanie transportu ISTA), dostarczaj\u0105c wieloj\u0119zyczne etykiety, certyfikaty \u015brodowiskowe (takie jak FSC, ISO) i inne us\u0142ugi wspieraj\u0105ce, aby pom\u00f3c produktom wej\u015b\u0107 do Europy, Ameryki, Azji Po\u0142udniowo-Wschodniej i innych rynk\u00f3w zgodnie z przepisami.<\/li>\n<\/ol>\n<h2 id=\"-technical-parameters-and-delivery-guarantee-\"><strong>Parametry techniczne i gwarancja dostawy<\/strong><\/h2>\n<table>\n<thead>\n<tr>\n<th><strong>Projekt<\/strong><\/th>\n<th><strong>Specyfikacje<\/strong><\/th>\n<\/tr>\n<\/thead>\n<tbody>\n<tr>\n<td>Proces drukowania<\/td>\n<td>Druk czterokolorowy + folia matowa\/b\u0142yszcz\u0105ca, rozdzielczo\u015b\u0107 \u2265300 dpi, obs\u0142uga kolor\u00f3w dodatkowych, lokalny efekt UV<\/td>\n<\/tr>\n<tr>\n<td>Cykl produkcyjny<\/td>\n<td>3-5 dni roboczych na wydruki pr\u00f3bne, 7-15 dni na zam\u00f3wienia seryjne (dostosowane w zale\u017cno\u015bci od z\u0142o\u017cono\u015bci personalizacji).<\/td>\n<\/tr>\n<tr>\n<td>Minimalna ilo\u015b\u0107 zam\u00f3wienia<\/td>\n<td>500 partii, obs\u0142uga ma\u0142ych partii i elastyczne dostosowywanie<\/td>\n<\/tr>\n<tr>\n<td>Opakowania logistyczne<\/td>\n<td>Zewn\u0119trzne pude\u0142ko z tektury falistej klasy eksportowej + zamocowana folia do owijania, obci\u0105\u017cenie pojedynczego pude\u0142ka \u226515 kg, warstwa uk\u0142adania \u22655 warstw<\/td>\n<\/tr>\n<\/tbody>\n<\/table>\n<p>&nbsp;<\/p>","protected":false},"excerpt":{"rendered":"<ul>\n<li><strong>Obszary zastosowa\u0144<\/strong>Telefony kom\u00f3rkowe, komponenty elektryczne, instrumenty precyzyjne, materia\u0142y SMT, akcesoria do urz\u0105dze\u0144 przemys\u0142owych itp.<\/li>\n<li><strong>Warto\u015b\u0107 podstawowa<\/strong>: Zmniejszenie wska\u017anika strat transportowych o \uff1e30% dzi\u0119ki profesjonalnemu pakowaniu, poprawa do\u015bwiadczenia rozpakowywania terminali; niestandardowy projekt wzmacnia wizerunek marki i pomaga dostawcom cz\u0119\u015bci elektronicznych, handlowcom i producentom OEM zaj\u0105\u0107 rynek wysokiej klasy.<\/li>\n<\/ul>","protected":false},"featured_media":9328,"template":"","meta":[],"product_brand":[],"product_cat":[30,413,425,31],"product_tag":[1146,1144,1145],"class_list":{"0":"post-9327","1":"product","2":"type-product","3":"status-publish","4":"has-post-thumbnail","6":"product_cat-by-industry","7":"product_cat-consumer-electronics-boxes","8":"product_cat-lid-and-base-gift-box","9":"product_cat-paper-box-style","10":"product_tag-custom-electronic-packaging","11":"product_tag-custom-electronic-parts-packaging","12":"product_tag-electronic-accessories-packaging","14":"first","15":"instock","16":"shipping-taxable","17":"product-type-simple"},"_links":{"self":[{"href":"https:\/\/zojopackaging.com\/pl\/wp-json\/wp\/v2\/product\/9327","targetHints":{"allow":["GET"]}}],"collection":[{"href":"https:\/\/zojopackaging.com\/pl\/wp-json\/wp\/v2\/product"}],"about":[{"href":"https:\/\/zojopackaging.com\/pl\/wp-json\/wp\/v2\/types\/product"}],"version-history":[{"count":1,"href":"https:\/\/zojopackaging.com\/pl\/wp-json\/wp\/v2\/product\/9327\/revisions"}],"predecessor-version":[{"id":9334,"href":"https:\/\/zojopackaging.com\/pl\/wp-json\/wp\/v2\/product\/9327\/revisions\/9334"}],"wp:featuredmedia":[{"embeddable":true,"href":"https:\/\/zojopackaging.com\/pl\/wp-json\/wp\/v2\/media\/9328"}],"wp:attachment":[{"href":"https:\/\/zojopackaging.com\/pl\/wp-json\/wp\/v2\/media?parent=9327"}],"wp:term":[{"taxonomy":"product_brand","embeddable":true,"href":"https:\/\/zojopackaging.com\/pl\/wp-json\/wp\/v2\/product_brand?post=9327"},{"taxonomy":"product_cat","embeddable":true,"href":"https:\/\/zojopackaging.com\/pl\/wp-json\/wp\/v2\/product_cat?post=9327"},{"taxonomy":"product_tag","embeddable":true,"href":"https:\/\/zojopackaging.com\/pl\/wp-json\/wp\/v2\/product_tag?post=9327"}],"curies":[{"name":"wp","href":"https:\/\/api.w.org\/{rel}","templated":true}]}}