{"id":9335,"date":"2025-04-01T21:13:56","date_gmt":"2025-04-01T13:13:56","guid":{"rendered":"https:\/\/zojopackaging.com\/?post_type=product&#038;p=9335"},"modified":"2025-04-01T21:56:12","modified_gmt":"2025-04-01T13:56:12","slug":"custom-consumer-electronic-packaging-gift-boxes-wholesale","status":"publish","type":"product","link":"https:\/\/zojopackaging.com\/pl\/product\/custom-consumer-electronic-packaging-gift-boxes-wholesale\/","title":{"rendered":"Niestandardowe elektroniczne opakowania konsumenckie Pude\u0142ka na prezenty Hurtownia"},"content":{"rendered":"<h2 id=\"-core-functions-and-design-highlights-\"><strong>Podstawowe funkcje i najwa\u017cniejsze cechy konstrukcyjne<\/strong><\/h2>\n<ol>\n<li><strong>\u017bywe abstrakcyjne wzory i personalizacja marki<\/strong>\u00a0Proces powierzchniowy wykorzystuje papier powlekany C2S o gramaturze 157 g w po\u0142\u0105czeniu z technologi\u0105 druku RISO, aby wspiera\u0107 abstrakcyjny efekt wielokolorowej losowej superpozycji. Lokalny proces lakierowania UV dostosowuje twardo\u015b\u0107 powierzchni kolizji poprzez cz\u0119stotliwo\u015b\u0107 2000-3000 Hz, aby osi\u0105gn\u0105\u0107 synergiczne wzmocnienie dotykowego sprz\u0119\u017cenia zwrotnego i wizualnego po\u0142ysku; proces t\u0142oczenia na gor\u0105co wykorzystuje materia\u0142y kontaktowe ze stopu srebra, co zwi\u0119ksza odporno\u015b\u0107 na korozj\u0119 o 50%, zapewniaj\u0105c integralno\u015b\u0107 wzoru po otwieraniu i zamykaniu z du\u017c\u0105 cz\u0119stotliwo\u015bci\u0105. Obs\u0142uguje precyzyjny sitodruk 300 dpi, mo\u017ce przywr\u00f3ci\u0107 ponad 95% gamy kolor\u00f3w specjalnej biblioteki kolor\u00f3w Pantone i dostosowuje si\u0119 do personalizacji systemu marki VI.<\/li>\n<li><strong>Pe\u0142nowymiarowa us\u0142uga dostosowywania<\/strong><\/li>\n<li><strong>Innowacja typu box<\/strong>: Wspiera rozw\u00f3j pude\u0142ek o specjalnych kszta\u0142tach, takich jak naro\u017cniki w kszta\u0142cie serca\/zaokr\u0105glone, wykorzystuje modelowanie parametryczne CAD w celu osi\u0105gni\u0119cia symulacji strukturalnej 1:1 i skraca cykl proofingu do 72 godzin.<\/li>\n<li><strong>Materia\u0142y przyjazne dla \u015brodowiska<\/strong>: Jako materia\u0142 bazowy wykorzystano karton z certyfikatem FSC + nadruk atramentem sojowym,<\/li>\n<li><strong>Kombinacja proces\u00f3w<\/strong>: Obs\u0142uguje procesy \u0142\u0105czenia reliefu 3D i wyt\u0142aczania laserowego w celu uzyskania dynamicznych efekt\u00f3w \u015bwiat\u0142a i cienia.<\/li>\n<\/ol>\n<h2 id=\"-service-advantages-\"><strong>Zalety us\u0142ugi<\/strong><\/h2>\n<ul>\n<li><strong>Zgodno\u015b\u0107 transgraniczna<\/strong>: Dostarczanie pe\u0142nego zestawu dokument\u00f3w certyfikacyjnych RoHS CE FSC i obs\u0142uga inteligentnego wst\u0119pnego obliczania taryf w Chinach, Stanach Zjednoczonych i Europie zgodnie z warunkami DDP.<\/li>\n<li><strong>Kontrola koszt\u00f3w<\/strong>: Osi\u0105gni\u0119cie kompleksowych korzy\u015bci kosztowych dzi\u0119ki optymalizacji uk\u0142adu pier\u015bcieni magnetycznych i projektowi zagnie\u017cd\u017cania wykrojnik\u00f3w kartonowych.<\/li>\n<\/ul>\n<h2 id=\"-customization-process-\"><strong>Proces dostosowywania<\/strong><\/h2>\n<ol>\n<li><strong>Digitalizacja popytu<\/strong>: Prze\u015blij modele 3D produkt\u00f3w online, a algorytmy sztucznej inteligencji automatycznie wygeneruj\u0105 rozwi\u0105zania optymalizuj\u0105ce topologi\u0119 struktury buforowej.<\/li>\n<li><strong>Wirtualne prototypowanie<\/strong>: Dostarczanie interaktywnych rendering\u00f3w 3D WebGL w ci\u0105gu 48 godzin i obs\u0142uga wirtualnego unboxingu AR.<\/li>\n<li><strong>Zwinna produkcja<\/strong>: System MES jest po\u0142\u0105czony z ERP, a 500 sztuk partii zam\u00f3wie\u0144 mo\u017ce by\u0107 dostarczonych globalnie w ci\u0105gu 7 dni.<\/li>\n<\/ol>","protected":false},"excerpt":{"rendered":"<p>1. Magnetyczne pude\u0142ko zamykaj\u0105ce otwiera si\u0119 w ci\u0105gu kilku sekund dzi\u0119ki adsorpcji magnetycznej, bez skomplikowanych narz\u0119dzi lub sta\u0142ych krok\u00f3w, oszcz\u0119dzaj\u0105c czas pracy<br \/>\n2. To \u017cywe pude\u0142ko z abstrakcyjnym wzorem mo\u017ce poprawi\u0107 wra\u017cenia zwi\u0105zane z rozpakowywaniem marki<br \/>\n3. Zaprojektowany specjalnie dla elektroniki u\u017cytkowej, \u0142\u0105czy w sobie odwa\u017cne pi\u0119kno z pot\u0119\u017cn\u0105 ochron\u0105<br \/>\n4. Kszta\u0142t pude\u0142ka, rozmiar, kolor, materia\u0142 i efekt nadruku powierzchni mo\u017cna w du\u017cym stopniu dostosowa\u0107 do opakowania elektroniki u\u017cytkowej<\/p>","protected":false},"featured_media":9336,"template":"","meta":[],"product_brand":[],"product_cat":[30,413,424,31],"product_tag":[1151,1149,1150],"class_list":{"0":"post-9335","1":"product","2":"type-product","3":"status-publish","4":"has-post-thumbnail","6":"product_cat-by-industry","7":"product_cat-consumer-electronics-boxes","8":"product_cat-magnetic-closure-boxes","9":"product_cat-paper-box-style","10":"product_tag-consumer-electronic-boxes-wholesale","11":"product_tag-consumer-electronic-packaging","12":"product_tag-electronic-packaging-gift-boxes","14":"first","15":"instock","16":"shipping-taxable","17":"product-type-simple"},"_links":{"self":[{"href":"https:\/\/zojopackaging.com\/pl\/wp-json\/wp\/v2\/product\/9335","targetHints":{"allow":["GET"]}}],"collection":[{"href":"https:\/\/zojopackaging.com\/pl\/wp-json\/wp\/v2\/product"}],"about":[{"href":"https:\/\/zojopackaging.com\/pl\/wp-json\/wp\/v2\/types\/product"}],"version-history":[{"count":1,"href":"https:\/\/zojopackaging.com\/pl\/wp-json\/wp\/v2\/product\/9335\/revisions"}],"predecessor-version":[{"id":9348,"href":"https:\/\/zojopackaging.com\/pl\/wp-json\/wp\/v2\/product\/9335\/revisions\/9348"}],"wp:featuredmedia":[{"embeddable":true,"href":"https:\/\/zojopackaging.com\/pl\/wp-json\/wp\/v2\/media\/9336"}],"wp:attachment":[{"href":"https:\/\/zojopackaging.com\/pl\/wp-json\/wp\/v2\/media?parent=9335"}],"wp:term":[{"taxonomy":"product_brand","embeddable":true,"href":"https:\/\/zojopackaging.com\/pl\/wp-json\/wp\/v2\/product_brand?post=9335"},{"taxonomy":"product_cat","embeddable":true,"href":"https:\/\/zojopackaging.com\/pl\/wp-json\/wp\/v2\/product_cat?post=9335"},{"taxonomy":"product_tag","embeddable":true,"href":"https:\/\/zojopackaging.com\/pl\/wp-json\/wp\/v2\/product_tag?post=9335"}],"curies":[{"name":"wp","href":"https:\/\/api.w.org\/{rel}","templated":true}]}}