{"id":9349,"date":"2025-04-01T21:56:20","date_gmt":"2025-04-01T13:56:20","guid":{"rendered":"https:\/\/zojopackaging.com\/?post_type=product&#038;p=9349"},"modified":"2025-04-01T22:27:11","modified_gmt":"2025-04-01T14:27:11","slug":"custom-pet-dog-leash-collar-product-packaging-box-wholesale","status":"publish","type":"product","link":"https:\/\/zojopackaging.com\/pl\/product\/custom-pet-dog-leash-collar-product-packaging-box-wholesale\/","title":{"rendered":"Niestandardowa obro\u017ca ze smycz\u0105 dla psa Opakowanie produktu Hurtownia"},"content":{"rendered":"<h2 id=\"-i-core-product-advantages-\"><strong>1. Podstawowe zalety produktu<\/strong><\/h2>\n<h3 id=\"1-high-quality-environmentally-friendly-materials-\">1.\u00a0<strong>Wysokiej jako\u015bci materia\u0142y przyjazne dla \u015brodowiska<\/strong><\/h3>\n<ul>\n<li><strong>Materia\u0142<\/strong>: Wykonane z przyjaznej dla \u015brodowiska tektury o wysokiej g\u0119sto\u015bci (certyfikat FSC), o opcjonalnej grubo\u015bci 1,5-3 mm i wytrzyma\u0142o\u015bci na \u015bciskanie 10-15 kg, zapewniaj\u0105cej odporno\u015b\u0107 na upadki i odkszta\u0142cenia podczas transportu.<\/li>\n<li><strong>Ochrona \u015brodowiska<\/strong>: Zgodny z normami UE REACH, 100% nadaj\u0105cy si\u0119 do recyklingu, odpowiedni dla transgranicznego handlu elektronicznego i rynk\u00f3w wysokiej klasy marek zwierz\u0105t domowych.<\/li>\n<\/ul>\n<h3 id=\"2-waterproof-matte-coating-technology-\">2.\u00a0<strong>Wodoodporna technologia matowej pow\u0142oki<\/strong><\/h3>\n<ul>\n<li><strong>Obr\u00f3bka powierzchni<\/strong>: Zewn\u0119trzna warstwa jest pokryta matow\u0105 wodoodporn\u0105 pow\u0142ok\u0105, kt\u00f3ra jest odporna na wilgo\u0107 i porastanie oraz mo\u017ce wytrzyma\u0107 ekstremalne temperatury i wilgotno\u015b\u0107 od -20\u00b0C do 60\u00b0C, chroni\u0105c wewn\u0119trzne produkty (takie jak poliestrowe ko\u0142nierze i nylonowe liny trakcyjne) przed uszkodzeniem podczas przechowywania i transportu.<\/li>\n<li><strong>Matowa tekstura<\/strong>: Delikatny dotyk, podkre\u015blaj\u0105cy wysokiej klasy wizerunek marki.<\/li>\n<\/ul>\n<h3 id=\"3-customized-design-solutions-\">3.\u00a0<strong>Indywidualne rozwi\u0105zania projektowe<\/strong><\/h3>\n<ul>\n<li><strong>Projekt wzoru<\/strong>: Obs\u0142uguje pe\u0142nokolorowy druk UV, t\u0142oczenie na gor\u0105co\/srebro i technologi\u0119 wyt\u0142aczania. Mo\u017ce zawiera\u0107 elementy zwierz\u0105t domowych (takie jak odciski \u0142ap, ko\u015bci, psy z kresk\u00f3wek) lub adres IP marki i jest odpowiedni dla preferencji rynkowych, takich jak europejski i ameryka\u0144ski styl minimalistyczny, japo\u0144ski i korea\u0144ski styl uroczy.<\/li>\n<li><strong>Dopasowanie kolor\u00f3w<\/strong>: Zapewnia dok\u0142adne dopasowanie kolor\u00f3w za pomoc\u0105 kart kolor\u00f3w Pantone, obs\u0142uguje kolory gradientowe i lokalne efekty lakierowania.<\/li>\n<\/ul>\n<h3 id=\"4-multifunctional-internal-structure-\">4.\u00a0<strong>Wielofunkcyjna struktura wewn\u0119trzna<\/strong><\/h3>\n<ul>\n<li><strong>Wersja rozszerzona<\/strong>: Obs\u0142uguje warstwow\u0105 konstrukcj\u0119 separacji, kompatybiln\u0105 z ma\u0142ymi akcesoriami (takimi jak torby na kupy, torby na przek\u0105ski).<\/li>\n<li><strong>Konstrukcja bufora<\/strong>: Opcjonalna wy\u015bci\u00f3\u0142ka EVA lub taca na papier o strukturze plastra miodu, odporna na wstrz\u0105sy i uderzenia.<\/li>\n<\/ul>\n<h3 id=\"5-highly-flexible-customized-service-\">5.\u00a0<strong>Wysoce elastyczna us\u0142uga dostosowana do potrzeb klienta<\/strong><\/h3>\n<ul>\n<li><strong>Wyb\u00f3r typu skrzynki<\/strong>: G\u00f3rna i dolna pokrywa, typ szuflady, sk\u0142adane pude\u0142ko pocztowe, odpowiednie dla r\u00f3\u017cnych linii produkt\u00f3w (takich jak pude\u0142ka upominkowe na pojedyncze produkty, kombinacje zestaw\u00f3w).<\/li>\n<li><strong>Technologia powierzchniowa<\/strong>: T\u0142oczenie na gor\u0105co \/ srebro, wyt\u0142aczanie, dr\u0105\u017cenie laserowe, obs\u0142uguje sitodruk LOGO marki lub druk stereo 3D.<\/li>\n<li><strong>Dodatkowe funkcje<\/strong>: Etykiety z kodami QR, naklejki zabezpieczaj\u0105ce przed podrabianiem i otwory na karty podarunkowe mog\u0105 by\u0107 zintegrowane w celu zwi\u0119kszenia interakcji z klientem.<\/li>\n<\/ul>\n<h2 id=\"-ii-cooperation-process-and-support-policy-\"><strong>2. Proces wsp\u00f3\u0142pracy i polityka wsparcia<\/strong><\/h2>\n<p id=\"1-free-design-service-provide-ai-design-template-library-and-professional-art-team-and-complete-the-first-draft-confirmation-within-3-working-days-\">1.\u00a0<strong>Bezp\u0142atna us\u0142uga projektowania<\/strong>: Zapewnienie biblioteki szablon\u00f3w AI i profesjonalnego zespo\u0142u artystycznego oraz uko\u0144czenie pierwszej wersji roboczej w ci\u0105gu 3 dni roboczych.<\/p>\n<p id=\"2-logistics-guarantee-provide-fba-labels-neutral-packaging-or-branded-color-boxes-support-global-direct-mail-and-consignment-\">2.\u00a0<strong>Gwarancja logistyczna<\/strong>: Dostarczanie etykiet FBA, neutralnych opakowa\u0144 lub markowych kolorowych pude\u0142ek, obs\u0142uga globalnej poczty bezpo\u015bredniej i przesy\u0142ek.<\/p>\n<p id=\"3-after-sales-commitment-free-reprinting-for-quality-problems-provide-1-year-warranty-and-warehousing-and-custody-services-\">3.\u00a0<strong>Zaanga\u017cowanie posprzeda\u017cowe<\/strong>: Bezp\u0142atny przedruk w przypadku problem\u00f3w z jako\u015bci\u0105, roczna gwarancja oraz us\u0142ugi magazynowania i przechowywania.<\/p>","protected":false},"excerpt":{"rendered":"<ul>\n<li>Platforma e-commerce: Dostosuj si\u0119 do \"unboxing experience marketing\" g\u0142\u00f3wnych platform e-commerce i przyci\u0105gnij m\u0142odych w\u0142a\u015bcicieli zwierz\u0105t domowych za pomoc\u0105 pude\u0142ek o specjalnym kszta\u0142cie.<\/li>\n<li>Sprzeda\u017c detaliczna offline: Aby zaspokoi\u0107 potrzeby sklep\u00f3w zoologicznych w zakresie ekspozycji, mo\u017cna zastosowa\u0107 opcjonaln\u0105 konstrukcj\u0119 z przezroczystym oknem do intuicyjnego wy\u015bwietlania produkt\u00f3w.<\/li>\n<\/ul>","protected":false},"featured_media":9350,"template":"","meta":[],"product_brand":[],"product_cat":[30,423,31,433],"product_tag":[1154,1153,1152],"class_list":{"0":"post-9349","1":"product","2":"type-product","3":"status-publish","4":"has-post-thumbnail","6":"product_cat-by-industry","7":"product_cat-custom-presentation-boxes-by-industry","8":"product_cat-paper-box-style","9":"product_cat-shipping-mailer-boxes","10":"product_tag-custom-pet-dog-leash-box-wholesale","11":"product_tag-dog-collar-packaging","12":"product_tag-pet-leash-packaging-box","14":"first","15":"instock","16":"shipping-taxable","17":"product-type-simple"},"_links":{"self":[{"href":"https:\/\/zojopackaging.com\/pl\/wp-json\/wp\/v2\/product\/9349","targetHints":{"allow":["GET"]}}],"collection":[{"href":"https:\/\/zojopackaging.com\/pl\/wp-json\/wp\/v2\/product"}],"about":[{"href":"https:\/\/zojopackaging.com\/pl\/wp-json\/wp\/v2\/types\/product"}],"version-history":[{"count":1,"href":"https:\/\/zojopackaging.com\/pl\/wp-json\/wp\/v2\/product\/9349\/revisions"}],"predecessor-version":[{"id":9357,"href":"https:\/\/zojopackaging.com\/pl\/wp-json\/wp\/v2\/product\/9349\/revisions\/9357"}],"wp:featuredmedia":[{"embeddable":true,"href":"https:\/\/zojopackaging.com\/pl\/wp-json\/wp\/v2\/media\/9350"}],"wp:attachment":[{"href":"https:\/\/zojopackaging.com\/pl\/wp-json\/wp\/v2\/media?parent=9349"}],"wp:term":[{"taxonomy":"product_brand","embeddable":true,"href":"https:\/\/zojopackaging.com\/pl\/wp-json\/wp\/v2\/product_brand?post=9349"},{"taxonomy":"product_cat","embeddable":true,"href":"https:\/\/zojopackaging.com\/pl\/wp-json\/wp\/v2\/product_cat?post=9349"},{"taxonomy":"product_tag","embeddable":true,"href":"https:\/\/zojopackaging.com\/pl\/wp-json\/wp\/v2\/product_tag?post=9349"}],"curies":[{"name":"wp","href":"https:\/\/api.w.org\/{rel}","templated":true}]}}