{"id":9358,"date":"2025-04-01T22:27:43","date_gmt":"2025-04-01T14:27:43","guid":{"rendered":"https:\/\/zojopackaging.com\/?post_type=product&#038;p=9358"},"modified":"2025-04-02T10:05:52","modified_gmt":"2025-04-02T02:05:52","slug":"luxury-premium-hair-wig-extension-gift-boxes-manufacturer","status":"publish","type":"product","link":"https:\/\/zojopackaging.com\/pl\/product\/luxury-premium-hair-wig-extension-gift-boxes-manufacturer\/","title":{"rendered":"Luksusowe pude\u0142ka na prezenty z przed\u0142u\u017caniem w\u0142os\u00f3w Premium Producent"},"content":{"rendered":"<h2>Luksusowe pude\u0142ka na prezenty z przed\u0142u\u017caniem w\u0142os\u00f3w Premium Producent<\/h2>\n<h3 id=\"1-selected-materials-\">1.\u00a0<strong>Wybrane materia\u0142y<\/strong><\/h3>\n<ul>\n<li><strong>Kombinacja materia\u0142\u00f3w bazowych<\/strong>: 157g powlekanego papieru artystycznego C2S + 1200g sztywnego kartonu, o g\u0142adkiej i delikatnej powierzchni oraz wysokim odwzorowaniu kolor\u00f3w, zapewniaj\u0105cym, \u017ce wydrukowany wz\u00f3r jest wyra\u017any i jasny, a dotyk jest wysokiej klasy.<\/li>\n<li><strong>W\u0142a\u015bciwo\u015bci \u015brodowiskowe<\/strong>: Materia\u0142 papierowy jest zgodny z koncepcj\u0105 zr\u00f3wnowa\u017conego rozwoju, nadaje si\u0119 do recyklingu i degradacji oraz jest zgodny z propozycj\u0105 marki w zakresie ochrony \u015brodowiska.<\/li>\n<\/ul>\n<h3 id=\"2-hot-stamping-process-\">2.\u00a0<strong>Proces t\u0142oczenia na gor\u0105co<\/strong><\/h3>\n<ul>\n<li>Dzi\u0119ki technologii tr\u00f3jwymiarowego t\u0142oczenia na gor\u0105co, powierzchnia pude\u0142ka otrzymuje wyt\u0142oczon\u0105 tekstur\u0119 i metaliczny po\u0142ysk, co znacznie poprawia wizualn\u0105 warstwowo\u015b\u0107 i przyci\u0105ga uwag\u0119 konsument\u00f3w. Nadaje si\u0119 do LOGO marki, wzor\u00f3w lub niestandardowych wzor\u00f3w.<\/li>\n<\/ul>\n<h2 id=\"-appearance-and-structural-design-\"><strong>Wygl\u0105d i konstrukcja<\/strong><\/h2>\n<h3 id=\"1-color-and-emotional-expression-\">1.\u00a0<strong>Kolor i ekspresja emocjonalna<\/strong><\/h3>\n<ul>\n<li><strong>Klasyczny br\u0105z<\/strong>: Korpus pude\u0142ka ma ciep\u0142y br\u0105zowy kolor, kt\u00f3ry przekazuje ciep\u0142e i nostalgiczne uczucia. Nadaje si\u0119 do wizerunk\u00f3w marek, kt\u00f3re podkre\u015blaj\u0105 naturalne, r\u0119cznie robione lub chroni\u0105ce \u015brodowisko koncepcje i zwi\u0119ksza emocjonalny rezonans konsument\u00f3w.<\/li>\n<\/ul>\n<h3 id=\"2-foldable-function-\">2.\u00a0<strong>Funkcja sk\u0142adania<\/strong><\/h3>\n<ul>\n<li>Po z\u0142o\u017ceniu obj\u0119to\u015b\u0107 zmniejsza si\u0119 o 50%, zmniejszaj\u0105c koszty przechowywania i transportu, co jest szczeg\u00f3lnie przydatne w przypadku transgranicznego eksportu hurtowego w handlu elektronicznym.<\/li>\n<li>Konstrukcja jest stabilna i bezszwowa po roz\u0142o\u017ceniu, aby zapewni\u0107 bezpiecze\u0144stwo transportu produktu.<\/li>\n<\/ul>\n<h3 id=\"3-functional-size-optimization-\">3.\u00a0<strong>Optymalizacja rozmiaru funkcji<\/strong><\/h3>\n<ul>\n<li>Wewn\u0119trzna przestrze\u0144 zosta\u0142a zaprojektowana zgodnie z charakterystyk\u0105 produkt\u00f3w do przed\u0142u\u017cania peruk, kt\u00f3ra mo\u017ce pomie\u015bci\u0107 peruki, zestawy do w\u0142os\u00f3w i akcesoria (takie jak siatki do w\u0142os\u00f3w, produkty do piel\u0119gnacji) i jest kompatybilna z r\u00f3\u017cnymi specyfikacjami (takimi jak peruki o d\u0142ugo\u015bci 8-30 cali).<\/li>\n<\/ul>\n<h2 id=\"-customized-service-\"><strong>Us\u0142uga dostosowana do potrzeb klienta<\/strong><\/h2>\n<h3 id=\"1-flexible-customization-options-\">1.\u00a0<strong>Elastyczne opcje dostosowywania<\/strong><\/h3>\n<ul>\n<li><strong>Typ i rozmiar pude\u0142ka<\/strong>: Obs\u0142uguje r\u00f3\u017cne struktury, takie jak kwadratowe, szufladowe, pude\u0142ka w kszta\u0142cie ksi\u0105\u017cki itp., a rozmiar jest precyzyjnie dostosowywany do potrzeb klienta.<\/li>\n<li><strong>Efekt drukowania<\/strong>: Matowe, b\u0142yszcz\u0105ce, cz\u0119\u015bciowo UV, wyt\u0142aczane i inne obr\u00f3bki powierzchni mog\u0105 by\u0107 dostarczone w celu dostosowania do systemu wizualnego marki.<\/li>\n<\/ul>\n<h3 id=\"2-one-stop-support-\">2.\u00a0<strong>Kompleksowe wsparcie<\/strong><\/h3>\n<ul>\n<li><strong>Darmowy projekt<\/strong>: Profesjonalny zesp\u00f3\u0142 zapewnia kompleksowe us\u0142ugi projektowe od koncepcji do projektu i formu\u0142uje rozwi\u0105zania w oparciu o trendy w bran\u017cy (takie jak europejski i ameryka\u0144ski styl minimalistyczny, afryka\u0144ska estetyka kolorystyczna).<\/li>\n<li><strong>Bezp\u0142atne pr\u00f3bki<\/strong>: Cykl pr\u00f3bkowania wynosi 3-5 dni, co zapewnia klientom potwierdzenie rzeczywistego efektu przed masow\u0105 produkcj\u0105.<\/li>\n<\/ul>\n<h2 id=\"-production-and-quality-assurance-\"><strong>Produkcja i zapewnienie jako\u015bci<\/strong><\/h2>\n<h3 id=\"1-source-factory-advantages-\">1.\u00a0<strong>Zalety fabryki \u017ar\u00f3de\u0142<\/strong><\/h3>\n<ul>\n<li><strong>16 lat do\u015bwiadczenia<\/strong>: Bezpo\u015brednie dostawy z chi\u0144skiej fabryki opakowa\u0144, z dojrza\u0142ym \u0142a\u0144cuchem dostaw i mo\u017cliwo\u015bciami produkcji na du\u017c\u0105 skal\u0119, kontrolowanymi kosztami i elastyczn\u0105 minimaln\u0105 ilo\u015bci\u0105 zam\u00f3wienia (obs\u0142uga ma\u0142ych zam\u00f3wie\u0144 pr\u00f3bnych).<\/li>\n<li><strong>\u015acis\u0142a kontrola jako\u015bci<\/strong>: Ka\u017cda partia produkt\u00f3w posiada certyfikat ISO i jest poddawana testom na \u015bciskanie, odporno\u015b\u0107 na zu\u017cycie i wilgotno\u015b\u0107, aby zapewni\u0107 tolerancj\u0119 na transport i d\u0142ugoterminow\u0105 stabilno\u015b\u0107 przechowywania.<\/li>\n<\/ul>\n<h3 id=\"2-price-and-service-\">2.\u00a0<strong>Cena i obs\u0142uga<\/strong><\/h3>\n<ul>\n<li><strong>Niska cena w bran\u017cy<\/strong>: Bezpo\u015brednia obs\u0142uga fabryki bez po\u015brednik\u00f3w, cena jest 20% ni\u017csza ni\u017c na rynku przy tej samej jako\u015bci.<\/li>\n<li><strong>Bezproblemowa obs\u0142uga posprzeda\u017cowa<\/strong>: Zapewnienie wsparcia, takiego jak wymiana uszkodzonych produkt\u00f3w i dodawanie pilnych zam\u00f3wie\u0144, w celu zaspokojenia dynamicznych potrzeb transgranicznego handlu elektronicznego i hurtownik\u00f3w.<\/li>\n<\/ul>\n<h2 id=\"-applicable-scenarios-\"><strong>Obowi\u0105zuj\u0105ce scenariusze<\/strong><\/h2>\n<ul>\n<li><strong>Marki peruk z najwy\u017cszej p\u00f3\u0142ki<\/strong>: Takie jak produkty do przed\u0142u\u017cania prawdziwych ludzkich w\u0142os\u00f3w, podkre\u015blaj\u0105ce naturaln\u0105 tekstur\u0119.<\/li>\n<li><strong>Festiwalowe pude\u0142ka na prezenty<\/strong>: W po\u0142\u0105czeniu z perukami o tematyce Halloween i Bo\u017cego Narodzenia, aby zwi\u0119kszy\u0107 atrakcyjno\u015b\u0107 marketingu \u015bwi\u0105tecznego.<\/li>\n<li><strong>Wy\u0142\u0105czno\u015b\u0107 transgraniczna<\/strong>: Dostosowanie si\u0119 do platform takich jak Amazon i niezale\u017cne stacje oraz zdobycie rynk\u00f3w europejskich, ameryka\u0144skich i afryka\u0144skich dzi\u0119ki zr\u00f3\u017cnicowanemu opakowaniu.<\/li>\n<\/ul>","protected":false},"excerpt":{"rendered":"<p>Produkt ten zosta\u0142 specjalnie zaprojektowany dla rynku przed\u0142u\u017cania peruk z wy\u017cszej p\u00f3\u0142ki. Z ochron\u0105 \u015brodowiska i luksusow\u0105 tekstur\u0105 jako rdzeniem, w po\u0142\u0105czeniu z 16-letnim do\u015bwiadczeniem w pakowaniu i drukowaniu, zapewnia niestandardowe rozwi\u0105zania, kt\u00f3re s\u0105 zar\u00f3wno funkcjonalne, jak i artystyczne. Projekt pude\u0142ka upominkowego \u0142\u0105czy uczucia retro z nowoczesnym kunsztem i jest odpowiedni dla marek peruk, salon\u00f3w kosmetycznych, transgranicznego handlu elektronicznego i innych scenariuszy, pomagaj\u0105c markom zwi\u0119kszy\u0107 warto\u015b\u0107 dodan\u0105.<\/p>","protected":false},"featured_media":9377,"template":"","meta":[],"product_brand":[],"product_cat":[30,421,424,31],"product_tag":[879,1160,1161],"class_list":{"0":"post-9358","1":"product","2":"type-product","3":"status-publish","4":"has-post-thumbnail","6":"product_cat-by-industry","7":"product_cat-custom-hair-extension-boxes","8":"product_cat-magnetic-closure-boxes","9":"product_cat-paper-box-style","10":"product_tag-hair-extension-boxes-wholesale","11":"product_tag-hair-wig-gift-boxes","12":"product_tag-luxury-hair-wig-extension-gift-boxes","14":"first","15":"instock","16":"shipping-taxable","17":"product-type-simple"},"_links":{"self":[{"href":"https:\/\/zojopackaging.com\/pl\/wp-json\/wp\/v2\/product\/9358","targetHints":{"allow":["GET"]}}],"collection":[{"href":"https:\/\/zojopackaging.com\/pl\/wp-json\/wp\/v2\/product"}],"about":[{"href":"https:\/\/zojopackaging.com\/pl\/wp-json\/wp\/v2\/types\/product"}],"version-history":[{"count":2,"href":"https:\/\/zojopackaging.com\/pl\/wp-json\/wp\/v2\/product\/9358\/revisions"}],"predecessor-version":[{"id":9384,"href":"https:\/\/zojopackaging.com\/pl\/wp-json\/wp\/v2\/product\/9358\/revisions\/9384"}],"wp:featuredmedia":[{"embeddable":true,"href":"https:\/\/zojopackaging.com\/pl\/wp-json\/wp\/v2\/media\/9377"}],"wp:attachment":[{"href":"https:\/\/zojopackaging.com\/pl\/wp-json\/wp\/v2\/media?parent=9358"}],"wp:term":[{"taxonomy":"product_brand","embeddable":true,"href":"https:\/\/zojopackaging.com\/pl\/wp-json\/wp\/v2\/product_brand?post=9358"},{"taxonomy":"product_cat","embeddable":true,"href":"https:\/\/zojopackaging.com\/pl\/wp-json\/wp\/v2\/product_cat?post=9358"},{"taxonomy":"product_tag","embeddable":true,"href":"https:\/\/zojopackaging.com\/pl\/wp-json\/wp\/v2\/product_tag?post=9358"}],"curies":[{"name":"wp","href":"https:\/\/api.w.org\/{rel}","templated":true}]}}