{"id":9359,"date":"2025-04-02T01:24:34","date_gmt":"2025-04-01T17:24:34","guid":{"rendered":"https:\/\/zojopackaging.com\/?post_type=product&#038;p=9359"},"modified":"2025-04-02T01:49:14","modified_gmt":"2025-04-01T17:49:14","slug":"customized-luxury-recyclable-packaging-box-for-perfume-supplier","status":"publish","type":"product","link":"https:\/\/zojopackaging.com\/pl\/product\/customized-luxury-recyclable-packaging-box-for-perfume-supplier\/","title":{"rendered":"Dostosowane luksusowe opakowanie nadaj\u0105ce si\u0119 do recyklingu dla dostawcy perfum"},"content":{"rendered":"<p>&nbsp;<\/p>\n<ol>\n<li><strong>Wysokiej jako\u015bci materia\u0142 kartonowy, du\u017ca wytrzyma\u0142o\u015b\u0107<\/strong>\u00a0Wykonane z wysokiej jako\u015bci tektury, dzi\u0119ki precyzyjnym procesom ci\u0119cia i sk\u0142adania, zapewniaj\u0105 stabiln\u0105 struktur\u0119 pude\u0142ka i du\u017c\u0105 odporno\u015b\u0107 na nacisk. Sam karton jest lekki i elastyczny oraz ma dobre w\u0142a\u015bciwo\u015bci amortyzuj\u0105ce, co mo\u017ce skutecznie chroni\u0107 butelk\u0119 perfum.<\/li>\n<li><strong>Bardzo dok\u0142adny proces drukowania, doskona\u0142y efekt wizualny<\/strong>\u00a0Dzi\u0119ki zastosowaniu technologii druku cyfrowego w celu uzyskania bardzo cienkich linii i precyzyjnego odwzorowania kolor\u00f3w wzor\u00f3w, w po\u0142\u0105czeniu z technologi\u0105 laminowania matow\u0105 foli\u0105, dotyk jest delikatny, a po\u0142ysk mi\u0119kki, prezentuj\u0105c wysokiej klasy matow\u0105 tekstur\u0119. Na przyk\u0142ad, w niekt\u00f3rych przypadkach zastosowano technologi\u0119 t\u0142oczenia na gor\u0105co, aby zarysowa\u0107 z\u0142ote linie w celu zwi\u0119kszenia wizualnego luksusu.<\/li>\n<li><strong>Konstrukcja przyjazna dla \u015brodowiska i nadaj\u0105ca si\u0119 do recyklingu, zgodna z mi\u0119dzynarodowymi standardami<\/strong>\u00a0Materia\u0142 opakowania jest wykonany z drewna z certyfikatem FSC lub nadaj\u0105cego si\u0119 do recyklingu materia\u0142u PET, a u\u017cycie kleju zosta\u0142o ograniczone poprzez mechaniczny proces monta\u017cu w celu poprawy mo\u017cliwo\u015bci recyklingu. Wewn\u0119trzna wy\u015bci\u00f3\u0142ka amortyzuj\u0105ca wstrz\u0105sy wykorzystuje degradowalne materia\u0142y na bazie skrobi kukurydzianej, aby zapewni\u0107 ochron\u0119 \u015brodowiska w ca\u0142ym procesie.<\/li>\n<li><strong>Najlepszy sprz\u0119t i rygorystyczny system kontroli jako\u015bci<\/strong>\u00a0Fabryka jest wyposa\u017cona w znormalizowan\u0105 baz\u0119 produkcyjn\u0105 o powierzchni 5 320 metr\u00f3w kwadratowych, kt\u00f3ra przechodzi wiele kontroli jako\u015bci, takich jak test upadku z wysoko\u015bci 1 metra i test odporno\u015bci na starzenie, aby zapewni\u0107, \u017ce produkty spe\u0142niaj\u0105 wysokie standardy bran\u017cy perfumeryjnej. Profesjonalny zesp\u00f3\u0142 \u015bledzi post\u0119p produkcji w czasie rzeczywistym, aby zapewni\u0107 stabilno\u015b\u0107 dostaw.<\/li>\n<li><strong>Modny zesp\u00f3\u0142 projektant\u00f3w, spersonalizowana us\u0142uga<\/strong>\u00a0Zesp\u00f3\u0142 projektant\u00f3w zapewnia us\u0142ugi obejmuj\u0105ce ca\u0142y proces, od opracowania koncepcji marki po renderingi 3D, obs\u0142uguje t\u0142oczenie LOGO, powlekanie UV i inne procesy, a tak\u017ce mo\u017ce szybko reagowa\u0107 na trendy rynkowe. Na przyk\u0142ad, innowacyjne struktury, takie jak dwusk\u0142adnikowe kryszta\u0142owe os\u0142ony na serpentyny, zosta\u0142y dostosowane do potrzeb marek kosmetycznych.<\/li>\n<li><strong>Skalowana produkcja i szybka dostawa<\/strong>\u00a0\u015arednia dzienna zdolno\u015b\u0107 produkcyjna si\u0119ga dziesi\u0105tek tysi\u0119cy, obs\u0142uguje elastyczne dostosowanie 500 minimalnych ilo\u015bci zam\u00f3wie\u0144 i realizuje 24-godzinny proofing i 13-dniow\u0105 dostaw\u0119 partii dzi\u0119ki znormalizowanym procesom, aby sprosta\u0107 szybkim potrzebom przemys\u0142u perfumeryjnego.<\/li>\n<\/ol>","protected":false},"excerpt":{"rendered":"<p>Luksusowe pude\u0142ko na perfumy nadaj\u0105ce si\u0119 do recyklingu, dostosowane do potrzeb sklepu z pude\u0142kami papierowymi ZOJO Print, \u0142\u0105czy koncepcje ochrony \u015brodowiska z wysokiej klasy rzemios\u0142em, aby zapewni\u0107 markom rozwi\u0105zania, kt\u00f3re \u0142\u0105cz\u0105 luksusow\u0105 tekstur\u0119 i zr\u00f3wnowa\u017cony rozw\u00f3j.<\/p>","protected":false},"featured_media":9364,"template":"","meta":[],"product_brand":[],"product_cat":[30,417,430,31],"product_tag":[1157,1155,1156],"class_list":{"0":"post-9359","1":"product","2":"type-product","3":"status-publish","4":"has-post-thumbnail","6":"product_cat-by-industry","7":"product_cat-custom-perfume-boxes-by-industry","8":"product_cat-folding-cartons","9":"product_cat-paper-box-style","10":"product_tag-box-for-perfume-supplier","11":"product_tag-customized-packaging-box","12":"product_tag-packaging-box-for-perfume","14":"first","15":"instock","16":"shipping-taxable","17":"product-type-grouped"},"_links":{"self":[{"href":"https:\/\/zojopackaging.com\/pl\/wp-json\/wp\/v2\/product\/9359","targetHints":{"allow":["GET"]}}],"collection":[{"href":"https:\/\/zojopackaging.com\/pl\/wp-json\/wp\/v2\/product"}],"about":[{"href":"https:\/\/zojopackaging.com\/pl\/wp-json\/wp\/v2\/types\/product"}],"version-history":[{"count":1,"href":"https:\/\/zojopackaging.com\/pl\/wp-json\/wp\/v2\/product\/9359\/revisions"}],"predecessor-version":[{"id":9367,"href":"https:\/\/zojopackaging.com\/pl\/wp-json\/wp\/v2\/product\/9359\/revisions\/9367"}],"wp:featuredmedia":[{"embeddable":true,"href":"https:\/\/zojopackaging.com\/pl\/wp-json\/wp\/v2\/media\/9364"}],"wp:attachment":[{"href":"https:\/\/zojopackaging.com\/pl\/wp-json\/wp\/v2\/media?parent=9359"}],"wp:term":[{"taxonomy":"product_brand","embeddable":true,"href":"https:\/\/zojopackaging.com\/pl\/wp-json\/wp\/v2\/product_brand?post=9359"},{"taxonomy":"product_cat","embeddable":true,"href":"https:\/\/zojopackaging.com\/pl\/wp-json\/wp\/v2\/product_cat?post=9359"},{"taxonomy":"product_tag","embeddable":true,"href":"https:\/\/zojopackaging.com\/pl\/wp-json\/wp\/v2\/product_tag?post=9359"}],"curies":[{"name":"wp","href":"https:\/\/api.w.org\/{rel}","templated":true}]}}