{"id":9385,"date":"2025-04-02T10:06:04","date_gmt":"2025-04-02T02:06:04","guid":{"rendered":"https:\/\/zojopackaging.com\/?post_type=product&#038;p=9385"},"modified":"2025-04-02T10:30:44","modified_gmt":"2025-04-02T02:30:44","slug":"custom-beauty-infusion-skincare-device-paper-packaging-box","status":"publish","type":"product","link":"https:\/\/zojopackaging.com\/pl\/product\/custom-beauty-infusion-skincare-device-paper-packaging-box\/","title":{"rendered":"Niestandardowe opakowanie papierowe na urz\u0105dzenie do piel\u0119gnacji sk\u00f3ry Beauty Infusion"},"content":{"rendered":"<h2 id=\"-i-visual-and-structural-design-concept-\"><strong>1. Wizualna i strukturalna koncepcja projektu<\/strong><\/h2>\n<h3 id=\"1-color-scheme-and-brand-tone-\">1.\u00a0<strong>Schemat kolor\u00f3w i ton marki<\/strong><\/h3>\n<ul>\n<li>Korpus pude\u0142ka przyjmuje czysty bia\u0142y kolor bazowy z jasnoniebieskimi liniami i osi\u0105ga od\u015bwie\u017caj\u0105cy i nowoczesny wygl\u0105d dzi\u0119ki dopasowaniu kolor\u00f3w o niskim nasyceniu, unikaj\u0105c zak\u0142\u00f3ce\u0144 wizualnych, jednocze\u015bnie wzmacniaj\u0105c wysokiej klasy pozycjonowanie marki<\/li>\n<li>Logo marki i informacje tekstowe przyjmuj\u0105 odcienie o niskim nasyceniu tego samego systemu kolor\u00f3w, takie jak jasnoszary i mglisty niebieski, co nie tylko zachowuje prost\u0105 estetyk\u0119, ale tak\u017ce poprawia rozpoznawalno\u015b\u0107 dzi\u0119ki mikrokontrastowi<\/li>\n<\/ul>\n<h3 id=\"2-pull-out-box-type-function-optimization-\">2.\u00a0<strong>Optymalizacja funkcji wysuwanego pude\u0142ka<\/strong><\/h3>\n<ul>\n<li>Dzi\u0119ki zastosowaniu magnetycznej struktury wysuwanej, op\u00f3r otwierania i zamykania jest kontrolowany w zakresie 0,5-1N, aby zapewni\u0107 wygod\u0119 obs\u0142ugi jedn\u0105 r\u0119k\u0105.<\/li>\n<li>Okr\u0105g\u0142y otw\u00f3r pomocniczy (\u015brednica 3-5 cm) jest umieszczony z ty\u0142u wysuwanej strony zewn\u0119trznego pude\u0142ka, aby u\u0142atwi\u0107 ochron\u0119 integralno\u015bci kraw\u0119dzi pude\u0142ka podczas wielokrotnego wyci\u0105gania.<\/li>\n<\/ul>\n<h2 id=\"-ii-layered-protection-and-user-experience-\"><strong>2. Warstwowa ochrona i do\u015bwiadczenie u\u017cytkownika<\/strong><\/h2>\n<h3 id=\"1-inner-lining-protection-system-\">1.\u00a0<strong>Wewn\u0119trzny system ochrony podszewki<\/strong><\/h3>\n<ul>\n<li>Przyj\u0119cie pozycji karty z g\u0105bki EVA + dwuwarstwowa podszewka flokowana:<\/li>\n<li><strong>G\u00f3rna warstwa<\/strong>: Gniazdo na kart\u0119 z g\u0105bki o grubo\u015bci 3 mm, dok\u0142adnie mocuj\u0105ce g\u0142\u00f3wny korpus urz\u0105dzenia infuzyjnego<\/li>\n<li><strong>Dolna warstwa<\/strong>: 1,5 mm flokowane pod\u0142o\u017ce z tkaniny, buforuj\u0105ce drgania transportowe i zapobiegaj\u0105ce zarysowaniom.<\/li>\n<li>Mo\u017cliwo\u015b\u0107 rozbudowy do modu\u0142owej konstrukcji warstwowej w celu zaspokojenia r\u00f3\u017cnych potrzeb w zakresie przechowywania akcesori\u00f3w<\/li>\n<\/ul>\n<h3 id=\"2-optimized-unboxing-experience-\">2.\u00a0<strong>Zoptymalizowane do\u015bwiadczenie rozpakowywania<\/strong><\/h3>\n<ul>\n<li>Slogan marki jest umieszczony na wewn\u0119trznej stronie pokrywy pude\u0142ka za pomoc\u0105 srebrnej technologii t\u0142oczenia na gor\u0105co, tworz\u0105c wizualny punkt pami\u0119ci podczas otwierania pude\u0142ka<\/li>\n<li>Wykorzystanie du\u017cej powierzchni pustego obszaru do drukowania niewidocznej tekstury zapobiegaj\u0105cej podrabianiu (technologia rozwoju \u015bwiat\u0142a ultrafioletowego), bior\u0105c pod uwag\u0119 kontrol\u0119 koszt\u00f3w i funkcje zapobiegaj\u0105ce podrabianiu.<\/li>\n<\/ul>\n<h2 id=\"-three-sustainability-and-cost-control-\"><strong>3. Zr\u00f3wnowa\u017cony rozw\u00f3j i kontrola koszt\u00f3w<\/strong><\/h2>\n<h3 id=\"1-material-and-process-selection-\">1.\u00a0<strong>Wyb\u00f3r materia\u0142\u00f3w i proces\u00f3w<\/strong><\/h3>\n<ul>\n<li>Pod\u0142o\u017ce: Certyfikowana przez FSC bia\u0142a tektura 350g + szara tektura 1mm, wytrzyma\u0142o\u015b\u0107 ECT\u22658,0KN\/m<\/li>\n<li>Drukowanie: atrament na bazie wody + lokalny proces UV, jasnoniebieskie linie wykorzystuj\u0105 technologi\u0119 wkl\u0119s\u0142odruku o grubo\u015bci 0,1 mm, koszt druku monochromatycznego jest zmniejszony o 40%<\/li>\n<\/ul>\n<h3 id=\"2-life-cycle-extension-design-\">2.\u00a0<strong>Projekt wyd\u0142u\u017cenia cyklu \u017cycia<\/strong><\/h3>\n<ul>\n<li>Wewn\u0119trzna struktura pude\u0142ka jest kompatybilna z przechowywaniem kosmetyk\u00f3w\/narz\u0119dzi, a zdejmowana przegroda jest dodawana z boku (konstrukcja zatrzaskowa), aby uzyska\u0107 dodatkowe zastosowanie opakowania<\/li>\n<li>Dost\u0119pna jest us\u0142uga zamawiania wymiennych ok\u0142adzin, a u\u017cytkownicy mog\u0105 oddzielnie kupowa\u0107 g\u0105bki o r\u00f3\u017cnych specyfikacjach<\/li>\n<\/ul>\n<h2 id=\"-fourth-customized-production-service-\"><strong>4. Indywidualna us\u0142uga produkcyjna<\/strong><\/h2>\n<h3 id=\"1-flexible-customization-dimension-\">1.\u00a0<strong>Elastyczny wymiar dostosowywania<\/strong><\/h3>\n<table>\n<thead>\n<tr>\n<th>Projekt<\/th>\n<th>Zakres opcjonalny<\/th>\n<th>Specjalne zalecenie dotycz\u0105ce procesu<\/th>\n<\/tr>\n<\/thead>\n<tbody>\n<tr>\n<td>Typ pude\u0142ka<\/td>\n<td>Jedno-\/dwuwarstwowa wysuwana skrzynka, pokrywa g\u00f3rna i dolna + szuflada kompozytowa<\/td>\n<td>Prze\u0142\u0105cznik magnetyczny<\/td>\n<\/tr>\n<tr>\n<td>Rozmiar<\/td>\n<td>D\u0142ugo\u015b\u0107 50-400 mm (dok\u0142adno\u015b\u0107 \u00b10,5 mm)<\/td>\n<td>Ci\u0119cie w specjalnym kszta\u0142cie<\/td>\n<\/tr>\n<tr>\n<td>Efekt powierzchniowy<\/td>\n<td>Folia dotykowa\/t\u0142oczenie\/t\u0142oczenie<\/td>\n<td>Lokalne t\u0142oczenie na zimno<\/td>\n<\/tr>\n<\/tbody>\n<\/table>\n<h3 id=\"2-quality-and-delivery-guarantee-\">2.\u00a0<strong>Gwarancja jako\u015bci i dostawy<\/strong><\/h3>\n<ul>\n<li><strong>16 lat do\u015bwiadczenia zawodowego<\/strong>: Przeszed\u0142 certyfikacj\u0119 opakowa\u0144 farmaceutycznych ISO15378, dostarczaj\u0105c raporty z test\u00f3w upadku spe\u0142niaj\u0105ce normy YY\/T0681.5.<\/li>\n<li><strong>Pe\u0142na obs\u0142uga procesu<\/strong>: Bezp\u0142atny projekt struktury 3D \u2192 72-godzinna dostawa pr\u00f3bki \u2192 Cykl produkcji masowej \u226412 dni<\/li>\n<\/ul>","protected":false},"excerpt":{"rendered":"<p>1. Czysty bia\u0142y kolor g\u0142\u00f3wny i jasnoniebieskie linie korpusu pude\u0142ka tworz\u0105 od\u015bwie\u017caj\u0105cy i nowoczesny wygl\u0105d, kt\u00f3ry jest zgodny z tonem wysokiej klasy produkt\u00f3w<br \/>\n2. Konstrukcja wysuwanego pude\u0142ka jest \u0142atwa do otwierania i zamykania, co zwi\u0119ksza zaufanie do produktu.<br \/>\n3. Logo i tekst na powierzchni pude\u0142ka wykorzystuj\u0105 kolory o niskim nasyceniu, co nie tylko zachowuje prostot\u0119, ale tak\u017ce wzmacnia \u015bwiadomo\u015b\u0107 marki.<br \/>\n4. Typ pude\u0142ka, rozmiar, kolor, materia\u0142 i efekt drukowania powierzchni mo\u017cna w du\u017cym stopniu dostosowa\u0107 do opakowania do piel\u0119gnacji sk\u00f3ry w infuzji kosmetycznej<\/p>","protected":false},"featured_media":9391,"template":"","meta":[],"product_brand":[],"product_cat":[30,390,31,426],"product_tag":[1162,1035,1163],"class_list":{"0":"post-9385","1":"product","2":"type-product","3":"status-publish","4":"has-post-thumbnail","6":"product_cat-by-industry","7":"product_cat-custom-cosmetics-boxes","8":"product_cat-paper-box-style","9":"product_cat-paper-drawer-boxes","10":"product_tag-beauty-infusion-skincare-device-paper-box","11":"product_tag-custom-skincare-packaging","12":"product_tag-infusion-skincare-device-packaging","14":"first","15":"instock","16":"shipping-taxable","17":"product-type-simple"},"_links":{"self":[{"href":"https:\/\/zojopackaging.com\/pl\/wp-json\/wp\/v2\/product\/9385","targetHints":{"allow":["GET"]}}],"collection":[{"href":"https:\/\/zojopackaging.com\/pl\/wp-json\/wp\/v2\/product"}],"about":[{"href":"https:\/\/zojopackaging.com\/pl\/wp-json\/wp\/v2\/types\/product"}],"version-history":[{"count":2,"href":"https:\/\/zojopackaging.com\/pl\/wp-json\/wp\/v2\/product\/9385\/revisions"}],"predecessor-version":[{"id":9394,"href":"https:\/\/zojopackaging.com\/pl\/wp-json\/wp\/v2\/product\/9385\/revisions\/9394"}],"wp:featuredmedia":[{"embeddable":true,"href":"https:\/\/zojopackaging.com\/pl\/wp-json\/wp\/v2\/media\/9391"}],"wp:attachment":[{"href":"https:\/\/zojopackaging.com\/pl\/wp-json\/wp\/v2\/media?parent=9385"}],"wp:term":[{"taxonomy":"product_brand","embeddable":true,"href":"https:\/\/zojopackaging.com\/pl\/wp-json\/wp\/v2\/product_brand?post=9385"},{"taxonomy":"product_cat","embeddable":true,"href":"https:\/\/zojopackaging.com\/pl\/wp-json\/wp\/v2\/product_cat?post=9385"},{"taxonomy":"product_tag","embeddable":true,"href":"https:\/\/zojopackaging.com\/pl\/wp-json\/wp\/v2\/product_tag?post=9385"}],"curies":[{"name":"wp","href":"https:\/\/api.w.org\/{rel}","templated":true}]}}