{"id":9395,"date":"2025-04-02T10:30:55","date_gmt":"2025-04-02T02:30:55","guid":{"rendered":"https:\/\/zojopackaging.com\/?post_type=product&#038;p=9395"},"modified":"2025-04-02T10:55:43","modified_gmt":"2025-04-02T02:55:43","slug":"custom-printed-beverage-baking-soda-packaging-box-wholesale","status":"publish","type":"product","link":"https:\/\/zojopackaging.com\/pl\/product\/custom-printed-beverage-baking-soda-packaging-box-wholesale\/","title":{"rendered":"Niestandardowe drukowane pude\u0142ko do pakowania sody oczyszczonej hurtowo"},"content":{"rendered":"<h2 id=\"-1-flexible-customization-of-box-types-to-meet-diverse-needs-\"><strong>1. Elastyczne dostosowywanie typ\u00f3w skrzynek do r\u00f3\u017cnych potrzeb<\/strong><\/h2>\n<p>Zapewniamy\u00a0<strong>Us\u0142ugi dostosowywania typu pude\u0142ka do pe\u0142nej kategorii<\/strong>Obejmuje ponad dziesi\u0119\u0107 g\u0142\u00f3wnych styl\u00f3w, takich jak pude\u0142ka z g\u00f3rn\u0105 i doln\u0105 pokryw\u0105, pude\u0142ka z szufladami, pude\u0142ka z klapk\u0105 i pude\u0142ka o specjalnym kszta\u0142cie, a tak\u017ce wspiera klient\u00f3w w projektowaniu\u00a0<strong>ekskluzywne typy pude\u0142ek<\/strong>\u00a0zgodnie z pozycjonowaniem produktu lub tonem marki. Na przyk\u0142ad:<\/p>\n<ul>\n<li><strong>Typ szuflady<\/strong>: Nadaje si\u0119 do pakowania produkt\u00f3w wymagaj\u0105cych wielowarstwowej separacji, \u0142atwych do ekspozycji i przechowywania.<\/li>\n<li><strong>Klapka magnetyczna<\/strong>: Dzi\u0119ki technologii t\u0142oczenia na gor\u0105co wzmacnia poczucie ceremonii otwarcia pude\u0142ka i poprawia wra\u017cenia z najwy\u017cszej p\u00f3\u0142ki.<\/li>\n<li><strong>Skrzynka tn\u0105ca o specjalnym kszta\u0142cie<\/strong>: Dzi\u0119ki technologii grawerowania laserowego lub sztancowania mo\u017cna uzyska\u0107 artystyczne kszta\u0142ty, takie jak wg\u0142\u0119bienia i fale, w celu zwi\u0119kszenia atrakcyjno\u015bci wizualnej.<\/li>\n<\/ul>\n<h2 id=\"-2-black-box-body-design-to-create-a-calm-and-high-end-texture-\"><strong>2. Czarna obudowa zapewniaj\u0105ca spokojn\u0105 i wysokiej klasy tekstur\u0119<\/strong><\/h2>\n<h3 id=\"1-material-selection-use-high-weight-black-cardboard-or-matte-art-paper-as-the-base-material-to-present-a-deep-matte-or-delicate-texture-effect-to-avoid-cheap-reflective-feeling-\">1.\u00a0<strong>Wyb\u00f3r materia\u0142u<\/strong>: U\u017cycie\u00a0<strong>czarny karton o wysokiej gramaturze<\/strong>\u00a0lub\u00a0<strong>matowy papier artystyczny<\/strong>\u00a0jako materia\u0142 bazowy, aby uzyska\u0107 efekt g\u0142\u0119bokiego matu lub delikatnej tekstury, aby unikn\u0105\u0107 taniego odblasku.<\/h3>\n<h3 id=\"2-technology-details-\">2.\u00a0<strong>Szczeg\u00f3\u0142y technologiczne<\/strong>:<\/h3>\n<ul>\n<li><strong>T\u0142oczenie na gor\u0105co\/gor\u0105ce srebro<\/strong>: Zastosuj metaliczny po\u0142ysk lokalnie na LOGO marki lub wzorze, aby kontrastowa\u0107 z czerni\u0105 i podkre\u015bli\u0107 wyj\u0105tkowo\u015b\u0107.<\/li>\n<li><strong>Wyt\u0142oczenia<\/strong>: Dzi\u0119ki procesowi tr\u00f3jwymiarowego wyt\u0142aczania mo\u017cna doda\u0107 totemy marki lub geometryczne tekstury na powierzchni pude\u0142ka, aby zwi\u0119kszy\u0107 poziom wra\u017ce\u0144 dotykowych.<br \/>\n<h3 id=\"3-environmental-certification-the-black-ink-uses-food-grade-environmentally-friendly-water-based-paint-which-complies-with-the-eu-rohs-standard-to-ensure-safety-and-sustainability-\">3.\u00a0<strong>Certyfikacja \u015brodowiskowa<\/strong>: Czarny atrament wykorzystuje\u00a0<strong>Przyjazna dla \u015brodowiska farba na bazie wody przeznaczona do kontaktu z \u017cywno\u015bci\u0105<\/strong>kt\u00f3ry jest zgodny z unijn\u0105 norm\u0105 RoHS, aby zapewni\u0107 bezpiecze\u0144stwo i zr\u00f3wnowa\u017cony rozw\u00f3j.<\/h3>\n<\/li>\n<\/ul>\n<h2 id=\"-third-surface-printing-effect-convey-brand-humanistic-care-\"><strong>3. Efekt drukowania powierzchni: humanistyczna opieka nad mark\u0105<\/strong><\/h2>\n<h3 id=\"1-high-definition-printing-technology-use-6-color-fully-automatic-offset-printing-machine-to-accurately-restore-brand-colors-and-illustration-details-for-example-\">1.\u00a0<strong>Technologia druku w wysokiej rozdzielczo\u015bci<\/strong>: U\u017cycie\u00a0<strong>6-kolorowa w pe\u0142ni automatyczna maszyna do druku offsetowego<\/strong>\u00a0aby dok\u0142adnie przywr\u00f3ci\u0107 kolory marki i szczeg\u00f3\u0142y ilustracji. Na przyk\u0142ad:<\/h3>\n<ul>\n<li><strong>Ciep\u0142y gradient kolor\u00f3w<\/strong>: Nadruk pomara\u0144czowo-\u017c\u00f3\u0142tego gradientu na boku opakowania, aby odzwierciedli\u0107 naturalne w\u0142a\u015bciwo\u015bci sody oczyszczonej.<\/li>\n<li><strong>R\u0119cznie malowana ilustracja<\/strong>: W\u0142\u0105cz sceny rodzinne lub elementy naturalne, aby przekaza\u0107 ciep\u0142\u0105 i zdrow\u0105 koncepcj\u0119 \u017cycia.<br \/>\n<h3 id=\"2-text-design-use-rounded-or-serif-fonts-to-present-brand-stories-or-product-descriptions-and-match-them-with-hot-stamping-technology-to-enhance-affinity-and-recognition-\">2.\u00a0<strong>Projekt tekstu<\/strong>: U\u017cycie\u00a0<strong>Czcionki zaokr\u0105glone lub szeryfowe<\/strong>\u00a0aby przedstawi\u0107 historie marki lub opisy produkt\u00f3w i dopasowa\u0107 je do technologii t\u0142oczenia na gor\u0105co, aby zwi\u0119kszy\u0107 powi\u0105zania i rozpoznawalno\u015b\u0107.<\/h3>\n<\/li>\n<\/ul>\n<h2 id=\"-iv-eva-lining-customization-precise-adaptation-and-transportation-protection-\"><strong>4. Personalizacja podszewki EVA: precyzyjne dopasowanie i ochrona podczas transportu<\/strong><\/h2>\n<h3 id=\"1-material-characteristics-use-high-density-eva-foam-which-has-both-soft-cushioning-and-compressive-strength-and-can-bear-1-10kg-\">1.\u00a0<strong>Charakterystyka materia\u0142u<\/strong>: Zastosowano piank\u0119 EVA o wysokiej g\u0119sto\u015bci, kt\u00f3ra ma zar\u00f3wno mi\u0119kk\u0105 amortyzacj\u0119, jak i wytrzyma\u0142o\u015b\u0107 na \u015bciskanie i mo\u017ce wytrzyma\u0107 1-10 kg.<\/h3>\n<h3 id=\"2-structural-design-\">2.\u00a0<strong>Projekt strukturalny<\/strong>:<\/h3>\n<ul>\n<li><strong>Siatkowa podszewka<\/strong>: Dostosuj rowek do rozmiaru butelki, a pojedyncza siatka mo\u017ce pomie\u015bci\u0107 30-500 ml butelek sody oczyszczonej, z kontrol\u0105 b\u0142\u0119du w zakresie \u00b10,5 mm.<\/li>\n<li><strong>Modu\u0142 wymienny<\/strong>: Obs\u0142uguje \u0142\u0105czon\u0105 konstrukcj\u0119 ok\u0142adzin, dostosowuje si\u0119 do mieszanych potrzeb za\u0142adunku wielu specyfikacji produkt\u00f3w i poprawia wykorzystanie przestrzeni o ponad 20%.<br \/>\n<h3 id=\"3-function-extension-the-surface-of-the-lining-is-covered-with-food-grade-pe-film-which-can-directly-contact-the-product-and-supports-printing-of-brand-logo-or-usage-tips-\">3.\u00a0<strong>Rozszerzenie funkcji<\/strong>: Powierzchnia podszewki jest pokryta\u00a0<strong>Folia PE o jako\u015bci spo\u017cywczej<\/strong>kt\u00f3ry mo\u017ce bezpo\u015brednio kontaktowa\u0107 si\u0119 z produktem i obs\u0142uguje drukowanie LOGO marki lub wskaz\u00f3wek dotycz\u0105cych u\u017cytkowania.<\/h3>\n<\/li>\n<\/ul>\n<h2 id=\"-v-highly-customized-service-all-round-adaptation-from-size-to-material-\"><strong>5. Wysoce spersonalizowana us\u0142uga: wszechstronne dostosowanie od rozmiaru do materia\u0142u<\/strong><\/h2>\n<ul>\n<li><strong>Zakres rozmiar\u00f3w<\/strong>: Pude\u0142ko do pakowania umo\u017cliwia elastyczn\u0105 regulacj\u0119 * rozmiaru i nadaje si\u0119 do r\u00f3\u017cnych specyfikacji, takich jak opakowania rodzinne i opakowania na prezenty.<\/li>\n<li><strong>Rozszerzenie kolor\u00f3w<\/strong>: Opr\u00f3cz g\u0142\u00f3wnego czarnego koloru,\u00a0<strong>Dostosowanie karty kolor\u00f3w Pantone<\/strong>\u00a0dost\u0119pna jest us\u0142uga obs\u0142uguj\u0105ca cz\u0119\u015bciowy kontrast lub efekty gradientu.<\/li>\n<li><strong>Ulepszenie materia\u0142\u00f3w<\/strong>:\u00a0<strong>Papier z imitacji sk\u00f3ry<\/strong>,\u00a0<strong>Papier o fakturze drewna<\/strong>\u00a0lub\u00a0<strong>Metalowy materia\u0142 kompozytowy<\/strong>\u00a0s\u0105 opcjonalne, aby zaspokoi\u0107 potrzeby luksusowych opakowa\u0144.<\/li>\n<\/ul>\n<h2 id=\"-vi-recycling-design-extend-the-life-cycle-of-packaging-\"><strong>6. Projekt recyklingu: Wyd\u0142u\u017cenie cyklu \u017cycia opakowania<\/strong><\/h2>\n<h3 id=\"1-structural-reinforcement-the-box-body-adopts-double-layer-corrugated-cardboard-eva-reinforced-corners-which-increases-the-load-bearing-performance-by-30-and-can-be-reused-more-than-5-times-\">1.\u00a0<strong>Wzmocnienie strukturalne<\/strong>: Korpus skrzyni przyjmuje\u00a0<strong>Dwuwarstwowa tektura falista + naro\u017cniki wzmocnione EVA<\/strong>co zwi\u0119ksza wydajno\u015b\u0107 no\u015bn\u0105 o 30% i mo\u017ce by\u0107 ponownie wykorzystane ponad 5 razy.<\/h3>\n<h3 id=\"2-function-transformation-\">2.\u00a0<strong>Transformacja funkcji<\/strong>:<\/h3>\n<ul>\n<li><strong>Schowek<\/strong>: Podszewka jest wyjmowana, odpowiednia do przechowywania ma\u0142ych przedmiot\u00f3w, takich jak artyku\u0142y papiernicze i bi\u017cuteria.<\/li>\n<li><strong>Skrzynka do sadzenia DIY<\/strong>: Korpus skrzynki zosta\u0142 zaprojektowany z zarezerwowanymi otworami wentylacyjnymi, aby zach\u0119ci\u0107 konsument\u00f3w do u\u017cywania go do uprawy ro\u015blin zielonych i przekaza\u0107 koncepcj\u0119 ochrony \u015brodowiska.<\/li>\n<\/ul>\n<h2 id=\"-vii-production-and-service-advantages-the-source-factory-guarantees-quality-and-cost-\"><strong>7. Zalety produkcji i us\u0142ug: Fabryka \u017ar\u00f3d\u0142owa gwarantuje jako\u015b\u0107 i koszty<\/strong><\/h2>\n<h3 id=\"1-16-years-of-printing-experience-with-iso9001-quality-management-system-certification-\">1.\u00a0<strong>16 lat do\u015bwiadczenia w druku<\/strong>: Z\u00a0<strong>Certyfikacja systemu zarz\u0105dzania jako\u015bci\u0105 ISO9001<\/strong>,<\/h3>\n<h3 id=\"2-zero-cost-support-\">2.\u00a0<strong>Zero koszt\u00f3w wsparcia<\/strong>:<\/h3>\n<ul>\n<li><strong>Darmowy projekt<\/strong>: Profesjonalny zesp\u00f3\u0142 zapewnia 3 zestawy rozwi\u0105za\u0144 projektowych i dostarcza pierwsz\u0105 wersj\u0119 robocz\u0105 w ci\u0105gu 72 godzin.<\/li>\n<li><strong>Bezp\u0142atne pr\u00f3bki<\/strong>: Cykl sprawdzania wynosi 3-5 dni, a SF Express obs\u0142uguje bezp\u0142atn\u0105 wysy\u0142k\u0119.<br \/>\n<h3 id=\"3-price-advantage-through-large-scale-raw-material-procurement-and-automated-production-lines-the-price-is-15-20-lower-than-the-market-with-the-same-quality-and-the-minimum-order-is-500-pieces-\">3.\u00a0<strong>Przewaga cenowa<\/strong>: Przez\u00a0<strong>Pozyskiwanie surowc\u00f3w na du\u017c\u0105 skal\u0119<\/strong>\u00a0oraz\u00a0<strong>zautomatyzowane linie produkcyjne<\/strong>Cena jest 15%-20% ni\u017csza ni\u017c na rynku o tej samej jako\u015bci, a minimalne zam\u00f3wienie to 500 sztuk.<\/h3>\n<\/li>\n<\/ul>","protected":false},"excerpt":{"rendered":"<ul>\n<li id=\"1-demand-communication-provide-product-size-design-intention-or-competitive-product-reference-pictures-\">1.\u00a0<strong>Komunikacja na \u017c\u0105danie<\/strong>: Dostarczy\u0107 rozmiar produktu, projekt lub zdj\u0119cia referencyjne produkt\u00f3w konkurencyjnych.<\/li>\n<li id=\"2-scheme-design-output-3d-renderings-and-material-samples-within-3-working-days-\">2.\u00a0<strong>Projekt schematu<\/strong>: Wydrukowanie rendering\u00f3w 3D i pr\u00f3bek materia\u0142\u00f3w w ci\u0105gu 3 dni roboczych.<\/li>\n<li id=\"3-sample-confirmation-sign-a-mass-production-contract-after-modification-to-satisfaction-\">3.\u00a0<strong>Przyk\u0142adowe potwierdzenie<\/strong>: Podpisanie umowy na masow\u0105 produkcj\u0119 po wprowadzeniu satysfakcjonuj\u0105cych modyfikacji.<\/li>\n<li>4.\u00a0<strong>Produkcja masowa<\/strong>7-15 dni na dostaw\u0119 (w zale\u017cno\u015bci od ilo\u015bci zam\u00f3wienia).<\/li>\n<\/ul>","protected":false},"featured_media":9396,"template":"","meta":[],"product_brand":[],"product_cat":[30,419,424,31,433],"product_tag":[1165,1164,1166],"class_list":{"0":"post-9395","1":"product","2":"type-product","3":"status-publish","4":"has-post-thumbnail","6":"product_cat-by-industry","7":"product_cat-custom-wines-spirits-boxes","8":"product_cat-magnetic-closure-boxes","9":"product_cat-paper-box-style","10":"product_cat-shipping-mailer-boxes","11":"product_tag-baking-soda-packaging","12":"product_tag-custom-beverage-packaging","13":"product_tag-custom-beverage-soda-packaging-box","15":"first","16":"instock","17":"shipping-taxable","18":"product-type-simple"},"_links":{"self":[{"href":"https:\/\/zojopackaging.com\/pl\/wp-json\/wp\/v2\/product\/9395","targetHints":{"allow":["GET"]}}],"collection":[{"href":"https:\/\/zojopackaging.com\/pl\/wp-json\/wp\/v2\/product"}],"about":[{"href":"https:\/\/zojopackaging.com\/pl\/wp-json\/wp\/v2\/types\/product"}],"version-history":[{"count":1,"href":"https:\/\/zojopackaging.com\/pl\/wp-json\/wp\/v2\/product\/9395\/revisions"}],"predecessor-version":[{"id":9402,"href":"https:\/\/zojopackaging.com\/pl\/wp-json\/wp\/v2\/product\/9395\/revisions\/9402"}],"wp:featuredmedia":[{"embeddable":true,"href":"https:\/\/zojopackaging.com\/pl\/wp-json\/wp\/v2\/media\/9396"}],"wp:attachment":[{"href":"https:\/\/zojopackaging.com\/pl\/wp-json\/wp\/v2\/media?parent=9395"}],"wp:term":[{"taxonomy":"product_brand","embeddable":true,"href":"https:\/\/zojopackaging.com\/pl\/wp-json\/wp\/v2\/product_brand?post=9395"},{"taxonomy":"product_cat","embeddable":true,"href":"https:\/\/zojopackaging.com\/pl\/wp-json\/wp\/v2\/product_cat?post=9395"},{"taxonomy":"product_tag","embeddable":true,"href":"https:\/\/zojopackaging.com\/pl\/wp-json\/wp\/v2\/product_tag?post=9395"}],"curies":[{"name":"wp","href":"https:\/\/api.w.org\/{rel}","templated":true}]}}