{"id":9403,"date":"2025-04-02T10:56:05","date_gmt":"2025-04-02T02:56:05","guid":{"rendered":"https:\/\/zojopackaging.com\/?post_type=product&#038;p=9403"},"modified":"2025-04-02T14:35:01","modified_gmt":"2025-04-02T06:35:01","slug":"custom-printed-press-on-nail-polish-oil-packaging-wholesale","status":"publish","type":"product","link":"https:\/\/zojopackaging.com\/pl\/product\/custom-printed-press-on-nail-polish-oil-packaging-wholesale\/","title":{"rendered":"Niestandardowe nadruki na opakowaniach olejk\u00f3w do paznokci hurtowo"},"content":{"rendered":"<h2 id=\"-i-embedded-magnetic-design-simple-aesthetics-and-practical-innovation-\"><strong>1. Wbudowana konstrukcja magnetyczna: prosta estetyka i praktyczna innowacja<\/strong><\/h2>\n<ul>\n<li><strong>Ukryta struktura magnesu<\/strong>: Zastosowano wbudowan\u0105 technologi\u0119 magnetyczn\u0105, a magnes jest ca\u0142kowicie zamkni\u0119ty wewn\u0105trz korpusu pude\u0142ka, co pozwala unikn\u0105\u0107 problemu \u0142atwego zu\u017cycia i utleniania tradycyjnych ods\u0142oni\u0119tych arkuszy magnetycznych oraz poprawia \u017cywotno\u015b\u0107. Si\u0142a ss\u0105ca jest r\u00f3wnomierna, gdy pokrywa jest zamkni\u0119ta, a otwieranie i zamykanie jest p\u0142ynne, co sprawia, \u017ce wygl\u0105d jest prostszy i bardziej zaawansowany.<\/li>\n<li><strong>Gwarancja precyzji procesu<\/strong>: Modu\u0142 magnetyczny jest precyzyjnie osadzony w formie wtryskowej, aby zapewni\u0107 p\u0142ynne dopasowanie do korpusu skrzynki, zgodnie z unijnymi normami ochrony \u015brodowiska RoHS i nie ma ryzyka zanieczyszczenia metalami ci\u0119\u017ckimi.<\/li>\n<\/ul>\n<h2 id=\"-ii-all-black-box-body-customized-logo-to-enhance-brand-recognition-\"><strong>2. Ca\u0142kowicie czarna obudowa + spersonalizowane LOGO w celu zwi\u0119kszenia rozpoznawalno\u015bci marki<\/strong><\/h2>\n<ul>\n<li><strong>Minimalistyczna prezentacja wizualna<\/strong>: Korpus pude\u0142ka przyjmuje ca\u0142kowicie czarne pod\u0142o\u017ce, a LOGO marki jest podkre\u015blone przez\u00a0<strong>Wkl\u0119s\u0142odruk UV\/proces t\u0142oczenia na gor\u0105co<\/strong>a kontrast jest zwi\u0119kszony o 300%. Obs\u0142uguje efekty specjalne, takie jak wyt\u0142aczanie, laser i lokalny lakier, aby uzyska\u0107 efekt wizualny \"\u015bwiec\u0105cy w ciemnej nocy\".<\/li>\n<li><strong>Adaptacja wielu scen<\/strong>: Czarne pod\u0142o\u017ce mo\u017cna dopasowa\u0107 do rozwi\u0105za\u0144 LOGO, takich jak kolory metaliczne i fluorescencyjne, co jest odpowiednie dla linii luksusowych, lekkich linii luksusowych i linii masowych. Wszystkie kategorie pozycjonowania.<\/li>\n<\/ul>\n<h2 id=\"-iii-intelligent-window-design-intuitive-display-and-upgraded-consumer-experience-\"><strong>3. Inteligentna konstrukcja okna: intuicyjny wy\u015bwietlacz i ulepszone wra\u017cenia konsumenckie<\/strong><\/h2>\n<ul>\n<li><strong>Okno akrylowe o wysokiej przezroczysto\u015bci<\/strong>: W obszarze okna zastosowano akryl spo\u017cywczy o grubo\u015bci 3 mm, o przepuszczalno\u015bci \u015bwiat\u0142a \u226592% i zwi\u0119kszonej odporno\u015bci na uderzenia 50%. Obs\u0142uguje ci\u0119cie o specjalnym kszta\u0142cie (okr\u0105g\u0142e, \u0142ukowe, diamentowe), dok\u0142adnie wy\u015bwietlaj\u0105c krzywizn\u0119 butelki lakieru do paznokci lub kolor pr\u00f3bki zdobienia paznokci.<\/li>\n<li><strong>Py\u0142oszczelna technologia uszczelniania<\/strong>: Kraw\u0119d\u017a okna jest owini\u0119ta mi\u0119kkim klejem TPU, w po\u0142\u0105czeniu z nanopow\u0142ok\u0105 zapobiegaj\u0105c\u0105 odciskom palc\u00f3w, aby zapewni\u0107 d\u0142ugotrwa\u0142e u\u017cytkowanie bez zadrapa\u0144 i gromadzenia si\u0119 mg\u0142y.<\/li>\n<\/ul>\n<h2 id=\"-iv-functional-internal-grid-system-safety-protection-and-space-management-\"><strong>4. Funkcjonalny system sieci wewn\u0119trznej: ochrona bezpiecze\u0144stwa i zarz\u0105dzanie przestrzeni\u0105<\/strong><\/h2>\n<ul>\n<li><strong>Podszewka z siatki EVA<\/strong>: Dostosowana g\u0105bka EVA o wysokiej g\u0119sto\u015bci (g\u0119sto\u015b\u0107 25-90 g\/cm\u00b3) zgodnie z typem butelki, z dok\u0142adno\u015bci\u0105 siatki \u00b10,5 mm, w celu uzyskania niezale\u017cnego pozycjonowania pojedynczej butelki. Test odporno\u015bci na trz\u0119sienia ziemi wykaza\u0142, \u017ce mo\u017ce wytrzyma\u0107 nacisk pionowy 10 kg i uderzenie z wysoko\u015bci 1,5 m.<\/li>\n<li><strong>Modu\u0142owa kombinacja<\/strong>Obs\u0142uguje uk\u0142ad warstwowy \"g\u0142\u00f3wna butelka + akcesoria\" (np. butelka lakieru do paznokci, p\u0119dzelek, dekoracyjna przegroda na naklejki), podszewk\u0119 mo\u017cna zdemontowa\u0107 i przeorganizowa\u0107, nadaje si\u0119 do \u015bwi\u0105tecznych limitowanych zestaw\u00f3w wieloproduktowych.<\/li>\n<\/ul>\n<h2 id=\"-v-full-dimensional-customization-service-a-one-stop-solution-from-design-to-mass-production-\"><strong>5. Pe\u0142nowymiarowa us\u0142uga dostosowywania: kompleksowe rozwi\u0105zanie od projektu do masowej produkcji<\/strong><\/h2>\n<h3 id=\"1-flexible-matching-of-size-and-material-\">1.\u00a0<strong>Elastyczne dopasowanie rozmiaru i materia\u0142u<\/strong><\/h3>\n<ul>\n<li>Rozmiar pude\u0142ka obejmuje od 5 ml mini butelki do 50 ml opakowania rodzinnego i obs\u0142uguje niestandardowe dostosowywanie (b\u0142\u0105d \u22640,2 mm).<\/li>\n<\/ul>\n<h3 id=\"2-surface-treatment-process-library-\">2.\u00a0<strong>Biblioteka proces\u00f3w obr\u00f3bki powierzchni<\/strong><\/h3>\n<table>\n<thead>\n<tr>\n<th>Typ procesu<\/th>\n<th>Przyk\u0142ad efektu<\/th>\n<th>Obowi\u0105zuj\u0105ce scenariusze<\/th>\n<\/tr>\n<\/thead>\n<tbody>\n<tr>\n<td>Sitodruk + cz\u0119\u015bciowe t\u0142oczenie UV<\/td>\n<td>LOGO dotykowe tr\u00f3jwymiarowe<\/td>\n<td>Wysokiej klasy logo marki<\/td>\n<\/tr>\n<tr>\n<td>Proces gor\u0105cego srebra\/gor\u0105cej czerni<\/td>\n<td>Gradientowy streamer z ciemnym wzorem<\/td>\n<td>Wakacyjne limitowane opakowanie<\/td>\n<\/tr>\n<tr>\n<td>Cyfrowy druk atramentowy<\/td>\n<td>Przywracanie wysokiej rozdzielczo\u015bci z\u0142o\u017conego wzoru<\/td>\n<td>Wsp\u00f3lne modele, seria wsp\u00f3\u0142pracy artyst\u00f3w<\/td>\n<\/tr>\n<\/tbody>\n<\/table>\n<h3 id=\"3-intelligent-production-system-\">3.\u00a0<strong>Inteligentny system produkcji<\/strong><\/h3>\n<ul>\n<li><strong>48-godzinny proofing<\/strong>: Opieraj\u0105c si\u0119 na 7-kolorowej linii druku UV Heidelberg, w pe\u0142ni automatycznej maszynie do sztancowania i innym sprz\u0119cie, minimalna ilo\u015b\u0107 zam\u00f3wienia wynosi zaledwie 100 sztuk.<\/li>\n<li><strong>Potr\u00f3jna kontrola jako\u015bci<\/strong>: Kontrola na wej\u015bciu surowca (certyfikat SGS) + kontrola AI procesu produkcyjnego (wska\u017anik rozpoznawania wad 99,9%) + 48-godzinny test sta\u0142ej temperatury i wilgotno\u015bci przed wysy\u0142k\u0105.<\/li>\n<\/ul>","protected":false},"excerpt":{"rendered":"<ul>\n<li><strong>Zero r\u00f3\u017cnicy w cenie po\u015brednika<\/strong>: W\u0142asna baza produkcyjna 50 000\u33a1, dzienna zdolno\u015b\u0107 produkcyjna 2 milion\u00f3w sztuk, cena tej samej jako\u015bci jest 30% ni\u017csza ni\u017c na rynku.<\/li>\n<li><strong>Bezp\u0142atna us\u0142uga o warto\u015bci dodanej<\/strong>:<\/li>\n<li><strong>Wst\u0119pna prezentacja modelowania 3D<\/strong>: Dostarczenie rendering\u00f3w opakowa\u0144, schemat\u00f3w eksplozji strukturalnych i pr\u00f3bek materia\u0142\u00f3w.<\/li>\n<li><strong>Globalne wsparcie logistyczne<\/strong>: Dedykowana logistyka liniowa Europa\/Ameryka P\u00f3\u0142nocna, integracja odpraw celnych DDP.<\/li>\n<\/ul>","protected":false},"featured_media":9415,"template":"","meta":[],"product_brand":[],"product_cat":[30,390,424,31],"product_tag":[1168,1167,639],"class_list":{"0":"post-9403","1":"product","2":"type-product","3":"status-publish","4":"has-post-thumbnail","6":"product_cat-by-industry","7":"product_cat-custom-cosmetics-boxes","8":"product_cat-magnetic-closure-boxes","9":"product_cat-paper-box-style","10":"product_tag-custom-press-on-nail-packaging-wholesale","11":"product_tag-nail-polish-oil-packaging","12":"product_tag-press-on-nail-packaging","14":"first","15":"instock","16":"shipping-taxable","17":"product-type-simple"},"_links":{"self":[{"href":"https:\/\/zojopackaging.com\/pl\/wp-json\/wp\/v2\/product\/9403","targetHints":{"allow":["GET"]}}],"collection":[{"href":"https:\/\/zojopackaging.com\/pl\/wp-json\/wp\/v2\/product"}],"about":[{"href":"https:\/\/zojopackaging.com\/pl\/wp-json\/wp\/v2\/types\/product"}],"version-history":[{"count":1,"href":"https:\/\/zojopackaging.com\/pl\/wp-json\/wp\/v2\/product\/9403\/revisions"}],"predecessor-version":[{"id":9418,"href":"https:\/\/zojopackaging.com\/pl\/wp-json\/wp\/v2\/product\/9403\/revisions\/9418"}],"wp:featuredmedia":[{"embeddable":true,"href":"https:\/\/zojopackaging.com\/pl\/wp-json\/wp\/v2\/media\/9415"}],"wp:attachment":[{"href":"https:\/\/zojopackaging.com\/pl\/wp-json\/wp\/v2\/media?parent=9403"}],"wp:term":[{"taxonomy":"product_brand","embeddable":true,"href":"https:\/\/zojopackaging.com\/pl\/wp-json\/wp\/v2\/product_brand?post=9403"},{"taxonomy":"product_cat","embeddable":true,"href":"https:\/\/zojopackaging.com\/pl\/wp-json\/wp\/v2\/product_cat?post=9403"},{"taxonomy":"product_tag","embeddable":true,"href":"https:\/\/zojopackaging.com\/pl\/wp-json\/wp\/v2\/product_tag?post=9403"}],"curies":[{"name":"wp","href":"https:\/\/api.w.org\/{rel}","templated":true}]}}