{"id":9419,"date":"2025-04-02T14:35:15","date_gmt":"2025-04-02T06:35:15","guid":{"rendered":"https:\/\/zojopackaging.com\/?post_type=product&#038;p=9419"},"modified":"2025-04-02T15:05:38","modified_gmt":"2025-04-02T07:05:38","slug":"luxury-gourmet-chocolate-cookie-macaron-packaging-gift-boxes","status":"publish","type":"product","link":"https:\/\/zojopackaging.com\/pl\/product\/luxury-gourmet-chocolate-cookie-macaron-packaging-gift-boxes\/","title":{"rendered":"Luksusowe pude\u0142ka na prezenty z czekoladowymi ciasteczkami Macaron"},"content":{"rendered":"<h2 id=\"-1-pink-flip-box-design-a-soft-and-luxurious-visual-presentation-\"><strong>1. R\u00f3\u017cowe pude\u0142ko prezentowe z klapk\u0105: delikatna i luksusowa prezentacja wizualna<\/strong><\/h2>\n<p>R\u00f3\u017c o wysokim nasyceniu jest u\u017cywany jako g\u0142\u00f3wny kolor, a struktura klapki jest dopasowana, aby nada\u0107 opakowaniu mi\u0119kkie i ciep\u0142e wra\u017cenia wizualne, jednocze\u015bnie podkre\u015blaj\u0105c wykwintno\u015b\u0107 i modn\u0105 tonacj\u0119 produktu. Powierzchnia pude\u0142ka mo\u017ce by\u0107 wykonana z matowych lub per\u0142owych materia\u0142\u00f3w, aby poprawi\u0107 dotyk i subtelne zmiany poziomu pod wp\u0142ywem \u015bwiat\u0142a, zapewniaj\u0105c, \u017ce wyr\u00f3\u017cnia si\u0119 na p\u00f3\u0142ce podczas ekspozycji. Konstrukcja otwierania i zamykania za pomoc\u0105 klapki jest nie tylko wygodna w u\u017cyciu, ale tak\u017ce wzmacnia poczucie ceremonii dzi\u0119ki ukrytej klamrze magnetycznej po wewn\u0119trznej stronie pokrywy pude\u0142ka, kt\u00f3ra pasuje do wysokiej klasy pozycjonowania prezent\u00f3w.<\/p>\n<h2 id=\"-2-ribbon-accessories-the-finishing-touch-of-artistic-beauty-\"><strong>2. Akcesoria do wst\u0105\u017cek: wyko\u0144czenie artystycznego pi\u0119kna<\/strong><\/h2>\n<p>G\u00f3rna cz\u0119\u015b\u0107 opakowania jest dopasowana do satynowej wst\u0105\u017cki w tym samym kolorze, a kszta\u0142t kokardy lub fr\u0119dzli podkre\u015bla poziom i kunszt. Wst\u0105\u017cka mo\u017ce by\u0107 wykonana z przyjaznych dla \u015brodowiska materia\u0142\u00f3w pochodz\u0105cych z recyklingu i obs\u0142uguje t\u0142oczenie na gor\u0105co, wyt\u0142aczany tekst i inne procesy, integruj\u0105c logo marki lub b\u0142ogos\u0142awie\u0144stwa oraz przekazuj\u0105c elegancj\u0119 i trosk\u0119. Konstrukcja wst\u0105\u017cki mo\u017ce by\u0107 r\u00f3wnie\u017c u\u017cywana jako uchwyt pude\u0142ka prezentowego, kt\u00f3ry jest zar\u00f3wno funkcjonalny, jak i dekoracyjny, spe\u0142niaj\u0105c potrzeby prezent\u00f3w \u015bwi\u0105tecznych lub codziennych scenariuszy konsumpcji.<\/p>\n<h2 id=\"-3-impact-resistant-plastic-inner-tray-practical-and-environmentally-friendly-\"><strong>3. Odporna na uderzenia plastikowa taca wewn\u0119trzna: praktyczna i przyjazna dla \u015brodowiska<\/strong><\/h2>\n<p>Wewn\u0119trzna taca wykonana jest z materia\u0142u PET o jako\u015bci spo\u017cywczej, kt\u00f3ry ma doskona\u0142\u0105 odporno\u015b\u0107 na uderzenia i przezroczysto\u015b\u0107. Mo\u017ce ona mocno przymocowa\u0107 ka\u017cdy makaronik lub ciastko czekoladowe, aby unikn\u0105\u0107 uszkodzenia podczas transportu. Wewn\u0119trzna tacka jest wielokrotnego u\u017cytku, a u\u017cytkownicy mog\u0105 przekszta\u0142ci\u0107 j\u0105 w pude\u0142ko do przechowywania lub pude\u0142ko na bi\u017cuteri\u0119, aby wyd\u0142u\u017cy\u0107 cykl \u017cycia opakowania i odzwierciedli\u0107 koncepcj\u0119 zr\u00f3wnowa\u017conego rozwoju. Kszta\u0142t podszewki umo\u017cliwia du\u017c\u0105 personalizacj\u0119, na przyk\u0142ad w kszta\u0142cie serca, okr\u0105g\u0142ej lub warstwowej struktury, kt\u00f3ra idealnie pasuje do produkt\u00f3w o r\u00f3\u017cnych rozmiarach i kszta\u0142tach.<\/p>\n<h2 id=\"-4-double-sided-printing-two-way-interaction-between-brand-and-user-\"><strong>4. Druk dwustronny: dwukierunkowa interakcja mi\u0119dzy mark\u0105 a u\u017cytkownikiem<\/strong><\/h2>\n<p>Opakowanie zosta\u0142o zaprojektowane z dwustronnym nadrukiem. Przednia strona przedstawia produkt w formie ilustracji lub w minimalistycznym stylu, takim jak r\u0119cznie malowany kolorowy wz\u00f3r makaronu lub scena z historii marki; tylna strona jest zadrukowana list\u0105 sk\u0142adnik\u00f3w, sugestiami dotycz\u0105cymi jedzenia i informacjami o kulturze marki, aby zwi\u0119kszy\u0107 zaufanie u\u017cytkownik\u00f3w do jako\u015bci. Zwi\u0119ksza przyczepno\u015b\u0107 do u\u017cytkownika. Proces drukowania obs\u0142uguje druk offsetowy, lokalne oszklenie UV, t\u0142oczenie na gor\u0105co i inne efekty, aby zapewni\u0107, \u017ce grafika jest wyra\u017ana i odporna na zu\u017cycie.<\/p>\n<h2 id=\"-5-highly-customized-meet-diverse-needs-\"><strong>5. Wysoce spersonalizowane: spe\u0142niaj\u0105 r\u00f3\u017cnorodne potrzeby<\/strong><\/h2>\n<ul>\n<li><strong>Rozmiar i struktura<\/strong>Oferujemy r\u00f3\u017cne typy pude\u0142ek, takie jak z szuflad\u0105, pokryw\u0105, okienkiem itp., obs\u0142uguj\u0105ce specyfikacje od 5 do 12 sztuk, odpowiednie do sprzeda\u017cy detalicznej i na prezenty.<\/li>\n<li><strong>Wyb\u00f3r materia\u0142u<\/strong>: Opr\u00f3cz podstawowego bia\u0142ego kartonu mo\u017cna wybra\u0107 przyjazny dla \u015brodowiska papier pakowy, matowy papier specjalny lub materia\u0142 kompozytowy o fakturze metalu, aby zwi\u0119kszy\u0107 klas\u0119 opakowania.<\/li>\n<li><strong>Technologia powierzchniowa<\/strong>Obs\u0142uga wyt\u0142aczania, reliefu, laminowania per\u0142owego i innych efekt\u00f3w, takich jak r\u00f3\u017cowa powierzchnia pude\u0142ka na\u0142o\u017cona na t\u0142oczone na gor\u0105co LOGO w celu zwi\u0119kszenia rozpoznawalno\u015bci marki.<\/li>\n<li><strong>Dopasowanie kolor\u00f3w<\/strong>U\u017cyj druku punktowego Pantone, aby dok\u0142adnie przywr\u00f3ci\u0107 system kolor\u00f3w marki i obs\u0142ugiwa\u0107 kombinacj\u0119 kolor\u00f3w gradientowych lub makaronowych.<\/li>\n<\/ul>","protected":false},"excerpt":{"rendered":"<ul>\n<li><strong>Bezp\u0142atne pr\u00f3bki<\/strong>: Uzyskaj fizyczne pr\u00f3bki przed z\u0142o\u017ceniem zam\u00f3wienia, aby intuicyjnie do\u015bwiadczy\u0107 materia\u0142u i wykonania.<\/li>\n<li><strong>Darmowy projekt<\/strong>: Zesp\u00f3\u0142 projektant\u00f3w dostosowuje ilustracje, uk\u0142ady i struktury zgodnie z charakterystyk\u0105 produktu, aby zapewni\u0107 r\u00f3wnowag\u0119 mi\u0119dzy estetyk\u0105 a funkcjonalno\u015bci\u0105.<\/li>\n<li><strong>Wysoka wydajno\u015b\u0107 kosztowa<\/strong>: Produkcja na du\u017c\u0105 skal\u0119 obni\u017ca ceny jednostkowe, przy minimalnym zam\u00f3wieniu 500 sztuk i wsparciu dla us\u0142ug przyspieszonych.<\/li>\n<li><strong>Zapewnienie jako\u015bci<\/strong>: Certyfikat bezpiecze\u0144stwa klasy spo\u017cywczej zapewnia, \u017ce opakowanie jest nietoksyczne, bezwonne i spe\u0142nia mi\u0119dzynarodowe standardy transportu.<\/li>\n<\/ul>","protected":false},"featured_media":9425,"template":"","meta":[],"product_brand":[],"product_cat":[30,422,424,31],"product_tag":[1170,1169,1171],"class_list":{"0":"post-9419","1":"product","2":"type-product","3":"status-publish","4":"has-post-thumbnail","6":"product_cat-by-industry","7":"product_cat-custom-gourmet-boxes-by-industry","8":"product_cat-magnetic-closure-boxes","9":"product_cat-paper-box-style","10":"product_tag-chocolate-cookie-gift-boxes","11":"product_tag-gourmet-packaging-boxes","12":"product_tag-macaron-packaging-gift-boxes","14":"first","15":"instock","16":"shipping-taxable","17":"product-type-simple"},"_links":{"self":[{"href":"https:\/\/zojopackaging.com\/pl\/wp-json\/wp\/v2\/product\/9419","targetHints":{"allow":["GET"]}}],"collection":[{"href":"https:\/\/zojopackaging.com\/pl\/wp-json\/wp\/v2\/product"}],"about":[{"href":"https:\/\/zojopackaging.com\/pl\/wp-json\/wp\/v2\/types\/product"}],"version-history":[{"count":2,"href":"https:\/\/zojopackaging.com\/pl\/wp-json\/wp\/v2\/product\/9419\/revisions"}],"predecessor-version":[{"id":9427,"href":"https:\/\/zojopackaging.com\/pl\/wp-json\/wp\/v2\/product\/9419\/revisions\/9427"}],"wp:featuredmedia":[{"embeddable":true,"href":"https:\/\/zojopackaging.com\/pl\/wp-json\/wp\/v2\/media\/9425"}],"wp:attachment":[{"href":"https:\/\/zojopackaging.com\/pl\/wp-json\/wp\/v2\/media?parent=9419"}],"wp:term":[{"taxonomy":"product_brand","embeddable":true,"href":"https:\/\/zojopackaging.com\/pl\/wp-json\/wp\/v2\/product_brand?post=9419"},{"taxonomy":"product_cat","embeddable":true,"href":"https:\/\/zojopackaging.com\/pl\/wp-json\/wp\/v2\/product_cat?post=9419"},{"taxonomy":"product_tag","embeddable":true,"href":"https:\/\/zojopackaging.com\/pl\/wp-json\/wp\/v2\/product_tag?post=9419"}],"curies":[{"name":"wp","href":"https:\/\/api.w.org\/{rel}","templated":true}]}}