{"id":9428,"date":"2025-04-02T15:05:47","date_gmt":"2025-04-02T07:05:47","guid":{"rendered":"https:\/\/zojopackaging.com\/?post_type=product&#038;p=9428"},"modified":"2025-04-02T15:30:57","modified_gmt":"2025-04-02T07:30:57","slug":"custom-apparel-t-shirt-clothing-paper-tube-packaging-factory","status":"publish","type":"product","link":"https:\/\/zojopackaging.com\/pl\/product\/custom-apparel-t-shirt-clothing-paper-tube-packaging-factory\/","title":{"rendered":"Niestandardowa odzie\u017c T-shirt Odzie\u017c Fabryka opakowa\u0144 papierowych"},"content":{"rendered":"<h2 id=\"-1-innovative-structural-design-upper-and-lower-split-cylindrical-box-one-handed-opening-and-closing-is-more-convenient-\"><strong>1. Innowacyjna konstrukcja strukturalna: g\u00f3rna i dolna dzielona cylindryczna skrzynka, otwieranie i zamykanie jedn\u0105 r\u0119k\u0105 jest wygodniejsze<\/strong><\/h2>\n<ol>\n<li><strong>Opatentowana konstrukcja dzielona<\/strong>: G\u00f3rna i dolna dzielona cylindryczna konstrukcja, w po\u0142\u0105czeniu z precyzyjnymi rowkami prowadz\u0105cymi i mechanizmami mocuj\u0105cymi, mo\u017ce by\u0107 \u0142atwo otwierana i zamykana jedn\u0105 r\u0119k\u0105, unikaj\u0105c uci\u0105\u017cliwej obs\u0142ugi tradycyjnych opakowa\u0144 i poprawiaj\u0105c wra\u017cenia konsument\u00f3w podczas rozpakowywania.<\/li>\n<li><strong>Silna zdolno\u015b\u0107 adaptacji<\/strong>: Przestrze\u0144 wewn\u0119trzn\u0105 mo\u017cna elastycznie regulowa\u0107, aby dostosowa\u0107 j\u0105 do r\u00f3\u017cnych rodzaj\u00f3w odzie\u017cy, takich jak kr\u00f3tkie r\u0119kawy, kurtki, swetry, sp\u00f3dnice itp., a konstrukcja przechowywania warstwowego lub z\u0142o\u017conego zapewnia, \u017ce ubrania s\u0105 p\u0142askie i nie marszcz\u0105 si\u0119.<\/li>\n<li><strong>Optymalizacja szczeg\u00f3\u0142\u00f3w<\/strong>: Kraw\u0119d\u017a korpusu pude\u0142ka wykorzystuje wysoce precyzyjn\u0105 technologi\u0119 ci\u0119cia, kt\u00f3ra jest g\u0142adka i pozbawiona zadzior\u00f3w, w po\u0142\u0105czeniu z matowym pokryciem foli\u0105, dotyk jest delikatny, przekazuj\u0105c wysokiej jako\u015bci tekstur\u0119 marki.<\/li>\n<\/ol>\n<h2 id=\"-2-printing-and-technology-professional-equipment-customized-technology-double-improvement-of-quality-and-visual-\"><strong>2. Drukowanie i technologia: profesjonalny sprz\u0119t + dostosowana technologia, podw\u00f3jna poprawa jako\u015bci i wygl\u0105du<\/strong><\/h2>\n<ol>\n<li><strong>Druk czterokolorowy + technologia matowej folii<\/strong>: Przyj\u0119cie czterokolorowej maszyny drukarskiej Heidelberg, dok\u0142adne odtworzenie kolor\u00f3w CMYK, na\u0142o\u017cenie matowej folii, nasycenie kolor\u00f3w zwi\u0119kszone o 30% oraz w\u0142a\u015bciwo\u015bci zapobiegaj\u0105ce zarysowaniom i odciskom palc\u00f3w.<\/li>\n<li><strong>Zaawansowane opcje procesu<\/strong>:<\/li>\n<li><strong>T\u0142oczenie na gor\u0105co\/srebro<\/strong>Nadaje si\u0119 do logo marki lub wzoru, zwi\u0119ksza efekt wizualny (np. luksusowy efekt po\u0142ysku).<\/li>\n<li><strong>Wyt\u0142aczane\/t\u0142oczone<\/strong>Podkre\u015bl szczeg\u00f3\u0142y projektu dzi\u0119ki tr\u00f3jwymiarowej technologii wyt\u0142aczania, z r\u00f3\u017cnymi poziomami dotyku, odpowiednimi do pozycjonowania marki wysokiej klasy.<\/li>\n<li><strong>Certyfikacja \u015brodowiskowa<\/strong>: Papier wykorzystuje podw\u00f3jny papier miedziany 230 g lub papier siarczanowy z recyklingu, przeszed\u0142 mi\u0119dzynarodowe certyfikaty \u015brodowiskowe, takie jak SGS i BV, i uwzgl\u0119dnia zar\u00f3wno tekstur\u0119, jak i zr\u00f3wnowa\u017cony rozw\u00f3j.<\/li>\n<\/ol>\n<h2 id=\"-iii-design-service-diverse-styles-precise-matching-of-brand-tone-\"><strong>3. Us\u0142uga projektowania: r\u00f3\u017cnorodne style, precyzyjne dopasowanie tonu marki<\/strong><\/h2>\n<ol>\n<li><strong>Pe\u0142na obs\u0142uga projektu obudowy<\/strong>: \u015awiadczymy us\u0142ugi projektowania plik\u00f3w CDR, AI i innych plik\u00f3w \u017ar\u00f3d\u0142owych, obejmuj\u0105ce r\u00f3\u017cne style, takie jak prostota, trend narodowy, minimalizm, biznes itp. oraz dostosowujemy ekskluzywne wizualizacje w po\u0142\u0105czeniu z charakterystyk\u0105 produkt\u00f3w odzie\u017cowych (takich jak \u017cywe kolory koszulek, eleganckie tekstury swetr\u00f3w).<\/li>\n<li><strong>Wzmocnienie pozycji kulturowej<\/strong>: Mo\u017ce integrowa\u0107 historie marki, elementy regionalne lub wsp\u00f3lne projekty IP, takie jak wzory haftu w stylu narodowym, modne ilustracje itp. w celu zwi\u0119kszenia rezonansu emocjonalnego.<\/li>\n<li><strong>Inteligentny proofing<\/strong>: Dostarczenie rendering\u00f3w 3D i pr\u00f3bek fizycznych w ci\u0105gu 48 godzin, aby zapewni\u0107, \u017ce stopie\u0144 przywr\u00f3cenia projektu osi\u0105gnie wi\u0119cej ni\u017c 98%.<\/li>\n<\/ol>\n<h2 id=\"-iv-production-and-delivery-16-years-of-foreign-trade-experience-one-stop-worry-free-service-\"><strong>4. Produkcja i dostawa: 16 lat do\u015bwiadczenia w handlu zagranicznym, kompleksowa, bezproblemowa obs\u0142uga<\/strong><\/h2>\n<ol>\n<li><strong>Pe\u0142na kontrola procesu<\/strong>: Od projektu, wyboru materia\u0142\u00f3w, produkcji po logistyk\u0119, ca\u0142y proces jest monitorowany przez system zarz\u0105dzania jako\u015bci\u0105 ISO, przy minimalnej ilo\u015bci zam\u00f3wienia wynosz\u0105cej zaledwie 3000, a dostosowywanie ma\u0142ych partii jest obs\u0142ugiwane.<\/li>\n<li><strong>Do\u015bwiadczenie w handlu zagranicznym<\/strong>: Znajomo\u015b\u0107 standard\u00f3w rynkowych w Europie, Ameryce, Azji Po\u0142udniowo-Wschodniej itp., dostarczanie rozwi\u0105za\u0144 opakowaniowych klasy eksportowej, takich jak certyfikacja FSC i obr\u00f3bka odporna na wilgo\u0107, z roczn\u0105 zdolno\u015bci\u0105 produkcyjn\u0105 ponad 5 milion\u00f3w sztuk.<\/li>\n<li><strong>Wydajna dostawa<\/strong>: Regularne zam\u00f3wienia mo\u017cna zrealizowa\u0107 w ci\u0105gu 7-10 dni, pilne zam\u00f3wienia mo\u017cna przyspieszy\u0107 do 5 dni i obs\u0142ugiwa\u0107 globaln\u0105 bezpo\u015bredni\u0105 wysy\u0142k\u0119 \/ transport lotniczy.<\/li>\n<\/ol>\n<h2 id=\"-v-case-and-value-core-partner-to-enhance-brand-added-value-\"><strong>5. Sprawa i warto\u015b\u0107: G\u0142\u00f3wny partner zwi\u0119kszaj\u0105cy warto\u015b\u0107 dodan\u0105 marki<\/strong><\/h2>\n<ul>\n<li><strong>Odniesienie do przypadku<\/strong>: Dostosowane do indywidualnych potrzeb sk\u0142adane i przyjazne dla \u015brodowiska opakowanie z papierowej tuby dla mi\u0119dzynarodowej marki szybkiej mody, zmniejszaj\u0105ce koszty logistyczne o 20% i zwi\u0119kszaj\u0105ce wska\u017anik odkupu o 15% dzi\u0119ki technologii t\u0142oczenia na gor\u0105co.<\/li>\n<li><strong>Rozszerzenie warto\u015bci<\/strong>: Pude\u0142ka opakowaniowe mog\u0105 by\u0107 ponownie wykorzystane jako rekwizyty do przechowywania i ekspozycji w domu, aby przed\u0142u\u017cy\u0107 cykl ekspozycji marki.<\/li>\n<\/ul>","protected":false},"excerpt":{"rendered":"<p>1. Pude\u0142ko do pakowania Yuantong ma podzielon\u0105 struktur\u0119, kt\u00f3r\u0105 mo\u017cna otwiera\u0107 i zamyka\u0107 jedn\u0105 r\u0119k\u0105, co jest wygodne do przenoszenia i poprawia wra\u017cenia z rozpakowywania<br \/>\n2. Nadaje si\u0119 do r\u00f3\u017cnych rodzaj\u00f3w odzie\u017cy, takich jak koszule z kr\u00f3tkim r\u0119kawem, kurtki, swetry, sp\u00f3dnice itp.<br \/>\n3. Druk czterokolorowy + folia matowa, druk maszynowy Heidelberg, jasne i \u017cywe kolory<br \/>\n4. R\u00f3\u017cne style projektowania mo\u017cna dostosowa\u0107 do wymaga\u0144, aby idealnie pasowa\u0142y do produkt\u00f3w odzie\u017cowych<\/p>","protected":false},"featured_media":9429,"template":"","meta":[],"product_brand":[],"product_cat":[30,414,31,429],"product_tag":[1174,1172,1173],"class_list":{"0":"post-9428","1":"product","2":"type-product","3":"status-publish","4":"has-post-thumbnail","6":"product_cat-by-industry","7":"product_cat-custom-apparel-boxes","8":"product_cat-paper-box-style","9":"product_cat-paper-tube-boxes","10":"product_tag-clothing-packaging-boxes-factory","11":"product_tag-custom-apparel-packaging","12":"product_tag-t-shirt-paper-tube-packaging","14":"first","15":"instock","16":"shipping-taxable","17":"product-type-simple"},"_links":{"self":[{"href":"https:\/\/zojopackaging.com\/pl\/wp-json\/wp\/v2\/product\/9428","targetHints":{"allow":["GET"]}}],"collection":[{"href":"https:\/\/zojopackaging.com\/pl\/wp-json\/wp\/v2\/product"}],"about":[{"href":"https:\/\/zojopackaging.com\/pl\/wp-json\/wp\/v2\/types\/product"}],"version-history":[{"count":1,"href":"https:\/\/zojopackaging.com\/pl\/wp-json\/wp\/v2\/product\/9428\/revisions"}],"predecessor-version":[{"id":9435,"href":"https:\/\/zojopackaging.com\/pl\/wp-json\/wp\/v2\/product\/9428\/revisions\/9435"}],"wp:featuredmedia":[{"embeddable":true,"href":"https:\/\/zojopackaging.com\/pl\/wp-json\/wp\/v2\/media\/9429"}],"wp:attachment":[{"href":"https:\/\/zojopackaging.com\/pl\/wp-json\/wp\/v2\/media?parent=9428"}],"wp:term":[{"taxonomy":"product_brand","embeddable":true,"href":"https:\/\/zojopackaging.com\/pl\/wp-json\/wp\/v2\/product_brand?post=9428"},{"taxonomy":"product_cat","embeddable":true,"href":"https:\/\/zojopackaging.com\/pl\/wp-json\/wp\/v2\/product_cat?post=9428"},{"taxonomy":"product_tag","embeddable":true,"href":"https:\/\/zojopackaging.com\/pl\/wp-json\/wp\/v2\/product_tag?post=9428"}],"curies":[{"name":"wp","href":"https:\/\/api.w.org\/{rel}","templated":true}]}}