{"id":9436,"date":"2025-04-02T15:31:14","date_gmt":"2025-04-02T07:31:14","guid":{"rendered":"https:\/\/zojopackaging.com\/?post_type=product&#038;p=9436"},"modified":"2025-04-02T15:56:36","modified_gmt":"2025-04-02T07:56:36","slug":"luxury-pink-cosmetic-makeup-kit-rigid-gift-box-manufacturer","status":"publish","type":"product","link":"https:\/\/zojopackaging.com\/pl\/product\/luxury-pink-cosmetic-makeup-kit-rigid-gift-box-manufacturer\/","title":{"rendered":"Luksusowy r\u00f3\u017cowy zestaw kosmetyk\u00f3w do makija\u017cu Sztywne pude\u0142ko upominkowe Producent"},"content":{"rendered":"<h2 id=\"-i-magnetic-box-design-a-fusion-of-sophistication-and-convenience-\"><strong>1. Magnetyczne zamkni\u0119cie pude\u0142ka: po\u0142\u0105czenie wyrafinowania i wygody<\/strong><\/h2>\n<ul>\n<li><strong>Technologia automatycznej adsorpcji magnetycznej<\/strong>: Opatentowana konstrukcja magnetyczna umo\u017cliwia zamkni\u0119cie pokrywy za pomoc\u0105 lekkiego dotyku oraz otwieranie i zamykanie jedn\u0105 r\u0119k\u0105, jednocze\u015bnie zapobiegaj\u0105c przypadkowemu otwarciu.<\/li>\n<li><strong>Ergonomiczna optymalizacja<\/strong>: Innowacyjna konstrukcja pokrywy w kszta\u0142cie litery L i tr\u00f3jk\u0105tnego korpusu pude\u0142ka jest pe\u0142na warstw, a proces otwierania jest pe\u0142en rytua\u0142u.<\/li>\n<li><strong>Wyb\u00f3r materia\u0142u<\/strong>: Konfigurowalne sk\u00f3rzane pude\u0142ka lub przyjazne dla \u015brodowiska twarde materia\u0142y, z delikatn\u0105 aksamitn\u0105 lub matow\u0105 pow\u0142ok\u0105 na powierzchni, wysokiej jako\u015bci w dotyku i odporne na zu\u017cycie.<\/li>\n<\/ul>\n<h2 id=\"-ii-abstract-art-printing-conveying-the-deep-concept-of-the-brand-\"><strong>2. Abstrakcyjne drukowanie artystyczne: przekazywanie g\u0142\u0119bokiej koncepcji marki<\/strong><\/h2>\n<ul>\n<li><strong>Projektowanie wzorc\u00f3w symbolicznych<\/strong>: Poprzez metafor\u0119 abstrakcyjnych linii, geometrycznych tekstur lub naturalnych element\u00f3w (takich jak zorza polarna, fale) interpretowana jest podstawowa koncepcja marki (taka jak estetyka naturalna, technologiczna lub orientalna).<\/li>\n<li><strong>Wielokolorowy proces drukowania<\/strong>: Precyzyjna technologia druku UV jest stosowana w celu zapewnienia, \u017ce kolor wzoru jest nasycony i warstwowy, a gradientowa r\u00f3\u017cowa podstawa jest dopasowana, aby stworzy\u0107 uzdrawiaj\u0105ce wra\u017cenia wizualne.<\/li>\n<li><strong>Funkcja drukowania dwustronnego<\/strong>: LOGO marki i abstrakcyjne elementy s\u0105 drukowane z przodu, a instrukcje u\u017cytkowania lub logo ochrony \u015brodowiska s\u0105 wyra\u017anie przedstawione z ty\u0142u za pomoc\u0105 technologii t\u0142oczenia na gor\u0105co \/ gor\u0105cego srebra, bior\u0105c pod uwag\u0119 zar\u00f3wno pi\u0119kno, jak i praktyczno\u015b\u0107.<\/li>\n<\/ul>\n<h2 id=\"-three-color-and-craftsmanship-high-end-texture-details-presentation-\"><strong>3. Kolor i wykonanie: wysokiej jako\u015bci prezentacja szczeg\u00f3\u0142\u00f3w tekstury<\/strong><\/h2>\n<ul>\n<li><strong>R\u00f3\u017cowy schemat o niskim nasyceniu<\/strong>: Opieraj\u0105c si\u0119 na psychologii kolor\u00f3w, wybrano odcienie o niskim zm\u0119czeniu wzroku, takie jak delikatny pudrowy puder i koralowy r\u00f3\u017c, dopasowane do matowej tekstury, aby przekaza\u0107 delikatn\u0105 i luksusow\u0105 tonacj\u0119 marki.<\/li>\n<li><strong>Technologia t\u0142oczenia na gor\u0105co\/gor\u0105cego srebra<\/strong>: Tr\u00f3jwymiarowe t\u0142oczenie na gor\u0105co jest stosowane na kraw\u0119dzi pokrywy pude\u0142ka, LOGO lub cz\u0119\u015bci tekstowej, aby wyra\u017anie pokaza\u0107 ma\u0142e czcionki i wzmocni\u0107 pozycjonowanie wysokiej klasy.<\/li>\n<li><strong>Obr\u00f3bka powierzchni<\/strong>: Opcjonalne efekty per\u0142owe, matowe, wyt\u0142oczenia 3D i inne efekty zwi\u0119kszaj\u0105ce tr\u00f3jwymiarowo\u015b\u0107 dotyku i widzenia.<\/li>\n<\/ul>\n<h2 id=\"-four-highly-customized-services-full-link-support-from-design-to-production-\"><strong>4. Wysoce spersonalizowane us\u0142ugi: pe\u0142ne wsparcie od projektu do produkcji<\/strong><\/h2>\n<ul>\n<li><strong>Elastyczne wymiary dostosowywania<\/strong>: Obs\u0142uga regulacji na \u017c\u0105danie rozmiaru, materia\u0142u, koloru (precyzyjne dopasowanie kart kolor\u00f3w Pantone) i technologii powierzchni (takich jak laser, lokalne UV).<\/li>\n<li><strong>Kompleksowe rozwi\u0105zanie<\/strong>: Bezpo\u015brednia wysy\u0142ka z fabryki w Shenzhen, eliminuj\u0105ca po\u015brednik\u00f3w, zmniejszaj\u0105ca koszty komunikacji i czasu; dostarczanie bezp\u0142atnych pr\u00f3bek i potwierdzenie projektu 3D w celu zapewnienia zerowego b\u0142\u0119du mi\u0119dzy gotowym produktem a oczekiwanym produktem.<\/li>\n<li><strong>Ochrona \u015brodowiska i gospodarka<\/strong>: Przyj\u0119cie materia\u0142\u00f3w nadaj\u0105cych si\u0119 do recyklingu i technologii druku dwustronnego w celu zmniejszenia marnotrawstwa zasob\u00f3w i spe\u0142nienia mi\u0119dzynarodowych norm \u015brodowiskowych.<\/li>\n<\/ul>\n<h2 id=\"-v-brand-cooperation-cases-and-added-value-\"><strong>5. Przypadki wsp\u00f3\u0142pracy z mark\u0105 i warto\u015b\u0107 dodana<\/strong><\/h2>\n<ul>\n<li><strong>Udane przypadki<\/strong>: Zaprojektowane pude\u0142ka upominkowe dla wielu mi\u0119dzynarodowych marek kosmetycznych, takie jak magnetyczne pude\u0142ko na bi\u017cuteri\u0119, pude\u0142ko na krem przeciwstarzeniowy (aksamitne pude\u0142ko zewn\u0119trzne + t\u0142oczone na gor\u0105co LOGO), zestaw esencji w stylu abstrakcyjnego atramentu (druk dwustronny + drewniana taca wewn\u0119trzna) itp.<\/li>\n<li><strong>Us\u0142ugi o warto\u015bci dodanej<\/strong>: Mo\u017cna zintegrowa\u0107 elementy sensoryczne, takie jak karty zapachowe i magnetyczne efekty d\u017awi\u0119kowe otwierania pude\u0142ka, aby wzmocni\u0107 rytua\u0142 rozpakowywania i punkty pami\u0119ci marki.<\/li>\n<\/ul>","protected":false},"excerpt":{"rendered":"<p>1. Magnetyczne pude\u0142ko zamykaj\u0105ce Magnetyczna automatyczna adsorpcja wyr\u00f3wnuj\u0105ca Proste otwieranie i zamykanie, \u0142atwe w obs\u0142udze jedn\u0105 r\u0119k\u0105, zwi\u0119kszaj\u0105ce wykwintno\u015b\u0107 i wyczucie mody produktu<br \/>\n2. Abstrakcyjne elementy nadruku s\u0105 wysoce symboliczne i mog\u0105 przekazywa\u0107 g\u0142\u0119bokie idee poprzez metafory, aby przyci\u0105gn\u0105\u0107 uwag\u0119 konsument\u00f3w.<br \/>\n3. R\u00f3\u017cowy zmniejsza zm\u0119czenie wzroku i tworzy relaksuj\u0105c\u0105 i lecznicz\u0105 atmosfer\u0119, kt\u00f3ra spe\u0142nia fantazj\u0119 opakowa\u0144 kosmetycznych<br \/>\n4. z\u0142oty proces t\u0142oczenia na gor\u0105co folii mo\u017ce wyra\u017anie wy\u015bwietla\u0107 ma\u0142e teksty, odpowiednie dla marek z wy\u017cszej p\u00f3\u0142ki<\/p>","protected":false},"featured_media":9437,"template":"","meta":[],"product_brand":[],"product_cat":[30,390,424,31],"product_tag":[1175,1177,1176],"class_list":{"0":"post-9436","1":"product","2":"type-product","3":"status-publish","4":"has-post-thumbnail","6":"product_cat-by-industry","7":"product_cat-custom-cosmetics-boxes","8":"product_cat-magnetic-closure-boxes","9":"product_cat-paper-box-style","10":"product_tag-cosmetic-gift-box","11":"product_tag-luxury-cosmetic-box-manufacturer","12":"product_tag-makeup-kit-rigid-box","14":"first","15":"instock","16":"shipping-taxable","17":"product-type-simple"},"_links":{"self":[{"href":"https:\/\/zojopackaging.com\/pl\/wp-json\/wp\/v2\/product\/9436","targetHints":{"allow":["GET"]}}],"collection":[{"href":"https:\/\/zojopackaging.com\/pl\/wp-json\/wp\/v2\/product"}],"about":[{"href":"https:\/\/zojopackaging.com\/pl\/wp-json\/wp\/v2\/types\/product"}],"version-history":[{"count":2,"href":"https:\/\/zojopackaging.com\/pl\/wp-json\/wp\/v2\/product\/9436\/revisions"}],"predecessor-version":[{"id":9446,"href":"https:\/\/zojopackaging.com\/pl\/wp-json\/wp\/v2\/product\/9436\/revisions\/9446"}],"wp:featuredmedia":[{"embeddable":true,"href":"https:\/\/zojopackaging.com\/pl\/wp-json\/wp\/v2\/media\/9437"}],"wp:attachment":[{"href":"https:\/\/zojopackaging.com\/pl\/wp-json\/wp\/v2\/media?parent=9436"}],"wp:term":[{"taxonomy":"product_brand","embeddable":true,"href":"https:\/\/zojopackaging.com\/pl\/wp-json\/wp\/v2\/product_brand?post=9436"},{"taxonomy":"product_cat","embeddable":true,"href":"https:\/\/zojopackaging.com\/pl\/wp-json\/wp\/v2\/product_cat?post=9436"},{"taxonomy":"product_tag","embeddable":true,"href":"https:\/\/zojopackaging.com\/pl\/wp-json\/wp\/v2\/product_tag?post=9436"}],"curies":[{"name":"wp","href":"https:\/\/api.w.org\/{rel}","templated":true}]}}