{"id":9447,"date":"2025-04-02T15:56:50","date_gmt":"2025-04-02T07:56:50","guid":{"rendered":"https:\/\/zojopackaging.com\/?post_type=product&#038;p=9447"},"modified":"2025-04-02T16:20:38","modified_gmt":"2025-04-02T08:20:38","slug":"luxury-wedding-garment-clothing-dress-gown-packaging-box","status":"publish","type":"product","link":"https:\/\/zojopackaging.com\/pl\/product\/luxury-wedding-garment-clothing-dress-gown-packaging-box\/","title":{"rendered":"Luksusowe pude\u0142ko do pakowania sukni \u015blubnych"},"content":{"rendered":"<h2 id=\"-1-pull-out-box-design-sliding-opening-and-closing-to-enhance-the-sense-of-unboxing-ceremony-\"><strong>1. Konstrukcja szuflady: przesuwne otwieranie i zamykanie w celu zwi\u0119kszenia poczucia ceremonii rozpakowywania<\/strong><\/h2>\n<p>Wysuwana struktura otwierania i zamykania jest \u0142atwa i p\u0142ynna w obs\u0142udze. U\u017cytkownicy mog\u0105 \u0142atwo otworzy\u0107 pude\u0142ko i bezpo\u015brednio zobaczy\u0107 delikatn\u0105 struktur\u0119 sukni \u015blubnej w \u015brodku (np. przezroczyste okienko lub warstwow\u0105 konstrukcj\u0119 wy\u015bwietlacza). Taka konstrukcja nie tylko chroni odzie\u017c przed \u015bci\u015bni\u0119ciem, ale tak\u017ce zwi\u0119ksza zaskoczenie podczas rozpakowywania poprzez progresywny wy\u015bwietlacz, kt\u00f3ry pasuje do romantycznej atmosfery sceny \u015blubnej.<\/p>\n<h2 id=\"-3-soft-pink-box-body-and-brand-logo-\"><strong>2. Mi\u0119kka r\u00f3\u017cowa obudowa i logo marki<\/strong><\/h2>\n<p>Korpus pude\u0142ka przyjmuje gradientowy r\u00f3\u017cowy wz\u00f3r i prezentuje mi\u0119kk\u0105 warstw\u0119 koloru dzi\u0119ki na\u0142o\u017conemu procesowi drukowania 157g papieru powlekanego C2S, z matowym lub cz\u0119\u015bciowym efektem t\u0142oczenia na gor\u0105co, tworz\u0105c ciep\u0142e i romantyczne wra\u017cenia wizualne. Logo marki jest drukowane w widocznym miejscu na powierzchni pude\u0142ka, w po\u0142\u0105czeniu z technologi\u0105 wyt\u0142aczania lub UV, aby wzmocni\u0107 punkt pami\u0119ci marki i przekaza\u0107 koncepcj\u0119 marki wysokiej klasy personalizacji.<\/p>\n<h2 id=\"-5-highly-customized-service-\"><strong>3. Wysoce spersonalizowana us\u0142uga<\/strong><\/h2>\n<p>Od rodzaju pude\u0142ka, rozmiaru po technologi\u0119 powierzchni (tak\u0105 jak t\u0142oczenie z\u0142ot\u0105 foli\u0105 na gor\u0105co, wyt\u0142aczana tekstura), mo\u017cna je dostosowa\u0107 do potrzeb. Na przyk\u0142ad: pude\u0142ko w kszta\u0142cie serca z wydr\u0105\u017con\u0105 rze\u017ab\u0105 lub pude\u0142ko w kszta\u0142cie ksi\u0105\u017cki z przezroczystym okienkiem, dok\u0142adnie dostosowane do r\u00f3\u017cnych styl\u00f3w, takich jak suknie \u015blubne z d\u0142ugim ogonem i smuk\u0142e sukienki. Obs\u0142uga druku punktowego Pantone zapewnia sp\u00f3jno\u015b\u0107 kolor\u00f3w marki.<\/p>\n<h2 id=\"-6-international-level-printing-technology-perfect-details-\"><strong>4. Technologia druku na poziomie mi\u0119dzynarodowym, doskona\u0142e szczeg\u00f3\u0142y<\/strong><\/h2>\n<p>Dzi\u0119ki zastosowaniu niemieckiego sprz\u0119tu drukarskiego Heidelberg, w po\u0142\u0105czeniu z cyfrow\u0105 technologi\u0105 druku atramentowego UV, wz\u00f3r ma wysokie nasycenie kolor\u00f3w i wyra\u017ane linie. Specjalne procesy, takie jak cz\u0119\u015bciowe t\u0142oczenie laserowe i 3D, mog\u0105 podkre\u015bli\u0107 luksusowe pozycjonowanie marki sukien \u015blubnych. Na przyk\u0142ad sitodruk nak\u0142ada si\u0119 na cz\u0119\u015b\u0107 z logo, aby wzmocni\u0107 dotyk i poczucie tr\u00f3jwymiarowo\u015bci.<\/p>\n<h2 id=\"-7-16-year-source-factory-full-process-escort-\"><strong>5. 16-letnia fabryka \u017ar\u00f3d\u0142owa, pe\u0142na eskorta procesu<\/strong><\/h2>\n<p>Jako producent opakowa\u0144 z 16-letnim do\u015bwiadczeniem, zapewnia kompleksow\u0105 obs\u0142ug\u0119 od projektowania renderowania 3D, wyboru materia\u0142\u00f3w, potwierdzenia proofingu do masowej produkcji. Profesjonalny zesp\u00f3\u0142 \u015bci\u015ble kontroluje cykl produkcyjny, obs\u0142uguje 1-dniow\u0105 pr\u00f3bk\u0119 i 7-dniow\u0105 produkcj\u0119 masow\u0105, aby zapewni\u0107 dostaw\u0119 na czas. Po sprzeda\u017cy zapewnia sugestie dotycz\u0105ce przechowywania opakowa\u0144, aby przed\u0142u\u017cy\u0107 \u017cywotno\u015b\u0107 pude\u0142ka upominkowego.<\/p>","protected":false},"excerpt":{"rendered":"<ul>\n<li><strong>Wiod\u0105ce w bran\u017cy mo\u017cliwo\u015bci dostosowywania<\/strong>: Dzi\u0119ki 16-letniemu do\u015bwiadczeniu w dziedzinie pakowania sukien \u015blubnych dostarczyli\u015bmy spersonalizowane rozwi\u0105zania dla ponad 500 marek, elastycznie dostosowuj\u0105c si\u0119 do r\u00f3\u017cnych rozmiar\u00f3w i styl\u00f3w sukien \u015blubnych.<\/li>\n<li><strong>Przyjazno\u015b\u0107 dla \u015brodowiska i wysoka jako\u015b\u0107<\/strong>: U\u017cywamy papieru z certyfikatem FSC i atramentu na bazie wody, kt\u00f3ry spe\u0142nia europejskie i ameryka\u0144skie normy \u015brodowiskowe i przechodzi testy kompresji, aby zapewni\u0107 bezpiecze\u0144stwo transportu.<\/li>\n<li><strong>Us\u0142uga zamkni\u0119tej p\u0119tli<\/strong>: Od projektu po obs\u0142ug\u0119 posprzeda\u017cow\u0105, mamy dedykowany personel, kt\u00f3ry \u0142\u0105czy si\u0119 z Tob\u0105 w trakcie ca\u0142ego procesu, wspiera wsp\u00f3\u0142prac\u0119 OEM \/ ODM i pomaga markom tworzy\u0107 zr\u00f3\u017cnicowan\u0105 konkurencyjno\u015b\u0107.<\/li>\n<\/ul>","protected":false},"featured_media":9449,"template":"","meta":[],"product_brand":[],"product_cat":[30,414,31,426],"product_tag":[1180,1179,1178],"class_list":{"0":"post-9447","1":"product","2":"type-product","3":"status-publish","4":"has-post-thumbnail","6":"product_cat-by-industry","7":"product_cat-custom-apparel-boxes","8":"product_cat-paper-box-style","9":"product_cat-paper-drawer-boxes","10":"product_tag-clothing-dress-gown-packaging","11":"product_tag-garment-packaging-box","12":"product_tag-luxury-wedding-packaging","14":"first","15":"instock","16":"shipping-taxable","17":"product-type-simple"},"_links":{"self":[{"href":"https:\/\/zojopackaging.com\/pl\/wp-json\/wp\/v2\/product\/9447","targetHints":{"allow":["GET"]}}],"collection":[{"href":"https:\/\/zojopackaging.com\/pl\/wp-json\/wp\/v2\/product"}],"about":[{"href":"https:\/\/zojopackaging.com\/pl\/wp-json\/wp\/v2\/types\/product"}],"version-history":[{"count":1,"href":"https:\/\/zojopackaging.com\/pl\/wp-json\/wp\/v2\/product\/9447\/revisions"}],"predecessor-version":[{"id":9461,"href":"https:\/\/zojopackaging.com\/pl\/wp-json\/wp\/v2\/product\/9447\/revisions\/9461"}],"wp:featuredmedia":[{"embeddable":true,"href":"https:\/\/zojopackaging.com\/pl\/wp-json\/wp\/v2\/media\/9449"}],"wp:attachment":[{"href":"https:\/\/zojopackaging.com\/pl\/wp-json\/wp\/v2\/media?parent=9447"}],"wp:term":[{"taxonomy":"product_brand","embeddable":true,"href":"https:\/\/zojopackaging.com\/pl\/wp-json\/wp\/v2\/product_brand?post=9447"},{"taxonomy":"product_cat","embeddable":true,"href":"https:\/\/zojopackaging.com\/pl\/wp-json\/wp\/v2\/product_cat?post=9447"},{"taxonomy":"product_tag","embeddable":true,"href":"https:\/\/zojopackaging.com\/pl\/wp-json\/wp\/v2\/product_tag?post=9447"}],"curies":[{"name":"wp","href":"https:\/\/api.w.org\/{rel}","templated":true}]}}