{"id":9454,"date":"2025-04-02T15:59:16","date_gmt":"2025-04-02T07:59:16","guid":{"rendered":"https:\/\/zojopackaging.com\/?post_type=product&#038;p=9454"},"modified":"2025-04-02T16:20:50","modified_gmt":"2025-04-02T08:20:50","slug":"custom-soft-touch-cardboard-folding-carton-perfume-box-supplier","status":"publish","type":"product","link":"https:\/\/zojopackaging.com\/pl\/product\/custom-soft-touch-cardboard-folding-carton-perfume-box-supplier\/","title":{"rendered":"Niestandardowy mi\u0119kki w dotyku karton sk\u0142adany Dostawca pude\u0142ka na perfumy"},"content":{"rendered":"<h3 id=\"-1-black-card-box-lamination-process-and-touch-upgrade-\"><strong>1. Czarne pude\u0142ko na karty: Proces laminowania i aktualizacja dotykowa<\/strong><\/h3>\n<p>Czarne pude\u0142ko na karty wykorzystuje\u00a0<strong>Papier artystyczny o wysokiej gramaturze 400g<\/strong>\u00a0jako materia\u0142 bazowy, a poprzez\u00a0<strong>Przyjazny dla \u015brodowiska proces laminowania PVC<\/strong>\u00a0(odnosi si\u0119 do technologii laminowania tektury lustrzanej), nadaje papierowemu pude\u0142ku delikatny i jedwabi\u015bcie matowy dotyk, jednocze\u015bnie poprawiaj\u0105c odporno\u015b\u0107 na wilgo\u0107 i zu\u017cycie. Grubo\u015b\u0107 warstwy laminowanej jest kontrolowana na poziomie 15-25 mikron\u00f3w, co nie tylko zachowuje naturaln\u0105 tekstur\u0119 papieru, ale tak\u017ce poprawia wizualne nak\u0142adanie warstw. Ciep\u0142a tekstura natychmiast przekazuje wysokiej klasy pozycjonowanie marki.<\/p>\n<h3 id=\"-2-hot-stamping-technology-luxurious-expression-of-light-and-shadow-interweaving-\"><strong>2. Technologia t\u0142oczenia na gor\u0105co: luksusowy wyraz przeplatania si\u0119 \u015bwiat\u0142a i cienia<\/strong><\/h3>\n<p>Po\u0142\u0105czenie technologii t\u0142oczenia na zimno i t\u0142oczenia na gor\u0105co<strong>\u00a0prezentuje niezwykle cienkie z\u0142ote linie o szeroko\u015bci 0,1 mm na powierzchni czarnego kartonu. Dzi\u0119ki precyzyjnemu pozycjonowaniu niemieckiej sze\u015bciokolorowej maszyny drukarskiej Heidelberg<\/strong>Z\u0142ote linie tworz\u0105 silny kontrast z czarnym t\u0142em, a LOGO marki jest tr\u00f3jwymiarowo wyt\u0142oczone, co zwi\u0119ksza efekt wizualny o ponad 60% (patrz zastosowanie technologii t\u0142oczenia na gor\u0105co w luksusowych opakowaniach). Specjalna obr\u00f3bka procesowa zapewnia, \u017ce z\u0142oty dotyk jest g\u0142adki i pozbawiony zadzior\u00f3w oraz nie blaknie po d\u0142ugotrwa\u0142ym u\u017cytkowaniu.<\/p>\n<h3 id=\"-3-printing-accuracy-digital-management-and-color-reproduction-\"><strong>3. Dok\u0142adno\u015b\u0107 druku: zarz\u0105dzanie cyfrowe i reprodukcja kolor\u00f3w<\/strong><\/h3>\n<p>Wprowadzenie systemu zarz\u0105dzania kolorami GMG<strong>\u00a0i atrament z certyfikatem Pantone<\/strong>\u00a0osi\u0105ga wysok\u0105 precyzj\u0119 odwzorowania kolor\u00f3w \u0394E\u22641,5. Do z\u0142o\u017conych wzor\u00f3w, takich jak gradient i kwiaty na pude\u0142kach perfum,\u00a0<strong>Drukowanie w wysokiej rozdzielczo\u015bci 1200 dpi<\/strong>\u00a0w po\u0142\u0105czeniu z\u00a0<strong>lokalne szyby UV<\/strong>\u00a0(patrz rozwi\u0105zanie zwi\u0119kszaj\u0105ce po\u0142ysk), dzi\u0119ki czemu wz\u00f3r jest wyra\u017anie warstwowy, a nasycenie kolor\u00f3w jest zwi\u0119kszone przez 30%. Ka\u017cda partia jest testowana przez\u00a0<strong>spektrofotometr<\/strong>\u00a0przed drukowaniem, aby zapewni\u0107 sp\u00f3jno\u015b\u0107 kolor\u00f3w.<\/p>\n<h3 id=\"-4-smart-factory-full-link-quality-control-system-\"><strong>4. Inteligentna fabryka: W pe\u0142ni zintegrowany system kontroli jako\u015bci<\/strong><\/h3>\n<p>-\u00a0<strong>Zesp\u00f3\u0142 techniczny<\/strong>: In\u017cynierowie z ponad 10-letnim do\u015bwiadczeniem prowadz\u0105 optymalizacj\u0119 proces\u00f3w i wykorzystuj\u0105\u00a0<strong>System kontroli wizualnej AI<\/strong>\u00a0monitorowanie parametr\u00f3w produkcji w czasie rzeczywistym (patrz przypadki inteligentnej kontroli jako\u015bci) i kontrolowanie wska\u017anika defekt\u00f3w poni\u017cej 0,3%. -\u00a0<strong>Specyfikacja procesu<\/strong>: Cyfrowe zarz\u0105dzanie od projektu do gotowego produktu, pe\u0142na korekta w ci\u0105gu 36 godzin i skr\u00f3cenie cyklu dostawy masowej produkcji do 7-9 dni.<\/p>\n<h3 id=\"-5-creative-design-trend-insight-and-customization-service-\"><strong>5. Kreatywne projektowanie: Wgl\u0105d w trendy i us\u0142uga dostosowywania<\/strong><\/h3>\n<p>Zesp\u00f3\u0142 projektowy sk\u0142ada si\u0119 z\u00a0<strong>3 starszych projektant\u00f3w opakowa\u0144<\/strong>i dog\u0142\u0119bnie analizuje trendy w opakowaniach kosmetycznych w 2025 r: -\u00a0<strong>Zr\u00f3wnowa\u017cony projekt<\/strong>: Wykorzystuje papier nadaj\u0105cy si\u0119 do recyklingu z certyfikatem FSC, a konstrukcja strukturalna zmniejsza zu\u017cycie kleju o 30%. -\u00a0<strong>Szybka iteracja<\/strong>: Udost\u0119pnij\u00a0<strong>Podgl\u0105d modelowania 3D<\/strong>\u00a0us\u0142uga, klienci mog\u0105 dostosowywa\u0107 szczeg\u00f3\u0142y w czasie rzeczywistym i obs\u0142ugiwa\u0107 dostosowywanie ma\u0142ych partii (minimalne zam\u00f3wienie 500 sztuk).<\/p>\n<h3 id=\"-6-scale-advantage-flexible-production-and-agile-response-\"><strong>6. Przewaga skali: elastyczna produkcja i sprawne reagowanie<\/strong><\/h3>\n<p>-\u00a0<strong>Baza produkcyjna<\/strong>: Nowoczesna fabryka o powierzchni 5 320 metr\u00f3w kwadratowych, podzielona na trzy niezale\u017cne warsztaty druku, sztancowania i pakowania, wyposa\u017cona w 4 w pe\u0142ni zautomatyzowane linie produkcyjne. -\u00a0<strong>Konfiguracja pojemno\u015bci<\/strong>: Dzienna zdolno\u015b\u0107 produkcyjna si\u0119ga 100 000 sztuk, wspieraj\u0105c\u00a0<strong>8-godzinny przyspieszony proofing<\/strong>\u00a0(dotyczy ma\u0142ych i \u015brednich partii produkcyjnych). -\u00a0<strong>Zarz\u0105dzanie zapasami<\/strong>: 200 gramatur tektury i rozwi\u0105za\u0144 do obr\u00f3bki powierzchni jest zawsze dost\u0119pnych, a pilne zam\u00f3wienia s\u0105 dostarczane w ci\u0105gu 48 godzin.<\/p>\n<h3 id=\"-7-quality-commitment-exceeding-industry-standards-\"><strong>7. Zaanga\u017cowanie w jako\u015b\u0107: Przekraczanie standard\u00f3w bran\u017cowych<\/strong><\/h3>\n<p>-\u00a0<strong>Potr\u00f3jny system testowania<\/strong>: \u2460\u00a0<strong>Testowanie surowc\u00f3w<\/strong>: Ka\u017cda partia papieru jest wysy\u0142ana do kontroli SGS w celu zapewnienia bia\u0142o\u015bci \u226592% i wytrzyma\u0142o\u015bci na rozci\u0105ganie \u226515kN\/m. \u2461\u00a0<strong>Monitorowanie proces\u00f3w<\/strong>: Pobieranie pr\u00f3bek co godzin\u0119 w celu sprawdzenia dok\u0142adno\u015bci rejestracji (b\u0142\u0105d \u22640,3 mm) i przyczepno\u015bci atramentu (brak odpadania w te\u015bcie ta\u015bmy 3M). \u2462\u00a0<strong>Pe\u0142na kontrola gotowego produktu<\/strong>: U\u017cycie\u00a0<strong>automatyczna maszyna do sortowania wizualnego<\/strong>\u00a0w celu sprawdzenia wad wygl\u0105du, a wska\u017anik ponownej kontroli r\u0119cznej wynosi 100%. -\u00a0<strong>Gwarancja certyfikacji<\/strong>: Przeszed\u0142 system zarz\u0105dzania jako\u015bci\u0105 ISO 9001, certyfikat FDA dla materia\u0142\u00f3w przeznaczonych do kontaktu z \u017cywno\u015bci\u0105, odporno\u015b\u0107 opakowania na rozerwanie ponad 300 N.<\/p>","protected":false},"excerpt":{"rendered":"<p>W bran\u017cy luksusowych i wysokiej klasy kosmetyk\u00f3w opakowanie jest nie tylko \"drug\u0105 twarz\u0105\" produktu, ale tak\u017ce cichym przeka\u017anikiem warto\u015bci marki. ZOJO Print jest g\u0142\u0119boko zaanga\u017cowany w dziedzin\u0119 dostosowywania pude\u0142ek na perfumy, z\u00a0<strong>Mi\u0119kkie w dotyku kartonowe pude\u0142ka sk\u0142adane<\/strong> jako sw\u00f3j g\u0142\u00f3wny produkt, \u0142\u0105cz\u0105c najnowocze\u015bniejsz\u0105 technologi\u0119 ze \u015bcis\u0142\u0105 kontrol\u0105 jako\u015bci, aby tworzy\u0107 rozwi\u0105zania opakowaniowe dla marek, kt\u00f3re s\u0105 zar\u00f3wno artystyczne, jak i funkcjonalne.<\/p>","protected":false},"featured_media":9456,"template":"","meta":[],"product_brand":[],"product_cat":[30,417,430,31],"product_tag":[1181,329,913],"class_list":{"0":"post-9454","1":"product","2":"type-product","3":"status-publish","4":"has-post-thumbnail","6":"product_cat-by-industry","7":"product_cat-custom-perfume-boxes-by-industry","8":"product_cat-folding-cartons","9":"product_cat-paper-box-style","10":"product_tag-cardboard-folding-carton-perfume","11":"product_tag-custom-perfume-box","12":"product_tag-perfume-box-supplier","14":"first","15":"instock","16":"shipping-taxable","17":"product-type-grouped"},"_links":{"self":[{"href":"https:\/\/zojopackaging.com\/pl\/wp-json\/wp\/v2\/product\/9454","targetHints":{"allow":["GET"]}}],"collection":[{"href":"https:\/\/zojopackaging.com\/pl\/wp-json\/wp\/v2\/product"}],"about":[{"href":"https:\/\/zojopackaging.com\/pl\/wp-json\/wp\/v2\/types\/product"}],"version-history":[{"count":1,"href":"https:\/\/zojopackaging.com\/pl\/wp-json\/wp\/v2\/product\/9454\/revisions"}],"predecessor-version":[{"id":9462,"href":"https:\/\/zojopackaging.com\/pl\/wp-json\/wp\/v2\/product\/9454\/revisions\/9462"}],"wp:featuredmedia":[{"embeddable":true,"href":"https:\/\/zojopackaging.com\/pl\/wp-json\/wp\/v2\/media\/9456"}],"wp:attachment":[{"href":"https:\/\/zojopackaging.com\/pl\/wp-json\/wp\/v2\/media?parent=9454"}],"wp:term":[{"taxonomy":"product_brand","embeddable":true,"href":"https:\/\/zojopackaging.com\/pl\/wp-json\/wp\/v2\/product_brand?post=9454"},{"taxonomy":"product_cat","embeddable":true,"href":"https:\/\/zojopackaging.com\/pl\/wp-json\/wp\/v2\/product_cat?post=9454"},{"taxonomy":"product_tag","embeddable":true,"href":"https:\/\/zojopackaging.com\/pl\/wp-json\/wp\/v2\/product_tag?post=9454"}],"curies":[{"name":"wp","href":"https:\/\/api.w.org\/{rel}","templated":true}]}}