{"id":9463,"date":"2025-04-02T16:20:54","date_gmt":"2025-04-02T08:20:54","guid":{"rendered":"https:\/\/zojopackaging.com\/?post_type=product&#038;p=9463"},"modified":"2025-04-02T16:55:28","modified_gmt":"2025-04-02T08:55:28","slug":"custom-necklace-earring-ring-jewelry-gift-boxes-manufacturer","status":"publish","type":"product","link":"https:\/\/zojopackaging.com\/pl\/product\/custom-necklace-earring-ring-jewelry-gift-boxes-manufacturer\/","title":{"rendered":"Niestandardowy naszyjnik Kolczyk Pier\u015bcionek Bi\u017cuteria Pude\u0142ka na prezenty Producent"},"content":{"rendered":"<h2 id=\"-1-box-type-structure-of-top-and-bottom-lid-precise-closure-to-protect-jewelry-safety-\"><strong>1. Pude\u0142kowa struktura g\u00f3rnego i dolnego pude\u0142ka: precyzyjne zamkni\u0119cie w celu ochrony bezpiecze\u0144stwa bi\u017cuterii<\/strong><\/h2>\n<ul>\n<li><strong>Precyzyjna konstrukcja<\/strong>: Dzi\u0119ki zastosowaniu wysoce precyzyjnej technologii ci\u0119cia formy, g\u00f3rna i dolna pokrywa \u015bci\u015ble przylegaj\u0105 do siebie po zamkni\u0119ciu, skutecznie zapobiegaj\u0105c zewn\u0119trznym uderzeniom i wyciskaniu. Unikalna opatentowana struktura \"kwadratu na zewn\u0105trz i specjalnego kszta\u0142tu wewn\u0105trz\" (np. zewn\u0119trzne pude\u0142ko jest kwadratowe, aby u\u0142atwi\u0107 uk\u0142adanie, a wewn\u0119trzna wn\u0119ka ma kszta\u0142t serca, aby pasowa\u0142a do konturu bi\u017cuterii) zmniejsza ryzyko wstrz\u0105s\u00f3w podczas transportu i daje poczucie rytua\u0142u podczas otwierania pude\u0142ka.<\/li>\n<\/ul>\n<h2 id=\"-2-1200g-rigid-cardboard-high-load-bearing-and-anti-deformation-guarantee-\"><strong>2. Sztywna tektura 1200g: gwarancja wysokiej no\u015bno\u015bci i odporno\u015bci na odkszta\u0142cenia<\/strong><\/h2>\n<ul>\n<li><strong>Korzy\u015bci materialne<\/strong>:\u00a0<strong>Sztywna tektura o wysokiej g\u0119sto\u015bci 1200 g<\/strong>\u00a0kt\u00f3ry mo\u017ce wytrzyma\u0107\u00a0<strong>wi\u0119cej ni\u017c 5 kg<\/strong>\u00a0waga bi\u017cuterii po te\u015bcie kompresji, zapewniaj\u0105ca\u00a0<strong>zerowe odkszta\u0142cenie<\/strong>\u00a0podczas transportu na du\u017ce odleg\u0142o\u015bci lub przechowywania.<\/li>\n<li><strong>Certyfikacja \u015brodowiskowa<\/strong>: Materia\u0142 jest zgodny z certyfikatem le\u015bnym FSC i normami \u015brodowiskowymi UE REACH, bior\u0105c pod uwag\u0119 koncepcje trwa\u0142o\u015bci i zr\u00f3wnowa\u017conego rozwoju.<\/li>\n<\/ul>\n<h2 id=\"-three-romantic-pink-design-visual-impact-and-brand-premium-\"><strong>3. Romantyczny r\u00f3\u017cowy design: efekt wizualny i marka premium<\/strong><\/h2>\n<ul>\n<li><strong>Zastosowanie psychologii kolor\u00f3w<\/strong>: U\u017cywaj ton\u00f3w o wysokim nasyceniu, takich jak\u00a0<strong>Morandi r\u00f3\u017cowy<\/strong>\u00a0lub\u00a0<strong>r\u00f3\u017cowe z\u0142oto<\/strong>w po\u0142\u0105czeniu z technologi\u0105 t\u0142oczenia na gor\u0105co, aby przekaza\u0107 poczucie romantyzmu i luksusu. Przyk\u0142adowo, r\u00f3\u017cowe pude\u0142ko na bi\u017cuteri\u0119 z pe\u0142nej sk\u00f3ry bydl\u0119cej francuskiej marki le tanneur zwi\u0119ksza warto\u015b\u0107 produktu o ponad 30% dzi\u0119ki po\u0142\u0105czeniu koloru i materia\u0142u.<\/li>\n<li><strong>Niestandardowe dopasowanie kolor\u00f3w<\/strong>: Obs\u0142uguje dok\u0142adne przywracanie numer\u00f3w kolor\u00f3w Pantone w celu spe\u0142nienia potrzeb jednolito\u015bci systemu marki.<\/li>\n<\/ul>\n<h2 id=\"-four-heart-shaped-box-type-dual-innovation-in-shape-and-function-\"><strong>4. Pude\u0142ko w kszta\u0142cie serca: podw\u00f3jna innowacja w kszta\u0142cie i funkcji<\/strong><\/h2>\n<ul>\n<li><strong>Opatentowana struktura<\/strong>: Na przyk\u0142ad technologia \"\u015bwi\u0105tecznego pude\u0142ka prezentowego w kszta\u0142cie serca\", zewn\u0119trzne pude\u0142ko jest kwadratowe, co u\u0142atwia uk\u0142adanie, a wewn\u0119trzna wn\u0119ka ma kszta\u0142t serca, aby dostosowa\u0107 si\u0119 do naszyjnik\u00f3w, kolczyk\u00f3w i innej bi\u017cuterii o specjalnym kszta\u0142cie, kt\u00f3ra jest zar\u00f3wno pi\u0119kna, jak i praktyczna.<\/li>\n<li><strong>Podzia\u0142 funkcjonalny<\/strong>: Wewn\u0119trzna konstrukcja ma od\u0142\u0105czane przegr\u00f3dki i haczyki, aby dostosowa\u0107 si\u0119 do r\u00f3\u017cnych rozmiar\u00f3w bi\u017cuterii i poprawi\u0107 wykorzystanie przestrzeni.<\/li>\n<\/ul>\n<h2 id=\"-v-replaceable-lining-system-flexible-protection-solution-\"><strong>5. System wymiennych ok\u0142adzin: elastyczne rozwi\u0105zanie ochronne<\/strong><\/h2>\n<ul>\n<li><strong>Modu\u0142owa konstrukcja<\/strong>aksamit, g\u0105bka, rowki EVA i inne materia\u0142y wyk\u0142adzinowe, oraz\u00a0<strong>Wymiana na \u017c\u0105danie<\/strong>\u00a0jest obs\u0142ugiwany. Na przyk\u0142ad obszar naszyjnika wykorzystuje antypo\u015blizgowe aksamitne rowki, a obszar kolczyk\u00f3w jest wyposa\u017cony w niezale\u017cne pozycje szpilek.<\/li>\n<\/ul>\n<h2 id=\"-vi-box-type-development-capabilities-full-process-support-from-concept-to-mass-production-\"><strong>6. Mo\u017cliwo\u015bci rozwoju typu Box: pe\u0142ne wsparcie procesu od koncepcji do produkcji masowej<\/strong><\/h2>\n<ul>\n<li><strong>Us\u0142uga projektowania<\/strong>: Profesjonalny zesp\u00f3\u0142 zapewnia modelowanie 3D i sprawdzanie pr\u00f3bek oraz obs\u0142uguje\u00a0<strong>Dostosowywanie pr\u00f3bek rysunk\u00f3w<\/strong>\u00a0lub oryginalny rozw\u00f3j. Na przyk\u0142ad \"przyssawka magnetyczna w kszta\u0142cie ksi\u0105\u017cki\" zaprojektowana dla marki bi\u017cuterii \u0142\u0105czy LOGO marki i wyt\u0142aczane wzory, aby sta\u0107 si\u0119 popularnym opakowaniem.<\/li>\n<li><strong>Szybka iteracja<\/strong>: Potrzeba tylko 7<strong>-14 dni<\/strong>\u00a0od potwierdzenia projektu do masowej produkcji, dostosowuj\u0105c si\u0119 do szybko zachodz\u0105cych zmian na rynku.<\/li>\n<\/ul>\n<h2 id=\"-vii-china-s-source-factory-efficient-delivery-and-cost-advantages-\"><strong>7. Chi\u0144ska fabryka \u017ar\u00f3d\u0142owa: wydajna dostawa i korzy\u015bci kosztowe<\/strong><\/h2>\n<ul>\n<li><strong>Integracja \u0142a\u0144cucha dostaw<\/strong>: Zlokalizowana w delcie Rzeki Per\u0142owej i delcie rzeki Jangcy, z w\u0142asn\u0105 fabryk\u0105 i wsp\u00f3\u0142pracuj\u0105cym modelem \u0142a\u0144cucha dostaw, obs\u0142uguje\u00a0<strong>500 zestaw\u00f3w zam\u00f3wie\u0144<\/strong>a cena jednostkowa jest o 40% ni\u017csza ni\u017c w przypadku zagranicznych producent\u00f3w.<\/li>\n<li><strong>Szybka reakcja<\/strong>: 7<em>24-godzinna obs\u0142uga klienta i lokalne magazynowanie zapewniaj\u0105 dostaw\u0119 pr\u00f3bek w ci\u0105gu 3 dni<\/em> i masow\u0105 produkcj\u0119 w ci\u0105gu 7-14 dni, pomagaj\u0105c markom wykorzysta\u0107 mo\u017cliwo\u015bci rynkowe.<\/li>\n<\/ul>","protected":false},"excerpt":{"rendered":"<p>Jeste\u015bmy nie tylko producentem opakowa\u0144, ale r\u00f3wnie\u017c\u00a0<strong>tw\u00f3rca warto\u015bci marki<\/strong>. Przez\u00a0<strong>struktura pokrywy i podstawy<\/strong>,\u00a0<strong>ci\u0119\u017cki materia\u0142<\/strong>,\u00a0<strong>Estetyczny design w kszta\u0142cie serca<\/strong>\u00a0oraz\u00a0<strong>elastyczny system ok\u0142adzin<\/strong>Pomagamy klientom wyr\u00f3\u017cni\u0107 si\u0119 na bardzo konkurencyjnym rynku bi\u017cuterii. Obs\u0142u\u017cyli\u015bmy ponad 500 firm, a nasze produkty s\u0105 eksportowane do ponad 30 kraj\u00f3w, w tym do Europy, Ameryki i Azji Po\u0142udniowo-Wschodniej.<\/p>","protected":false},"featured_media":9466,"template":"","meta":[],"product_brand":[],"product_cat":[30,415,425,31],"product_tag":[1185,1186,1187],"class_list":{"0":"post-9463","1":"product","2":"type-product","3":"status-publish","4":"has-post-thumbnail","6":"product_cat-by-industry","7":"product_cat-custom-jewelry-boxes-by-industry","8":"product_cat-lid-and-base-gift-box","9":"product_cat-paper-box-style","10":"product_tag-custom-necklace-gift-boxes","11":"product_tag-earring-ring-gift-boxes","12":"product_tag-jewelry-gift-boxes-manufacturer","14":"first","15":"instock","16":"shipping-taxable","17":"product-type-simple"},"_links":{"self":[{"href":"https:\/\/zojopackaging.com\/pl\/wp-json\/wp\/v2\/product\/9463","targetHints":{"allow":["GET"]}}],"collection":[{"href":"https:\/\/zojopackaging.com\/pl\/wp-json\/wp\/v2\/product"}],"about":[{"href":"https:\/\/zojopackaging.com\/pl\/wp-json\/wp\/v2\/types\/product"}],"version-history":[{"count":2,"href":"https:\/\/zojopackaging.com\/pl\/wp-json\/wp\/v2\/product\/9463\/revisions"}],"predecessor-version":[{"id":9479,"href":"https:\/\/zojopackaging.com\/pl\/wp-json\/wp\/v2\/product\/9463\/revisions\/9479"}],"wp:featuredmedia":[{"embeddable":true,"href":"https:\/\/zojopackaging.com\/pl\/wp-json\/wp\/v2\/media\/9466"}],"wp:attachment":[{"href":"https:\/\/zojopackaging.com\/pl\/wp-json\/wp\/v2\/media?parent=9463"}],"wp:term":[{"taxonomy":"product_brand","embeddable":true,"href":"https:\/\/zojopackaging.com\/pl\/wp-json\/wp\/v2\/product_brand?post=9463"},{"taxonomy":"product_cat","embeddable":true,"href":"https:\/\/zojopackaging.com\/pl\/wp-json\/wp\/v2\/product_cat?post=9463"},{"taxonomy":"product_tag","embeddable":true,"href":"https:\/\/zojopackaging.com\/pl\/wp-json\/wp\/v2\/product_tag?post=9463"}],"curies":[{"name":"wp","href":"https:\/\/api.w.org\/{rel}","templated":true}]}}