{"id":9464,"date":"2025-04-02T16:20:58","date_gmt":"2025-04-02T08:20:58","guid":{"rendered":"https:\/\/zojopackaging.com\/?post_type=product&#038;p=9464"},"modified":"2025-04-02T16:49:06","modified_gmt":"2025-04-02T08:49:06","slug":"custom-print-parfum-box-folding-carton-boxes-supplier-from-china","status":"publish","type":"product","link":"https:\/\/zojopackaging.com\/pl\/product\/custom-print-parfum-box-folding-carton-boxes-supplier-from-china\/","title":{"rendered":"Sk\u0142adane pude\u0142ka kartonowe z nadrukiem na zam\u00f3wienie Dostawca z Chin"},"content":{"rendered":"<h3 id=\"-1-environmentally-friendly-materials-sustainable-choice-of-brand-white-card-and-kraft-paper-\"><strong>1. Materia\u0142y przyjazne dla \u015brodowiska: zr\u00f3wnowa\u017cony wyb\u00f3r markowych bia\u0142ych kart i papieru siarczanowego<\/strong><\/h3>\n<p>Priorytetowo traktujemy\u00a0<strong>Bia\u0142y papier kartonowy z certyfikatem FSC<\/strong>\u00a0(takie jak serie \"Xiangsi\" i \"Bowang\" firmy Asia Pacific Senbo) oraz\u00a0<strong>papier pakowy z recyklingu<\/strong>kt\u00f3re s\u0105 zar\u00f3wno wytrzyma\u0142e, jak i przyjazne dla \u015brodowiska. Waga bia\u0142ego papieru kartonowego wynosi 200-400 g, a proces przeplatania w\u0142\u00f3kien jest stosowany w celu uzyskania odporno\u015bci na \u015bciskanie i odkszta\u0142canie, a no\u015bno\u015b\u0107 wynosi ponad 5 kg; papier siarczanowy wykorzystuje technologi\u0119 zaklejania na bazie wody, a odporno\u015b\u0107 na wilgo\u0107 jest lepsza o 40% i jest degradowalny 100% (patrz charakterystyka ochrony \u015brodowiska bia\u0142ego papieru kartonowego). Typ pude\u0142ka przyjmuje\u00a0<strong>Konstrukcja wpuszczana i czopowa<\/strong>\u00a0lub\u00a0<strong>sk\u0142adana konstrukcja<\/strong>\u00a0aby zmniejszy\u0107 ilo\u015b\u0107 kleju i zachowa\u0107 zgodno\u015b\u0107 z unijnymi normami REACH.<\/p>\n<h3 id=\"-2-gradient-printing-and-matte-film-technology-dual-upgrade-of-vision-and-touch-\"><strong>2. Druk gradientowy i technologia matowej folii: podw\u00f3jne ulepszenie widzenia i dotyku<\/strong><\/h3>\n<p>Wprowadzenie\u00a0<strong>System zarz\u0105dzania kolorami Pantone<\/strong>\u00a0oraz\u00a0<strong>Sze\u015bciokolorowa maszyna drukarska Heidelberg<\/strong>Uzyskanie przej\u015bcia gradientowego z dok\u0142adno\u015bci\u0105 do 0,1 mm (np. efekt gradientu od szampa\u0144skiego z\u0142ota do matowej czerni). Obr\u00f3bka powierzchni przyjmuje\u00a0<strong>Przyjazna dla \u015brodowiska folia matowa<\/strong>\u00a0(grubo\u015b\u0107 12-18 \u03bcm), zmniejszaj\u0105c wsp\u00f3\u0142czynnik odbicia o 60% i tworz\u0105c wysokiej jako\u015bci matow\u0105 tekstur\u0119; cz\u0119\u015bciowa kombinacja\u00a0<strong>Technologia wyt\u0142aczania UV<\/strong>\u00a0sprawia, \u017ce LOGO jest delikatne jak jedwab (patrz zastosowanie technologii UV w opakowaniach luksusowych). Po przetestowaniu ta kombinacja mo\u017ce zwi\u0119kszy\u0107 atrakcyjno\u015b\u0107 wizualn\u0105 p\u00f3\u0142ki o 50%.<\/p>\n<h3 id=\"-3-flexible-customization-full-size-coverage-from-micro-perfume-to-limited-gift-box-\"><strong>3. Elastyczne dostosowanie: pe\u0142nowymiarowe pokrycie od mikro perfum po limitowane pude\u0142ko upominkowe<\/strong><\/h3>\n<p>-\u00a0<strong>Elastyczno\u015b\u0107 rozmiaru<\/strong>Obs\u0142uguje minimalne wymiary 5 cm \u00d7 5 cm (mini perfumy) do maksymalnie 30 cm \u00d7 20 cm (luksusowe pude\u0142ko), a grubo\u015b\u0107 mo\u017cna dostosowa\u0107 o 0,5-3 cm. -\u00a0<strong>Adaptacja strukturalna<\/strong>: Zapewnia ponad 20 typ\u00f3w pude\u0142ek, takich jak pokrywa g\u00f3rna i dolna, szuflada, przyssawka magnetyczna itp., kompatybilnych z tacami wewn\u0119trznymi o specjalnych kszta\u0142tach (takich jak kszta\u0142t p\u0142atka, geometryczne ci\u0119cie). -\u00a0<strong>Szybka reakcja<\/strong>: Uko\u0144czenie modelowania 3D i proofingu w ci\u0105gu 8 godzin oraz skr\u00f3cenie cyklu produkcji masowej do 7-9 dni.<\/p>\n<h3 id=\"-4-double-insert-card-box-design-balance-between-ritual-sense-and-practicality-\"><strong>4. Pude\u0142ko na karty z podw\u00f3jn\u0105 wk\u0142adk\u0105: r\u00f3wnowaga mi\u0119dzy rytua\u0142em a praktyczno\u015bci\u0105<\/strong><\/h3>\n<p>Nawi\u0105zuj\u0105c do opatentowanej na ca\u0142ym \u015bwiecie dwuwarstwowej struktury pude\u0142ka perfum, zoptymalizowali\u015bmy i wprowadzili\u015bmy na rynek\u00a0<strong>Pude\u0142ko na karty z podw\u00f3jn\u0105 wk\u0142adk\u0105<\/strong>: -\u00a0<strong>Innowacyjna metoda otwierania<\/strong>: Synchroniczny przesuwny otw\u00f3r po obu stronach, z wewn\u0119trzn\u0105 kart\u0105 z papieru falistego, a odporno\u015b\u0107 na wstrz\u0105sy jest 2 razy lepsza. -\u00a0<strong>Wykorzystanie przestrzeni<\/strong>: Oszcz\u0119dno\u015b\u0107 30% obj\u0119to\u015bci opakowania dzi\u0119ki mechanizmowi sk\u0142adania i zmniejszenie koszt\u00f3w transportu o 25%. -\u00a0<strong>Do\u015bwiadczenie u\u017cytkownika<\/strong>: Wbudowany\u00a0<strong>Uk\u0142ad NFC<\/strong>\u00a0(opcjonalnie), dotknij, aby odtworzy\u0107 histori\u0119 d\u017awi\u0119kow\u0105 marki (patrz trend inteligentnego opakowania).<\/p>\n<h3 id=\"-5-unique-design-empowerment-creative-escort-from-concept-to-mass-production-\"><strong>5. Unikalne mo\u017cliwo\u015bci projektowania: kreatywna eskorta od koncepcji do masowej produkcji<\/strong><\/h3>\n<p>-\u00a0<strong>Transgraniczny zesp\u00f3\u0142 projektowy<\/strong>sk\u0142ada si\u0119 z 5 starszych projektant\u00f3w opakowa\u0144, integruj\u0105cych\u00a0<strong>elementy trendu krajowego<\/strong>\u00a0(takie jak rozmazywanie atramentu, tworzenie kolor\u00f3w emalii) i\u00a0<strong>minimalistyczny<\/strong>\u00a0styl. -\u00a0<strong>System podgl\u0105du 3D<\/strong>Klienci mog\u0105 korzysta\u0107 z technologii AR, aby zobaczy\u0107 efekt rozk\u0142adania pude\u0142ka w czasie rzeczywistym, wspieraj\u0105c\u00a0<strong>Regulacja szczeg\u00f3\u0142\u00f3w w zakresie 360<\/strong>\u00a0(takie jak pozycja t\u0142oczenia na gor\u0105co, g\u0119sto\u015b\u0107 tekstury). -\u00a0<strong>Ochrona patentowa<\/strong>: Zapewnienie us\u0142ugi zg\u0142oszenia patentowego wygl\u0105du w celu zapewnienia wy\u0142\u0105czno\u015bci projektu (patrz sprawa patentu na pude\u0142ko perfum).<\/p>\n<h3 id=\"-6-flat-shipping-design-logistics-innovation-to-reduce-costs-and-increase-efficiency-\"><strong>6. P\u0142aski projekt wysy\u0142ki: innowacje logistyczne w celu obni\u017cenia koszt\u00f3w i zwi\u0119kszenia wydajno\u015bci<\/strong><\/h3>\n<p>-\u00a0<strong>Proces sk\u0142adania<\/strong>: U\u017cywanie\u00a0<strong>wst\u0119pne odt\u0142uszczanie + bufor kolumny powietrza<\/strong>\u00a0technologia, obj\u0119to\u015b\u0107 po z\u0142o\u017ceniu wynosi tylko 1\/5 stanu roz\u0142o\u017conego, co pozwala zaoszcz\u0119dzi\u0107 40% \u0142adunku. -\u00a0<strong>Przeno\u015bna konstrukcja<\/strong>wbudowany\u00a0<strong>od\u0142\u0105czany uchwyt<\/strong>\u00a0(no\u015bno\u015b\u0107 2 kg) i\u00a0<strong>Zapi\u0119cie z blokad\u0105 antykradzie\u017cow\u0105<\/strong>Nadaje si\u0119 do bezpo\u015brednich dostaw e-commerce i scenariuszy podr\u00f3\u017cy. -\u00a0<strong>Szczeg\u00f3\u0142y dotycz\u0105ce ochrony \u015brodowiska<\/strong>: Pokrywa i korpus skrzynki s\u0105 po\u0142\u0105czone za pomoc\u0105\u00a0<strong>Po\u0142\u0105czenie typu j\u0119zyczkowego<\/strong>nie wymagaj\u0105 kleju, a po rozpakowaniu mo\u017cna je w ca\u0142o\u015bci podda\u0107 recyklingowi (patrz standardy zr\u00f3wnowa\u017conego pakowania).<\/p>\n<h3 id=\"-7-one-stop-smart-manufacturing-vertical-integration-capabilities-of-the-5320-super-factory-\"><strong>7. Inteligentna produkcja w jednym miejscu: mo\u017cliwo\u015bci integracji pionowej super fabryki 5320\u33a1<\/strong><\/h3>\n<p>-\u00a0<strong>Pe\u0142na kontrola procesu<\/strong>: Od wyboru papieru, przez drukowanie, po sztancowanie opakowa\u0144,\u00a0<strong>identyfikowalno\u015b\u0107 cyfrowa<\/strong>\u00a0(kod QR jest powi\u0105zany z ka\u017cd\u0105 parti\u0105 produkt\u00f3w). -\u00a0<strong>Zakres us\u0142ug<\/strong>: Obs\u0142uga dostosowywania ma\u0142ych partii (minimalne zam\u00f3wienie 500 sztuk) do masowej produkcji na poziomie miliona sztuk oraz 48-godzinna przyspieszona dostawa pilnych zam\u00f3wie\u0144.<\/p>","protected":false},"excerpt":{"rendered":"<p>Na fali d\u0105\u017cenia do indywidualno\u015bci i zr\u00f3wnowa\u017conego rozwoju na globalnym rynku kosmetycznym, chi\u0144ski przemys\u0142 produkcji opakowa\u0144 staje si\u0119 preferowanym partnerem mi\u0119dzynarodowych marek dzi\u0119ki innowacyjnej technologii i zaletom pe\u0142nego \u0142a\u0144cucha bran\u017cowego. Jako chi\u0144ski dostawca g\u0142\u0119boko zaanga\u017cowany w dziedzin\u0119 dostosowywania pude\u0142ek na perfumy, ZOJO Print podejmuje\u00a0<strong>Materia\u0142y przyjazne dla \u015brodowiska, inteligentne procesy i elastyczna produkcja<\/strong>\u00a0jej podstawow\u0105 konkurencyjno\u015bci\u0105 jest dostarczanie klientom na ca\u0142ym \u015bwiecie wysokiej klasy rozwi\u0105za\u0144 w zakresie pude\u0142ek na perfumy, charakteryzuj\u0105cych si\u0119 zar\u00f3wno walorami estetycznymi, jak i funkcjonalno\u015bci\u0105.<\/p>","protected":false},"featured_media":9472,"template":"","meta":[],"product_brand":[],"product_cat":[30,417,430,31],"product_tag":[1184,1182,1183],"class_list":{"0":"post-9464","1":"product","2":"type-product","3":"status-publish","4":"has-post-thumbnail","6":"product_cat-by-industry","7":"product_cat-custom-perfume-boxes-by-industry","8":"product_cat-folding-cartons","9":"product_cat-paper-box-style","10":"product_tag-carton-boxes-supplier","11":"product_tag-custom-print-parfum-box","12":"product_tag-folding-carton-boxes","14":"first","15":"instock","16":"shipping-taxable","17":"product-type-grouped"},"_links":{"self":[{"href":"https:\/\/zojopackaging.com\/pl\/wp-json\/wp\/v2\/product\/9464","targetHints":{"allow":["GET"]}}],"collection":[{"href":"https:\/\/zojopackaging.com\/pl\/wp-json\/wp\/v2\/product"}],"about":[{"href":"https:\/\/zojopackaging.com\/pl\/wp-json\/wp\/v2\/types\/product"}],"version-history":[{"count":1,"href":"https:\/\/zojopackaging.com\/pl\/wp-json\/wp\/v2\/product\/9464\/revisions"}],"predecessor-version":[{"id":9477,"href":"https:\/\/zojopackaging.com\/pl\/wp-json\/wp\/v2\/product\/9464\/revisions\/9477"}],"wp:featuredmedia":[{"embeddable":true,"href":"https:\/\/zojopackaging.com\/pl\/wp-json\/wp\/v2\/media\/9472"}],"wp:attachment":[{"href":"https:\/\/zojopackaging.com\/pl\/wp-json\/wp\/v2\/media?parent=9464"}],"wp:term":[{"taxonomy":"product_brand","embeddable":true,"href":"https:\/\/zojopackaging.com\/pl\/wp-json\/wp\/v2\/product_brand?post=9464"},{"taxonomy":"product_cat","embeddable":true,"href":"https:\/\/zojopackaging.com\/pl\/wp-json\/wp\/v2\/product_cat?post=9464"},{"taxonomy":"product_tag","embeddable":true,"href":"https:\/\/zojopackaging.com\/pl\/wp-json\/wp\/v2\/product_tag?post=9464"}],"curies":[{"name":"wp","href":"https:\/\/api.w.org\/{rel}","templated":true}]}}