{"id":9480,"date":"2025-04-02T16:57:45","date_gmt":"2025-04-02T08:57:45","guid":{"rendered":"https:\/\/zojopackaging.com\/?post_type=product&#038;p=9480"},"modified":"2025-04-02T18:20:12","modified_gmt":"2025-04-02T10:20:12","slug":"new-style-double-open-door-bracelet-necklace-ring-gift-boxes","status":"publish","type":"product","link":"https:\/\/zojopackaging.com\/pl\/product\/new-style-double-open-door-bracelet-necklace-ring-gift-boxes\/","title":{"rendered":"Nowy styl Bransoletka z podw\u00f3jnymi otwartymi drzwiami Naszyjnik Pier\u015bcionek Pude\u0142ka na prezenty"},"content":{"rendered":"<h2 id=\"1-innovative-structure-and-design-highlights-\">1.\u00a0<strong>Innowacyjna struktura i najwa\u017cniejsze cechy konstrukcyjne<\/strong><\/h2>\n<ol>\n<li><strong>Typ skrzynki podnoszonej z podw\u00f3jnymi drzwiami<\/strong>\u00a0Dzi\u0119ki zastosowaniu opatentowanej konstrukcji podno\u015bnika, wbudowana taca unosi si\u0119 powoli wraz ze skrzyd\u0142em drzwi podczas otwierania pude\u0142ka, tworz\u0105c efekt \"scenicznej\" ekspozycji. Konstrukcja podw\u00f3jnych drzwiczek z szerokim k\u0105tem otwierania i zamykania (do 180\u00b0) nie tylko zwi\u0119ksza efekt wizualny, ale tak\u017ce u\u0142atwia klientom docenienie szczeg\u00f3\u0142\u00f3w bi\u017cuterii we wszystkich kierunkach. Kraw\u0119d\u017a skrzyd\u0142a drzwi jest wyposa\u017cona w magnetyczne zapi\u0119cia, kt\u00f3re zapewniaj\u0105 stabilne zamkni\u0119cie oraz p\u0142ynne otwieranie i zamykanie.<\/li>\n<\/ol>\n<h2 id=\"2-high-strength-material-and-load-bearing-performance-\">2.\u00a0<strong>Wytrzyma\u0142y materia\u0142 i odporno\u015b\u0107 na obci\u0105\u017cenia<\/strong><\/h2>\n<ol>\n<li><strong>Struktura papieru kompozytowego<\/strong>\u00a0W warstwie zewn\u0119trznej zastosowano papier artystyczny powlekany C2S o gramaturze 157 g (matowa tekstura zapobiegaj\u0105ca odciskom palc\u00f3w), a warstwa wewn\u0119trzna jest dopasowana do twardej tektury o gramaturze 1200 g, tworz\u0105c odporn\u0105 na \u015bciskanie struktur\u0119 typu \"sandwich\". Zgodnie z testami laboratoryjnymi, puste pude\u0142ko mo\u017ce ud\u017awign\u0105\u0107 do 15 kg i mo\u017ce wytrzyma\u0107 ponad 30 upadk\u00f3w z wysoko\u015bci 1,5 metra, gdy jest w pe\u0142ni za\u0142adowane, spe\u0142niaj\u0105c potrzeby transportu transgranicznego.<\/li>\n<li><strong>Gwarancja certyfikacji \u015brodowiskowej<\/strong>\u00a0Materia\u0142 przeszed\u0142 certyfikacj\u0119 le\u015bn\u0105 FSC, a warstwa kartonowa wykorzystuje kleje na bazie wody, kt\u00f3re spe\u0142niaj\u0105 unijne normy ochrony \u015brodowiska REACH i mog\u0105 by\u0107 poddane recyklingowi i degradacji 100%.<\/li>\n<\/ol>\n<h2 id=\"3-precision-protection-system-\">3.\u00a0<strong>Precyzyjny system ochrony<\/strong><\/h2>\n<ol>\n<li><strong>Indywidualna podszewka EVA<\/strong>\u00a0Wykorzystuj\u0105c technologi\u0119 grawerowania laserowego 3D, odporna na wstrz\u0105sy podszewka EVA jest dok\u0142adnie wycinana zgodnie z rozmiarem bi\u017cuterii. G\u0119sto\u015b\u0107 podszewki wynosi 45\u00b15 Shore C, co zapewnia zar\u00f3wno mi\u0119kk\u0105 amortyzacj\u0119, jak i wsparcie, i mo\u017ce przymocowa\u0107 bi\u017cuteri\u0119 o grubo\u015bci 0,5 mm, aby zapobiec spl\u0105taniu. Wewn\u0119trzna powierzchnia jest pokryta warstw\u0105 flokowan\u0105 o grubo\u015bci 0,2 mm, aby unikn\u0105\u0107 zarysowa\u0144 metalu.<\/li>\n<li><strong>Wielopoziomowa konstrukcja partycji<\/strong>\u00a0Obs\u0142uga kombinacji modu\u0142owych:<\/li>\n<li><strong>Obszar pier\u015bcienia<\/strong>: Regulowana silikonowa kiesze\u0144 na kart\u0119 o \u015brednicy 12-25 mm<\/li>\n<li><strong>Obszar naszyjnika<\/strong>: antypo\u015blizgowy rowek w kszta\u0142cie litery U + magnetyczna klamra mocuj\u0105ca<\/li>\n<li><strong>Obszar bransoletki<\/strong>przegroda teleskopowa, odpowiednia dla nadgarstk\u00f3w o obwodzie 14-22 cm<\/li>\n<\/ol>\n<h2 id=\"iv-visual-aesthetics-and-customization-scheme-\">4. <strong>Estetyka wizualna i schemat dostosowywania<\/strong><\/h2>\n<ol>\n<li><strong>Kolor i tekstura<\/strong>\u00a0G\u0142\u00f3wnym kolorem jest br\u0105zowy #8B4513, z technologi\u0105 wyt\u0142aczania imitacji s\u0142oj\u00f3w drewna, nadaj\u0105c\u0105 naturalny i prosty charakter. Opcjonalna technologia t\u0142oczenia na gor\u0105co \/ gor\u0105cego srebra (np. tekstura \u017cy\u0142 li\u015bci, linie geometryczne) lub miejscowe rozja\u015bnianie lakierem UV.<\/li>\n<li><strong>Szczeg\u00f3\u0142owa us\u0142uga dostosowywania<\/strong><\/li>\n<li><strong>Elastyczny rozmiar<\/strong>: Model podstawowy 18 \u00d7 12 \u00d7 8 cm, obs\u0142uguje regulacj\u0119 zakresu \u00b1 5 cm<\/li>\n<li><strong>Proces drukowania<\/strong>: Zapewnia 12 efekt\u00f3w, takich jak t\u0142oczenie na zimno, sitodruk, wyt\u0142aczanie i wyt\u0142aczanie<\/li>\n<li><strong>Rozszerzenie funkcji<\/strong>: Mo\u017ce by\u0107 wyposa\u017cony w pasek \u015bwietlny LED atmosfery (72 godziny pracy na baterii), etykiet\u0119 identyfikowalno\u015bci chipa NFC<\/li>\n<\/ol>\n<h2 id=\"v-production-strength-and-quality-assurance-\">5. <strong>Si\u0142a produkcyjna i zapewnienie jako\u015bci<\/strong><\/h2>\n<ol>\n<li><strong>Skalowany inteligentny system produkcyjny<\/strong>\u00a0Opieraj\u0105c si\u0119 na zautomatyzowanej fabryce 5320\u33a1, wyposa\u017conej w offsetow\u0105 maszyn\u0119 drukarsk\u0105 Heidelberg CD102-8 + L i w pe\u0142ni automatyczn\u0105 lini\u0119 produkcyjn\u0105 do sztancowania, dzienna zdolno\u015b\u0107 produkcyjna si\u0119ga 30 000 pude\u0142ek. Firma przesz\u0142a certyfikacj\u0119 systemu zarz\u0105dzania jako\u015bci\u0105 ISO9001, a wska\u017anik wadliwo\u015bci jest kontrolowany poni\u017cej 0,3%.<\/li>\n<li><strong>Do\u015bwiadczenie w us\u0142ugach transgranicznych<\/strong>\u00a0Zapewnia rozwi\u0105zania typu \"projekt-produkcja-logistyka\" dla kana\u0142\u00f3w takich jak Amazon i niezale\u017cne stacje, obs\u0142uguje warunki handlowe DDP\/DDU i obs\u0142uguje ponad 200 europejskich i ameryka\u0144skich marek bi\u017cuterii.<\/li>\n<\/ol>\n<h2 id=\"-technical-parameters-\"><strong>Parametry techniczne<\/strong><\/h2>\n<table>\n<thead>\n<tr>\n<th>Projekt<\/th>\n<th>Specyfikacje<\/th>\n<\/tr>\n<\/thead>\n<tbody>\n<tr>\n<td>Rozmiar podstawowy<\/td>\n<td>Mo\u017cliwo\u015b\u0107 dostosowania<\/td>\n<\/tr>\n<tr>\n<td>No\u015bno\u015b\u0107<\/td>\n<td>\u226415 kg (statycznie)<\/td>\n<\/tr>\n<tr>\n<td>Godziny otwarcia i zamkni\u0119cia<\/td>\n<td>\u22655000 przetestowanych cykli bez awarii<\/td>\n<\/tr>\n<tr>\n<td>Minimalna ilo\u015b\u0107 zam\u00f3wienia<\/td>\n<td>500 sztuk (obs\u0142uguje r\u00f3\u017cne kolory i style)<\/td>\n<\/tr>\n<tr>\n<td>Cykl dostawy<\/td>\n<td>7-10 dni roboczych (do 3000 sztuk)<\/td>\n<\/tr>\n<\/tbody>\n<\/table>","protected":false},"excerpt":{"rendered":"<p>1. Dwudrzwiowa skrzynka podnoszona, specjalna konstrukcja skrzynki, nowatorska i wyj\u0105tkowa, mo\u017ce przyci\u0105gn\u0105\u0107 uwag\u0119 klient\u00f3w<br \/>\n2. Powlekany papier artystyczny C2S o gramaturze 157 g + sztywna tektura o gramaturze 1200 g zapewniaj\u0105 no\u015bno\u015b\u0107 dwudrzwiowej skrzyni podnoszonej, kt\u00f3ra mo\u017ce przenosi\u0107 bransoletki, naszyjniki i pier\u015bcionki, zapewniaj\u0105c d\u0142ugotrwa\u0142y transport bez deformacji.<br \/>\n3. Podszewk\u0119 EVA mo\u017cna przyci\u0105\u0107 zgodnie z rozmiarem bransoletek, naszyjnik\u00f3w i pier\u015bcionk\u00f3w, aby w pe\u0142ni dopasowa\u0107 rozmiar, zapewni\u0107 zerowy ruch i chroni\u0107 bransoletki, naszyjniki i pier\u015bcionki przed zarysowaniem podczas transportu.<\/p>","protected":false},"featured_media":9481,"template":"","meta":[],"product_brand":[],"product_cat":[30,415,428,31],"product_tag":[1193,1191,1192],"class_list":{"0":"post-9480","1":"product","2":"type-product","3":"status-publish","4":"has-post-thumbnail","6":"product_cat-by-industry","7":"product_cat-custom-jewelry-boxes-by-industry","8":"product_cat-irregular-shaped-gift-boxes","9":"product_cat-paper-box-style","10":"product_tag-bracelet-gift-boxes","11":"product_tag-double-open-door-bracelet-gift-boxes","12":"product_tag-necklace-ring-gift-boxes","14":"first","15":"instock","16":"shipping-taxable","17":"product-type-grouped"},"_links":{"self":[{"href":"https:\/\/zojopackaging.com\/pl\/wp-json\/wp\/v2\/product\/9480","targetHints":{"allow":["GET"]}}],"collection":[{"href":"https:\/\/zojopackaging.com\/pl\/wp-json\/wp\/v2\/product"}],"about":[{"href":"https:\/\/zojopackaging.com\/pl\/wp-json\/wp\/v2\/types\/product"}],"version-history":[{"count":1,"href":"https:\/\/zojopackaging.com\/pl\/wp-json\/wp\/v2\/product\/9480\/revisions"}],"predecessor-version":[{"id":9487,"href":"https:\/\/zojopackaging.com\/pl\/wp-json\/wp\/v2\/product\/9480\/revisions\/9487"}],"wp:featuredmedia":[{"embeddable":true,"href":"https:\/\/zojopackaging.com\/pl\/wp-json\/wp\/v2\/media\/9481"}],"wp:attachment":[{"href":"https:\/\/zojopackaging.com\/pl\/wp-json\/wp\/v2\/media?parent=9480"}],"wp:term":[{"taxonomy":"product_brand","embeddable":true,"href":"https:\/\/zojopackaging.com\/pl\/wp-json\/wp\/v2\/product_brand?post=9480"},{"taxonomy":"product_cat","embeddable":true,"href":"https:\/\/zojopackaging.com\/pl\/wp-json\/wp\/v2\/product_cat?post=9480"},{"taxonomy":"product_tag","embeddable":true,"href":"https:\/\/zojopackaging.com\/pl\/wp-json\/wp\/v2\/product_tag?post=9480"}],"curies":[{"name":"wp","href":"https:\/\/api.w.org\/{rel}","templated":true}]}}