{"id":9488,"date":"2025-04-02T17:39:29","date_gmt":"2025-04-02T09:39:29","guid":{"rendered":"https:\/\/zojopackaging.com\/?post_type=product&#038;p=9488"},"modified":"2025-04-02T18:18:37","modified_gmt":"2025-04-02T10:18:37","slug":"luxury-velvet-jewelry-necklace-box-wholesale-with-logo","status":"publish","type":"product","link":"https:\/\/zojopackaging.com\/pl\/product\/luxury-velvet-jewelry-necklace-box-wholesale-with-logo\/","title":{"rendered":"Luksusowe aksamitne pude\u0142ko na bi\u017cuteri\u0119 hurtowo z logo"},"content":{"rendered":"<h2 id=\"1-magnetic-opening-and-closing-system-\">1.\u00a0<strong>Magnetyczny system otwierania i zamykania<\/strong><\/h2>\n<p>Precyzyjne ssanie magnetyczne s\u0142u\u017cy do automatycznego wyr\u00f3wnywania i adsorpcji. Skok magnetyczny jest kontrolowany na poziomie 0,3-0,5 mm, a otwieranie i zamykanie mo\u017cna wykona\u0107 jednym dotkni\u0119ciem. Operacja jest p\u0142ynna, a dotykowe sprz\u0119\u017cenie zwrotne jest wyra\u017ane, nadaj\u0105c produktowi wysokiej klasy poczucie technologii i rytua\u0142u.<\/p>\n<h2 id=\"2-zero-color-difference-printing-process-\">2.\u00a0<strong>Proces drukowania bez r\u00f3\u017cnicy kolor\u00f3w<\/strong><\/h2>\n<p>Opieraj\u0105c si\u0119 na wysoce precyzyjnym sprz\u0119cie do druku offsetowego i znormalizowanych procesach zarz\u0105dzania kolorami, u\u017cywany jest przyjazny dla \u015brodowiska atrament na bazie wody, aby zapewni\u0107, \u017ce wydrukowany wz\u00f3r jest wyra\u017any i nie ma r\u00f3\u017cnicy kolor\u00f3w. Odchylenie kolor\u00f3w jest kalibrowane za pomoc\u0105 systemu monitorowania online w czasie rzeczywistym, a b\u0142\u0105d jest kontrolowany w zakresie \u00b11%, doskonale prezentuj\u0105c logo marki i szczeg\u00f3\u0142y projektu, zwi\u0119kszaj\u0105c rozpoznawalno\u015b\u0107 wizualn\u0105 i zaufanie u\u017cytkownik\u00f3w.<\/p>\n<h2 id=\"3-calming-pink-tone-design-\">3.\u00a0<strong>Uspokajaj\u0105cy r\u00f3\u017cowy odcie\u0144<\/strong><\/h2>\n<p>Zastosowano r\u00f3\u017cow\u0105 aksamitn\u0105 podszewk\u0119 Morandi, kt\u00f3ra zosta\u0142a eksperymentalnie zweryfikowana w celu zmniejszenia cz\u0119sto\u015bci akcji serca o 8%-12% i z\u0142agodzenia niepokoju. Na powierzchni zastosowano matow\u0105 technologi\u0119 flokowania, kt\u00f3ra jest mi\u0119kka i delikatna w dotyku, \u0142\u0105cz\u0105c walory estetyczne i emocjonaln\u0105 funkcj\u0119 lecznicz\u0105, a tak\u017ce pasuje do eleganckiego tonu wysokiej klasy bi\u017cuterii.<\/p>\n<h2 id=\"-customized-production-system-\"><strong>Dostosowany system produkcji<\/strong><\/h2>\n<ul>\n<li><strong>Typ i rozmiar pude\u0142ka<\/strong>: Obs\u0142uguje dostosowywanie kwadratowych, okr\u0105g\u0142ych, w kszta\u0142cie serca i innych pude\u0142ek o specjalnym kszta\u0142cie, w zakresie rozmiar\u00f3w od 5 \u00d7 5 cm do 30 \u00d7 30 cm, odpowiednich do naszyjnik\u00f3w, wisiork\u00f3w, bransoletek i innych rodzaj\u00f3w bi\u017cuterii.<\/li>\n<li><strong>Materia\u0142 i wykonanie powierzchni<\/strong>: Opcjonalny aksamit, aksamit lub przyjazna dla \u015brodowiska sk\u00f3ra z recyklingu, powierzchnia obs\u0142uguje t\u0142oczenie na gor\u0105co, wyt\u0142aczanie, wyt\u0142aczanie UV i inne rzemios\u0142a, aby wzmocni\u0107 zmys\u0142 dotyku i hierarchi\u0119 wizualn\u0105.<\/li>\n<li><strong>Wewn\u0119trzna struktura podszewki<\/strong>: Indywidualna wy\u015bci\u00f3\u0142ka komory w zale\u017cno\u015bci od rozmiaru bi\u017cuterii, wykorzystuj\u0105ca piank\u0119 z pami\u0119ci\u0105 kszta\u0142tu lub flokowane poduszki, z regulowanymi klamrami zapewniaj\u0105cymi stabilno\u015b\u0107 podczas transportu i ekspozycji.<\/li>\n<\/ul>","protected":false},"excerpt":{"rendered":"<p>1. Magnetyczne pude\u0142ko zamykaj\u0105ce automatycznie wyr\u00f3wnuje si\u0119 i adsorbuje. Jest \u0142atwe do otwierania i zamykania, a tak\u017ce \u0142atwe w obs\u0142udze jedn\u0105 r\u0119k\u0105, co zwi\u0119ksza wykwintno\u015b\u0107 i wyczucie mody produktu.<br \/>\n2. R\u00f3\u017cowy ma znacz\u0105cy efekt uspokajaj\u0105cy, kt\u00f3ry mo\u017ce obni\u017cy\u0107 t\u0119tno i ci\u015bnienie krwi, z\u0142agodzi\u0107 niepok\u00f3j i agresywne emocje.<br \/>\n3. Typ pude\u0142ka, rozmiar, kolor, materia\u0142 i efekt drukowania powierzchni mo\u017cna w du\u017cym stopniu dostosowa\u0107 do opakowania naszyjnika z bi\u017cuteri\u0105<\/p>","protected":false},"featured_media":9489,"template":"","meta":[],"product_brand":[],"product_cat":[30,415,424,31],"product_tag":[1188,1189,1190],"class_list":{"0":"post-9488","1":"product","2":"type-product","3":"status-publish","4":"has-post-thumbnail","6":"product_cat-by-industry","7":"product_cat-custom-jewelry-boxes-by-industry","8":"product_cat-magnetic-closure-boxes","9":"product_cat-paper-box-style","10":"product_tag-luxury-jewelry-box","11":"product_tag-necklace-box-wholesale","12":"product_tag-velvet-jewelry-necklace-packaging-box","14":"first","15":"instock","16":"shipping-taxable","17":"product-type-grouped"},"_links":{"self":[{"href":"https:\/\/zojopackaging.com\/pl\/wp-json\/wp\/v2\/product\/9488","targetHints":{"allow":["GET"]}}],"collection":[{"href":"https:\/\/zojopackaging.com\/pl\/wp-json\/wp\/v2\/product"}],"about":[{"href":"https:\/\/zojopackaging.com\/pl\/wp-json\/wp\/v2\/types\/product"}],"version-history":[{"count":1,"href":"https:\/\/zojopackaging.com\/pl\/wp-json\/wp\/v2\/product\/9488\/revisions"}],"predecessor-version":[{"id":9496,"href":"https:\/\/zojopackaging.com\/pl\/wp-json\/wp\/v2\/product\/9488\/revisions\/9496"}],"wp:featuredmedia":[{"embeddable":true,"href":"https:\/\/zojopackaging.com\/pl\/wp-json\/wp\/v2\/media\/9489"}],"wp:attachment":[{"href":"https:\/\/zojopackaging.com\/pl\/wp-json\/wp\/v2\/media?parent=9488"}],"wp:term":[{"taxonomy":"product_brand","embeddable":true,"href":"https:\/\/zojopackaging.com\/pl\/wp-json\/wp\/v2\/product_brand?post=9488"},{"taxonomy":"product_cat","embeddable":true,"href":"https:\/\/zojopackaging.com\/pl\/wp-json\/wp\/v2\/product_cat?post=9488"},{"taxonomy":"product_tag","embeddable":true,"href":"https:\/\/zojopackaging.com\/pl\/wp-json\/wp\/v2\/product_tag?post=9488"}],"curies":[{"name":"wp","href":"https:\/\/api.w.org\/{rel}","templated":true}]}}