{"id":9495,"date":"2025-04-02T18:06:32","date_gmt":"2025-04-02T10:06:32","guid":{"rendered":"https:\/\/zojopackaging.com\/?post_type=product&#038;p=9495"},"modified":"2025-04-02T18:27:39","modified_gmt":"2025-04-02T10:27:39","slug":"minimalist-perfume-folding-box-custom-branding-cardboard-manufacturer","status":"publish","type":"product","link":"https:\/\/zojopackaging.com\/pl\/product\/minimalist-perfume-folding-box-custom-branding-cardboard-manufacturer\/","title":{"rendered":"Minimalistyczne sk\u0142adane pude\u0142ko na perfumy Producent karton\u00f3w na zam\u00f3wienie"},"content":{"rendered":"<h3 id=\"-1-material-revolution-environmental-philosophy-of-fsc-certified-cardboard-\"><strong>1. Materia\u0142owa rewolucja: Filozofia \u015brodowiskowa tektury z certyfikatem FSC<\/strong><\/h3>\n<p>Wybieramy\u00a0<strong>350g bia\u0142a karta o wysokiej g\u0119sto\u015bci<\/strong>\u00a0oraz\u00a0<strong>papier pakowy z recyklingu<\/strong>kt\u00f3re przesz\u0142y certyfikacj\u0119 le\u015bn\u0105 FSC i podw\u00f3jn\u0105 certyfikacj\u0119 systemu zarz\u0105dzania jako\u015bci\u0105 ISO 9001. Zastosowania bia\u0142ej tektury\u00a0<strong>oryginalne w\u0142\u00f3kno \u015bcieru drzewnego<\/strong>\u00a0technologia tkania, o wytrzyma\u0142o\u015bci na \u015bciskanie 5,2 kN\/m\u00b2 i no\u015bno\u015bci 5 kg bez deformacji; papier siarczanowy jest poddawany obr\u00f3bce za pomoc\u0105\u00a0<strong>nanopow\u0142oka na bazie wody<\/strong>, a jego odporno\u015b\u0107 na wilgo\u0107 jest zwi\u0119kszona o 40% i jest kompostowalny i degradowalny w 100% (patrz charakterystyka ochrony \u015brodowiska wysokiej klasy tektury siarczanowej).<\/p>\n<h3 id=\"-2-printing-aesthetics-micron-level-precision-and-color-management-\"><strong>2. Estetyka druku: precyzja na poziomie mikron\u00f3w i zarz\u0105dzanie kolorami<\/strong><\/h3>\n<p>Wprowadzenie\u00a0<strong>Sze\u015bciokolorowa maszyna drukarska Heidelberg CD102<\/strong>\u00a0oraz\u00a0<strong>System zarz\u0105dzania kolorami GMG<\/strong>, osi\u0105gaj\u0105c ultra-precyzyjne odwzorowanie kolor\u00f3w \u0394E\u22641,2. Ukierunkowanie na minimalistyczne potrzeby projektowe: -\u00a0<strong>Kontrola linii<\/strong>: Technologia druku cienk\u0105 lini\u0105 0,05 mm zapewniaj\u0105ca ostre kraw\u0119dzie LOGO bez zadzior\u00f3w\u00a0<strong>Stopniowe przej\u015bcie<\/strong>: Farba gradientowa Pantone + wielokolorowy proces nadruku w celu uzyskania g\u0142adkiego gradientu przezroczysto\u015bci 0-100%; -.\u00a0<strong>Efekty specjalne<\/strong>: Lokalny\u00a0<strong>matowy UV<\/strong>\u00a0oraz\u00a0<strong>per\u0142owy bia\u0142y tusz<\/strong>\u00a0nak\u0142adaj\u0105 si\u0119 na siebie, tworz\u0105c wysokiej jako\u015bci matow\u0105 tekstur\u0119.<\/p>\n<h3 id=\"-3-matt-film-process-dual-dimensional-enhancement-of-touch-and-vision-\"><strong>3. Proces folii matowej: dwuwymiarowe wzmocnienie dotyku i wzroku<\/strong><\/h3>\n<p>Przyj\u0119cie\u00a0<strong>Niemiecka folia matowa Henkel XL800<\/strong>Przy grubo\u015bci 18 \u03bcm i zamgleniu 85% wsp\u00f3\u0142czynnik odbicia jest zmniejszony do mniej ni\u017c 12%. Przez\u00a0<strong>Technologia wst\u0119pnej obr\u00f3bki plazmowej<\/strong>\u00a0w celu zwi\u0119kszenia przyczepno\u015bci warstwy folii, w po\u0142\u0105czeniu z\u00a0<strong>Technologia t\u0142oczenia na zimno i gor\u0105co<\/strong>\u00a0(odnosz\u0105 si\u0119 do technologii t\u0142oczenia na gor\u0105co), z\u0142ote linie prezentuj\u0105 0,3 mm tr\u00f3jwymiarowy efekt t\u0142oczenia na matowej podstawie, a dotyk jest delikatny jak jedwab.<\/p>\n<h3 id=\"-4-hot-stamping-philosophy-luxurious-expression-in-restraint-\"><strong>4. Filozofia t\u0142oczenia na gor\u0105co: luksusowa ekspresja w pow\u015bci\u0105gliwo\u015bci<\/strong><\/h3>\n<p>Zgodnie z minimalistyczn\u0105 zasad\u0105 \"mniej znaczy wi\u0119cej\", innowacyjnie stosujemy\u00a0<strong>nano mikro t\u0142oczenie na gor\u0105co<\/strong>\u00a0technologia: -\u00a0<strong>Kontrola grubo\u015bci<\/strong>: Grubo\u015b\u0107 z\u0142otej folii wynosi tylko 3 \u03bcm, co pozwala uzyska\u0107 bardzo cienk\u0105 lini\u0119 t\u0142oczenia na gor\u0105co o grubo\u015bci 0,08 mm.\u00a0<strong>Dok\u0142adno\u015b\u0107 pozycjonowania<\/strong>: B\u0142\u0105d wykonania p\u0142ytki laserowej wynosi \u22640,02 mm, co zapewnia, \u017ce LOGO jest idealnie wyr\u00f3wnane z kraw\u0119dzi\u0105 pude\u0142ka.\u00a0<strong>Zarz\u0105dzanie kolorami<\/strong>: Adoptuj\u00a0<strong>r\u00f3\u017cowe z\u0142oto\/szampa\u0144skie z\u0142oto<\/strong>\u00a0niestandardowa karta kolor\u00f3w, r\u00f3\u017cnica kolor\u00f3w \u0394E\u22640,8 (patrz standardy procesu t\u0142oczenia na gor\u0105co).<\/p>\n<h3 id=\"-5-smart-manufacturing-matrix-industrial-4-0-production-system-\"><strong>5. Matryca inteligentnej produkcji: System produkcyjny Przemys\u0142u 4.0<\/strong><\/h3>\n<p>-\u00a0<strong>Klaster urz\u0105dze\u0144<\/strong>: Wyposa\u017cony w 23 inteligentne urz\u0105dzenia, takie jak niemiecka maszyna sztancuj\u0105ca BOBST i w\u0142oska maszyna do wyt\u0142aczania Sacmi, obs\u0142uguj\u0105ca precyzyjne ci\u0119cie o specjalnym kszta\u0142cie 0,1 mm; -.\u00a0<strong>Centrum cyfrowe<\/strong>: System MES monitoruje temperatur\u0119 i wilgotno\u015b\u0107 (\u00b11.5%), ci\u015bnienie (\u00b10.02MPa) i inne parametry w czasie rzeczywistym, a wska\u017anik defekt\u00f3w jest kontrolowany poni\u017cej 0.2%; -\u00a0<strong>Szybka reakcja<\/strong>: Modelowanie 3D i proofing s\u0105 zako\u0144czone w ci\u0105gu 8 godzin, a cykl produkcji masowej jest skr\u00f3cony do 7-9 dni.<\/p>\n<h3 id=\"-6-design-empowerment-infinite-possibilities-of-minimalist-aesthetics-\"><strong>6. Uprawnienia projektowe: niesko\u0144czone mo\u017cliwo\u015bci minimalistycznej estetyki<\/strong><\/h3>\n<p>Zesp\u00f3\u0142 kierowany przez trzech mi\u0119dzynarodowych zdobywc\u00f3w nagr\u00f3d w dziedzinie projektowania opakowa\u0144 zapewnia trzy g\u0142\u00f3wne strategie projektowe: -\u00a0<strong>Prostota strukturalna<\/strong>: Opracowanie 12 opatentowanych sk\u0142adanych struktur (takich jak magnetyczne g\u00f3rne i dolne pokrywy) w celu zmniejszenia liczby zb\u0119dnych cz\u0119\u015bci; -\u00a0<strong>Odejmowanie wizualne<\/strong>: Wykorzystanie pustej grafiki i negatywnej przestrzeni w celu zmniejszenia g\u0119sto\u015bci informacji o 40%; -\u00a0<strong>Interaktywne innowacje<\/strong>: Wbudowany chip NFC (opcjonalnie), skanowanie kodu, aby uzyska\u0107 histori\u0119 zapachu i scen\u0119 AR marki (patrz trendy inteligentnych opakowa\u0144).<\/p>\n<h3 id=\"-7-industrial-cornerstone-vertical-integration-of-the-5-320-super-factory-\"><strong>7. Przemys\u0142owy kamie\u0144 w\u0119gielny: pionowa integracja super fabryki 5,320\u33a1<\/strong><\/h3>\n<p>-\u00a0<strong>Uk\u0142ad przestrzenny<\/strong>podzielony na trzy inteligentne warsztaty druku, sztancowania i pakowania, wyposa\u017cone w bezza\u0142ogowy system obs\u0142ugi AGV; -\u00a0<strong>Konfiguracja pojemno\u015bci<\/strong>dzienna zdolno\u015b\u0107 produkcyjna wynosz\u0105ca 200 000 sztuk, obs\u0142uga zam\u00f3wie\u0144 od 500 sztuk do produkcji masowej na poziomie miliona sztuk oraz 24-godzinna dostawa zam\u00f3wie\u0144 awaryjnych.\u00a0<strong>System kontroli jako\u015bci<\/strong>: Certyfikat ISO 9001\/BSCI, ka\u017cda partia produkt\u00f3w przechodzi 12 test\u00f3w niszcz\u0105cych (odporno\u015b\u0107 na ci\u015bnienie\/upuszczenie\/wysok\u0105 i nisk\u0105 temperatur\u0119).<\/p>","protected":false},"excerpt":{"rendered":"<p>Dzi\u015b, gdy trend minimalizmu ogarnia globalny rynek kosmetyczny, opakowania perfum ju\u017c dawno przekroczy\u0142y funkcjonalne pojemniki i sta\u0142y si\u0119 artystycznym no\u015bnikiem komunikacji marek z konsumentami. Jako firma wzorcowa w dziedzinie wysokiej klasy personalizacji papieru w Chinach, ZOJO Print przyjmuje\u00a0<strong>Minimalistyczny design, najwy\u017csza jako\u015b\u0107 wykonania i najwy\u017csza jako\u015b\u0107<\/strong>\u00a0dostarczaj\u0105c klientom na ca\u0142ym \u015bwiecie sk\u0142adane pude\u0142ka na perfumy, kt\u00f3re \u0142\u0105cz\u0105 w sobie pioniersk\u0105 estetyk\u0119 i warto\u015b\u0107 praktyczn\u0105.<\/p>","protected":false},"featured_media":9500,"template":"","meta":[],"product_brand":[],"product_cat":[30,417,430,31],"product_tag":[1196,1195,1194],"class_list":{"0":"post-9495","1":"product","2":"type-product","3":"status-publish","4":"has-post-thumbnail","6":"product_cat-by-industry","7":"product_cat-custom-perfume-boxes-by-industry","8":"product_cat-folding-cartons","9":"product_cat-paper-box-style","10":"product_tag-cardboard-manufacturer","11":"product_tag-folding-box-custom","12":"product_tag-minimalist-perfume-folding-box","14":"first","15":"instock","16":"shipping-taxable","17":"product-type-grouped"},"_links":{"self":[{"href":"https:\/\/zojopackaging.com\/pl\/wp-json\/wp\/v2\/product\/9495","targetHints":{"allow":["GET"]}}],"collection":[{"href":"https:\/\/zojopackaging.com\/pl\/wp-json\/wp\/v2\/product"}],"about":[{"href":"https:\/\/zojopackaging.com\/pl\/wp-json\/wp\/v2\/types\/product"}],"version-history":[{"count":1,"href":"https:\/\/zojopackaging.com\/pl\/wp-json\/wp\/v2\/product\/9495\/revisions"}],"predecessor-version":[{"id":9510,"href":"https:\/\/zojopackaging.com\/pl\/wp-json\/wp\/v2\/product\/9495\/revisions\/9510"}],"wp:featuredmedia":[{"embeddable":true,"href":"https:\/\/zojopackaging.com\/pl\/wp-json\/wp\/v2\/media\/9500"}],"wp:attachment":[{"href":"https:\/\/zojopackaging.com\/pl\/wp-json\/wp\/v2\/media?parent=9495"}],"wp:term":[{"taxonomy":"product_brand","embeddable":true,"href":"https:\/\/zojopackaging.com\/pl\/wp-json\/wp\/v2\/product_brand?post=9495"},{"taxonomy":"product_cat","embeddable":true,"href":"https:\/\/zojopackaging.com\/pl\/wp-json\/wp\/v2\/product_cat?post=9495"},{"taxonomy":"product_tag","embeddable":true,"href":"https:\/\/zojopackaging.com\/pl\/wp-json\/wp\/v2\/product_tag?post=9495"}],"curies":[{"name":"wp","href":"https:\/\/api.w.org\/{rel}","templated":true}]}}