{"id":9503,"date":"2025-04-02T18:21:04","date_gmt":"2025-04-02T10:21:04","guid":{"rendered":"https:\/\/zojopackaging.com\/?post_type=product&#038;p=9503"},"modified":"2025-04-02T18:44:27","modified_gmt":"2025-04-02T10:44:27","slug":"marble-texture-pattern-jewelry-necklace-bracelet-gift-boxes","status":"publish","type":"product","link":"https:\/\/zojopackaging.com\/pl\/product\/marble-texture-pattern-jewelry-necklace-bracelet-gift-boxes\/","title":{"rendered":"Bi\u017cuteria z marmurowym wzorem Naszyjnik Bransoletka Pude\u0142ka na prezenty"},"content":{"rendered":"<h2 id=\"1-marble-texture-design-with-both-natural-art-and-practical-functions-\">1.\u00a0<strong>Marmurowa tekstura z naturaln\u0105 sztuk\u0105 i praktycznymi funkcjami<\/strong><\/h2>\n<p>To pude\u0142ko upominkowe wykorzystuje zaawansowan\u0105 technologi\u0119 bioniczn\u0105 do odtworzenia naturalnej tekstury marmuru, z bia\u0142\u0105 podstaw\u0105 i r\u00f3\u017cowymi lub z\u0142otymi op\u0142ywowymi liniami, kt\u00f3re nie tylko prezentuj\u0105 p\u0142ynne pi\u0119kno naturalnego kamienia, ale tak\u017ce zapewniaj\u0105 funkcje odporne na zu\u017cycie i przeciwporostowe dzi\u0119ki specjalnym materia\u0142om pow\u0142okowym. Projekt tekstury inspirowany jest klasycznymi elementami dekoracyjnymi hotelu Bulgari we W\u0142oszech. Przeplataj\u0105ce si\u0119 jasne i ciemne linie nadaj\u0105 opakowaniu dynamiczne napi\u0119cie wizualne, prze\u0142amuj\u0105c monotoni\u0119 tradycyjnych pude\u0142ek na bi\u017cuteri\u0119, dzi\u0119ki czemu klienci s\u0105 przyci\u0105gani przez unikaln\u0105 tekstur\u0119 ju\u017c w momencie otwierania pude\u0142ka.<\/p>\n<h2 id=\"2-magnetic-box-structure-efficient-space-and-convenient-operation-\">2.\u00a0<strong>Konstrukcja magnetycznego zamkni\u0119cia: wydajna przestrze\u0144 i wygodna obs\u0142uga<\/strong><\/h2>\n<p>Pude\u0142ko ma magnetyczn\u0105 konstrukcj\u0119 otwierania i zamykania, kt\u00f3ra zapewnia eleganckie wra\u017cenia \"otwierania jednym dotkni\u0119ciem\" dzi\u0119ki precyzyjnemu uk\u0142adowi magnes\u00f3w i optymalizuje stratyfikacj\u0119 przestrzeni wewn\u0119trznej:<\/p>\n<ul>\n<li><strong>Warstwowa pami\u0119\u0107 masowa<\/strong>: Wbudowane regulowane przegrody, odpowiednie dla r\u00f3\u017cnych form bi\u017cuterii, takich jak naszyjniki, bransoletki, kolczyki itp., i mo\u017cna je dowolnie \u0142\u0105czy\u0107 za pomoc\u0105 modu\u0142\u00f3w magnetycznych, aby zwi\u0119kszy\u0107 wykorzystanie przestrzeni przez 30%.<\/li>\n<li><strong>Przeno\u015bny i odporny na upadki<\/strong>: Po zamkni\u0119ciu pokrywy jest ona szczelnie przytrzymywana przez magnes, aby unikn\u0105\u0107 przypadkowego otwarcia podczas transportu. Jest on wykonany z lekkich materia\u0142\u00f3w, bior\u0105c pod uwag\u0119 trwa\u0142o\u015b\u0107 i przeno\u015bno\u015b\u0107.<\/li>\n<\/ul>\n<h2 id=\"3-hot-stamping-technology-creates-a-luxurious-visual-effect-\">3. Z\u0142ota h<strong>Technologia t\u0142oczenia folii tworzy luksusowy efekt wizualny<\/strong><\/h2>\n<p>Powierzchnia pude\u0142ka jest wykonana w procesie podw\u00f3jnego kompozytu:<\/p>\n<p id=\"1-embossed-hot-stamping-0-1mm-gold-foil-is-applied-to-the-logo-and-edge-lines-of-the-lid-which-presents-a-gradient-metallic-luster-under-light-and-has-a-three-dimensional-and-delicate-touch-strengthening-the-high-end-positioning-of-the-brand-\">1.\u00a0<strong>T\u0142oczenie na gor\u0105co<\/strong>: Z\u0142ota folia o grubo\u015bci 0,1 mm jest nak\u0142adana na LOGO i linie kraw\u0119dzi pokrywy, kt\u00f3ra w \u015bwietle prezentuje gradientowy metaliczny po\u0142ysk i ma tr\u00f3jwymiarowy i delikatny dotyk, wzmacniaj\u0105c wysokiej klasy pozycjonowanie marki.<\/p>\n<p id=\"2-laser-light-effect-local-superposition-of-laser-hot-stamping-technology-dynamic-refraction-of-multi-angle-light-and-shadow-creating-a-jewelry-level-visual-impact-which-meets-the-needs-of-holiday-gifts-or-luxury-packaging-\">2.\u00a0<strong>Efekt \u015bwiat\u0142a laserowego<\/strong>: Lokalna superpozycja technologii t\u0142oczenia laserowego na gor\u0105co, dynamiczne za\u0142amanie \u015bwiat\u0142a i cienia pod wieloma k\u0105tami, tworz\u0105ce efekt wizualny na poziomie bi\u017cuterii, kt\u00f3ry spe\u0142nia potrzeby prezent\u00f3w \u015bwi\u0105tecznych lub luksusowych opakowa\u0144.<\/p>\n<h2 id=\"4-eva-flocking-lining-all-round-protection-system-\">4.\u00a0<strong>Flokowana podszewka EVA: wszechstronny system ochrony<\/strong><\/h2>\n<p>W podszewce zastosowano niestandardow\u0105 technologi\u0119 flokowania EVA:<\/p>\n<ul>\n<li><strong>Wydajno\u015b\u0107 buforowania<\/strong>: Pianka EVA o grubo\u015bci 5 mm mo\u017ce poch\u0142on\u0105\u0107 ponad 80% si\u0142y uderzenia. Test symulacyjny wykaza\u0142, \u017ce bi\u017cuteria nie ulega uszkodzeniu podczas upadku z wysoko\u015bci 1,5 metra.<\/li>\n<li><strong>Odporno\u015b\u0107 na \u015bciskanie i zarysowania<\/strong>: G\u0119sto\u015b\u0107 flokowania powierzchni osi\u0105ga 1200 g\/m\u00b2, co jest g\u0142adkie jak jedwab, unikaj\u0105c zadrapa\u0144 spowodowanych tarciem mi\u0119dzy metalow\u0105 bi\u017cuteri\u0105 a podszewk\u0105.<\/li>\n<li><strong>Niestandardowe rowki<\/strong>: Laserowe grawerowanie ekskluzywnych rowk\u00f3w zgodnie z kszta\u0142tem bi\u017cuterii, aby zapewni\u0107, \u017ce wra\u017cliwe cz\u0119\u015bci, takie jak zapi\u0119cia naszyjnik\u00f3w i \u0142a\u0144cuszki bransoletek, s\u0105 mocno osadzone.<\/li>\n<\/ul>\n<h2 id=\"5-diversified-outer-packaging-customization-solutions-\">5.\u00a0<strong>Zr\u00f3\u017cnicowane rozwi\u0105zania w zakresie dostosowywania opakowa\u0144 zewn\u0119trznych<\/strong><\/h2>\n<p>Aby zaspokoi\u0107 potrzeby r\u00f3\u017cnych scenariuszy, dost\u0119pne s\u0105 trzy wymiary dostosowywania:<\/p>\n<p id=\"1-specification-adaptation-from-9-9-3cm-mini-box-to-25-5-21-9cm-gift-box-set-covering-the-packaging-needs-of-single-jewelry-to-multi-piece-sets-supporting-the-development-of-special-shaped-boxes-such-as-heart-shaped-hexagonal-\">1.\u00a0<strong>Dostosowanie specyfikacji<\/strong>: Od mini pude\u0142ka 9 \u00d7 9 \u00d7 3 cm do zestawu pude\u0142ek upominkowych 25,5 \u00d7 21 \u00d7 9 cm, zaspokajaj\u0105c potrzeby pakowania pojedynczej bi\u017cuterii do wielocz\u0119\u015bciowych zestaw\u00f3w, wspieraj\u0105c rozw\u00f3j pude\u0142ek o specjalnych kszta\u0142tach (takich jak w kszta\u0142cie serca, sze\u015bciok\u0105tne).<\/p>\n<p id=\"2-style-expansion-you-can-choose-minimalist-solid-color-embossed-pattern-or-joint-illustration-design-support-personalized-elements-such-as-hot-stamping-hot-silver-logo-ribbon-decoration-etc-\">2.\u00a0<strong>Rozszerzenie stylu<\/strong>: Mo\u017cesz wybra\u0107 minimalistyczny jednolity kolor, wyt\u0142oczony wz\u00f3r lub wsp\u00f3lny projekt ilustracji, wspiera\u0107 spersonalizowane elementy, takie jak t\u0142oczenie na gor\u0105co \/ gor\u0105ce srebrne LOGO, dekoracja wst\u0105\u017ck\u0105 itp.<\/p>\n<p id=\"3-environmental-upgrade-provide-fsc-certified-recycled-cardboard-and-degradable-eva-material-options-in-line-with-the-trend-of-green-consumption-\">3.\u00a0<strong>Modernizacja \u015brodowiskowa<\/strong>: Zapewnienie kartonu z recyklingu z certyfikatem FSC i degradowalnych materia\u0142\u00f3w EVA, zgodnie z trendem ekologicznej konsumpcji.<\/p>\n<h2 id=\"vi-professional-design-team-and-factory-strength-guarantee-\">6. <strong>Profesjonalny zesp\u00f3\u0142 projektant\u00f3w i gwarancja wytrzyma\u0142o\u015bci fabryki<\/strong><\/h2>\n<ul>\n<li><strong>Kreatywny projekt<\/strong>: Zesp\u00f3\u0142 sk\u0142ada si\u0119 z projektant\u00f3w opakowa\u0144 i konsultant\u00f3w marek jubilerskich z ponad 10-letnim do\u015bwiadczeniem. S\u0105 dobrzy w przekszta\u0142caniu kultury marki w j\u0119zyk wizualny i stworzyli popularne rozwi\u0105zania online dla wielu lekkich luksusowych marek bi\u017cuterii.<\/li>\n<li><strong>Gwarancja produkcji<\/strong>: Fabryka o powierzchni 5 320\u33a1 jest wyposa\u017cona w pe\u0142ni automatyczne maszyny do t\u0142oczenia na gor\u0105co, maszyny do ci\u0119cia EVA CNC i inny sprz\u0119t. Dzi\u0119ki 16-letniemu do\u015bwiadczeniu w produkcji, mo\u017ce osi\u0105gn\u0105\u0107 72-godzinny proofing i 15-dniow\u0105 dostaw\u0119 partii. Firma przesz\u0142a certyfikacj\u0119 systemu zarz\u0105dzania jako\u015bci\u0105 ISO, a wska\u017anik kwalifikacji produktu wynosi 99,6%.<\/li>\n<li><strong>Zaanga\u017cowanie w ochron\u0119 \u015brodowiska<\/strong>: Druk atramentem na bazie wody i bezpy\u0142owa technologia flokowania s\u0105 stosowane w celu zapewnienia, \u017ce proces produkcji spe\u0142nia normy ochrony \u015brodowiska REACH.<\/li>\n<\/ul>","protected":false},"excerpt":{"rendered":"<p>To pude\u0142ko upominkowe przyjmuje marmurow\u0105 tekstur\u0119 jako estetyczny rdze\u0144, \u0142\u0105czy magnetyczn\u0105 struktur\u0119 ss\u0105c\u0105, technologi\u0119 t\u0142oczenia na gor\u0105co i ochronn\u0105 podszewk\u0119 EVA, aby osi\u0105gn\u0105\u0107 potr\u00f3jne ulepszenie \"atrakcyjno\u015bci wizualnej-funkcjonalnej praktyczno\u015bci-warto\u015bci marki\". Opieraj\u0105c si\u0119 na dojrza\u0142ych \u0142a\u0144cuchach dostaw i spersonalizowanych us\u0142ugach, mo\u017ce skutecznie dostosowa\u0107 si\u0119 do potrzeb wysokiej klasy opakowa\u0144 z wielu kategorii, takich jak bi\u017cuteria, zegarki i towary luksusowe, staj\u0105c si\u0119 idealnym wyborem do poprawy jako\u015bci produktu i do\u015bwiadczenia klienta.<\/p>","protected":false},"featured_media":9504,"template":"","meta":[],"product_brand":[],"product_cat":[30,415,424,31],"product_tag":[1193,663,1197],"class_list":{"0":"post-9503","1":"product","2":"type-product","3":"status-publish","4":"has-post-thumbnail","6":"product_cat-by-industry","7":"product_cat-custom-jewelry-boxes-by-industry","8":"product_cat-magnetic-closure-boxes","9":"product_cat-paper-box-style","10":"product_tag-bracelet-gift-boxes","11":"product_tag-jewelry-gift-boxes","12":"product_tag-necklace-gift-boxes","14":"first","15":"instock","16":"shipping-taxable","17":"product-type-grouped"},"_links":{"self":[{"href":"https:\/\/zojopackaging.com\/pl\/wp-json\/wp\/v2\/product\/9503","targetHints":{"allow":["GET"]}}],"collection":[{"href":"https:\/\/zojopackaging.com\/pl\/wp-json\/wp\/v2\/product"}],"about":[{"href":"https:\/\/zojopackaging.com\/pl\/wp-json\/wp\/v2\/types\/product"}],"version-history":[{"count":1,"href":"https:\/\/zojopackaging.com\/pl\/wp-json\/wp\/v2\/product\/9503\/revisions"}],"predecessor-version":[{"id":9511,"href":"https:\/\/zojopackaging.com\/pl\/wp-json\/wp\/v2\/product\/9503\/revisions\/9511"}],"wp:featuredmedia":[{"embeddable":true,"href":"https:\/\/zojopackaging.com\/pl\/wp-json\/wp\/v2\/media\/9504"}],"wp:attachment":[{"href":"https:\/\/zojopackaging.com\/pl\/wp-json\/wp\/v2\/media?parent=9503"}],"wp:term":[{"taxonomy":"product_brand","embeddable":true,"href":"https:\/\/zojopackaging.com\/pl\/wp-json\/wp\/v2\/product_brand?post=9503"},{"taxonomy":"product_cat","embeddable":true,"href":"https:\/\/zojopackaging.com\/pl\/wp-json\/wp\/v2\/product_cat?post=9503"},{"taxonomy":"product_tag","embeddable":true,"href":"https:\/\/zojopackaging.com\/pl\/wp-json\/wp\/v2\/product_tag?post=9503"}],"curies":[{"name":"wp","href":"https:\/\/api.w.org\/{rel}","templated":true}]}}