{"id":9512,"date":"2025-04-02T18:44:59","date_gmt":"2025-04-02T10:44:59","guid":{"rendered":"https:\/\/zojopackaging.com\/?post_type=product&#038;p=9512"},"modified":"2025-04-02T19:05:41","modified_gmt":"2025-04-02T11:05:41","slug":"custom-printed-luxury-christmas-valentines-day-set-gift-box","status":"publish","type":"product","link":"https:\/\/zojopackaging.com\/pl\/product\/custom-printed-luxury-christmas-valentines-day-set-gift-box\/","title":{"rendered":"Luksusowy zestaw upominkowy na Bo\u017ce Narodzenie i Walentynki z indywidualnym nadrukiem"},"content":{"rendered":"<h2 id=\"-1-box-design-with-top-and-bottom-lid-one-handed-opening-and-closing-with-both-a-sense-of-ceremony-and-convenience-\"><strong>1. Konstrukcja pude\u0142ka z g\u00f3rn\u0105 i doln\u0105 pokryw\u0105: otwieranie i zamykanie jedn\u0105 r\u0119k\u0105, z poczuciem ceremonii i wygody<\/strong><\/h2>\n<p>Przyjmuj\u0105c klasyczn\u0105 konstrukcj\u0119 pude\u0142ka z g\u00f3rn\u0105 pokryw\u0105 (g\u00f3rna pokrywa) i dolnym pude\u0142kiem (dolne pude\u0142ko), g\u00f3rna i dolna pokrywa s\u0105 precyzyjnie zapinane, z siln\u0105 ochron\u0105 i p\u0142ynnym otwieraniem i zamykaniem. Optymalizuj\u0105c k\u0105t otwarcia i rozmiar pude\u0142ka, mo\u017cna je \u0142atwo otworzy\u0107 jedn\u0105 r\u0119k\u0105, zwi\u0119kszaj\u0105c poczucie ceremonii rozpakowywania i do\u015bwiadczenia u\u017cytkownika. Opcjonalna konstrukcja z ods\u0142oni\u0119t\u0105 tali\u0105 lub g\u00f3rn\u0105 pokryw\u0105, dodatkowo poprawiaj\u0105ca wygod\u0119 obs\u0142ugi poprzez zarezerwowanie szczelin lub uko\u015bnych struktur.<\/p>\n<h2 id=\"-2-pink-healing-visual-scheme-creating-a-romantic-holiday-atmosphere-\"><strong>2. R\u00f3\u017cowy leczniczy schemat wizualny: tworzenie romantycznej wakacyjnej atmosfery<\/strong><\/h2>\n<p>Z delikatnym r\u00f3\u017cem kwiatu wi\u015bni i r\u00f3\u017cem Morandi jako g\u0142\u00f3wnymi kolorami, w po\u0142\u0105czeniu z gradientem, t\u0142oczeniem na gor\u0105co lub technologi\u0105 UV, daje poczucie s\u0142odyczy i uzdrowienia. Powierzchnia mo\u017ce by\u0107 pokryta matow\u0105 foli\u0105 lub aksamitnym w dotyku papierem specjalnym, w po\u0142\u0105czeniu z promienistymi wzorami geometrycznymi lub ilustracjami kwiat\u00f3w wi\u015bni, aby zwi\u0119kszy\u0107 poziom wizualny i \u015bwi\u0105teczn\u0105 fantazj\u0119. Podszewka wykonana jest z jasnor\u00f3\u017cowej g\u0105bki lub materia\u0142u EVA, kt\u00f3ry nie tylko chroni prezenty, ale tak\u017ce kontynuuje jedno\u015b\u0107 og\u00f3lnej tonacji kolorystycznej.<\/p>\n<h2 id=\"-3-ribbon-accessories-the-finishing-touch-to-enhance-display-value-\"><strong>3. Akcesoria do wst\u0105\u017cek: wyko\u0144czenie zwi\u0119kszaj\u0105ce warto\u015b\u0107 wy\u015bwietlacza<\/strong><\/h2>\n<p>Niestandardowe wst\u0105\u017cki s\u0105 standardem, z aksamitem, satyn\u0105, tkanin\u0105 i innymi materia\u0142ami do wyboru, a tak\u017ce obs\u0142uguj\u0105 t\u0142oczenie na gor\u0105co LOGO lub wyt\u0142aczany wz\u00f3r. Mo\u017cna je \u0142\u0105czy\u0107 z kokardami, fr\u0119dzlami lub metalowymi klamrami, aby spe\u0142ni\u0107 r\u00f3\u017cne wymagania stylistyczne (takie jak aksamit retro z per\u0142ami, minimalistyczna wst\u0105\u017cka z gor\u0105cym srebrem). D\u0142uga wst\u0105\u017cka podkre\u015bla elegancj\u0119 pude\u0142ka prezentowego, nadaje si\u0119 do \u015bwi\u0105tecznych scen wr\u0119czania prezent\u00f3w i jest \u0142atwa do powieszenia w celu wyeksponowania.<\/p>\n<h2 id=\"-4-innovative-design-team-personalized-solutions-empower-brand-value-\"><strong>4. Innowacyjny zesp\u00f3\u0142 projektant\u00f3w: spersonalizowane rozwi\u0105zania zwi\u0119kszaj\u0105 warto\u015b\u0107 marki<\/strong><\/h2>\n<p>Opieraj\u0105c si\u0119 na starszym zespole projektowym, integruj\u0105cym in\u017cynier\u00f3w konstruktor\u00f3w i projektant\u00f3w wizualnych, zapewniamy pe\u0142n\u0105 obs\u0142ug\u0119 procesu od kreatywno\u015bci po wdro\u017cenie. Na przyk\u0142ad:<\/p>\n<ul>\n<li><strong>Projektowanie interaktywne<\/strong>: Po\u0142\u0105cz obracaj\u0105ce si\u0119 struktury, wielowarstwowe ilustracje lub efekty \u015bwietlne, aby nada\u0107 procesowi otwierania poczucie zaskoczenia (np. obracaj\u0105ce si\u0119 mechanizmy wy\u015bwietlaj\u0105ce ukryte s\u0142owa mi\u0142osne).<\/li>\n<li><strong>Inteligentna technologia<\/strong>: Zintegruj technologi\u0119 AR do skanowania kod\u00f3w w celu prezentacji dynamicznych b\u0142ogos\u0142awie\u0144stw lub u\u017cyj tag\u00f3w RFID, aby uzyska\u0107 identyfikowalno\u015b\u0107 zapobiegaj\u0105c\u0105 podrabianiu.<\/li>\n<\/ul>\n<h2 id=\"-5-highly-customized-options-adapt-to-diverse-needs-\"><strong>5. Wysoce spersonalizowane opcje: dostosowanie do r\u00f3\u017cnych potrzeb<\/strong><\/h2>\n<ul>\n<li><strong>Typ pude\u0142ka<\/strong>Obs\u0142uguje dostosowywanie okr\u0105g\u0142ych, wielok\u0105tnych, specjalnych kszta\u0142t\u00f3w itp. w celu spe\u0142nienia kreatywnych potrzeb wy\u015bwietlania.<\/li>\n<li><strong>Materia\u0142<\/strong>: Opcjonalny przyjazny dla \u015brodowiska szary papier tekturowy, degradowalna pulpa z trzciny cukrowej, papier z w\u0142\u00f3kna bambusowego itp. z uwzgl\u0119dnieniem tekstury i zr\u00f3wnowa\u017conego rozwoju.<\/li>\n<li><strong>Rzemios\u0142o<\/strong>: Zapewnienie obr\u00f3bki powierzchni, takiej jak t\u0142oczenie na gor\u0105co\/srebro, wyt\u0142aczanie, lokalne \u015bwiat\u0142o UV, sitodruk itp.<\/li>\n<li><strong>Rozmiar<\/strong>: Elastyczna regulacja wewn\u0119trznej struktury no\u015bnej w celu dostosowania do r\u00f3\u017cnych kategorii, takich jak czekolada, bi\u017cuteria, kosmetyki itp.<\/li>\n<\/ul>\n<h2 id=\"-6-strict-control-of-quality-and-environmental-protection-commitment-create-a-trusted-choice-\"><strong>6. \u015acis\u0142a kontrola jako\u015bci i zaanga\u017cowanie w ochron\u0119 \u015brodowiska: zaufany wyb\u00f3r<\/strong><\/h2>\n<ul>\n<li><strong>Zarz\u0105dzanie produkcj\u0105<\/strong>: Przeszed\u0142 certyfikacj\u0119 systemu zarz\u0105dzania jako\u015bci\u0105 ISO, 16 proces\u00f3w kontroli jako\u015bci obejmuje ca\u0142y proces surowc\u00f3w, drukowania, sztancowania i monta\u017cu.<\/li>\n<li><strong>Standardy ochrony \u015brodowiska<\/strong>: Wykorzystanie papieru z certyfikatem FSC, atramentu na bazie wody i bezklejowej struktury zamka w celu ograniczenia zu\u017cycia tworzyw sztucznych oraz wspierania recyklingu i degradacji kompostowania.<\/li>\n<li><strong>Rzemios\u0142o<\/strong>: Wyposa\u017cony w pe\u0142ni automatyczn\u0105 maszyn\u0119 do sztancowania i sprz\u0119t do laminowania, aby zapewni\u0107, \u017ce kraw\u0119d\u017a pude\u0142ka jest p\u0142aska i \u015bci\u015ble przylega.<\/li>\n<\/ul>\n<h2 id=\"-7-strength-of-large-scale-factories-efficient-delivery-and-cost-advantages-\"><strong>7. Si\u0142a fabryk wielkoskalowych: wydajne dostawy i korzy\u015bci kosztowe<\/strong><\/h2>\n<p>Fabryka druku z 16-letnim do\u015bwiadczeniem w bran\u017cy, zajmuj\u0105ca powierzchni\u0119 5 320 metr\u00f3w kwadratowych, jest wyposa\u017cona w inteligentne magazyny i elastyczne linie produkcyjne, obs\u0142uguj\u0105ce r\u00f3wnolegle dostosowywanie ma\u0142ych partii i zam\u00f3wienia na du\u017c\u0105 skal\u0119. Opieraj\u0105c si\u0119 na kompleksowej us\u0142udze \"projektowania, sprawdzania i produkcji\", dostarcza w ci\u0105gu 7-15 dni i zdobywa reputacj\u0119 rynk\u00f3w zagranicznych, takich jak Europa, Ameryka i Azja Po\u0142udniowo-Wschodnia, dzi\u0119ki wysokiej wydajno\u015bci kosztowej.<\/p>","protected":false},"excerpt":{"rendered":"<ol>\n<li><strong>Potwierdzenie \u017c\u0105dania<\/strong>: Informowanie o rozmiarze, stylu i wymaganiach funkcjonalnych produktu oraz dostarczanie podgl\u0105du renderowania 3D.<\/li>\n<li><strong>Weryfikacja poprawno\u015bci<\/strong>: Przes\u0142anie pr\u00f3bek fizycznych w ci\u0105gu 3 dni roboczych, dostosowanie struktury, koloru i procesu.<\/li>\n<li><strong>Produkcja masowa<\/strong>: Korzystanie z systemu ERP do \u015bledzenia post\u0119p\u00f3w w celu zapewnienia cyklu dostaw i sp\u00f3jno\u015bci jako\u015bci.<\/li>\n<li><strong>Gwarancja posprzeda\u017cna<\/strong>: Zapewnienie wskaz\u00f3wek dotycz\u0105cych wymiany uszkodzonych element\u00f3w i ochrony \u015brodowiska, bezproblemowa obs\u0142uga w trakcie ca\u0142ego procesu.<\/li>\n<\/ol>","protected":false},"featured_media":9514,"template":"","meta":[],"product_brand":[],"product_cat":[30,423,425,31],"product_tag":[1198,809,1199],"class_list":{"0":"post-9512","1":"product","2":"type-product","3":"status-publish","4":"has-post-thumbnail","6":"product_cat-by-industry","7":"product_cat-custom-presentation-boxes-by-industry","8":"product_cat-lid-and-base-gift-box","9":"product_cat-paper-box-style","10":"product_tag-christmas-gift-box","11":"product_tag-custom-valentines-day-gift-box","12":"product_tag-valentines-day-set-gift-box","14":"first","15":"instock","16":"shipping-taxable","17":"product-type-grouped"},"_links":{"self":[{"href":"https:\/\/zojopackaging.com\/pl\/wp-json\/wp\/v2\/product\/9512","targetHints":{"allow":["GET"]}}],"collection":[{"href":"https:\/\/zojopackaging.com\/pl\/wp-json\/wp\/v2\/product"}],"about":[{"href":"https:\/\/zojopackaging.com\/pl\/wp-json\/wp\/v2\/types\/product"}],"version-history":[{"count":1,"href":"https:\/\/zojopackaging.com\/pl\/wp-json\/wp\/v2\/product\/9512\/revisions"}],"predecessor-version":[{"id":9519,"href":"https:\/\/zojopackaging.com\/pl\/wp-json\/wp\/v2\/product\/9512\/revisions\/9519"}],"wp:featuredmedia":[{"embeddable":true,"href":"https:\/\/zojopackaging.com\/pl\/wp-json\/wp\/v2\/media\/9514"}],"wp:attachment":[{"href":"https:\/\/zojopackaging.com\/pl\/wp-json\/wp\/v2\/media?parent=9512"}],"wp:term":[{"taxonomy":"product_brand","embeddable":true,"href":"https:\/\/zojopackaging.com\/pl\/wp-json\/wp\/v2\/product_brand?post=9512"},{"taxonomy":"product_cat","embeddable":true,"href":"https:\/\/zojopackaging.com\/pl\/wp-json\/wp\/v2\/product_cat?post=9512"},{"taxonomy":"product_tag","embeddable":true,"href":"https:\/\/zojopackaging.com\/pl\/wp-json\/wp\/v2\/product_tag?post=9512"}],"curies":[{"name":"wp","href":"https:\/\/api.w.org\/{rel}","templated":true}]}}