{"id":9520,"date":"2025-04-02T19:05:51","date_gmt":"2025-04-02T11:05:51","guid":{"rendered":"https:\/\/zojopackaging.com\/?post_type=product&#038;p=9520"},"modified":"2025-04-02T19:39:56","modified_gmt":"2025-04-02T11:39:56","slug":"flower-chocolate-heart-shaped-paper-gift-boxes-wholesale","status":"publish","type":"product","link":"https:\/\/zojopackaging.com\/pl\/product\/flower-chocolate-heart-shaped-paper-gift-boxes-wholesale\/","title":{"rendered":"Papierowe pude\u0142ka na prezenty w kszta\u0142cie serca z kwiatami i czekolad\u0105 Hurtownia"},"content":{"rendered":"<h2 id=\"-i-product-structure-and-process-advantages-\"><strong>1. Struktura produktu i zalety procesu<\/strong><\/h2>\n<h3 id=\"1-top-and-bottom-cover-design-\">1.\u00a0<strong>Konstrukcja g\u00f3rnej i dolnej pokrywy<\/strong>:<\/h3>\n<p>Pude\u0142ko upominkowe przyjmuje konstrukcj\u0119 z dzielon\u0105 g\u00f3rn\u0105 i doln\u0105 pokryw\u0105, bez skomplikowanej konstrukcji klamry lub zawiasu, upraszczaj\u0105c proces otwierania i zamykania. Struktura jest zoptymalizowana dzi\u0119ki precyzyjnemu rozmieszczeniu wzor\u00f3w, a wska\u017anik wykorzystania materia\u0142u mo\u017ce osi\u0105gn\u0105\u0107 ponad 82%, co znacznie obni\u017ca koszty produkcji i zmniejsza ilo\u015b\u0107 odpad\u00f3w. Proces produkcji polega g\u0142\u00f3wnie na wykrawaniu i t\u0142oczeniu, bez skomplikowanych etap\u00f3w monta\u017cu, nadaje si\u0119 do produkcji masowej, a dzienna zdolno\u015b\u0107 produkcyjna mo\u017ce osi\u0105gn\u0105\u0107 5000-10 000 sztuk (w zale\u017cno\u015bci od dostosowania specyfikacji).<\/p>\n<h3 id=\"2-heart-shaped-box-emotional-communication-\">2.\u00a0<strong>Pude\u0142ko w kszta\u0142cie serca - komunikacja emocjonalna<\/strong>:<\/h3>\n<p>Unikalny kszta\u0142t w kszta\u0142cie serca bezpo\u015brednio przekazuje romantyczn\u0105 atmosfer\u0119 poprzez geometryczn\u0105 estetyk\u0119, kt\u00f3ra jest odpowiednia na Walentynki (stanowi\u0105ce 45% rocznego wolumenu zam\u00f3wie\u0144), wesela (30%), rocznice (20%) i inne sceny. Korpus pude\u0142ka ma g\u0142adkie linie, a kraw\u0119dzie s\u0105 zaokr\u0105glone, aby unikn\u0105\u0107 zarysowa\u0144. Jest on dopasowany do matowego \/ per\u0142owego specjalnego papieru, aby poprawi\u0107 dotyk. Na przyk\u0142ad, per\u0142owe papierowe pude\u0142ko prezentowe prezentuje efekt gradientu pod \u015bwiat\u0142o, co zwi\u0119ksza atrakcyjno\u015b\u0107 wizualn\u0105.<\/p>\n<h2 id=\"-2-multifunctional-adaptation-and-protection-design-\"><strong>2. Wielofunkcyjny projekt adaptacji i ochrony<\/strong><\/h2>\n<h3 id=\"3-multi-category-compatibility-\">1. <strong>Kompatybilno\u015b\u0107 z wieloma kategoriami<\/strong>:<\/h3>\n<p>Wewn\u0119trzna przestrze\u0144 pude\u0142ka prezentowego mo\u017ce by\u0107 elastycznie dostosowana do kwiat\u00f3w (wysoko\u015b\u0107 \u2264 15 cm), czekoladek (standardowe siatki: 6\/12\/18 siatek), cukierk\u00f3w (pojemno\u015b\u0107 pojedynczej siatki 50-100 g), kwiat\u00f3w mydlanych itp., a \"jedno pude\u0142ko do wielu zastosowa\u0144\" mo\u017cna osi\u0105gn\u0105\u0107 dzi\u0119ki modu\u0142owej regulacji podszewki. Na przyk\u0142ad: 18-kratkowe pude\u0142ko na czekoladki mo\u017cna zast\u0105pi\u0107 kombinacj\u0105 kwiat\u00f3w + kwiat\u00f3w mydlanych, aby zaspokoi\u0107 potrzeby r\u00f3\u017cnych festiwali.<\/p>\n<h3 id=\"4-creative-ribbon-matching-scheme-\">2. <strong>Kreatywny schemat dopasowywania wst\u0105\u017cek<\/strong>:<\/h3>\n<p>Standardowa satynowa wst\u0105\u017cka o szeroko\u015bci 3 cm (opcjonalnie w kolorze czerwonym\/r\u00f3\u017cowym\/z\u0142otym\/srebrnym itp. 12 kolor\u00f3w), obs\u0142uga niestandardowego logo t\u0142oczonego na gor\u0105co, wyt\u0142aczanego wzoru lub dwukolorowego tkanego wzoru. Zapewnia 6 samouczk\u00f3w wi\u0105zania, takich jak kokardy i w\u0119z\u0142y r\u00f3\u017cane. Na przyk\u0142ad dwuwarstwowe kokardki mog\u0105 wzmocni\u0107 wra\u017cenie tr\u00f3jwymiarowo\u015bci, a metalowe przywieszki (takie jak grawerowane tabliczki znamionowe) mog\u0105 wzmocni\u0107 poczucie luksusu.<\/p>\n<h2 id=\"-iii-precision-customization-and-safety-guarantee-\"><strong>3. Precyzyjne dostosowanie i gwarancja bezpiecze\u0144stwa<\/strong><\/h2>\n<h3 id=\"5-precision-protection-system-for-lining-\">1. <strong>Precyzyjny system ochrony ok\u0142adzin<\/strong>:<\/h3>\n<p>Dzi\u0119ki zastosowaniu pianki EVA lub ok\u0142adziny z papieru falistego, kontrola b\u0142\u0119du \u00b10,1 mm jest osi\u0105gana dzi\u0119ki technologii ci\u0119cia laserowego UV, kt\u00f3ra jest odpowiednia dla produkt\u00f3w o specjalnych kszta\u0142tach (takich jak nieregularne kszta\u0142ty czekolady). Grubo\u015b\u0107 ok\u0142adziny mo\u017cna wybra\u0107 w zakresie 3-10 mm, a wytrzyma\u0142o\u015b\u0107 na \u015bciskanie wynosi do 50 kg\/m\u00b2. Symulowane testy transportowe potwierdzi\u0142y, \u017ce jest ona odporna na wstrz\u0105sy logistyczne.<\/p>\n<h3 id=\"6-full-dimensional-customization-service-\">2. <strong>Pe\u0142nowymiarowa us\u0142uga dostosowywania<\/strong>:<\/h3>\n<ul>\n<li><strong>Rozmiar<\/strong>: Obs\u0142uguje dowoln\u0105 regulacj\u0119 specyfikacji w zakresie 8-50 cm \u015brednicy i 5-70 cm wysoko\u015bci. Specjalne ponadwymiarowe rozmiary (takie jak g\u0142\u00f3wne pude\u0142ka na prezenty \u015blubne o \u015brednicy 60 cm) wymagaj\u0105 dodatkowych form.<\/li>\n<li><strong>Materia\u0142<\/strong>: Zapewnienie bia\u0142ego kartonu (250-400 g), papieru artystycznego (imitacja sk\u00f3ry \/ s\u0142oj\u00f3w drewna), przyjaznego dla \u015brodowiska papieru z pulpy bambusowej (degradowalnego) i innych opcji, w\u015br\u00f3d kt\u00f3rych koszt papieru z pulpy bambusowej jest o 15% ni\u017cszy ni\u017c w przypadku tradycyjnych materia\u0142\u00f3w.<\/li>\n<li><strong>Proces drukowania<\/strong>Opcjonalne t\u0142oczenie na gor\u0105co \/ srebro, lokalny lakier UV, druk wypuk\u0142y 3D, np. walentynkowe pude\u0142ko upominkowe z tr\u00f3jwymiarowym wzorem r\u00f3\u017cy + kombinacja tekstu t\u0142oczonego na gor\u0105co.<\/li>\n<\/ul>\n<h2 id=\"-fourth-source-factory-service-and-cost-advantage-\"><strong>4. \u0179r\u00f3d\u0142owy serwis fabryczny i przewaga kosztowa<\/strong><\/h2>\n<h3 id=\"7-one-stop-supply-chain-support-\">1. <strong>Kompleksowe wsparcie \u0142a\u0144cucha dostaw<\/strong>:<\/h3>\n<ul>\n<li><strong>Bezp\u0142atne pr\u00f3bki<\/strong>: Dostarczy\u0107 3 pr\u00f3bki wersji podstawowej (w tym standardowe pude\u0142ko w kszta\u0142cie serca\/6-siatki\/12-siatki), wys\u0142ane w ci\u0105gu 48 godzin.<\/li>\n<li><strong>Us\u0142uga projektowania<\/strong>: Profesjonalny zesp\u00f3\u0142 obs\u0142uguje inteligentn\u0105 optymalizacj\u0119 uk\u0142adu AI i zapewnia 3 zestawy rozwi\u0105za\u0144 projektowych (w tym renderingi 3D) w ci\u0105gu 3 dni roboczych.<\/li>\n<\/ul>","protected":false},"excerpt":{"rendered":"<ol>\n<li><strong>Potwierdzenie \u017c\u0105dania<\/strong>: Podaj podstawowe informacje, takie jak rozmiar produktu, oczekiwana scena, styl projektowania itp.<\/li>\n<li><strong>Projekt schematu<\/strong>: Model 3D i wycena w ci\u0105gu 48 godzin.<\/li>\n<li><strong>Przyk\u0142adowe potwierdzenie<\/strong>: Bezp\u0142atny wydruk pr\u00f3bny (1-3 dni robocze)<\/li>\n<li><strong>Produkcja masowa<\/strong>: 5 000 000 standardowych zam\u00f3wie\u0144 jest dostarczanych w ci\u0105gu 7-10 dni, a us\u0142uga przyspieszona jest obs\u0142ugiwana.<\/li>\n<\/ol>","protected":false},"featured_media":9537,"template":"","meta":[],"product_brand":[],"product_cat":[30,423,425,31],"product_tag":[728,1201,1200],"class_list":{"0":"post-9520","1":"product","2":"type-product","3":"status-publish","4":"has-post-thumbnail","6":"product_cat-by-industry","7":"product_cat-custom-presentation-boxes-by-industry","8":"product_cat-lid-and-base-gift-box","9":"product_cat-paper-box-style","10":"product_tag-chocolate-gift-boxes","11":"product_tag-flower-gift-boxes-wholesale","12":"product_tag-heart-shaped-gift-boxes","14":"first","15":"instock","16":"shipping-taxable","17":"product-type-grouped"},"_links":{"self":[{"href":"https:\/\/zojopackaging.com\/pl\/wp-json\/wp\/v2\/product\/9520","targetHints":{"allow":["GET"]}}],"collection":[{"href":"https:\/\/zojopackaging.com\/pl\/wp-json\/wp\/v2\/product"}],"about":[{"href":"https:\/\/zojopackaging.com\/pl\/wp-json\/wp\/v2\/types\/product"}],"version-history":[{"count":1,"href":"https:\/\/zojopackaging.com\/pl\/wp-json\/wp\/v2\/product\/9520\/revisions"}],"predecessor-version":[{"id":9538,"href":"https:\/\/zojopackaging.com\/pl\/wp-json\/wp\/v2\/product\/9520\/revisions\/9538"}],"wp:featuredmedia":[{"embeddable":true,"href":"https:\/\/zojopackaging.com\/pl\/wp-json\/wp\/v2\/media\/9537"}],"wp:attachment":[{"href":"https:\/\/zojopackaging.com\/pl\/wp-json\/wp\/v2\/media?parent=9520"}],"wp:term":[{"taxonomy":"product_brand","embeddable":true,"href":"https:\/\/zojopackaging.com\/pl\/wp-json\/wp\/v2\/product_brand?post=9520"},{"taxonomy":"product_cat","embeddable":true,"href":"https:\/\/zojopackaging.com\/pl\/wp-json\/wp\/v2\/product_cat?post=9520"},{"taxonomy":"product_tag","embeddable":true,"href":"https:\/\/zojopackaging.com\/pl\/wp-json\/wp\/v2\/product_tag?post=9520"}],"curies":[{"name":"wp","href":"https:\/\/api.w.org\/{rel}","templated":true}]}}