{"id":9539,"date":"2025-04-02T19:40:09","date_gmt":"2025-04-02T11:40:09","guid":{"rendered":"https:\/\/zojopackaging.com\/?post_type=product&#038;p=9539"},"modified":"2025-04-02T20:05:05","modified_gmt":"2025-04-02T12:05:05","slug":"necklace-earrings-bracelet-ring-packaging-boxes-wholesale","status":"publish","type":"product","link":"https:\/\/zojopackaging.com\/pl\/product\/necklace-earrings-bracelet-ring-packaging-boxes-wholesale\/","title":{"rendered":"Naszyjnik Kolczyki Bransoletka Pier\u015bcionek Pude\u0142ka do pakowania Hurtownia"},"content":{"rendered":"<h2 id=\"-1-luxurious-appearance-design-highlighting-the-high-end-sense-of-jewelry-\"><strong>1. Luksusowy wygl\u0105d, podkre\u015blaj\u0105cy wysokiej klasy bi\u017cuteri\u0119<\/strong><\/h2>\n<ul>\n<li><strong>Klasyczny czarny i z\u0142oty kolor<\/strong>: Korpus pude\u0142ka wykonany jest z matowego czarnego twardego kartonu, z 24-karatowymi t\u0142oczonymi na gor\u0105co ozdobnymi liniami lub logo marki, a podszewka wykonana jest ze z\u0142otego aksamitu o du\u017cej g\u0119sto\u015bci lub flokowanego kartonu, aby stworzy\u0107 efekt wizualny i luksus w dotyku.<\/li>\n<li><strong>Specjalna konstrukcja skrzynki<\/strong>: Konfigurowalne pude\u0142ka z klapk\u0105, szuflad\u0105, otwierane i zamykane w kszta\u0142cie ksi\u0105\u017cki lub warstwowe, dzi\u0119ki tr\u00f3jwymiarowemu projektowi przestrzeni w celu zwi\u0119kszenia efektu wy\u015bwietlania bi\u017cuterii, takie jak wsporniki do zawieszania naszyjnik\u00f3w, rowki na pier\u015bcionki, otwory na kolczyki itp.<\/li>\n<\/ul>\n<h2 id=\"-2-highly-customized-service-precise-adaptation-needs-\"><strong>2. Wysoce spersonalizowana us\u0142uga, precyzyjne dostosowanie potrzeb<\/strong><\/h2>\n<ul>\n<li><strong>Elastyczny uk\u0142ad wewn\u0119trzny<\/strong>: W zale\u017cno\u015bci od r\u00f3\u017cnych rozmiar\u00f3w bi\u017cuterii, takich jak naszyjniki, kolczyki, bransoletki, pier\u015bcionki itp., nale\u017cy zapewni\u0107 regulowane przegrody, wewn\u0119trzne podpory z g\u0105bki lub magnetyczne konstrukcje mocuj\u0105ce, aby zapewni\u0107 stabilno\u015b\u0107 produktu i intuicyjn\u0105 ekspozycj\u0119.<\/li>\n<li><strong>Wszechstronna personalizacja<\/strong>:<\/li>\n<li><strong>Rozmiar i typ pude\u0142ka<\/strong>: Obs\u0142uguje r\u00f3\u017cne specyfikacje od 5 cm \u00d7 5 cm do 30 cm \u00d7 30 cm, spe\u0142niaj\u0105c potrzeby pakowania pojedynczych produkt\u00f3w lub zestaw\u00f3w pude\u0142ek upominkowych.<\/li>\n<li><strong>Materia\u0142 i wykonanie<\/strong>: Opcjonalnie przyjazny dla \u015brodowiska EVA, papier falisty, papier artystyczny i inne pod\u0142o\u017ca, z matow\u0105\/jasn\u0105 mask\u0105, wyt\u0142aczaniem, wyt\u0142aczaniem UV i innymi procesami na powierzchni.<\/li>\n<li><strong>Drukowanie i dekoracja<\/strong>: Obs\u0142uguje t\u0142oczenie na gor\u0105co \/ srebro, sitodruk, grawerowanie laserowe i inne procesy oraz mo\u017ce dostosowa\u0107 LOGO marki, wz\u00f3r i ekskluzywn\u0105 kolorystyk\u0119.<\/li>\n<\/ul>\n<h2 id=\"-3-hot-stamping-technology-to-enhance-the-high-end-image-of-the-brand-\"><strong>3. Technologia z\u0142otej folii t\u0142oczonej na gor\u0105co w celu wzmocnienia wysokiej klasy wizerunku marki<\/strong><\/h2>\n<ul>\n<li>U\u017cyj importowanej folii do t\u0142oczenia na gor\u0105co i precyzyjnych form, aby stworzy\u0107 delikatne metaliczne po\u0142yskuj\u0105ce tekstury na pokrywie pude\u0142ka, kraw\u0119dzi lub podszewce, poprawi\u0107 tekstur\u0119 opakowania, przyci\u0105gn\u0105\u0107 uwag\u0119 konsument\u00f3w na pierwszy rzut oka i zwi\u0119kszy\u0107 rozpoznawalno\u015b\u0107 marki.<\/li>\n<\/ul>\n<h2 id=\"-4-environmental-protection-and-sustainable-concept-\"><strong>4. Ochrona \u015brodowiska i zr\u00f3wnowa\u017cona koncepcja<\/strong><\/h2>\n<ul>\n<li>Wszystkie surowce posiadaj\u0105 certyfikat FSC, spe\u0142niaj\u0105 unijne normy ochrony \u015brodowiska REACH, s\u0105 nietoksyczne i nieszkodliwe, nadaj\u0105 si\u0119 do recyklingu i degradacji, pomagaj\u0105c marce przekaza\u0107 ekologiczn\u0105 warto\u015b\u0107 wysokiej klasy.<\/li>\n<\/ul>\n<h2 id=\"-production-and-delivery-guarantee-\"><strong>Gwarancja produkcji i dostawy<\/strong><\/h2>\n<ul>\n<li><strong>Inteligentna produkcja<\/strong>: W pe\u0142ni automatyczny sprz\u0119t do sztancowania, monta\u017cu i t\u0142oczenia na gor\u0105co zapewnia sp\u00f3jno\u015b\u0107 procesu, z poziomem b\u0142\u0119du poni\u017cej 0,1%, a zam\u00f3wienia seryjne s\u0105 dostarczane w ci\u0105gu 7-15 dni.<\/li>\n<li><strong>\u015acis\u0142y proces kontroli jako\u015bci<\/strong>: Od magazynowania surowca do dostawy gotowego produktu wdra\u017canych jest 6 ogniw kontroli jako\u015bci, aby zapewni\u0107, \u017ce opakowanie nie ma zadrapa\u0144, odbarwie\u0144, deformacji i innych problem\u00f3w.<\/li>\n<\/ul>\n<h2 id=\"-cooperation-process-\"><strong>Proces wsp\u00f3\u0142pracy<\/strong><\/h2>\n<ol>\n<li><strong>Komunikacja na \u017c\u0105danie<\/strong>: Dostarczenie projekt\u00f3w lub zlecenie profesjonalnemu zespo\u0142owi wykonania bezp\u0142atnych pr\u00f3bek;<\/li>\n<li><strong>Potwierdzenie programu<\/strong>: Dostarczenie rendering\u00f3w 3D i szczeg\u00f3\u0142\u00f3w oferty w ci\u0105gu 3 dni roboczych;<\/li>\n<li><strong>Dostawa produkcji<\/strong>: Zorganizuj produkcj\u0119 jak najszybciej po podpisaniu umowy i monitoruj post\u0119py logistyczne w trakcie ca\u0142ego procesu.<\/li>\n<\/ol>","protected":false},"excerpt":{"rendered":"<p>\u2728 Luksusowe wra\u017cenia z rozpakowywania - zaimponuj klientom prezentacj\u0105 klasy premium.<br \/>\n\ud83d\udee1\ufe0f Ochrona bi\u017cuterii - odporna na wstrz\u0105sy struktura zapewnia bezpiecze\u0144stwo przedmiot\u00f3w.<br \/>\nWzmocnienie marki - konfigurowalne elementy zewn\u0119trzne zwi\u0119kszaj\u0105 rozpoznawalno\u015b\u0107 marki.<br \/>\nEkonomiczne skalowanie - ceny hurtowe zmniejszaj\u0105 koszty jednostkowe o 40%.<br \/>\nPrzyjazny dla \u015brodowiska - materia\u0142y nadaj\u0105ce si\u0119 do recyklingu s\u0105 zgodne z warto\u015bciami zr\u00f3wnowa\u017conego rozwoju.<\/p>","protected":false},"featured_media":9541,"template":"","meta":[],"product_brand":[],"product_cat":[30,415,428,31],"product_tag":[1203,1202,1025],"class_list":{"0":"post-9539","1":"product","2":"type-product","3":"status-publish","4":"has-post-thumbnail","6":"product_cat-by-industry","7":"product_cat-custom-jewelry-boxes-by-industry","8":"product_cat-irregular-shaped-gift-boxes","9":"product_cat-paper-box-style","10":"product_tag-earrings-boxes-wholesale","11":"product_tag-necklace-bracelet-boxes-wholesale","12":"product_tag-ring-packaging-boxes","14":"first","15":"instock","16":"shipping-taxable","17":"product-type-grouped"},"_links":{"self":[{"href":"https:\/\/zojopackaging.com\/pl\/wp-json\/wp\/v2\/product\/9539","targetHints":{"allow":["GET"]}}],"collection":[{"href":"https:\/\/zojopackaging.com\/pl\/wp-json\/wp\/v2\/product"}],"about":[{"href":"https:\/\/zojopackaging.com\/pl\/wp-json\/wp\/v2\/types\/product"}],"version-history":[{"count":1,"href":"https:\/\/zojopackaging.com\/pl\/wp-json\/wp\/v2\/product\/9539\/revisions"}],"predecessor-version":[{"id":9547,"href":"https:\/\/zojopackaging.com\/pl\/wp-json\/wp\/v2\/product\/9539\/revisions\/9547"}],"wp:featuredmedia":[{"embeddable":true,"href":"https:\/\/zojopackaging.com\/pl\/wp-json\/wp\/v2\/media\/9541"}],"wp:attachment":[{"href":"https:\/\/zojopackaging.com\/pl\/wp-json\/wp\/v2\/media?parent=9539"}],"wp:term":[{"taxonomy":"product_brand","embeddable":true,"href":"https:\/\/zojopackaging.com\/pl\/wp-json\/wp\/v2\/product_brand?post=9539"},{"taxonomy":"product_cat","embeddable":true,"href":"https:\/\/zojopackaging.com\/pl\/wp-json\/wp\/v2\/product_cat?post=9539"},{"taxonomy":"product_tag","embeddable":true,"href":"https:\/\/zojopackaging.com\/pl\/wp-json\/wp\/v2\/product_tag?post=9539"}],"curies":[{"name":"wp","href":"https:\/\/api.w.org\/{rel}","templated":true}]}}